{"id":25,"date":"2024-04-25T23:29:46","date_gmt":"2024-04-26T02:29:46","guid":{"rendered":"https:\/\/wp.ufpel.edu.br\/mep\/?page_id=25"},"modified":"2024-05-13T23:17:27","modified_gmt":"2024-05-14T02:17:27","slug":"coordenador","status":"publish","type":"page","link":"https:\/\/wp.ufpel.edu.br\/mep\/coordenador\/","title":{"rendered":"Coordenador"},"content":{"rendered":"<p><strong>Dr. Marco Aurelio da Cruz Souza\u00a0<\/strong><\/p>\n<p><strong>Lattes:<\/strong> https:\/\/lattes.cnpq.br\/9388759126062963<\/p>\n<p><img class=\"alignnone size-medium wp-image-27\" src=\"https:\/\/wp.ufpel.edu.br\/mep\/files\/2024\/04\/7-400x263.jpeg\" alt=\"\" width=\"400\" height=\"263\" srcset=\"https:\/\/wp.ufpel.edu.br\/mep\/files\/2024\/04\/7-400x263.jpeg 400w, https:\/\/wp.ufpel.edu.br\/mep\/files\/2024\/04\/7-1024x672.jpeg 1024w, https:\/\/wp.ufpel.edu.br\/mep\/files\/2024\/04\/7-768x504.jpeg 768w, https:\/\/wp.ufpel.edu.br\/mep\/files\/2024\/04\/7.jpeg 1408w\" sizes=\"(max-width: 400px) 100vw, 400px\" \/><\/p>\n<p>Professor do Curso de Dan\u00e7a Licenciatura e do programa de P\u00f3s-gradua\u00e7\u00e3o em Artes (PPGArtes) da UFPel;<\/p>\n<p>Doutor em Motricidade Humana na especialidade Dan\u00e7a pela Universidade de Lisboa;<\/p>\n<p>Mestre em Performance Art\u00edstica Dan\u00e7a pela Universidade T\u00e9cnica de Lisboa;<\/p>\n<p>Vice lider do Grupo de Pesquisa &#8220;Arte e Est\u00e9tica na Educa\u00e7\u00e3o&#8221; (FURB\/UFPel);<\/p>\n<p>Editor da Revista Brasileira de Estudos em Dan\u00e7a, da Revista Paralelo 31 e da Revista Expressa Extens\u00e3o;<\/p>\n<p>Membro do Comit\u00ea Gestor da Art Research Journal (ARJ).<\/p>\n<p>Editor da Editora da Associa\u00e7\u00e3o Nacional de Pesquisadores em Dan\u00e7a &#8211; ANDA.<\/p>\n<p>&nbsp;<\/p>\n<p>Coordenador dos projetos de pesquisa:<\/p>\n<ul>\n<li>MEP &#8211; Medica\u00e7\u00e3o Cultural, Educa\u00e7\u00e3o Est\u00e9tica e Processos Educacionais em Arte<\/li>\n<li>Manifesta\u00e7\u00f5es Populares Tradicionais n\u00e3o=hegem\u00f4nicas do e no Rio Grande do Sul: segunda fase de estudos<\/li>\n<\/ul>\n<p>Coordenador do projeto de extens\u00e3o<\/p>\n<ul>\n<li>N\u00facleo de Folclore e Culturas Populares da UFPel<\/li>\n<\/ul>\n<p>&nbsp;<\/p>\n","protected":false},"excerpt":{"rendered":"<p>Dr. Marco Aurelio da Cruz Souza\u00a0 Lattes: https:\/\/lattes.cnpq.br\/9388759126062963 Professor do Curso de Dan\u00e7a Licenciatura e do programa de P\u00f3s-gradua\u00e7\u00e3o em Artes (PPGArtes) da UFPel; Doutor em Motricidade Humana na especialidade Dan\u00e7a pela Universidade de Lisboa; Mestre em Performance Art\u00edstica Dan\u00e7a pela Universidade T\u00e9cnica de Lisboa; Vice lider do Grupo de Pesquisa &#8220;Arte e Est\u00e9tica na [&hellip;]<\/p>\n","protected":false},"author":1361,"featured_media":0,"parent":0,"menu_order":2,"comment_status":"closed","ping_status":"closed","template":"","meta":{"footnotes":""},"class_list":["post-25","page","type-page","status-publish","hentry"],"_links":{"self":[{"href":"https:\/\/wp.ufpel.edu.br\/mep\/wp-json\/wp\/v2\/pages\/25","targetHints":{"allow":["GET"]}}],"collection":[{"href":"https:\/\/wp.ufpel.edu.br\/mep\/wp-json\/wp\/v2\/pages"}],"about":[{"href":"https:\/\/wp.ufpel.edu.br\/mep\/wp-json\/wp\/v2\/types\/page"}],"author":[{"embeddable":true,"href":"https:\/\/wp.ufpel.edu.br\/mep\/wp-json\/wp\/v2\/users\/1361"}],"replies":[{"embeddable":true,"href":"https:\/\/wp.ufpel.edu.br\/mep\/wp-json\/wp\/v2\/comments?post=25"}],"version-history":[{"count":6,"href":"https:\/\/wp.ufpel.edu.br\/mep\/wp-json\/wp\/v2\/pages\/25\/revisions"}],"predecessor-version":[{"id":83,"href":"https:\/\/wp.ufpel.edu.br\/mep\/wp-json\/wp\/v2\/pages\/25\/revisions\/83"}],"wp:attachment":[{"href":"https:\/\/wp.ufpel.edu.br\/mep\/wp-json\/wp\/v2\/media?parent=25"}],"curies":[{"name":"wp","href":"https:\/\/api.w.org\/{rel}","templated":true}]}}