{"id":198,"date":"2024-12-31T11:02:20","date_gmt":"2024-12-31T14:02:20","guid":{"rendered":"https:\/\/wp.ufpel.edu.br\/mep\/?page_id=198"},"modified":"2026-04-14T15:26:08","modified_gmt":"2026-04-14T18:26:08","slug":"defesas","status":"publish","type":"page","link":"https:\/\/wp.ufpel.edu.br\/mep\/qualificacoes-e-defesas\/defesas\/","title":{"rendered":"Defesas"},"content":{"rendered":"<p><strong>DEFESAS DE MESTRADO<\/strong><\/p>\n<p>&nbsp;<\/p>\n<p><strong>1 -Pessoa acad\u00eamica: <\/strong>DAIANE JARDIM FERREIRA<\/p>\n<p><strong>T\u00edtulo do trabalho: \u201cREDEScobrindo experi\u00eancias est\u00e9ticas na escola do campo por uma forma\u00e7\u00e3o sens\u00edvel e integradora\u201d<\/strong><\/p>\n<p><strong>Pessoas orientadoras: <\/strong>Dra. ANGELA RAFFIN POHLMANN e Dr. MARCO AURELIO DA CRUZ SOUZA<\/p>\n<p><strong>Pessoas avaliadoras: <\/strong>Dra. ANGELA RAFFIN POHLMANN (PPGArtes-UFPel); Dr. MARCO AURELIO DA CRUZ SOUZA (PPGArtes-UFPel); Dra. NADIA DA CRUZ SENNA (PPGArtes-UFPel) e CRISNA DANIELA KRAUSE BIERHALZ (PPGE-UNIPAMPA)<\/p>\n<p><strong>M\u00eas\/ano:<\/strong> 09\/2024<\/p>\n<p>&nbsp;<\/p>\n<p><strong>2-\u00a0Pessoa acad\u00eamica: <\/strong>Jordana Belem Rodrigues<\/p>\n<p><strong>T\u00edtulo do trabalho: <\/strong>Arte, Vida e Experi\u00eancia: A Sala de Aula Como Espa\u00e7o do Acontecer<\/p>\n<p><strong>Pessoas orientadoras: <\/strong>Dra. \u00daRSULA ROSA DA SILVA e Dr. Dr. MARCO AURELIO DA CRUZ SOUZA<\/p>\n<p><strong>Pessoas avaliadoras: <\/strong>Dra. \u00daRSULA ROSA DA SILVA (PPGArtes-UFPel);\u00a0 Dr. MARCO AURELIO DA CRUZ SOUZA (PPGArtes-UFPel); Dra. CL\u00c1UDIA MARIZA MATTOS BRAND\u00c3O (PPGArtes-UFPel) e Dra. CARLA CARVALHO (PPGE-FURB)<\/p>\n<p><strong>M\u00eas\/ano:<\/strong> 12\/2024<\/p>\n<p>&nbsp;<\/p>\n<p><strong>3-\u00a0Pessoa acad\u00eamica: <\/strong>Eligolande Lascano Furtado<\/p>\n<p><strong>T\u00edtulo do trabalho:<\/strong> \u201cMentoria(s) <em>online <\/em>para artistas visuais: h\u00e1 algo de novo no Sistema da Arte&#8221;<\/p>\n<p><strong>Pessoas orientadoras: <\/strong>Dr. MARCO AURELIO DA CRUZ SOUZA e Dra. REBECA DA CUNHA RECUERO<\/p>\n<p><strong>Pessoas avaliadoras: <\/strong>Dr. MARCO AURELIO DA CRUZ SOUZA (PPGArtes-UFPel); Dra. REBECA DA CUNHA RECUERO (PPGArtesUFPel); Dra. KELLY WENDT (PPGArtes-UFPel) e Dra. CL\u00c1UDIA TURRA MAGNI (PPGAnt- UFPel)<\/p>\n<p><strong>M\u00eas\/ano: <\/strong>12\/2024<\/p>\n<p>&nbsp;<\/p>\n<p><strong>4- Pessoa acad\u00eamica: <\/strong>Rodrigo Merenda Puerto<\/p>\n<p><strong>T\u00edtulo do trabalho:<\/strong> \u201cA interdisciplinaridade na forma\u00e7\u00e3o continuada: reverbera\u00e7\u00f5es na pr\u00e1tica de um professor de m\u00fasica a partir da Resid\u00eancia Pedag\u00f3gica em Artes\/UFPel\u201d<\/p>\n<p><strong>Pessoa orientadora: <\/strong>Dr. MARCO AURELIO DA CRUZ SOUZA<\/p>\n<p><strong>Pessoas avaliadoras: <\/strong>Dr. MARCO AURELIO DA CRUZ SOUZA (PPGArtes-UFPel); Dra. NADIA DA CRUZ SENNA (PPGArtes-UFPel); Dr. MARC\u00cdLIO VIEIRA DE SOUZA (PPGE-UFRN)<\/p>\n<p><strong>M\u00eas\/ano: <\/strong>10\/2025<\/p>\n<p>&nbsp;<\/p>\n<p><strong>5- Pessoa acad\u00eamica: <\/strong>Bianca Mendes Ascari<\/p>\n<p><strong>T\u00edtulo do trabalho:<\/strong> \u201cA cria\u00e7\u00e3o po\u00e9tica em dan\u00e7a contempor\u00e2nea: pr\u00e1ticas pedag\u00f3gicas para o ensino m\u00e9dio a partir da obra c\u00eanica \u201cTalvez Isso Seja Um Espet\u00e1culo\u201d<\/p>\n<p><strong>Pessoa orientadora: <\/strong>Dr. MARCO AURELIO DA CRUZ SOUZA<\/p>\n<p><strong>Pessoas avaliadoras: <\/strong>Dr. MARCO AURELIO DA CRUZ SOUZA (PPGArtes-UFPel); ELEONORA CAMPOS DA MOTTA SANTOS (PPGArtes-UFPel); IARA CERQUEIRA LINHARES DE ALBUQUERQUE (PPGCEL)<\/p>\n<p><strong>M\u00eas\/ano: <\/strong>10\/2025<\/p>\n<p>&nbsp;<\/p>\n<p>6 &#8211;\u00a0<strong>Pessoa acad\u00eamica: <\/strong>Jean Dorneles Chagas<\/p>\n<p><strong>T\u00edtulo do trabalho:<\/strong> Processo Compositivo de Jomar Mesquita no Espet\u00e1culo YOIN da S\u00e3o Paulo Companhia de Dan\u00e7a<\/p>\n<p><strong>Pessoa orientadora: <\/strong>Dr. MARCO AURELIO DA CRUZ SOUZA<\/p>\n<p><strong>Pessoas avaliadoras: <\/strong>Dr. MARCO AURELIO DA CRUZ SOUZA (PPGArtes-UFPel); ELEONORA CAMPOS DA MOTTA SANTOS; Dr. THIAGO SILVA DE AMORIM JESUS<\/p>\n<p><strong>M\u00eas\/ano: <\/strong>03\/2025<\/p>\n<p>&nbsp;<\/p>\n<p>7 &#8211;\u00a0<strong>Pessoa acad\u00eamica: <\/strong>Nathanael Perez Martins<\/p>\n<p><strong>T\u00edtulo do trabalho:<\/strong> <b>Bailando a Tradi\u00e7\u00e3o<\/b><span style=\"font-weight: 400;\">: um olhar sobre Pr\u00e1ticas Pedag\u00f3gicas dos Professores de Dan\u00e7as Ga\u00fachas de Sal\u00e3o na contemporaneidade<\/span><\/p>\n<p><strong>Pessoa orientadora: <\/strong>Dr. MARCO AURELIO DA CRUZ SOUZA; Dr. THIAGO SILVA DE AMORIM JESUS<\/p>\n<p><strong>Pessoas avaliadoras: <\/strong>Dr. MARCO AURELIO DA CRUZ SOUZA (PPGArtes-UFPel); Dr. THIAGO SILVA DE AMORIM JESUS; Dra. Flavia Nascimento; Dra. Carmen Anita Hoffmann<\/p>\n<p><strong>M\u00eas\/ano: <\/strong>03\/2026<\/p>\n","protected":false},"excerpt":{"rendered":"<p>DEFESAS DE MESTRADO &nbsp; 1 -Pessoa acad\u00eamica: DAIANE JARDIM FERREIRA T\u00edtulo do trabalho: \u201cREDEScobrindo experi\u00eancias est\u00e9ticas na escola do campo por uma forma\u00e7\u00e3o sens\u00edvel e integradora\u201d Pessoas orientadoras: Dra. ANGELA RAFFIN POHLMANN e Dr. MARCO AURELIO DA CRUZ SOUZA Pessoas avaliadoras: Dra. ANGELA RAFFIN POHLMANN (PPGArtes-UFPel); Dr. MARCO AURELIO DA CRUZ SOUZA (PPGArtes-UFPel); Dra. NADIA [&hellip;]<\/p>\n","protected":false},"author":1361,"featured_media":0,"parent":190,"menu_order":2,"comment_status":"closed","ping_status":"closed","template":"","meta":{"footnotes":""},"class_list":["post-198","page","type-page","status-publish","hentry"],"_links":{"self":[{"href":"https:\/\/wp.ufpel.edu.br\/mep\/wp-json\/wp\/v2\/pages\/198","targetHints":{"allow":["GET"]}}],"collection":[{"href":"https:\/\/wp.ufpel.edu.br\/mep\/wp-json\/wp\/v2\/pages"}],"about":[{"href":"https:\/\/wp.ufpel.edu.br\/mep\/wp-json\/wp\/v2\/types\/page"}],"author":[{"embeddable":true,"href":"https:\/\/wp.ufpel.edu.br\/mep\/wp-json\/wp\/v2\/users\/1361"}],"replies":[{"embeddable":true,"href":"https:\/\/wp.ufpel.edu.br\/mep\/wp-json\/wp\/v2\/comments?post=198"}],"version-history":[{"count":4,"href":"https:\/\/wp.ufpel.edu.br\/mep\/wp-json\/wp\/v2\/pages\/198\/revisions"}],"predecessor-version":[{"id":289,"href":"https:\/\/wp.ufpel.edu.br\/mep\/wp-json\/wp\/v2\/pages\/198\/revisions\/289"}],"up":[{"embeddable":true,"href":"https:\/\/wp.ufpel.edu.br\/mep\/wp-json\/wp\/v2\/pages\/190"}],"wp:attachment":[{"href":"https:\/\/wp.ufpel.edu.br\/mep\/wp-json\/wp\/v2\/media?parent=198"}],"curies":[{"name":"wp","href":"https:\/\/api.w.org\/{rel}","templated":true}]}}