{"id":195,"date":"2024-12-31T11:01:51","date_gmt":"2024-12-31T14:01:51","guid":{"rendered":"https:\/\/wp.ufpel.edu.br\/mep\/?page_id=195"},"modified":"2025-01-01T23:10:45","modified_gmt":"2025-01-02T02:10:45","slug":"qualificacoes","status":"publish","type":"page","link":"https:\/\/wp.ufpel.edu.br\/mep\/qualificacoes-e-defesas\/qualificacoes\/","title":{"rendered":"Qualifica\u00e7\u00f5es"},"content":{"rendered":"<p><strong>1 -Pessoa acad\u00eamica: <\/strong>DAIANE JARDIM FERREIRA<\/p>\n<p><strong>T\u00edtulo do trabalho:\u00a0<\/strong><strong>PESQUISA AUTOETNOGR\u00c1FICA:<\/strong> REDEScobrindo experi\u00eancias est\u00e9ticas na escola do campo<\/p>\n<p><strong>Pessoas orientadoras: <\/strong>Dra. ANGELA RAFFIN POHLMANN e Dr. MARCO AURELIO DA CRUZ SOUZA<\/p>\n<p><strong>Pessoas avaliadoras: <\/strong>Dra. ANGELA RAFFIN POHLMANN (PPGArtes-UFPel); Dr. MARCO AURELIO DA CRUZ SOUZA (PPGArtes-UFPel); Dra. NADIA DA CRUZ SENNA (PPGArtes-UFPel) e CRISNA DANIELA KRAUSE BIERHALZ (PPGE-UNIPAMPA)<\/p>\n<p><strong>M\u00eas\/ano:<\/strong> 09\/2023<\/p>\n<p>&nbsp;<\/p>\n<p><strong>2-\u00a0Pessoa acad\u00eamica: <\/strong>Jordana Belem Rodrigues<\/p>\n<p><strong>T\u00edtulo do trabalho: <\/strong>Arte, Vida e Experi\u00eancia: A Sala de Aula Como Espa\u00e7o do Acontecer<\/p>\n<p><strong>Pessoas orientadoras: <\/strong>Dra. \u00daRSULA ROSA DA SILVA e Dr. Dr. MARCO AURELIO DA CRUZ SOUZA<\/p>\n<p><strong>Pessoas avaliadoras: <\/strong>Dra. \u00daRSULA ROSA DA SILVA (PPGArtes-UFPel);\u00a0 Dr. MARCO AURELIO DA CRUZ SOUZA (PPGArtes-UFPel); Dra. CL\u00daADIA MARIZA MATTOS BRAND\u00c3O (PPGArtes-UFPel) e Dra. CARLA CARVALHO (PPGE-FURB)<\/p>\n<p><strong>M\u00eas\/ano:<\/strong> 09\/2023<\/p>\n<p>&nbsp;<\/p>\n<p><strong>3-\u00a0Pessoa acad\u00eamica: <\/strong>Eligolande Lascano Furtado<\/p>\n<p><strong>T\u00edtulo do trabalho:<\/strong> H\u00c1 UMA TRANSFORMA\u00c7\u00c3O L\u00c1 FORA: Abordando o mercado e o mundo do trabalho em arte a partir do curso de Bacharelado em Artes Visuais da UFPEL<\/p>\n<p><strong>Pessoas orientadoras: <\/strong>Dr. MARCO AURELIO DA CRUZ SOUZA e Dra. REBECA DA CUNHA RECUERO<\/p>\n<p><strong>Pessoas avaliadoras: <\/strong>Dr. MARCO AURELIO DA CRUZ SOUZA (PPGArtes-UFPel); Dra. REBECA DA CUNHA RECUERO (PPGArtesUFPel); Dra. KELLY WENDT (PPGArtes-UFPel) e Dra. CL\u00c1UDIA TURRA MAGNI (PPGAnt- UFPel)<\/p>\n<p><strong>M\u00eas\/ano: <\/strong>06\/2024<\/p>\n<p>&nbsp;<\/p>\n<p><strong>4- Pessoa acad\u00eamica: <\/strong>Bianca Mendes Ascari<\/p>\n<p><strong>T\u00edtulo do trabalho: <\/strong>A escuta como pot\u00eancia de cria\u00e7\u00e3o po\u00e9tica em dan\u00e7a contempor\u00e2nea: pr\u00e1ticas pedag\u00f3gicas para o ensino m\u00e9dio a partir da obra c\u00eanica \u201cTalvez Isso Seja Um Espet\u00e1culo\u201d<\/p>\n<p><strong>Pessoa orientadora: <\/strong>Dr. Marco Aurelio da Cruz Souza<\/p>\n<p><strong>Pessoas avaliadoras:\u00a0 <\/strong>Dr. Marco Aurelio da Cruz Souza (PPGArtes-UFPel); Dra. Eleonora Campos da Motta Santos (PPGArtesUFPel) e Dra. Iara Cerqueira Linhares de Albuquerque (PPGCEL-UESB)<\/p>\n<p><strong>M\u00eas\/ano: <\/strong>09\/2024<\/p>\n<p>&nbsp;<\/p>\n<p><strong>5- Pessoa acad\u00eamica: <\/strong>Rodrigo Merenda Puerto<\/p>\n<p><strong>T\u00edtulo do trabalho:<\/strong> Perspectivas da Resid\u00eancia Pedag\u00f3gica em Artes\/UFPel: O impacto da BNCC e da interdisciplinaridade na forma\u00e7\u00e3o de professores das quatro linguagens art\u00edsticas da UFPel<\/p>\n<p><strong>Pessoa orientadora: <\/strong>Dr. Marco Aurelio da Cruz Souza<\/p>\n<p><strong>Pessoas avaliadoras: <\/strong>Dr. Marco Aurelio da Cruz Souza (PPGArtes-UFPel);\u00a0 Dra. Nadia da Cruz Senna (PPGArtes-UFPel); Dr. Marc\u00edlio Vieira de Souza (PPGE-UFRN)<\/p>\n<p><strong>M\u00eas\/ano: <\/strong>10\/2024<\/p>\n","protected":false},"excerpt":{"rendered":"<p>1 -Pessoa acad\u00eamica: DAIANE JARDIM FERREIRA T\u00edtulo do trabalho:\u00a0PESQUISA AUTOETNOGR\u00c1FICA: REDEScobrindo experi\u00eancias est\u00e9ticas na escola do campo Pessoas orientadoras: Dra. ANGELA RAFFIN POHLMANN e Dr. MARCO AURELIO DA CRUZ SOUZA Pessoas avaliadoras: Dra. ANGELA RAFFIN POHLMANN (PPGArtes-UFPel); Dr. MARCO AURELIO DA CRUZ SOUZA (PPGArtes-UFPel); Dra. NADIA DA CRUZ SENNA (PPGArtes-UFPel) e CRISNA DANIELA KRAUSE BIERHALZ [&hellip;]<\/p>\n","protected":false},"author":1361,"featured_media":0,"parent":190,"menu_order":1,"comment_status":"closed","ping_status":"closed","template":"","meta":{"footnotes":""},"class_list":["post-195","page","type-page","status-publish","hentry"],"_links":{"self":[{"href":"https:\/\/wp.ufpel.edu.br\/mep\/wp-json\/wp\/v2\/pages\/195","targetHints":{"allow":["GET"]}}],"collection":[{"href":"https:\/\/wp.ufpel.edu.br\/mep\/wp-json\/wp\/v2\/pages"}],"about":[{"href":"https:\/\/wp.ufpel.edu.br\/mep\/wp-json\/wp\/v2\/types\/page"}],"author":[{"embeddable":true,"href":"https:\/\/wp.ufpel.edu.br\/mep\/wp-json\/wp\/v2\/users\/1361"}],"replies":[{"embeddable":true,"href":"https:\/\/wp.ufpel.edu.br\/mep\/wp-json\/wp\/v2\/comments?post=195"}],"version-history":[{"count":7,"href":"https:\/\/wp.ufpel.edu.br\/mep\/wp-json\/wp\/v2\/pages\/195\/revisions"}],"predecessor-version":[{"id":209,"href":"https:\/\/wp.ufpel.edu.br\/mep\/wp-json\/wp\/v2\/pages\/195\/revisions\/209"}],"up":[{"embeddable":true,"href":"https:\/\/wp.ufpel.edu.br\/mep\/wp-json\/wp\/v2\/pages\/190"}],"wp:attachment":[{"href":"https:\/\/wp.ufpel.edu.br\/mep\/wp-json\/wp\/v2\/media?parent=195"}],"curies":[{"name":"wp","href":"https:\/\/api.w.org\/{rel}","templated":true}]}}