{"id":178,"date":"2024-12-01T20:24:16","date_gmt":"2024-12-01T23:24:16","guid":{"rendered":"https:\/\/wp.ufpel.edu.br\/mep\/?page_id=178"},"modified":"2024-12-01T20:28:17","modified_gmt":"2024-12-01T23:28:17","slug":"v-seminario-internacional-de-ensino-da-arte","status":"publish","type":"page","link":"https:\/\/wp.ufpel.edu.br\/mep\/participacao-em-eventos\/v-seminario-internacional-de-ensino-da-arte\/","title":{"rendered":"V Semin\u00e1rio Internacional de Ensino da Arte"},"content":{"rendered":"<p><strong>1 &#8211; T\u00edtulo:<\/strong> Proposta Metodol\u00f3gica Para o Ensino De Dan\u00e7a No Ensino M\u00e9dio: Sistematiza\u00e7\u00e3o do processo compositivo de obras c\u00eanicas como\u00a0 pot\u00eancia para o desenvolvimento de pr\u00e1ticas pedag\u00f3gicas.<\/p>\n<p><strong>Pessoas autoras: <\/strong>Bianca Mendes Ascari e Marco Aurelio da Cruz Souza<\/p>\n<p><strong>Ano: <\/strong>2024<\/p>\n","protected":false},"excerpt":{"rendered":"<p>1 &#8211; T\u00edtulo: Proposta Metodol\u00f3gica Para o Ensino De Dan\u00e7a No Ensino M\u00e9dio: Sistematiza\u00e7\u00e3o do processo compositivo de obras c\u00eanicas como\u00a0 pot\u00eancia para o desenvolvimento de pr\u00e1ticas pedag\u00f3gicas. Pessoas autoras: Bianca Mendes Ascari e Marco Aurelio da Cruz Souza Ano: 2024<\/p>\n","protected":false},"author":1361,"featured_media":0,"parent":109,"menu_order":4,"comment_status":"closed","ping_status":"closed","template":"","meta":{"footnotes":""},"class_list":["post-178","page","type-page","status-publish","hentry"],"_links":{"self":[{"href":"https:\/\/wp.ufpel.edu.br\/mep\/wp-json\/wp\/v2\/pages\/178","targetHints":{"allow":["GET"]}}],"collection":[{"href":"https:\/\/wp.ufpel.edu.br\/mep\/wp-json\/wp\/v2\/pages"}],"about":[{"href":"https:\/\/wp.ufpel.edu.br\/mep\/wp-json\/wp\/v2\/types\/page"}],"author":[{"embeddable":true,"href":"https:\/\/wp.ufpel.edu.br\/mep\/wp-json\/wp\/v2\/users\/1361"}],"replies":[{"embeddable":true,"href":"https:\/\/wp.ufpel.edu.br\/mep\/wp-json\/wp\/v2\/comments?post=178"}],"version-history":[{"count":2,"href":"https:\/\/wp.ufpel.edu.br\/mep\/wp-json\/wp\/v2\/pages\/178\/revisions"}],"predecessor-version":[{"id":185,"href":"https:\/\/wp.ufpel.edu.br\/mep\/wp-json\/wp\/v2\/pages\/178\/revisions\/185"}],"up":[{"embeddable":true,"href":"https:\/\/wp.ufpel.edu.br\/mep\/wp-json\/wp\/v2\/pages\/109"}],"wp:attachment":[{"href":"https:\/\/wp.ufpel.edu.br\/mep\/wp-json\/wp\/v2\/media?parent=178"}],"curies":[{"name":"wp","href":"https:\/\/api.w.org\/{rel}","templated":true}]}}