{"id":162,"date":"2024-12-01T15:02:29","date_gmt":"2024-12-01T18:02:29","guid":{"rendered":"https:\/\/wp.ufpel.edu.br\/mep\/?page_id=162"},"modified":"2026-04-24T22:23:04","modified_gmt":"2026-04-25T01:23:04","slug":"pesquisadores-2024-2028","status":"publish","type":"page","link":"https:\/\/wp.ufpel.edu.br\/mep\/pessoas-pesquisadoras\/pesquisadores-2024-2028\/","title":{"rendered":"Pesquisadores Doutorado"},"content":{"rendered":"<p><strong>1 &#8211; Bia Mattar, <\/strong>Doutoranda no PPGArtes (2024-2028)<\/p>\n<p><strong>Pesquisa &#8211; Diversidade dos Sapateados Brasileiros: estudos sobre as te\u0301cnicas, est\u00e9ticas e po\u00e9ticas dos trupe\u0301s sapateados nas manifestac\u0327o\u0303es culturais do Brasil<\/strong><\/p>\n<p><strong>Lattes:<\/strong> http:\/\/lattes.cnpq.br\/1804713449371499<\/p>\n<p><img class=\"alignnone size-medium wp-image-170\" src=\"https:\/\/wp.ufpel.edu.br\/mep\/files\/2024\/12\/Bia-307x400.jpeg\" alt=\"\" width=\"307\" height=\"400\" srcset=\"https:\/\/wp.ufpel.edu.br\/mep\/files\/2024\/12\/Bia-307x400.jpeg 307w, https:\/\/wp.ufpel.edu.br\/mep\/files\/2024\/12\/Bia-785x1024.jpeg 785w, https:\/\/wp.ufpel.edu.br\/mep\/files\/2024\/12\/Bia-768x1002.jpeg 768w, https:\/\/wp.ufpel.edu.br\/mep\/files\/2024\/12\/Bia.jpeg 981w\" sizes=\"(max-width: 307px) 100vw, 307px\" \/><\/p>\n<p>&nbsp;<\/p>\n<p><strong>2 &#8211; Beliza Rocha (Doutoranda no PPGArtes (2026-2030)<\/strong><\/p>\n<div><strong>T\u00edtulo da pesquisa:\u00a0\u201cDan\u00e7ar do seu jeito\u201d: Uma busca por metodologias e possibilidades pedag\u00f3gicas para o Ensino de Dan\u00e7a na Educa\u00e7\u00e3o Infantil<\/strong><\/div>\n<div><\/div>\n<div><strong>Link do Lattes:\u00a0<\/strong><a title=\"Endere\u00e7o para acessar este CV:\" href=\"https:\/\/wwws.cnpq.br\/cvlattesweb\/PKG_MENU.menu?f_cod=DD7164ACBF510716F56640A4BC984EA0#\" target=\"_blank\" rel=\"noopener\" data-saferedirecturl=\"https:\/\/www.google.com\/url?q=https:\/\/wwws.cnpq.br\/cvlattesweb\/PKG_MENU.menu?f_cod%3DDD7164ACBF510716F56640A4BC984EA0%23&amp;source=gmail&amp;ust=1777071972123000&amp;usg=AOvVaw0t1O726k06zF1Vw5DvqcpT\">https:\/\/lattes.cn<\/a>pq.<wbr \/>br\/2112351227236511<\/div>\n<p><img class=\"alignnone size-medium wp-image-296\" src=\"https:\/\/wp.ufpel.edu.br\/mep\/files\/2026\/04\/foto-Beliza-265x400.jpg\" alt=\"\" width=\"265\" height=\"400\" srcset=\"https:\/\/wp.ufpel.edu.br\/mep\/files\/2026\/04\/foto-Beliza-265x400.jpg 265w, https:\/\/wp.ufpel.edu.br\/mep\/files\/2026\/04\/foto-Beliza-678x1024.jpg 678w, https:\/\/wp.ufpel.edu.br\/mep\/files\/2026\/04\/foto-Beliza-768x1160.jpg 768w, https:\/\/wp.ufpel.edu.br\/mep\/files\/2026\/04\/foto-Beliza-1017x1536.jpg 1017w, https:\/\/wp.ufpel.edu.br\/mep\/files\/2026\/04\/foto-Beliza-1356x2048.jpg 1356w, https:\/\/wp.ufpel.edu.br\/mep\/files\/2026\/04\/foto-Beliza-scaled.jpg 1695w\" sizes=\"(max-width: 265px) 100vw, 265px\" \/><\/p>\n<p>&nbsp;<\/p>\n","protected":false},"excerpt":{"rendered":"<p>1 &#8211; Bia Mattar, Doutoranda no PPGArtes (2024-2028) Pesquisa &#8211; Diversidade dos Sapateados Brasileiros: estudos sobre as te\u0301cnicas, est\u00e9ticas e po\u00e9ticas dos trupe\u0301s sapateados nas manifestac\u0327o\u0303es culturais do Brasil Lattes: http:\/\/lattes.cnpq.br\/1804713449371499 &nbsp; 2 &#8211; Beliza Rocha (Doutoranda no PPGArtes (2026-2030) T\u00edtulo da pesquisa:\u00a0\u201cDan\u00e7ar do seu jeito\u201d: Uma busca por metodologias e possibilidades pedag\u00f3gicas para o [&hellip;]<\/p>\n","protected":false},"author":1361,"featured_media":0,"parent":31,"menu_order":4,"comment_status":"closed","ping_status":"closed","template":"","meta":{"footnotes":""},"class_list":["post-162","page","type-page","status-publish","hentry"],"_links":{"self":[{"href":"https:\/\/wp.ufpel.edu.br\/mep\/wp-json\/wp\/v2\/pages\/162","targetHints":{"allow":["GET"]}}],"collection":[{"href":"https:\/\/wp.ufpel.edu.br\/mep\/wp-json\/wp\/v2\/pages"}],"about":[{"href":"https:\/\/wp.ufpel.edu.br\/mep\/wp-json\/wp\/v2\/types\/page"}],"author":[{"embeddable":true,"href":"https:\/\/wp.ufpel.edu.br\/mep\/wp-json\/wp\/v2\/users\/1361"}],"replies":[{"embeddable":true,"href":"https:\/\/wp.ufpel.edu.br\/mep\/wp-json\/wp\/v2\/comments?post=162"}],"version-history":[{"count":3,"href":"https:\/\/wp.ufpel.edu.br\/mep\/wp-json\/wp\/v2\/pages\/162\/revisions"}],"predecessor-version":[{"id":297,"href":"https:\/\/wp.ufpel.edu.br\/mep\/wp-json\/wp\/v2\/pages\/162\/revisions\/297"}],"up":[{"embeddable":true,"href":"https:\/\/wp.ufpel.edu.br\/mep\/wp-json\/wp\/v2\/pages\/31"}],"wp:attachment":[{"href":"https:\/\/wp.ufpel.edu.br\/mep\/wp-json\/wp\/v2\/media?parent=162"}],"curies":[{"name":"wp","href":"https:\/\/api.w.org\/{rel}","templated":true}]}}