{"id":154,"date":"2024-12-01T14:39:12","date_gmt":"2024-12-01T17:39:12","guid":{"rendered":"https:\/\/wp.ufpel.edu.br\/mep\/?page_id=154"},"modified":"2024-12-01T14:59:34","modified_gmt":"2024-12-01T17:59:34","slug":"organizacao-de-livro","status":"publish","type":"page","link":"https:\/\/wp.ufpel.edu.br\/mep\/publicacoes-2\/organizacao-de-livro\/","title":{"rendered":"Organiza\u00e7\u00e3o de livro"},"content":{"rendered":"<p>1 &#8211; <strong>T\u00edtulo<\/strong> &#8211; Arte e Est\u00e9tica na Educa\u00e7\u00e3o: Perspectivas sobre a forma\u00e7\u00e3o e educa\u00e7\u00e3o est\u00e9tica<\/p>\n<p><strong>Organizadores:<\/strong> Carla Carvalho (FURB) e <strong>Marco Aurelio da Cruz Souza (UFPel)<\/strong><\/p>\n<p><strong>Ano<\/strong>: 2024<\/p>\n<p>Descri\u00e7ao: Pensar a arte e a est\u00e9tica \u00e9 pensar a vida, assim acreditamos em nosso grupo de pesquisa, e por tal motivo, a Educa\u00e7\u00e3o est\u00e9tica orienta nossos estudos desde a constitui\u00e7\u00e3o do Grupo de Pesquisa Arte e Est\u00e9tica na Educa\u00e7\u00e3o em 2017. Elaboramos coletivamente diversas hip\u00f3teses que nos levam a defender posicionamentos\u00a0 os quais afirmamos que a Arte e processos de Media\u00e7\u00e3o Cultural e Art\u00edsticoa nos mobilizam a pensar e constituir um mundo mais acolhedor, mais sens\u00edvel, mais cr\u00edtico, no qual a Educa\u00e7\u00e3o Est\u00e9tica seja uma possibilidade de desanestesiar nossos sentidos para a percep\u00e7\u00e3o e compreens\u00e3o de mundo.<\/p>\n<p>&nbsp;<\/p>\n<p>2 &#8211; <strong>T\u00edtulo<\/strong> &#8211; Perspectivas sobre Arte e Educa\u00e7\u00e3o<\/p>\n<p><strong>Organizadores:<\/strong> <strong>Marco Aurelio da Cruz Souza<\/strong>; Luciana Elisa Lozada Ten\u00f3rio; Andr\u00e9ia Lang Vilela, Ta\u00eds Chaves Prestes; <strong>Rodrigo Merenda Puerto.<\/strong><\/p>\n<p><strong>Ano: <\/strong>2024<\/p>\n<p><strong>Descri\u00e7\u00e3o:<\/strong> Publica\u00e7\u00e3o explora as conex\u00f5es entre Arte e Educa\u00e7\u00e3o, Universidade e Escolas, bem como teoria e pr\u00e1tica, reunindo registros de propostas, a\u00e7\u00f5es, reflex\u00f5es, linguagens e teoriza\u00e7\u00f5es desenvolvidas no \u00e2mbito do Programa Resid\u00eancia Pedag\u00f3gica da Universidade Federal de Pelotas (PRP\/UFPel)<\/p>\n<p><strong>Relev\u00e2ncia: <\/strong>destacar a import\u00e2ncia do PRP na forma\u00e7\u00e3o de professores e na intera\u00e7\u00e3o entre universidade e escola, a partir das experi\u00eancias de um dos n\u00facleos do Subprojeto que envolve os cursos de licenciatura em Artes Visuais, Dan\u00e7a, M\u00fasica e Teatro da UFPel.<\/p>\n","protected":false},"excerpt":{"rendered":"<p>1 &#8211; T\u00edtulo &#8211; Arte e Est\u00e9tica na Educa\u00e7\u00e3o: Perspectivas sobre a forma\u00e7\u00e3o e educa\u00e7\u00e3o est\u00e9tica Organizadores: Carla Carvalho (FURB) e Marco Aurelio da Cruz Souza (UFPel) Ano: 2024 Descri\u00e7ao: Pensar a arte e a est\u00e9tica \u00e9 pensar a vida, assim acreditamos em nosso grupo de pesquisa, e por tal motivo, a Educa\u00e7\u00e3o est\u00e9tica orienta [&hellip;]<\/p>\n","protected":false},"author":1361,"featured_media":0,"parent":58,"menu_order":4,"comment_status":"closed","ping_status":"closed","template":"","meta":{"footnotes":""},"class_list":["post-154","page","type-page","status-publish","hentry"],"_links":{"self":[{"href":"https:\/\/wp.ufpel.edu.br\/mep\/wp-json\/wp\/v2\/pages\/154","targetHints":{"allow":["GET"]}}],"collection":[{"href":"https:\/\/wp.ufpel.edu.br\/mep\/wp-json\/wp\/v2\/pages"}],"about":[{"href":"https:\/\/wp.ufpel.edu.br\/mep\/wp-json\/wp\/v2\/types\/page"}],"author":[{"embeddable":true,"href":"https:\/\/wp.ufpel.edu.br\/mep\/wp-json\/wp\/v2\/users\/1361"}],"replies":[{"embeddable":true,"href":"https:\/\/wp.ufpel.edu.br\/mep\/wp-json\/wp\/v2\/comments?post=154"}],"version-history":[{"count":4,"href":"https:\/\/wp.ufpel.edu.br\/mep\/wp-json\/wp\/v2\/pages\/154\/revisions"}],"predecessor-version":[{"id":161,"href":"https:\/\/wp.ufpel.edu.br\/mep\/wp-json\/wp\/v2\/pages\/154\/revisions\/161"}],"up":[{"embeddable":true,"href":"https:\/\/wp.ufpel.edu.br\/mep\/wp-json\/wp\/v2\/pages\/58"}],"wp:attachment":[{"href":"https:\/\/wp.ufpel.edu.br\/mep\/wp-json\/wp\/v2\/media?parent=154"}],"curies":[{"name":"wp","href":"https:\/\/api.w.org\/{rel}","templated":true}]}}