{"id":139,"date":"2024-12-01T14:21:25","date_gmt":"2024-12-01T17:21:25","guid":{"rendered":"https:\/\/wp.ufpel.edu.br\/mep\/?page_id=139"},"modified":"2024-12-01T14:21:25","modified_gmt":"2024-12-01T17:21:25","slug":"primeira-formacao-da-cia","status":"publish","type":"page","link":"https:\/\/wp.ufpel.edu.br\/mep\/cia-experimental-de-jazz\/primeira-formacao-da-cia\/","title":{"rendered":"Primeira forma\u00e7\u00e3o da Cia"},"content":{"rendered":"<p>Estes s\u00e3o os primeiros 9 bailarinos e bailarinas selecionados para compor o elenco da Cia Experimental de Jazz (2024).<\/p>\n<p><img class=\"alignnone size-medium wp-image-142\" src=\"https:\/\/wp.ufpel.edu.br\/mep\/files\/2024\/12\/integrantes-302x400.jpeg\" alt=\"\" width=\"302\" height=\"400\" srcset=\"https:\/\/wp.ufpel.edu.br\/mep\/files\/2024\/12\/integrantes-302x400.jpeg 302w, https:\/\/wp.ufpel.edu.br\/mep\/files\/2024\/12\/integrantes.jpeg 538w\" sizes=\"(max-width: 302px) 100vw, 302px\" \/><\/p>\n","protected":false},"excerpt":{"rendered":"<p>Estes s\u00e3o os primeiros 9 bailarinos e bailarinas selecionados para compor o elenco da Cia Experimental de Jazz (2024).<\/p>\n","protected":false},"author":1361,"featured_media":0,"parent":134,"menu_order":1,"comment_status":"closed","ping_status":"closed","template":"","meta":{"footnotes":""},"class_list":["post-139","page","type-page","status-publish","hentry"],"_links":{"self":[{"href":"https:\/\/wp.ufpel.edu.br\/mep\/wp-json\/wp\/v2\/pages\/139","targetHints":{"allow":["GET"]}}],"collection":[{"href":"https:\/\/wp.ufpel.edu.br\/mep\/wp-json\/wp\/v2\/pages"}],"about":[{"href":"https:\/\/wp.ufpel.edu.br\/mep\/wp-json\/wp\/v2\/types\/page"}],"author":[{"embeddable":true,"href":"https:\/\/wp.ufpel.edu.br\/mep\/wp-json\/wp\/v2\/users\/1361"}],"replies":[{"embeddable":true,"href":"https:\/\/wp.ufpel.edu.br\/mep\/wp-json\/wp\/v2\/comments?post=139"}],"version-history":[{"count":3,"href":"https:\/\/wp.ufpel.edu.br\/mep\/wp-json\/wp\/v2\/pages\/139\/revisions"}],"predecessor-version":[{"id":144,"href":"https:\/\/wp.ufpel.edu.br\/mep\/wp-json\/wp\/v2\/pages\/139\/revisions\/144"}],"up":[{"embeddable":true,"href":"https:\/\/wp.ufpel.edu.br\/mep\/wp-json\/wp\/v2\/pages\/134"}],"wp:attachment":[{"href":"https:\/\/wp.ufpel.edu.br\/mep\/wp-json\/wp\/v2\/media?parent=139"}],"curies":[{"name":"wp","href":"https:\/\/api.w.org\/{rel}","templated":true}]}}