{"id":134,"date":"2024-12-01T14:11:43","date_gmt":"2024-12-01T17:11:43","guid":{"rendered":"https:\/\/wp.ufpel.edu.br\/mep\/?page_id=134"},"modified":"2025-10-28T19:36:15","modified_gmt":"2025-10-28T22:36:15","slug":"cia-experimental-de-jazz","status":"publish","type":"page","link":"https:\/\/wp.ufpel.edu.br\/mep\/cia-experimental-de-jazz\/","title":{"rendered":"Cia Experimental de Jazz"},"content":{"rendered":"<p>A <strong>Cia Experimental de Jazz<\/strong> \u00e9 uma a\u00e7\u00e3o de extens\u00e3o do projeto <strong>MEP<\/strong> (Media\u00e7\u00e3o Cultural, Educa\u00e7\u00e3o Est\u00e9tica e Processos Educacionais em Arte) da Universidade Federal de Pelotas criada em novembro de 2024 que visa oportunizar as pessoas amantes da dan\u00e7a jazz de Pelotas e regi\u00e3o a oportunidade de aprimorar sua atua\u00e7\u00e3o art\u00edstica na dan\u00e7a a partir da cria\u00e7\u00e3o de um grupo de estudos que resultar\u00e1 na cria\u00e7\u00e3o de uma Cia Experimental de Jazz.<\/p>\n<p>A a\u00e7\u00e3o \u00e9 coordenada pelo professor Dr. Marco Aurelio da Cruz Souza com assist\u00eancia art\u00edstica de Filipe Iracet.<\/p>\n","protected":false},"excerpt":{"rendered":"<p>A Cia Experimental de Jazz \u00e9 uma a\u00e7\u00e3o de extens\u00e3o do projeto MEP (Media\u00e7\u00e3o Cultural, Educa\u00e7\u00e3o Est\u00e9tica e Processos Educacionais em Arte) da Universidade Federal de Pelotas criada em novembro de 2024 que visa oportunizar as pessoas amantes da dan\u00e7a jazz de Pelotas e regi\u00e3o a oportunidade de aprimorar sua atua\u00e7\u00e3o art\u00edstica na dan\u00e7a a [&hellip;]<\/p>\n","protected":false},"author":1361,"featured_media":0,"parent":0,"menu_order":8,"comment_status":"closed","ping_status":"closed","template":"","meta":{"footnotes":""},"class_list":["post-134","page","type-page","status-publish","hentry"],"_links":{"self":[{"href":"https:\/\/wp.ufpel.edu.br\/mep\/wp-json\/wp\/v2\/pages\/134","targetHints":{"allow":["GET"]}}],"collection":[{"href":"https:\/\/wp.ufpel.edu.br\/mep\/wp-json\/wp\/v2\/pages"}],"about":[{"href":"https:\/\/wp.ufpel.edu.br\/mep\/wp-json\/wp\/v2\/types\/page"}],"author":[{"embeddable":true,"href":"https:\/\/wp.ufpel.edu.br\/mep\/wp-json\/wp\/v2\/users\/1361"}],"replies":[{"embeddable":true,"href":"https:\/\/wp.ufpel.edu.br\/mep\/wp-json\/wp\/v2\/comments?post=134"}],"version-history":[{"count":2,"href":"https:\/\/wp.ufpel.edu.br\/mep\/wp-json\/wp\/v2\/pages\/134\/revisions"}],"predecessor-version":[{"id":222,"href":"https:\/\/wp.ufpel.edu.br\/mep\/wp-json\/wp\/v2\/pages\/134\/revisions\/222"}],"wp:attachment":[{"href":"https:\/\/wp.ufpel.edu.br\/mep\/wp-json\/wp\/v2\/media?parent=134"}],"curies":[{"name":"wp","href":"https:\/\/api.w.org\/{rel}","templated":true}]}}