{"id":112,"date":"2024-05-14T00:10:57","date_gmt":"2024-05-14T03:10:57","guid":{"rendered":"https:\/\/wp.ufpel.edu.br\/mep\/?page_id=112"},"modified":"2024-05-14T00:12:41","modified_gmt":"2024-05-14T03:12:41","slug":"xxv-encontro-de-pos-graduacao","status":"publish","type":"page","link":"https:\/\/wp.ufpel.edu.br\/mep\/participacao-em-eventos\/xxv-encontro-de-pos-graduacao\/","title":{"rendered":"XXV Encontro de P\u00f3s-Gradua\u00e7\u00e3o"},"content":{"rendered":"<p>XXV Encontro de P\u00f3s-Gradua\u00e7\u00e3o realizado no 9o SIIEPE &#8211; Semana Integrada da UFPel 2023.<\/p>\n<p>&nbsp;<\/p>\n<p><img class=\"alignnone size-medium wp-image-115\" src=\"https:\/\/wp.ufpel.edu.br\/mep\/files\/2024\/05\/4-400x400.jpeg\" alt=\"\" width=\"400\" height=\"400\" srcset=\"https:\/\/wp.ufpel.edu.br\/mep\/files\/2024\/05\/4-400x400.jpeg 400w, https:\/\/wp.ufpel.edu.br\/mep\/files\/2024\/05\/4-1024x1024.jpeg 1024w, https:\/\/wp.ufpel.edu.br\/mep\/files\/2024\/05\/4-200x200.jpeg 200w, https:\/\/wp.ufpel.edu.br\/mep\/files\/2024\/05\/4-768x768.jpeg 768w, https:\/\/wp.ufpel.edu.br\/mep\/files\/2024\/05\/4.jpeg 1080w\" sizes=\"(max-width: 400px) 100vw, 400px\" \/><\/p>\n<p><img class=\"alignnone size-medium wp-image-116\" src=\"https:\/\/wp.ufpel.edu.br\/mep\/files\/2024\/05\/3-400x400.jpeg\" alt=\"\" width=\"400\" height=\"400\" srcset=\"https:\/\/wp.ufpel.edu.br\/mep\/files\/2024\/05\/3-400x400.jpeg 400w, https:\/\/wp.ufpel.edu.br\/mep\/files\/2024\/05\/3-1024x1024.jpeg 1024w, https:\/\/wp.ufpel.edu.br\/mep\/files\/2024\/05\/3-200x200.jpeg 200w, https:\/\/wp.ufpel.edu.br\/mep\/files\/2024\/05\/3-768x768.jpeg 768w, https:\/\/wp.ufpel.edu.br\/mep\/files\/2024\/05\/3.jpeg 1080w\" sizes=\"(max-width: 400px) 100vw, 400px\" \/><\/p>\n<p><img class=\"alignnone size-medium wp-image-117\" src=\"https:\/\/wp.ufpel.edu.br\/mep\/files\/2024\/05\/2-400x400.jpeg\" alt=\"\" width=\"400\" height=\"400\" srcset=\"https:\/\/wp.ufpel.edu.br\/mep\/files\/2024\/05\/2-400x400.jpeg 400w, https:\/\/wp.ufpel.edu.br\/mep\/files\/2024\/05\/2-1024x1024.jpeg 1024w, https:\/\/wp.ufpel.edu.br\/mep\/files\/2024\/05\/2-200x200.jpeg 200w, https:\/\/wp.ufpel.edu.br\/mep\/files\/2024\/05\/2-768x768.jpeg 768w, https:\/\/wp.ufpel.edu.br\/mep\/files\/2024\/05\/2.jpeg 1080w\" sizes=\"(max-width: 400px) 100vw, 400px\" \/><\/p>\n<p><img class=\"alignnone size-medium wp-image-118\" src=\"https:\/\/wp.ufpel.edu.br\/mep\/files\/2024\/05\/1-400x400.jpeg\" alt=\"\" width=\"400\" height=\"400\" srcset=\"https:\/\/wp.ufpel.edu.br\/mep\/files\/2024\/05\/1-400x400.jpeg 400w, https:\/\/wp.ufpel.edu.br\/mep\/files\/2024\/05\/1-1024x1024.jpeg 1024w, https:\/\/wp.ufpel.edu.br\/mep\/files\/2024\/05\/1-200x200.jpeg 200w, https:\/\/wp.ufpel.edu.br\/mep\/files\/2024\/05\/1-768x768.jpeg 768w, https:\/\/wp.ufpel.edu.br\/mep\/files\/2024\/05\/1.jpeg 1080w\" sizes=\"(max-width: 400px) 100vw, 400px\" \/><\/p>\n","protected":false},"excerpt":{"rendered":"<p>XXV Encontro de P\u00f3s-Gradua\u00e7\u00e3o realizado no 9o SIIEPE &#8211; Semana Integrada da UFPel 2023. &nbsp;<\/p>\n","protected":false},"author":1361,"featured_media":0,"parent":109,"menu_order":0,"comment_status":"closed","ping_status":"closed","template":"","meta":{"footnotes":""},"class_list":["post-112","page","type-page","status-publish","hentry"],"_links":{"self":[{"href":"https:\/\/wp.ufpel.edu.br\/mep\/wp-json\/wp\/v2\/pages\/112","targetHints":{"allow":["GET"]}}],"collection":[{"href":"https:\/\/wp.ufpel.edu.br\/mep\/wp-json\/wp\/v2\/pages"}],"about":[{"href":"https:\/\/wp.ufpel.edu.br\/mep\/wp-json\/wp\/v2\/types\/page"}],"author":[{"embeddable":true,"href":"https:\/\/wp.ufpel.edu.br\/mep\/wp-json\/wp\/v2\/users\/1361"}],"replies":[{"embeddable":true,"href":"https:\/\/wp.ufpel.edu.br\/mep\/wp-json\/wp\/v2\/comments?post=112"}],"version-history":[{"count":3,"href":"https:\/\/wp.ufpel.edu.br\/mep\/wp-json\/wp\/v2\/pages\/112\/revisions"}],"predecessor-version":[{"id":121,"href":"https:\/\/wp.ufpel.edu.br\/mep\/wp-json\/wp\/v2\/pages\/112\/revisions\/121"}],"up":[{"embeddable":true,"href":"https:\/\/wp.ufpel.edu.br\/mep\/wp-json\/wp\/v2\/pages\/109"}],"wp:attachment":[{"href":"https:\/\/wp.ufpel.edu.br\/mep\/wp-json\/wp\/v2\/media?parent=112"}],"curies":[{"name":"wp","href":"https:\/\/api.w.org\/{rel}","templated":true}]}}