{"id":109,"date":"2024-05-13T23:49:49","date_gmt":"2024-05-14T02:49:49","guid":{"rendered":"https:\/\/wp.ufpel.edu.br\/mep\/?page_id=109"},"modified":"2024-12-01T14:13:18","modified_gmt":"2024-12-01T17:13:18","slug":"participacao-em-eventos","status":"publish","type":"page","link":"https:\/\/wp.ufpel.edu.br\/mep\/participacao-em-eventos\/","title":{"rendered":"Participa\u00e7\u00e3o em eventos"},"content":{"rendered":"<p>Nessa p\u00e1gina apresentamos os eventos que os integrantes do grupo participam e compartilham suas pesquisas.<\/p>\n","protected":false},"excerpt":{"rendered":"<p>Nessa p\u00e1gina apresentamos os eventos que os integrantes do grupo participam e compartilham suas pesquisas.<\/p>\n","protected":false},"author":1361,"featured_media":0,"parent":0,"menu_order":7,"comment_status":"closed","ping_status":"closed","template":"","meta":{"footnotes":""},"class_list":["post-109","page","type-page","status-publish","hentry"],"_links":{"self":[{"href":"https:\/\/wp.ufpel.edu.br\/mep\/wp-json\/wp\/v2\/pages\/109","targetHints":{"allow":["GET"]}}],"collection":[{"href":"https:\/\/wp.ufpel.edu.br\/mep\/wp-json\/wp\/v2\/pages"}],"about":[{"href":"https:\/\/wp.ufpel.edu.br\/mep\/wp-json\/wp\/v2\/types\/page"}],"author":[{"embeddable":true,"href":"https:\/\/wp.ufpel.edu.br\/mep\/wp-json\/wp\/v2\/users\/1361"}],"replies":[{"embeddable":true,"href":"https:\/\/wp.ufpel.edu.br\/mep\/wp-json\/wp\/v2\/comments?post=109"}],"version-history":[{"count":2,"href":"https:\/\/wp.ufpel.edu.br\/mep\/wp-json\/wp\/v2\/pages\/109\/revisions"}],"predecessor-version":[{"id":137,"href":"https:\/\/wp.ufpel.edu.br\/mep\/wp-json\/wp\/v2\/pages\/109\/revisions\/137"}],"wp:attachment":[{"href":"https:\/\/wp.ufpel.edu.br\/mep\/wp-json\/wp\/v2\/media?parent=109"}],"curies":[{"name":"wp","href":"https:\/\/api.w.org\/{rel}","templated":true}]}}