{"id":100,"date":"2024-05-13T23:43:56","date_gmt":"2024-05-14T02:43:56","guid":{"rendered":"https:\/\/wp.ufpel.edu.br\/mep\/?page_id=100"},"modified":"2024-12-01T15:17:57","modified_gmt":"2024-12-01T18:17:57","slug":"anais-de-eventos","status":"publish","type":"page","link":"https:\/\/wp.ufpel.edu.br\/mep\/publicacoes-2\/anais-de-eventos\/","title":{"rendered":"ANAIS de eventos"},"content":{"rendered":"<p><strong>ANAIS DO SPMAV &#8211; Desfronteiras: O\u00a0 Encontro das Artes nas Encruzilhadas (2023)<\/strong><\/p>\n<p>&nbsp;<\/p>\n<p>1 &#8211; Resumo Expandido &#8211;\u00a0 <strong>\u201cPol\u00edticas P\u00fablicas e Educa\u00e7\u00e3o: Resid\u00eancia Pedag\u00f3gica\u201d<\/strong><\/p>\n<p>Pessoas autoras: Rodrigo Merenda Puerto e Marco Aurelio da Cruz Souza<\/p>\n<p>&nbsp;<\/p>\n<p>2 &#8211; Resumo Expandido &#8211; \u00a0<strong>O que nos faz dan\u00e7ar um espa\u00e7o? A cartografia sonora como disparadora da cria\u00e7\u00e3o em dan\u00e7a.<\/strong><\/p>\n<p>Pessoas autoras: Bianca Mendes Ascari e Marco Aurelio da Cruz Souza<\/p>\n<p>&nbsp;<\/p>\n<p><strong>ANAIS DO<\/strong> <strong>ENP\u00d3S &#8211; ENCONTRO DE P\u00d3S-GRADUA\u00c7\u00c3O DA UFPEL <\/strong>(2023)<\/p>\n<p>1 &#8211; Resumo Expandido &#8211; <strong>\u201cInterpreta\u00e7\u00f5es das Diretrizes Institucionais e a pr\u00e1tica nas aulas de Artes no Programa de Resid\u00eancia Pedag\u00f3gica no Col\u00e9gio Municipal Pelotense\u201d<\/strong><\/p>\n<p>Pessoas autoras: Rodrigo Merenda Puerto e Marco Aurelio da Cruz Souza<\/p>\n<p>&nbsp;<\/p>\n<p>2 &#8211; Resumo Expandido &#8211; <strong><span style=\"color: var(--cor-texto); font-family: var(--fonte-corpo);\">Escuta sens\u00edvel na cria\u00e7\u00e3o em dan\u00e7a: revisitando o anteprojeto de mestrado<\/span><\/strong><\/p>\n<p>Pessoas autoras: Bianca Mendes Ascari e Marco Aurelio da Cruz Souza<\/p>\n<p>&nbsp;<\/p>\n<p>3 &#8211; Resumo Expandido &#8211; <strong>ARTE NA EDUCA\u00c7\u00c3O DO CAMPO: REFLEX\u00d5ES SOBRE A PR\u00c1TICA E A EXPERIENCIA EST\u00c9TICA<\/strong><\/p>\n<p>Pessoas autoras: Daiane Ferreira Jardim; Marco Aurelio da Cruz Souza; Angela Raffin Pohlmann<\/p>\n<p>&nbsp;<\/p>\n<p>4 &#8211; Resumo Expandido &#8211; <strong>Discentes de Artes Visuais da UFPel: inser\u00e7\u00e3o no mercado a partir do ensino continuado<\/strong><\/p>\n<p>Pessoas autoras: Eligolande Furtado e Marco Aurelio da Cruz Souza<\/p>\n<p>&nbsp;<\/p>\n<p>5 &#8211; Resumo Expandido &#8211; <strong>A\/R\/TOGRAFIAS ENTRE ARTE E VIDA: A SALA DE AULA COMO ESPA\u00c7O DO ACONTECER<\/strong><\/p>\n<p>Pessoas autoras: Jordana Rodrigues; \u00darsula Silva; Marco Aurelio da Cruz Souza<\/p>\n","protected":false},"excerpt":{"rendered":"<p>ANAIS DO SPMAV &#8211; Desfronteiras: O\u00a0 Encontro das Artes nas Encruzilhadas (2023) &nbsp; 1 &#8211; Resumo Expandido &#8211;\u00a0 \u201cPol\u00edticas P\u00fablicas e Educa\u00e7\u00e3o: Resid\u00eancia Pedag\u00f3gica\u201d Pessoas autoras: Rodrigo Merenda Puerto e Marco Aurelio da Cruz Souza &nbsp; 2 &#8211; Resumo Expandido &#8211; \u00a0O que nos faz dan\u00e7ar um espa\u00e7o? A cartografia sonora como disparadora da cria\u00e7\u00e3o [&hellip;]<\/p>\n","protected":false},"author":1361,"featured_media":0,"parent":58,"menu_order":0,"comment_status":"closed","ping_status":"closed","template":"","meta":{"footnotes":""},"class_list":["post-100","page","type-page","status-publish","hentry"],"_links":{"self":[{"href":"https:\/\/wp.ufpel.edu.br\/mep\/wp-json\/wp\/v2\/pages\/100","targetHints":{"allow":["GET"]}}],"collection":[{"href":"https:\/\/wp.ufpel.edu.br\/mep\/wp-json\/wp\/v2\/pages"}],"about":[{"href":"https:\/\/wp.ufpel.edu.br\/mep\/wp-json\/wp\/v2\/types\/page"}],"author":[{"embeddable":true,"href":"https:\/\/wp.ufpel.edu.br\/mep\/wp-json\/wp\/v2\/users\/1361"}],"replies":[{"embeddable":true,"href":"https:\/\/wp.ufpel.edu.br\/mep\/wp-json\/wp\/v2\/comments?post=100"}],"version-history":[{"count":4,"href":"https:\/\/wp.ufpel.edu.br\/mep\/wp-json\/wp\/v2\/pages\/100\/revisions"}],"predecessor-version":[{"id":169,"href":"https:\/\/wp.ufpel.edu.br\/mep\/wp-json\/wp\/v2\/pages\/100\/revisions\/169"}],"up":[{"embeddable":true,"href":"https:\/\/wp.ufpel.edu.br\/mep\/wp-json\/wp\/v2\/pages\/58"}],"wp:attachment":[{"href":"https:\/\/wp.ufpel.edu.br\/mep\/wp-json\/wp\/v2\/media?parent=100"}],"curies":[{"name":"wp","href":"https:\/\/api.w.org\/{rel}","templated":true}]}}