{"id":55,"date":"2020-09-16T22:03:27","date_gmt":"2020-09-17T01:03:27","guid":{"rendered":"http:\/\/localhost\/wordpress\/?page_id=55"},"modified":"2020-11-30T13:50:06","modified_gmt":"2020-11-30T16:50:06","slug":"noticias","status":"publish","type":"page","link":"https:\/\/wp.ufpel.edu.br\/memorialdoanglo\/noticias\/","title":{"rendered":"Noticias"},"content":{"rendered":"<blockquote><p><a href=\"https:\/\/ccs2.ufpel.edu.br\/wp\/2015\/05\/25\/escola-louis-braille-visita-memorial-do-anglo\/\">Escola Louis Braille visita Memorial do Anglo<\/a><\/p><\/blockquote>\n<p><img loading=\"lazy\" decoding=\"async\" class=\"aligncenter wp-image-101 size-full\" src=\"https:\/\/wp.ufpel.edu.br\/memorialdoanglo\/files\/2020\/08\/DSC_4706-1024x678-1.jpg\" alt=\"\" width=\"1024\" height=\"678\" srcset=\"https:\/\/wp.ufpel.edu.br\/memorialdoanglo\/files\/2020\/08\/DSC_4706-1024x678-1.jpg 1024w, https:\/\/wp.ufpel.edu.br\/memorialdoanglo\/files\/2020\/08\/DSC_4706-1024x678-1-400x265.jpg 400w, https:\/\/wp.ufpel.edu.br\/memorialdoanglo\/files\/2020\/08\/DSC_4706-1024x678-1-768x509.jpg 768w, https:\/\/wp.ufpel.edu.br\/memorialdoanglo\/files\/2020\/08\/DSC_4706-1024x678-1-600x397.jpg 600w, https:\/\/wp.ufpel.edu.br\/memorialdoanglo\/files\/2020\/08\/DSC_4706-1024x678-1-945x626.jpg 945w\" sizes=\"auto, (max-width: 1024px) 100vw, 1024px\" \/><\/p>\n<blockquote><p><a href=\"http:\/\/ccs2.ufpel.edu.br\/wp\/2015\/05\/20\/grupo-da-escola-louis-braille-visitara-o-memorial-do-anglo\/\">Grupo da Escola Louis Braille visitar\u00e1 o Memorial do Anglo<\/a><\/p><\/blockquote>\n<p><img loading=\"lazy\" decoding=\"async\" class=\"aligncenter wp-image-102 size-full\" src=\"https:\/\/wp.ufpel.edu.br\/memorialdoanglo\/files\/2020\/08\/WhatsApp-Image-2020-09-15-at-14.47.25-1024x678-1.jpeg\" alt=\"\" width=\"1024\" height=\"678\" srcset=\"https:\/\/wp.ufpel.edu.br\/memorialdoanglo\/files\/2020\/08\/WhatsApp-Image-2020-09-15-at-14.47.25-1024x678-1.jpeg 1024w, https:\/\/wp.ufpel.edu.br\/memorialdoanglo\/files\/2020\/08\/WhatsApp-Image-2020-09-15-at-14.47.25-1024x678-1-400x265.jpeg 400w, https:\/\/wp.ufpel.edu.br\/memorialdoanglo\/files\/2020\/08\/WhatsApp-Image-2020-09-15-at-14.47.25-1024x678-1-768x509.jpeg 768w, https:\/\/wp.ufpel.edu.br\/memorialdoanglo\/files\/2020\/08\/WhatsApp-Image-2020-09-15-at-14.47.25-1024x678-1-600x397.jpeg 600w, https:\/\/wp.ufpel.edu.br\/memorialdoanglo\/files\/2020\/08\/WhatsApp-Image-2020-09-15-at-14.47.25-1024x678-1-945x626.jpeg 945w\" sizes=\"auto, (max-width: 1024px) 100vw, 1024px\" \/><\/p>\n<blockquote><p><a href=\"https:\/\/ccs2.ufpel.edu.br\/wp\/2017\/02\/23\/acervo-fotografico-do-anglo-e-preservado-em-trabalho-da-prec\/\">Acervo fotogr\u00e1fico do Anglo \u00e9 preservado em trabalho da Prec<\/a><\/p><\/blockquote>\n<p><img loading=\"lazy\" decoding=\"async\" class=\"aligncenter wp-image-103 size-full\" src=\"https:\/\/wp.ufpel.edu.br\/memorialdoanglo\/files\/2020\/08\/2017-02-16-18.51.22.jpg\" alt=\"\" width=\"490\" height=\"328\" srcset=\"https:\/\/wp.ufpel.edu.br\/memorialdoanglo\/files\/2020\/08\/2017-02-16-18.51.22.jpg 490w, https:\/\/wp.ufpel.edu.br\/memorialdoanglo\/files\/2020\/08\/2017-02-16-18.51.22-400x268.jpg 400w\" sizes=\"auto, (max-width: 490px) 100vw, 490px\" \/><\/p>\n","protected":false},"excerpt":{"rendered":"<p>Escola Louis Braille visita Memorial do Anglo Grupo da Escola Louis Braille visitar\u00e1 o Memorial do Anglo Acervo fotogr\u00e1fico do Anglo \u00e9 preservado em trabalho da Prec<\/p>\n","protected":false},"author":1068,"featured_media":0,"parent":0,"menu_order":0,"comment_status":"closed","ping_status":"closed","template":"template-fullwidth.php","meta":{"footnotes":""},"class_list":["post-55","page","type-page","status-publish","hentry"],"_links":{"self":[{"href":"https:\/\/wp.ufpel.edu.br\/memorialdoanglo\/wp-json\/wp\/v2\/pages\/55","targetHints":{"allow":["GET"]}}],"collection":[{"href":"https:\/\/wp.ufpel.edu.br\/memorialdoanglo\/wp-json\/wp\/v2\/pages"}],"about":[{"href":"https:\/\/wp.ufpel.edu.br\/memorialdoanglo\/wp-json\/wp\/v2\/types\/page"}],"author":[{"embeddable":true,"href":"https:\/\/wp.ufpel.edu.br\/memorialdoanglo\/wp-json\/wp\/v2\/users\/1068"}],"replies":[{"embeddable":true,"href":"https:\/\/wp.ufpel.edu.br\/memorialdoanglo\/wp-json\/wp\/v2\/comments?post=55"}],"version-history":[{"count":2,"href":"https:\/\/wp.ufpel.edu.br\/memorialdoanglo\/wp-json\/wp\/v2\/pages\/55\/revisions"}],"predecessor-version":[{"id":192,"href":"https:\/\/wp.ufpel.edu.br\/memorialdoanglo\/wp-json\/wp\/v2\/pages\/55\/revisions\/192"}],"wp:attachment":[{"href":"https:\/\/wp.ufpel.edu.br\/memorialdoanglo\/wp-json\/wp\/v2\/media?parent=55"}],"curies":[{"name":"wp","href":"https:\/\/api.w.org\/{rel}","templated":true}]}}