{"id":51,"date":"2020-09-16T22:02:15","date_gmt":"2020-09-17T01:02:15","guid":{"rendered":"http:\/\/localhost\/wordpress\/?page_id=51"},"modified":"2020-11-30T13:52:40","modified_gmt":"2020-11-30T16:52:40","slug":"acessibilidade","status":"publish","type":"page","link":"https:\/\/wp.ufpel.edu.br\/memorialdoanglo\/acessibilidade\/","title":{"rendered":"Acessibilidade"},"content":{"rendered":"\n\t\t<style type=\"text\/css\">\n\t\t\t#gallery-1 {\n\t\t\t\tmargin: auto;\n\t\t\t}\n\t\t\t#gallery-1 .gallery-item {\n\t\t\t\tfloat: left;\n\t\t\t\tmargin-top: 10px;\n\t\t\t\ttext-align: center;\n\t\t\t\twidth: 33%;\n\t\t\t}\n\t\t\t#gallery-1 img {\n\t\t\t\tborder: 2px solid #cfcfcf;\n\t\t\t}\n\t\t\t#gallery-1 .gallery-caption {\n\t\t\t\tmargin-left: 0;\n\t\t\t}\n\t\t\t\/* see gallery_shortcode() in wp-includes\/media.php *\/\n\t\t<\/style>\n\t\t<div id='gallery-1' class='gallery galleryid-51 gallery-columns-3 gallery-size-thumbnail'><dl class='gallery-item'>\n\t\t\t<dt class='gallery-icon landscape'>\n\t\t\t\t<a href='https:\/\/wp.ufpel.edu.br\/memorialdoanglo\/whatsapp-image-2020-09-15-at-14-47-37-1024x1024\/'><img loading=\"lazy\" decoding=\"async\" width=\"200\" height=\"200\" src=\"https:\/\/wp.ufpel.edu.br\/memorialdoanglo\/files\/2020\/11\/WhatsApp-Image-2020-09-15-at-14.47.37-1024x1024-1-200x200.jpeg\" class=\"attachment-thumbnail size-thumbnail\" alt=\"\" aria-describedby=\"gallery-1-121\" srcset=\"https:\/\/wp.ufpel.edu.br\/memorialdoanglo\/files\/2020\/11\/WhatsApp-Image-2020-09-15-at-14.47.37-1024x1024-1-200x200.jpeg 200w, https:\/\/wp.ufpel.edu.br\/memorialdoanglo\/files\/2020\/11\/WhatsApp-Image-2020-09-15-at-14.47.37-1024x1024-1-400x400.jpeg 400w, https:\/\/wp.ufpel.edu.br\/memorialdoanglo\/files\/2020\/11\/WhatsApp-Image-2020-09-15-at-14.47.37-1024x1024-1-768x768.jpeg 768w, https:\/\/wp.ufpel.edu.br\/memorialdoanglo\/files\/2020\/11\/WhatsApp-Image-2020-09-15-at-14.47.37-1024x1024-1-600x600.jpeg 600w, https:\/\/wp.ufpel.edu.br\/memorialdoanglo\/files\/2020\/11\/WhatsApp-Image-2020-09-15-at-14.47.37-1024x1024-1-945x945.jpeg 945w, https:\/\/wp.ufpel.edu.br\/memorialdoanglo\/files\/2020\/11\/WhatsApp-Image-2020-09-15-at-14.47.37-1024x1024-1.jpeg 1024w\" sizes=\"auto, (max-width: 200px) 100vw, 200px\" \/><\/a>\n\t\t\t<\/dt>\n\t\t\t\t<dd class='wp-caption-text gallery-caption' id='gallery-1-121'>\n\t\t\t\tEsquema t\u00e1teis com representa\u00e7\u00e3o em relevo da fotografia exposta. O esquema permiteque cada ferramenta seja retirada e colocada individualmente.\n\t\t\t\t<\/dd><\/dl><dl class='gallery-item'>\n\t\t\t<dt class='gallery-icon portrait'>\n\t\t\t\t<a href='https:\/\/wp.ufpel.edu.br\/memorialdoanglo\/whatsapp-image-2020-09-15-at-14-47-38\/'><img loading=\"lazy\" decoding=\"async\" width=\"200\" height=\"200\" src=\"https:\/\/wp.ufpel.edu.br\/memorialdoanglo\/files\/2020\/11\/WhatsApp-Image-2020-09-15-at-14.47.38-200x200.jpeg\" class=\"attachment-thumbnail size-thumbnail\" alt=\"\" aria-describedby=\"gallery-1-122\" \/><\/a>\n\t\t\t<\/dt>\n\t\t\t\t<dd class='wp-caption-text gallery-caption' id='gallery-1-122'>\n\t\t\t\tMaquete t\u00e1til representando a perspectiva dos telhados que a fotografia mostra.\n\t\t\t\t<\/dd><\/dl><dl class='gallery-item'>\n\t\t\t<dt class='gallery-icon landscape'>\n\t\t\t\t<a href='https:\/\/wp.ufpel.edu.br\/memorialdoanglo\/whatsapp-image-2020-09-15-at-14-47-39\/'><img loading=\"lazy\" decoding=\"async\" width=\"200\" height=\"200\" src=\"https:\/\/wp.ufpel.edu.br\/memorialdoanglo\/files\/2020\/11\/WhatsApp-Image-2020-09-15-at-14.47.39-200x200.jpeg\" class=\"attachment-thumbnail size-thumbnail\" alt=\"\" aria-describedby=\"gallery-1-123\" \/><\/a>\n\t\t\t<\/dt>\n\t\t\t\t<dd class='wp-caption-text gallery-caption' id='gallery-1-123'>\n\t\t\t\tDetalhe do esquema t\u00e1til que apresenta a fotografia dos telhados\n\t\t\t\t<\/dd><\/dl><br style=\"clear: both\" \/><dl class='gallery-item'>\n\t\t\t<dt class='gallery-icon landscape'>\n\t\t\t\t<a href='https:\/\/wp.ufpel.edu.br\/memorialdoanglo\/whatsapp-image-2020-09-15-at-14-47-40-1024x678\/'><img loading=\"lazy\" decoding=\"async\" width=\"200\" height=\"200\" src=\"https:\/\/wp.ufpel.edu.br\/memorialdoanglo\/files\/2020\/11\/WhatsApp-Image-2020-09-15-at-14.47.40-1024x678-1-200x200.jpeg\" class=\"attachment-thumbnail size-thumbnail\" alt=\"\" aria-describedby=\"gallery-1-124\" \/><\/a>\n\t\t\t<\/dt>\n\t\t\t\t<dd class='wp-caption-text gallery-caption' id='gallery-1-124'>\n\t\t\t\tVisitante com venda nos olhos experimenta esquemas t\u00e1teis da fotografia em exposi\u00e7\u00e3o.\n\t\t\t\t<\/dd><\/dl><dl class='gallery-item'>\n\t\t\t<dt class='gallery-icon landscape'>\n\t\t\t\t<a href='https:\/\/wp.ufpel.edu.br\/memorialdoanglo\/whatsapp-image-2020-09-15-at-14-47-41-1024x1024\/'><img loading=\"lazy\" decoding=\"async\" width=\"200\" height=\"200\" src=\"https:\/\/wp.ufpel.edu.br\/memorialdoanglo\/files\/2020\/11\/WhatsApp-Image-2020-09-15-at-14.47.41-1024x1024-1-200x200.jpeg\" class=\"attachment-thumbnail size-thumbnail\" alt=\"\" aria-describedby=\"gallery-1-125\" srcset=\"https:\/\/wp.ufpel.edu.br\/memorialdoanglo\/files\/2020\/11\/WhatsApp-Image-2020-09-15-at-14.47.41-1024x1024-1-200x200.jpeg 200w, https:\/\/wp.ufpel.edu.br\/memorialdoanglo\/files\/2020\/11\/WhatsApp-Image-2020-09-15-at-14.47.41-1024x1024-1-400x400.jpeg 400w, https:\/\/wp.ufpel.edu.br\/memorialdoanglo\/files\/2020\/11\/WhatsApp-Image-2020-09-15-at-14.47.41-1024x1024-1-768x768.jpeg 768w, https:\/\/wp.ufpel.edu.br\/memorialdoanglo\/files\/2020\/11\/WhatsApp-Image-2020-09-15-at-14.47.41-1024x1024-1-600x600.jpeg 600w, https:\/\/wp.ufpel.edu.br\/memorialdoanglo\/files\/2020\/11\/WhatsApp-Image-2020-09-15-at-14.47.41-1024x1024-1-945x945.jpeg 945w, https:\/\/wp.ufpel.edu.br\/memorialdoanglo\/files\/2020\/11\/WhatsApp-Image-2020-09-15-at-14.47.41-1024x1024-1.jpeg 1024w\" sizes=\"auto, (max-width: 200px) 100vw, 200px\" \/><\/a>\n\t\t\t<\/dt>\n\t\t\t\t<dd class='wp-caption-text gallery-caption' id='gallery-1-125'>\n\t\t\t\tDispositivo para ser utilizado pelo visitande para audi\u00e7\u00e3o da audiodescri\u00e7\u00e3o das fotografias, junto \u00e0 maquete da chamin\u00e9 da f\u00e1brica e esquema da janela. Ambas s\u00e3o vistas na fotografia.\n\t\t\t\t<\/dd><\/dl><dl class='gallery-item'>\n\t\t\t<dt class='gallery-icon landscape'>\n\t\t\t\t<a href='https:\/\/wp.ufpel.edu.br\/memorialdoanglo\/whatsapp-image-2020-09-15-at-14-47-42\/'><img loading=\"lazy\" decoding=\"async\" width=\"200\" height=\"200\" src=\"https:\/\/wp.ufpel.edu.br\/memorialdoanglo\/files\/2020\/11\/WhatsApp-Image-2020-09-15-at-14.47.42-200x200.jpeg\" class=\"attachment-thumbnail size-thumbnail\" alt=\"\" aria-describedby=\"gallery-1-126\" \/><\/a>\n\t\t\t<\/dt>\n\t\t\t\t<dd class='wp-caption-text gallery-caption' id='gallery-1-126'>\n\t\t\t\tUtiliza\u00e7\u00e3o do dispositivo de \u00e1udio para escuta da audiodescri\u00e7\u00e3o das fotos.\n\t\t\t\t<\/dd><\/dl><br style=\"clear: both\" \/><dl class='gallery-item'>\n\t\t\t<dt class='gallery-icon landscape'>\n\t\t\t\t<a href='https:\/\/wp.ufpel.edu.br\/memorialdoanglo\/dsc_4706-1024x678\/'><img loading=\"lazy\" decoding=\"async\" width=\"200\" height=\"200\" src=\"https:\/\/wp.ufpel.edu.br\/memorialdoanglo\/files\/2020\/08\/DSC_4706-1024x678-1-200x200.jpg\" class=\"attachment-thumbnail size-thumbnail\" alt=\"\" aria-describedby=\"gallery-1-101\" \/><\/a>\n\t\t\t<\/dt>\n\t\t\t\t<dd class='wp-caption-text gallery-caption' id='gallery-1-101'>\n\t\t\t\tUtiliza\u00e7\u00e3o dos esquemas em visita de grupo de pessoas com defici\u00eancia visual.\n\t\t\t\t<\/dd><\/dl><dl class='gallery-item'>\n\t\t\t<dt class='gallery-icon landscape'>\n\t\t\t\t<a href='https:\/\/wp.ufpel.edu.br\/memorialdoanglo\/whatsapp-image-2020-09-15-at-14-47-44-1024x678\/'><img loading=\"lazy\" decoding=\"async\" width=\"200\" height=\"200\" src=\"https:\/\/wp.ufpel.edu.br\/memorialdoanglo\/files\/2020\/11\/WhatsApp-Image-2020-09-15-at-14.47.44-1024x678-1-200x200.jpeg\" class=\"attachment-thumbnail size-thumbnail\" alt=\"\" aria-describedby=\"gallery-1-127\" \/><\/a>\n\t\t\t<\/dt>\n\t\t\t\t<dd class='wp-caption-text gallery-caption' id='gallery-1-127'>\n\t\t\t\tUso das legendas em braille por pessoa com defici\u00eancia visual.\n\t\t\t\t<\/dd><\/dl><dl class='gallery-item'>\n\t\t\t<dt class='gallery-icon landscape'>\n\t\t\t\t<a href='https:\/\/wp.ufpel.edu.br\/memorialdoanglo\/whatsapp-image-2020-09-15-at-14-47-45\/'><img loading=\"lazy\" decoding=\"async\" width=\"200\" height=\"200\" src=\"https:\/\/wp.ufpel.edu.br\/memorialdoanglo\/files\/2020\/11\/WhatsApp-Image-2020-09-15-at-14.47.45-200x200.jpeg\" class=\"attachment-thumbnail size-thumbnail\" alt=\"\" aria-describedby=\"gallery-1-128\" \/><\/a>\n\t\t\t<\/dt>\n\t\t\t\t<dd class='wp-caption-text gallery-caption' id='gallery-1-128'>\n\t\t\t\tUso do recurso audiodescri\u00e7\u00e3o.\n\t\t\t\t<\/dd><\/dl><br style=\"clear: both\" \/><dl class='gallery-item'>\n\t\t\t<dt class='gallery-icon landscape'>\n\t\t\t\t<a href='https:\/\/wp.ufpel.edu.br\/memorialdoanglo\/whatsapp-image-2020-09-15-at-14-47-451\/'><img loading=\"lazy\" decoding=\"async\" width=\"200\" height=\"200\" src=\"https:\/\/wp.ufpel.edu.br\/memorialdoanglo\/files\/2020\/11\/WhatsApp-Image-2020-09-15-at-14.47.451-200x200.jpeg\" class=\"attachment-thumbnail size-thumbnail\" alt=\"\" aria-describedby=\"gallery-1-141\" \/><\/a>\n\t\t\t<\/dt>\n\t\t\t\t<dd class='wp-caption-text gallery-caption' id='gallery-1-141'>\n\t\t\t\tUso da maquete de localiza\u00e7\u00e3o do Memorial do Anglo.\n\t\t\t\t<\/dd><\/dl><dl class='gallery-item'>\n\t\t\t<dt class='gallery-icon landscape'>\n\t\t\t\t<a href='https:\/\/wp.ufpel.edu.br\/memorialdoanglo\/whatsapp-image-2020-09-15-at-14-47-46\/'><img loading=\"lazy\" decoding=\"async\" width=\"200\" height=\"200\" src=\"https:\/\/wp.ufpel.edu.br\/memorialdoanglo\/files\/2020\/11\/WhatsApp-Image-2020-09-15-at-14.47.46-200x200.jpeg\" class=\"attachment-thumbnail size-thumbnail\" alt=\"\" aria-describedby=\"gallery-1-129\" \/><\/a>\n\t\t\t<\/dt>\n\t\t\t\t<dd class='wp-caption-text gallery-caption' id='gallery-1-129'>\n\t\t\t\tVista do Memorial com recusos (maquetes e esquemas t\u00e1teis, legendas em braille). Observar que o mobili\u00e1rio foi desenhado para uso tamb\u00e9m de cadeirantes e as cores dos pain\u00e9is decorrem de pesquisa com pessoas com baixa vis\u00e3o.\n\t\t\t\t<\/dd><\/dl><dl class='gallery-item'>\n\t\t\t<dt class='gallery-icon portrait'>\n\t\t\t\t<a href='https:\/\/wp.ufpel.edu.br\/memorialdoanglo\/whatsapp-image-2020-09-15-at-14-47-47\/'><img loading=\"lazy\" decoding=\"async\" width=\"200\" height=\"200\" src=\"https:\/\/wp.ufpel.edu.br\/memorialdoanglo\/files\/2020\/11\/WhatsApp-Image-2020-09-15-at-14.47.47-200x200.jpeg\" class=\"attachment-thumbnail size-thumbnail\" alt=\"\" aria-describedby=\"gallery-1-144\" \/><\/a>\n\t\t\t<\/dt>\n\t\t\t\t<dd class='wp-caption-text gallery-caption' id='gallery-1-144'>\n\t\t\t\tUso simult\u00e2neo de audiodescri\u00e7\u00e3o e da maquete de localiza\u00e7\u00e3o\n\t\t\t\t<\/dd><\/dl><br style=\"clear: both\" \/>\n\t\t<\/div>\n\n<blockquote><p>Exposi\u00e7\u00e3o<\/p><\/blockquote>\n<blockquote>\n\t\t<style type=\"text\/css\">\n\t\t\t#gallery-2 {\n\t\t\t\tmargin: auto;\n\t\t\t}\n\t\t\t#gallery-2 .gallery-item {\n\t\t\t\tfloat: left;\n\t\t\t\tmargin-top: 10px;\n\t\t\t\ttext-align: center;\n\t\t\t\twidth: 25%;\n\t\t\t}\n\t\t\t#gallery-2 img {\n\t\t\t\tborder: 2px solid #cfcfcf;\n\t\t\t}\n\t\t\t#gallery-2 .gallery-caption {\n\t\t\t\tmargin-left: 0;\n\t\t\t}\n\t\t\t\/* see gallery_shortcode() in wp-includes\/media.php *\/\n\t\t<\/style>\n\t\t<div id='gallery-2' class='gallery galleryid-51 gallery-columns-4 gallery-size-thumbnail'><dl class='gallery-item'>\n\t\t\t<dt class='gallery-icon landscape'>\n\t\t\t\t<a href='https:\/\/wp.ufpel.edu.br\/memorialdoanglo\/whatsapp-image-2020-09-15-at-14-47-49-1024x1024\/'><img loading=\"lazy\" decoding=\"async\" width=\"200\" height=\"200\" src=\"https:\/\/wp.ufpel.edu.br\/memorialdoanglo\/files\/2020\/11\/WhatsApp-Image-2020-09-15-at-14.47.49-1024x1024-1-200x200.jpeg\" class=\"attachment-thumbnail size-thumbnail\" alt=\"\" aria-describedby=\"gallery-2-130\" srcset=\"https:\/\/wp.ufpel.edu.br\/memorialdoanglo\/files\/2020\/11\/WhatsApp-Image-2020-09-15-at-14.47.49-1024x1024-1-200x200.jpeg 200w, https:\/\/wp.ufpel.edu.br\/memorialdoanglo\/files\/2020\/11\/WhatsApp-Image-2020-09-15-at-14.47.49-1024x1024-1-400x400.jpeg 400w, https:\/\/wp.ufpel.edu.br\/memorialdoanglo\/files\/2020\/11\/WhatsApp-Image-2020-09-15-at-14.47.49-1024x1024-1-768x768.jpeg 768w, https:\/\/wp.ufpel.edu.br\/memorialdoanglo\/files\/2020\/11\/WhatsApp-Image-2020-09-15-at-14.47.49-1024x1024-1-600x600.jpeg 600w, https:\/\/wp.ufpel.edu.br\/memorialdoanglo\/files\/2020\/11\/WhatsApp-Image-2020-09-15-at-14.47.49-1024x1024-1-945x945.jpeg 945w, https:\/\/wp.ufpel.edu.br\/memorialdoanglo\/files\/2020\/11\/WhatsApp-Image-2020-09-15-at-14.47.49-1024x1024-1.jpeg 1024w\" sizes=\"auto, (max-width: 200px) 100vw, 200px\" \/><\/a>\n\t\t\t<\/dt>\n\t\t\t\t<dd class='wp-caption-text gallery-caption' id='gallery-2-130'>\n\t\t\t\tVisita mediada com grupo de pessoas com defici\u00eancia visual &#8211; 2015\n\t\t\t\t<\/dd><\/dl><dl class='gallery-item'>\n\t\t\t<dt class='gallery-icon landscape'>\n\t\t\t\t<a href='https:\/\/wp.ufpel.edu.br\/memorialdoanglo\/whatsapp-image-2020-09-15-at-14-47-50-1024x765\/'><img loading=\"lazy\" decoding=\"async\" width=\"200\" height=\"200\" src=\"https:\/\/wp.ufpel.edu.br\/memorialdoanglo\/files\/2020\/11\/WhatsApp-Image-2020-09-15-at-14.47.50-1024x765-1-200x200.jpeg\" class=\"attachment-thumbnail size-thumbnail\" alt=\"\" aria-describedby=\"gallery-2-131\" \/><\/a>\n\t\t\t<\/dt>\n\t\t\t\t<dd class='wp-caption-text gallery-caption' id='gallery-2-131'>\n\t\t\t\tVisita de grupo com experimenta\u00e7\u00e3o dos recursos acess\u00edveis &#8211; 2017\n\t\t\t\t<\/dd><\/dl><dl class='gallery-item'>\n\t\t\t<dt class='gallery-icon landscape'>\n\t\t\t\t<a href='https:\/\/wp.ufpel.edu.br\/memorialdoanglo\/whatsapp-image-2020-09-15-at-14-47-51-1024x765\/'><img loading=\"lazy\" decoding=\"async\" width=\"200\" height=\"200\" src=\"https:\/\/wp.ufpel.edu.br\/memorialdoanglo\/files\/2020\/11\/WhatsApp-Image-2020-09-15-at-14.47.51-1024x765-1-200x200.jpeg\" class=\"attachment-thumbnail size-thumbnail\" alt=\"\" aria-describedby=\"gallery-2-132\" \/><\/a>\n\t\t\t<\/dt>\n\t\t\t\t<dd class='wp-caption-text gallery-caption' id='gallery-2-132'>\n\t\t\t\tVisita de grupo de universit\u00e1rias com experimenta\u00e7\u00e3o dos recursos de acessibilidade &#8211; 2017\n\t\t\t\t<\/dd><\/dl><dl class='gallery-item'>\n\t\t\t<dt class='gallery-icon landscape'>\n\t\t\t\t<a href='https:\/\/wp.ufpel.edu.br\/memorialdoanglo\/whatsapp-image-2020-09-15-at-14-47-521-1024x765\/'><img loading=\"lazy\" decoding=\"async\" width=\"200\" height=\"200\" src=\"https:\/\/wp.ufpel.edu.br\/memorialdoanglo\/files\/2020\/11\/WhatsApp-Image-2020-09-15-at-14.47.521-1024x765-1-200x200.jpeg\" class=\"attachment-thumbnail size-thumbnail\" alt=\"\" aria-describedby=\"gallery-2-142\" \/><\/a>\n\t\t\t<\/dt>\n\t\t\t\t<dd class='wp-caption-text gallery-caption' id='gallery-2-142'>\n\t\t\t\tVisita mediada &#8211; 2017\n\t\t\t\t<\/dd><\/dl><br style=\"clear: both\" \/><dl class='gallery-item'>\n\t\t\t<dt class='gallery-icon landscape'>\n\t\t\t\t<a href='https:\/\/wp.ufpel.edu.br\/memorialdoanglo\/whatsapp-image-2020-09-15-at-14-47-52-1024x765\/'><img loading=\"lazy\" decoding=\"async\" width=\"200\" height=\"200\" src=\"https:\/\/wp.ufpel.edu.br\/memorialdoanglo\/files\/2020\/11\/WhatsApp-Image-2020-09-15-at-14.47.52-1024x765-1-200x200.jpeg\" class=\"attachment-thumbnail size-thumbnail\" alt=\"\" aria-describedby=\"gallery-2-133\" \/><\/a>\n\t\t\t<\/dt>\n\t\t\t\t<dd class='wp-caption-text gallery-caption' id='gallery-2-133'>\n\t\t\t\tVisita mediada &#8211; 2018\n\t\t\t\t<\/dd><\/dl><dl class='gallery-item'>\n\t\t\t<dt class='gallery-icon landscape'>\n\t\t\t\t<a href='https:\/\/wp.ufpel.edu.br\/memorialdoanglo\/whatsapp-image-2020-09-15-at-14-47-53\/'><img loading=\"lazy\" decoding=\"async\" width=\"200\" height=\"200\" src=\"https:\/\/wp.ufpel.edu.br\/memorialdoanglo\/files\/2020\/11\/WhatsApp-Image-2020-09-15-at-14.47.53-200x200.jpeg\" class=\"attachment-thumbnail size-thumbnail\" alt=\"\" aria-describedby=\"gallery-2-134\" \/><\/a>\n\t\t\t<\/dt>\n\t\t\t\t<dd class='wp-caption-text gallery-caption' id='gallery-2-134'>\n\t\t\t\tVisita de professores cegos da Escola Louis Braille de Pelotas -2014\n\t\t\t\t<\/dd><\/dl><dl class='gallery-item'>\n\t\t\t<dt class='gallery-icon landscape'>\n\t\t\t\t<a href='https:\/\/wp.ufpel.edu.br\/memorialdoanglo\/whatsapp-image-2020-09-15-at-14-47-54-1024x678\/'><img loading=\"lazy\" decoding=\"async\" width=\"200\" height=\"200\" src=\"https:\/\/wp.ufpel.edu.br\/memorialdoanglo\/files\/2020\/11\/WhatsApp-Image-2020-09-15-at-14.47.54-1024x678-1-200x200.jpeg\" class=\"attachment-thumbnail size-thumbnail\" alt=\"\" aria-describedby=\"gallery-2-135\" \/><\/a>\n\t\t\t<\/dt>\n\t\t\t\t<dd class='wp-caption-text gallery-caption' id='gallery-2-135'>\n\t\t\t\tVisita de professores cegos da Escola Louis Braille de Pelotas &#8211; 2014\n\t\t\t\t<\/dd><\/dl><dl class='gallery-item'>\n\t\t\t<dt class='gallery-icon landscape'>\n\t\t\t\t<a href='https:\/\/wp.ufpel.edu.br\/memorialdoanglo\/whatsapp-image-2020-09-15-at-14-47-55-1024x765\/'><img loading=\"lazy\" decoding=\"async\" width=\"200\" height=\"200\" src=\"https:\/\/wp.ufpel.edu.br\/memorialdoanglo\/files\/2020\/11\/WhatsApp-Image-2020-09-15-at-14.47.55-1024x765-1-200x200.jpeg\" class=\"attachment-thumbnail size-thumbnail\" alt=\"\" aria-describedby=\"gallery-2-136\" \/><\/a>\n\t\t\t<\/dt>\n\t\t\t\t<dd class='wp-caption-text gallery-caption' id='gallery-2-136'>\n\t\t\t\tVisita de grupo de escolares &#8211; 2018\n\t\t\t\t<\/dd><\/dl><br style=\"clear: both\" \/><dl class='gallery-item'>\n\t\t\t<dt class='gallery-icon landscape'>\n\t\t\t\t<a href='https:\/\/wp.ufpel.edu.br\/memorialdoanglo\/whatsapp-image-2020-09-15-at-14-47-56-1024x678\/'><img loading=\"lazy\" decoding=\"async\" width=\"200\" height=\"200\" src=\"https:\/\/wp.ufpel.edu.br\/memorialdoanglo\/files\/2020\/11\/WhatsApp-Image-2020-09-15-at-14.47.56-1024x678-1-200x200.jpeg\" class=\"attachment-thumbnail size-thumbnail\" alt=\"\" aria-describedby=\"gallery-2-137\" \/><\/a>\n\t\t\t<\/dt>\n\t\t\t\t<dd class='wp-caption-text gallery-caption' id='gallery-2-137'>\n\t\t\t\tVisita de grupo Escola Louis Braille &#8211; 2014\n\t\t\t\t<\/dd><\/dl>\n\t\t\t<br style='clear: both' \/>\n\t\t<\/div>\n<\/blockquote>\n","protected":false},"excerpt":{"rendered":"<p>Exposi\u00e7\u00e3o<\/p>\n","protected":false},"author":1068,"featured_media":0,"parent":0,"menu_order":0,"comment_status":"closed","ping_status":"closed","template":"template-fullwidth.php","meta":{"footnotes":""},"class_list":["post-51","page","type-page","status-publish","hentry"],"_links":{"self":[{"href":"https:\/\/wp.ufpel.edu.br\/memorialdoanglo\/wp-json\/wp\/v2\/pages\/51","targetHints":{"allow":["GET"]}}],"collection":[{"href":"https:\/\/wp.ufpel.edu.br\/memorialdoanglo\/wp-json\/wp\/v2\/pages"}],"about":[{"href":"https:\/\/wp.ufpel.edu.br\/memorialdoanglo\/wp-json\/wp\/v2\/types\/page"}],"author":[{"embeddable":true,"href":"https:\/\/wp.ufpel.edu.br\/memorialdoanglo\/wp-json\/wp\/v2\/users\/1068"}],"replies":[{"embeddable":true,"href":"https:\/\/wp.ufpel.edu.br\/memorialdoanglo\/wp-json\/wp\/v2\/comments?post=51"}],"version-history":[{"count":2,"href":"https:\/\/wp.ufpel.edu.br\/memorialdoanglo\/wp-json\/wp\/v2\/pages\/51\/revisions"}],"predecessor-version":[{"id":177,"href":"https:\/\/wp.ufpel.edu.br\/memorialdoanglo\/wp-json\/wp\/v2\/pages\/51\/revisions\/177"}],"wp:attachment":[{"href":"https:\/\/wp.ufpel.edu.br\/memorialdoanglo\/wp-json\/wp\/v2\/media?parent=51"}],"curies":[{"name":"wp","href":"https:\/\/api.w.org\/{rel}","templated":true}]}}