{"id":43,"date":"2020-09-16T22:00:32","date_gmt":"2020-09-17T01:00:32","guid":{"rendered":"http:\/\/localhost\/wordpress\/?page_id=43"},"modified":"2020-11-30T13:50:37","modified_gmt":"2020-11-30T16:50:37","slug":"memorial","status":"publish","type":"page","link":"https:\/\/wp.ufpel.edu.br\/memorialdoanglo\/memorial\/","title":{"rendered":"Memorial"},"content":{"rendered":"\n\t\t<style type=\"text\/css\">\n\t\t\t#gallery-1 {\n\t\t\t\tmargin: auto;\n\t\t\t}\n\t\t\t#gallery-1 .gallery-item {\n\t\t\t\tfloat: left;\n\t\t\t\tmargin-top: 10px;\n\t\t\t\ttext-align: center;\n\t\t\t\twidth: 33%;\n\t\t\t}\n\t\t\t#gallery-1 img {\n\t\t\t\tborder: 2px solid #cfcfcf;\n\t\t\t}\n\t\t\t#gallery-1 .gallery-caption {\n\t\t\t\tmargin-left: 0;\n\t\t\t}\n\t\t\t\/* see gallery_shortcode() in wp-includes\/media.php *\/\n\t\t<\/style>\n\t\t<div id='gallery-1' class='gallery galleryid-43 gallery-columns-3 gallery-size-medium'><dl class='gallery-item'>\n\t\t\t<dt class='gallery-icon landscape'>\n\t\t\t\t<a href='https:\/\/wp.ufpel.edu.br\/memorialdoanglo\/whatsapp-image-2020-09-15-at-14-47-25-1024x678-2\/'><img loading=\"lazy\" decoding=\"async\" width=\"400\" height=\"265\" src=\"https:\/\/wp.ufpel.edu.br\/memorialdoanglo\/files\/2020\/11\/WhatsApp-Image-2020-09-15-at-14.47.25-1024x678-1-400x265.jpeg\" class=\"attachment-medium size-medium\" alt=\"\" srcset=\"https:\/\/wp.ufpel.edu.br\/memorialdoanglo\/files\/2020\/11\/WhatsApp-Image-2020-09-15-at-14.47.25-1024x678-1-400x265.jpeg 400w, https:\/\/wp.ufpel.edu.br\/memorialdoanglo\/files\/2020\/11\/WhatsApp-Image-2020-09-15-at-14.47.25-1024x678-1-768x509.jpeg 768w, https:\/\/wp.ufpel.edu.br\/memorialdoanglo\/files\/2020\/11\/WhatsApp-Image-2020-09-15-at-14.47.25-1024x678-1-600x397.jpeg 600w, https:\/\/wp.ufpel.edu.br\/memorialdoanglo\/files\/2020\/11\/WhatsApp-Image-2020-09-15-at-14.47.25-1024x678-1-945x626.jpeg 945w, https:\/\/wp.ufpel.edu.br\/memorialdoanglo\/files\/2020\/11\/WhatsApp-Image-2020-09-15-at-14.47.25-1024x678-1.jpeg 1024w\" sizes=\"auto, (max-width: 400px) 100vw, 400px\" \/><\/a>\n\t\t\t<\/dt><\/dl><dl class='gallery-item'>\n\t\t\t<dt class='gallery-icon landscape'>\n\t\t\t\t<a href='https:\/\/wp.ufpel.edu.br\/memorialdoanglo\/whatsapp-image-2020-09-15-at-14-47-241-1024x678\/'><img loading=\"lazy\" decoding=\"async\" width=\"400\" height=\"265\" src=\"https:\/\/wp.ufpel.edu.br\/memorialdoanglo\/files\/2020\/11\/WhatsApp-Image-2020-09-15-at-14.47.241-1024x678-1-400x265.jpeg\" class=\"attachment-medium size-medium\" alt=\"\" srcset=\"https:\/\/wp.ufpel.edu.br\/memorialdoanglo\/files\/2020\/11\/WhatsApp-Image-2020-09-15-at-14.47.241-1024x678-1-400x265.jpeg 400w, https:\/\/wp.ufpel.edu.br\/memorialdoanglo\/files\/2020\/11\/WhatsApp-Image-2020-09-15-at-14.47.241-1024x678-1-768x509.jpeg 768w, https:\/\/wp.ufpel.edu.br\/memorialdoanglo\/files\/2020\/11\/WhatsApp-Image-2020-09-15-at-14.47.241-1024x678-1-600x397.jpeg 600w, https:\/\/wp.ufpel.edu.br\/memorialdoanglo\/files\/2020\/11\/WhatsApp-Image-2020-09-15-at-14.47.241-1024x678-1-945x626.jpeg 945w, https:\/\/wp.ufpel.edu.br\/memorialdoanglo\/files\/2020\/11\/WhatsApp-Image-2020-09-15-at-14.47.241-1024x678-1.jpeg 1024w\" sizes=\"auto, (max-width: 400px) 100vw, 400px\" \/><\/a>\n\t\t\t<\/dt><\/dl><dl class='gallery-item'>\n\t\t\t<dt class='gallery-icon landscape'>\n\t\t\t\t<a href='https:\/\/wp.ufpel.edu.br\/memorialdoanglo\/whatsapp-image-2020-09-15-at-14-47-23-1024x678\/'><img loading=\"lazy\" decoding=\"async\" width=\"400\" height=\"265\" src=\"https:\/\/wp.ufpel.edu.br\/memorialdoanglo\/files\/2020\/11\/WhatsApp-Image-2020-09-15-at-14.47.23-1024x678-1-400x265.jpeg\" class=\"attachment-medium size-medium\" alt=\"\" srcset=\"https:\/\/wp.ufpel.edu.br\/memorialdoanglo\/files\/2020\/11\/WhatsApp-Image-2020-09-15-at-14.47.23-1024x678-1-400x265.jpeg 400w, https:\/\/wp.ufpel.edu.br\/memorialdoanglo\/files\/2020\/11\/WhatsApp-Image-2020-09-15-at-14.47.23-1024x678-1-768x509.jpeg 768w, https:\/\/wp.ufpel.edu.br\/memorialdoanglo\/files\/2020\/11\/WhatsApp-Image-2020-09-15-at-14.47.23-1024x678-1-600x397.jpeg 600w, https:\/\/wp.ufpel.edu.br\/memorialdoanglo\/files\/2020\/11\/WhatsApp-Image-2020-09-15-at-14.47.23-1024x678-1-945x626.jpeg 945w, https:\/\/wp.ufpel.edu.br\/memorialdoanglo\/files\/2020\/11\/WhatsApp-Image-2020-09-15-at-14.47.23-1024x678-1.jpeg 1024w\" sizes=\"auto, (max-width: 400px) 100vw, 400px\" \/><\/a>\n\t\t\t<\/dt><\/dl><br style=\"clear: both\" \/>\n\t\t<\/div>\n\n<blockquote><p>\u00a0\u00a0\u00a0 O <a href=\"https:\/\/wp.ufpel.edu.br\/museudoconhecimentoparatodos\/memorial-do-anglo\/\" target=\"_blank\" rel=\"noopener noreferrer\">Memorial do Anglo<\/a> foi inaugurado em 2014, como um dos resultados do Programa de Extens\u00e3o \u201cO Museu do Conhecimento para Todos\u201d, iniciado em 2012. Neste Programa, foram desenvolvidos roteiros de audiodescri\u00e7\u00e3o das fotografias expostas no Memorial. Tamb\u00e9m, para ele, foi desenvolvido um roteiro da media\u00e7\u00e3o acess\u00edvel para pessoas com e sem defici\u00eancia. Os resultados do Memorial deveram-se a um trabalho de coopera\u00e7\u00e3o entre o Programa e o Museu da Comunidade Concelhia da Batalha (MCCB). Nesse museu, um espa\u00e7o de refer\u00eancia em Desenho Universal e inclus\u00e3o de pessoas com defici\u00eancia, h\u00e1 um programa de acessibilidade que determinou v\u00e1rios elementos da expografia, da mobilidade e da recep\u00e7\u00e3o no lugar. Cabe ressaltar que o MCCB recebeu diversos pr\u00eamios neste campo, dentre os quais o Kenneth Hudson Award em 2012 e o Melhor Museu Portugu\u00eas em 2013. O mesmo programa desenvolveu a exposi\u00e7\u00e3o tem\u00e1tica do Museu do Doce (MD), da UFPel. Em decorr\u00eancia do trabalho, o MD possui um Programa de Acessibilidade. Nos anos em que o programa esteve ativo, atuaram conjuntamente futuros muse\u00f3logos, conservadores e restauradores, arquitetos e urbanistas, designers, cientistas da computa\u00e7\u00e3o e terapeutas ocupacionais.<\/p><\/blockquote>\n","protected":false},"excerpt":{"rendered":"<p>\u00a0\u00a0\u00a0 O Memorial do Anglo foi inaugurado em 2014, como um dos resultados do Programa de Extens\u00e3o \u201cO Museu do Conhecimento para Todos\u201d, iniciado em 2012. Neste Programa, foram desenvolvidos roteiros de audiodescri\u00e7\u00e3o das fotografias expostas no Memorial. Tamb\u00e9m, para&#8230; <a class=\"more-link\" href=\"https:\/\/wp.ufpel.edu.br\/memorialdoanglo\/memorial\/\">Continue lendo &rarr;<\/a><\/p>\n","protected":false},"author":1068,"featured_media":0,"parent":0,"menu_order":0,"comment_status":"closed","ping_status":"closed","template":"template-fullwidth.php","meta":{"footnotes":""},"class_list":["post-43","page","type-page","status-publish","hentry"],"_links":{"self":[{"href":"https:\/\/wp.ufpel.edu.br\/memorialdoanglo\/wp-json\/wp\/v2\/pages\/43","targetHints":{"allow":["GET"]}}],"collection":[{"href":"https:\/\/wp.ufpel.edu.br\/memorialdoanglo\/wp-json\/wp\/v2\/pages"}],"about":[{"href":"https:\/\/wp.ufpel.edu.br\/memorialdoanglo\/wp-json\/wp\/v2\/types\/page"}],"author":[{"embeddable":true,"href":"https:\/\/wp.ufpel.edu.br\/memorialdoanglo\/wp-json\/wp\/v2\/users\/1068"}],"replies":[{"embeddable":true,"href":"https:\/\/wp.ufpel.edu.br\/memorialdoanglo\/wp-json\/wp\/v2\/comments?post=43"}],"version-history":[{"count":1,"href":"https:\/\/wp.ufpel.edu.br\/memorialdoanglo\/wp-json\/wp\/v2\/pages\/43\/revisions"}],"predecessor-version":[{"id":171,"href":"https:\/\/wp.ufpel.edu.br\/memorialdoanglo\/wp-json\/wp\/v2\/pages\/43\/revisions\/171"}],"wp:attachment":[{"href":"https:\/\/wp.ufpel.edu.br\/memorialdoanglo\/wp-json\/wp\/v2\/media?parent=43"}],"curies":[{"name":"wp","href":"https:\/\/api.w.org\/{rel}","templated":true}]}}