{"id":41,"date":"2020-09-16T21:59:27","date_gmt":"2020-09-17T00:59:27","guid":{"rendered":"http:\/\/localhost\/wordpress\/?page_id=41"},"modified":"2020-11-30T13:50:53","modified_gmt":"2020-11-30T16:50:53","slug":"inicio","status":"publish","type":"page","link":"https:\/\/wp.ufpel.edu.br\/memorialdoanglo\/inicio\/","title":{"rendered":"Inicio"},"content":{"rendered":"\n\t\t<style type=\"text\/css\">\n\t\t\t#gallery-1 {\n\t\t\t\tmargin: auto;\n\t\t\t}\n\t\t\t#gallery-1 .gallery-item {\n\t\t\t\tfloat: left;\n\t\t\t\tmargin-top: 10px;\n\t\t\t\ttext-align: center;\n\t\t\t\twidth: 50%;\n\t\t\t}\n\t\t\t#gallery-1 img {\n\t\t\t\tborder: 2px solid #cfcfcf;\n\t\t\t}\n\t\t\t#gallery-1 .gallery-caption {\n\t\t\t\tmargin-left: 0;\n\t\t\t}\n\t\t\t\/* see gallery_shortcode() in wp-includes\/media.php *\/\n\t\t<\/style>\n\t\t<div id='gallery-1' class='gallery galleryid-41 gallery-columns-2 gallery-size-medium'><dl class='gallery-item'>\n\t\t\t<dt class='gallery-icon landscape'>\n\t\t\t\t<a href='https:\/\/wp.ufpel.edu.br\/memorialdoanglo\/whatsapp-image-2020-09-15-at-14-47-27\/'><img loading=\"lazy\" decoding=\"async\" width=\"400\" height=\"265\" src=\"https:\/\/wp.ufpel.edu.br\/memorialdoanglo\/files\/2020\/11\/WhatsApp-Image-2020-09-15-at-14.47.27-400x265.jpeg\" class=\"attachment-medium size-medium\" alt=\"\" aria-describedby=\"gallery-1-161\" srcset=\"https:\/\/wp.ufpel.edu.br\/memorialdoanglo\/files\/2020\/11\/WhatsApp-Image-2020-09-15-at-14.47.27-400x265.jpeg 400w, https:\/\/wp.ufpel.edu.br\/memorialdoanglo\/files\/2020\/11\/WhatsApp-Image-2020-09-15-at-14.47.27-1024x678.jpeg 1024w, https:\/\/wp.ufpel.edu.br\/memorialdoanglo\/files\/2020\/11\/WhatsApp-Image-2020-09-15-at-14.47.27-768x508.jpeg 768w, https:\/\/wp.ufpel.edu.br\/memorialdoanglo\/files\/2020\/11\/WhatsApp-Image-2020-09-15-at-14.47.27-600x397.jpeg 600w, https:\/\/wp.ufpel.edu.br\/memorialdoanglo\/files\/2020\/11\/WhatsApp-Image-2020-09-15-at-14.47.27-945x625.jpeg 945w, https:\/\/wp.ufpel.edu.br\/memorialdoanglo\/files\/2020\/11\/WhatsApp-Image-2020-09-15-at-14.47.27.jpeg 1280w\" sizes=\"auto, (max-width: 400px) 100vw, 400px\" \/><\/a>\n\t\t\t<\/dt>\n\t\t\t\t<dd class='wp-caption-text gallery-caption' id='gallery-1-161'>\n\t\t\t\tMostra parede interna do memorial Anglo, antiga c\u00e2mara frigor\u00edfica\n\t\t\t\t<\/dd><\/dl><dl class='gallery-item'>\n\t\t\t<dt class='gallery-icon landscape'>\n\t\t\t\t<a href='https:\/\/wp.ufpel.edu.br\/memorialdoanglo\/whatsapp-image-2020-09-15-at-14-47-26\/'><img loading=\"lazy\" decoding=\"async\" width=\"400\" height=\"265\" src=\"https:\/\/wp.ufpel.edu.br\/memorialdoanglo\/files\/2020\/11\/WhatsApp-Image-2020-09-15-at-14.47.26-400x265.jpeg\" class=\"attachment-medium size-medium\" alt=\"\" aria-describedby=\"gallery-1-162\" srcset=\"https:\/\/wp.ufpel.edu.br\/memorialdoanglo\/files\/2020\/11\/WhatsApp-Image-2020-09-15-at-14.47.26-400x265.jpeg 400w, https:\/\/wp.ufpel.edu.br\/memorialdoanglo\/files\/2020\/11\/WhatsApp-Image-2020-09-15-at-14.47.26-1024x678.jpeg 1024w, https:\/\/wp.ufpel.edu.br\/memorialdoanglo\/files\/2020\/11\/WhatsApp-Image-2020-09-15-at-14.47.26-768x508.jpeg 768w, https:\/\/wp.ufpel.edu.br\/memorialdoanglo\/files\/2020\/11\/WhatsApp-Image-2020-09-15-at-14.47.26-600x397.jpeg 600w, https:\/\/wp.ufpel.edu.br\/memorialdoanglo\/files\/2020\/11\/WhatsApp-Image-2020-09-15-at-14.47.26-945x625.jpeg 945w, https:\/\/wp.ufpel.edu.br\/memorialdoanglo\/files\/2020\/11\/WhatsApp-Image-2020-09-15-at-14.47.26.jpeg 1280w\" sizes=\"auto, (max-width: 400px) 100vw, 400px\" \/><\/a>\n\t\t\t<\/dt>\n\t\t\t\t<dd class='wp-caption-text gallery-caption' id='gallery-1-162'>\n\t\t\t\tOutro \u00e2ngulo no qual se observa a t\u00e9cnica de isolamento t\u00e9rmico das paredes\n\t\t\t\t<\/dd><\/dl><br style=\"clear: both\" \/><dl class='gallery-item'>\n\t\t\t<dt class='gallery-icon landscape'>\n\t\t\t\t<a href='https:\/\/wp.ufpel.edu.br\/memorialdoanglo\/whatsapp-image-2020-09-15-at-14-47-30\/'><img loading=\"lazy\" decoding=\"async\" width=\"400\" height=\"267\" src=\"https:\/\/wp.ufpel.edu.br\/memorialdoanglo\/files\/2020\/11\/WhatsApp-Image-2020-09-15-at-14.47.30-400x267.jpeg\" class=\"attachment-medium size-medium\" alt=\"\" aria-describedby=\"gallery-1-164\" srcset=\"https:\/\/wp.ufpel.edu.br\/memorialdoanglo\/files\/2020\/11\/WhatsApp-Image-2020-09-15-at-14.47.30-400x267.jpeg 400w, https:\/\/wp.ufpel.edu.br\/memorialdoanglo\/files\/2020\/11\/WhatsApp-Image-2020-09-15-at-14.47.30-768x513.jpeg 768w, https:\/\/wp.ufpel.edu.br\/memorialdoanglo\/files\/2020\/11\/WhatsApp-Image-2020-09-15-at-14.47.30-600x401.jpeg 600w, https:\/\/wp.ufpel.edu.br\/memorialdoanglo\/files\/2020\/11\/WhatsApp-Image-2020-09-15-at-14.47.30-945x631.jpeg 945w, https:\/\/wp.ufpel.edu.br\/memorialdoanglo\/files\/2020\/11\/WhatsApp-Image-2020-09-15-at-14.47.30.jpeg 1000w\" sizes=\"auto, (max-width: 400px) 100vw, 400px\" \/><\/a>\n\t\t\t<\/dt>\n\t\t\t\t<dd class='wp-caption-text gallery-caption' id='gallery-1-164'>\n\t\t\t\tCorredor de entrada do complexo antes da reforma para uso da UFPel &#8211; Foto de Gilberto Carvalho\n\t\t\t\t<\/dd><\/dl><dl class='gallery-item'>\n\t\t\t<dt class='gallery-icon landscape'>\n\t\t\t\t<a href='https:\/\/wp.ufpel.edu.br\/memorialdoanglo\/whatsapp-image-2020-09-15-at-14-47-29\/'><img loading=\"lazy\" decoding=\"async\" width=\"400\" height=\"267\" src=\"https:\/\/wp.ufpel.edu.br\/memorialdoanglo\/files\/2020\/11\/WhatsApp-Image-2020-09-15-at-14.47.29-400x267.jpeg\" class=\"attachment-medium size-medium\" alt=\"\" aria-describedby=\"gallery-1-163\" srcset=\"https:\/\/wp.ufpel.edu.br\/memorialdoanglo\/files\/2020\/11\/WhatsApp-Image-2020-09-15-at-14.47.29-400x267.jpeg 400w, https:\/\/wp.ufpel.edu.br\/memorialdoanglo\/files\/2020\/11\/WhatsApp-Image-2020-09-15-at-14.47.29-768x512.jpeg 768w, https:\/\/wp.ufpel.edu.br\/memorialdoanglo\/files\/2020\/11\/WhatsApp-Image-2020-09-15-at-14.47.29-600x400.jpeg 600w, https:\/\/wp.ufpel.edu.br\/memorialdoanglo\/files\/2020\/11\/WhatsApp-Image-2020-09-15-at-14.47.29-945x630.jpeg 945w, https:\/\/wp.ufpel.edu.br\/memorialdoanglo\/files\/2020\/11\/WhatsApp-Image-2020-09-15-at-14.47.29.jpeg 1000w\" sizes=\"auto, (max-width: 400px) 100vw, 400px\" \/><\/a>\n\t\t\t<\/dt>\n\t\t\t\t<dd class='wp-caption-text gallery-caption' id='gallery-1-163'>\n\t\t\t\tAntiga sala de m\u00e1quinas &#8211; Foto de Gilberto Carvalho\n\t\t\t\t<\/dd><\/dl><br style=\"clear: both\" \/><dl class='gallery-item'>\n\t\t\t<dt class='gallery-icon landscape'>\n\t\t\t\t<a href='https:\/\/wp.ufpel.edu.br\/memorialdoanglo\/whatsapp-image-2020-09-15-at-14-47-31-1024x351\/'><img loading=\"lazy\" decoding=\"async\" width=\"400\" height=\"137\" src=\"https:\/\/wp.ufpel.edu.br\/memorialdoanglo\/files\/2020\/11\/WhatsApp-Image-2020-09-15-at-14.47.31-1024x351-1-400x137.jpg\" class=\"attachment-medium size-medium\" alt=\"\" aria-describedby=\"gallery-1-96\" srcset=\"https:\/\/wp.ufpel.edu.br\/memorialdoanglo\/files\/2020\/11\/WhatsApp-Image-2020-09-15-at-14.47.31-1024x351-1-400x137.jpg 400w, https:\/\/wp.ufpel.edu.br\/memorialdoanglo\/files\/2020\/11\/WhatsApp-Image-2020-09-15-at-14.47.31-1024x351-1-768x263.jpg 768w, https:\/\/wp.ufpel.edu.br\/memorialdoanglo\/files\/2020\/11\/WhatsApp-Image-2020-09-15-at-14.47.31-1024x351-1-600x206.jpg 600w, https:\/\/wp.ufpel.edu.br\/memorialdoanglo\/files\/2020\/11\/WhatsApp-Image-2020-09-15-at-14.47.31-1024x351-1-945x324.jpg 945w, https:\/\/wp.ufpel.edu.br\/memorialdoanglo\/files\/2020\/11\/WhatsApp-Image-2020-09-15-at-14.47.31-1024x351-1.jpg 1024w\" sizes=\"auto, (max-width: 400px) 100vw, 400px\" \/><\/a>\n\t\t\t<\/dt>\n\t\t\t\t<dd class='wp-caption-text gallery-caption' id='gallery-1-96'>\n\t\t\t\t\u00c1rea do entorno da chamin\u00e9 com a ponte de S\u00e7ao Gon\u00e7alo ao fundo antes da reforma &#8211; foto de Gilberto Carvalho\n\t\t\t\t<\/dd><\/dl><dl class='gallery-item'>\n\t\t\t<dt class='gallery-icon landscape'>\n\t\t\t\t<a href='https:\/\/wp.ufpel.edu.br\/memorialdoanglo\/whatsapp-image-2020-09-15-at-14-47-311\/'><img loading=\"lazy\" decoding=\"async\" width=\"400\" height=\"267\" src=\"https:\/\/wp.ufpel.edu.br\/memorialdoanglo\/files\/2020\/11\/WhatsApp-Image-2020-09-15-at-14.47.311-400x267.jpeg\" class=\"attachment-medium size-medium\" alt=\"\" aria-describedby=\"gallery-1-160\" srcset=\"https:\/\/wp.ufpel.edu.br\/memorialdoanglo\/files\/2020\/11\/WhatsApp-Image-2020-09-15-at-14.47.311-400x267.jpeg 400w, https:\/\/wp.ufpel.edu.br\/memorialdoanglo\/files\/2020\/11\/WhatsApp-Image-2020-09-15-at-14.47.311-1024x682.jpeg 1024w, https:\/\/wp.ufpel.edu.br\/memorialdoanglo\/files\/2020\/11\/WhatsApp-Image-2020-09-15-at-14.47.311-768x512.jpeg 768w, https:\/\/wp.ufpel.edu.br\/memorialdoanglo\/files\/2020\/11\/WhatsApp-Image-2020-09-15-at-14.47.311-600x400.jpeg 600w, https:\/\/wp.ufpel.edu.br\/memorialdoanglo\/files\/2020\/11\/WhatsApp-Image-2020-09-15-at-14.47.311-945x630.jpeg 945w, https:\/\/wp.ufpel.edu.br\/memorialdoanglo\/files\/2020\/11\/WhatsApp-Image-2020-09-15-at-14.47.311.jpeg 1280w\" sizes=\"auto, (max-width: 400px) 100vw, 400px\" \/><\/a>\n\t\t\t<\/dt>\n\t\t\t\t<dd class='wp-caption-text gallery-caption' id='gallery-1-160'>\n\t\t\t\tAntigo painel de ferramentas &#8211; Foto de Francisca Michelon\n\t\t\t\t<\/dd><\/dl><br style=\"clear: both\" \/><dl class='gallery-item'>\n\t\t\t<dt class='gallery-icon landscape'>\n\t\t\t\t<a href='https:\/\/wp.ufpel.edu.br\/memorialdoanglo\/1-fronta%cc%83o-scaled\/'><img loading=\"lazy\" decoding=\"async\" width=\"400\" height=\"267\" src=\"https:\/\/wp.ufpel.edu.br\/memorialdoanglo\/files\/2020\/11\/1.Fronta\u0303o-scaled-1-400x267.jpeg\" class=\"attachment-medium size-medium\" alt=\"\" aria-describedby=\"gallery-1-159\" srcset=\"https:\/\/wp.ufpel.edu.br\/memorialdoanglo\/files\/2020\/11\/1.Fronta\u0303o-scaled-1-400x267.jpeg 400w, https:\/\/wp.ufpel.edu.br\/memorialdoanglo\/files\/2020\/11\/1.Fronta\u0303o-scaled-1-1024x683.jpeg 1024w, https:\/\/wp.ufpel.edu.br\/memorialdoanglo\/files\/2020\/11\/1.Fronta\u0303o-scaled-1-768x512.jpeg 768w, https:\/\/wp.ufpel.edu.br\/memorialdoanglo\/files\/2020\/11\/1.Fronta\u0303o-scaled-1-1536x1024.jpeg 1536w, https:\/\/wp.ufpel.edu.br\/memorialdoanglo\/files\/2020\/11\/1.Fronta\u0303o-scaled-1-2048x1366.jpeg 2048w, https:\/\/wp.ufpel.edu.br\/memorialdoanglo\/files\/2020\/11\/1.Fronta\u0303o-scaled-1-600x400.jpeg 600w, https:\/\/wp.ufpel.edu.br\/memorialdoanglo\/files\/2020\/11\/1.Fronta\u0303o-scaled-1-945x630.jpeg 945w\" sizes=\"auto, (max-width: 400px) 100vw, 400px\" \/><\/a>\n\t\t\t<\/dt>\n\t\t\t\t<dd class='wp-caption-text gallery-caption' id='gallery-1-159'>\n\t\t\t\tAntigo front\u00e3o do Anglo &#8211; Foto de Francisca Michelon\n\t\t\t\t<\/dd><\/dl>\n\t\t\t<br style='clear: both' \/>\n\t\t<\/div>\n\n","protected":false},"excerpt":{"rendered":"","protected":false},"author":1068,"featured_media":0,"parent":0,"menu_order":0,"comment_status":"closed","ping_status":"closed","template":"template-fullwidth.php","meta":{"footnotes":""},"class_list":["post-41","page","type-page","status-publish","hentry"],"_links":{"self":[{"href":"https:\/\/wp.ufpel.edu.br\/memorialdoanglo\/wp-json\/wp\/v2\/pages\/41","targetHints":{"allow":["GET"]}}],"collection":[{"href":"https:\/\/wp.ufpel.edu.br\/memorialdoanglo\/wp-json\/wp\/v2\/pages"}],"about":[{"href":"https:\/\/wp.ufpel.edu.br\/memorialdoanglo\/wp-json\/wp\/v2\/types\/page"}],"author":[{"embeddable":true,"href":"https:\/\/wp.ufpel.edu.br\/memorialdoanglo\/wp-json\/wp\/v2\/users\/1068"}],"replies":[{"embeddable":true,"href":"https:\/\/wp.ufpel.edu.br\/memorialdoanglo\/wp-json\/wp\/v2\/comments?post=41"}],"version-history":[{"count":2,"href":"https:\/\/wp.ufpel.edu.br\/memorialdoanglo\/wp-json\/wp\/v2\/pages\/41\/revisions"}],"predecessor-version":[{"id":170,"href":"https:\/\/wp.ufpel.edu.br\/memorialdoanglo\/wp-json\/wp\/v2\/pages\/41\/revisions\/170"}],"wp:attachment":[{"href":"https:\/\/wp.ufpel.edu.br\/memorialdoanglo\/wp-json\/wp\/v2\/media?parent=41"}],"curies":[{"name":"wp","href":"https:\/\/api.w.org\/{rel}","templated":true}]}}