{"id":33,"date":"2017-01-24T16:09:09","date_gmt":"2017-01-24T18:09:09","guid":{"rendered":"https:\/\/wp.ufpel.edu.br\/memoriagraficadepelotas\/?page_id=33"},"modified":"2017-03-27T19:04:40","modified_gmt":"2017-03-27T22:04:40","slug":"contato","status":"publish","type":"page","link":"https:\/\/wp.ufpel.edu.br\/memoriagraficadepelotas\/contato\/","title":{"rendered":"Contato"},"content":{"rendered":"<h6><\/h6>\n<h6><\/h6>\n<h6><a href=\"https:\/\/www.facebook.com\/memoriagraficadepelotas\/\" target=\"_blank\"><span style=\"color: #000000\">MEM\u00d3RIA GR\u00c1FICA DE PELOTAS<\/span> <\/a><br \/>\nE-mail: memoriagraficapelotas@gmail.com<\/h6>\n<h6><span style=\"color: #000000\"><a style=\"color: #000000\" href=\"http:\/\/cearte.ufpel.edu.br\" target=\"_blank\">CENTRO DE ARTES UFPel<\/a><\/span><br \/>\nEndere\u00e7o: Rua Alberto Rosa, 62<br \/>\n301\/311 Pelotas\/RS<\/h6>\n<h6><a href=\"http:\/\/www.bibliotheca.org.br\/\" target=\"_blank\"><span style=\"color: #000000\">Bibliotheca P\u00fablica Pelotense<\/span> <\/a><br \/>\nEndere\u00e7o: Pra\u00e7a Coronel Pedro Os\u00f3rio, 103<br \/>\nCentro \/ CEP 96015-010 &#8211; Pelotas &#8211; RS<\/h6>\n<p>&nbsp;<\/p>\n<p>&nbsp;<\/p>\n<p>&nbsp;<\/p>\n<p>&nbsp;<\/p>\n<p>&nbsp;<\/p>\n<p>&nbsp;<\/p>\n<p>&nbsp;<\/p>\n<p>&nbsp;<\/p>\n","protected":false},"excerpt":{"rendered":"<p>MEM\u00d3RIA GR\u00c1FICA DE PELOTAS E-mail: memoriagraficapelotas@gmail.com CENTRO DE ARTES UFPel Endere\u00e7o: Rua Alberto Rosa, 62 301\/311 Pelotas\/RS Bibliotheca P\u00fablica Pelotense Endere\u00e7o: Pra\u00e7a Coronel Pedro Os\u00f3rio, 103 Centro \/ CEP 96015-010 &#8211; Pelotas &#8211; RS &nbsp; &nbsp; &nbsp; &nbsp; &nbsp; &nbsp; &nbsp; &nbsp;<\/p>\n","protected":false},"author":709,"featured_media":0,"parent":0,"menu_order":4,"comment_status":"closed","ping_status":"closed","template":"","meta":{"jetpack_post_was_ever_published":false,"footnotes":""},"class_list":["post-33","page","type-page","status-publish","hentry"],"jetpack_sharing_enabled":true,"_links":{"self":[{"href":"https:\/\/wp.ufpel.edu.br\/memoriagraficadepelotas\/wp-json\/wp\/v2\/pages\/33","targetHints":{"allow":["GET"]}}],"collection":[{"href":"https:\/\/wp.ufpel.edu.br\/memoriagraficadepelotas\/wp-json\/wp\/v2\/pages"}],"about":[{"href":"https:\/\/wp.ufpel.edu.br\/memoriagraficadepelotas\/wp-json\/wp\/v2\/types\/page"}],"author":[{"embeddable":true,"href":"https:\/\/wp.ufpel.edu.br\/memoriagraficadepelotas\/wp-json\/wp\/v2\/users\/709"}],"replies":[{"embeddable":true,"href":"https:\/\/wp.ufpel.edu.br\/memoriagraficadepelotas\/wp-json\/wp\/v2\/comments?post=33"}],"version-history":[{"count":10,"href":"https:\/\/wp.ufpel.edu.br\/memoriagraficadepelotas\/wp-json\/wp\/v2\/pages\/33\/revisions"}],"predecessor-version":[{"id":528,"href":"https:\/\/wp.ufpel.edu.br\/memoriagraficadepelotas\/wp-json\/wp\/v2\/pages\/33\/revisions\/528"}],"wp:attachment":[{"href":"https:\/\/wp.ufpel.edu.br\/memoriagraficadepelotas\/wp-json\/wp\/v2\/media?parent=33"}],"curies":[{"name":"wp","href":"https:\/\/api.w.org\/{rel}","templated":true}]}}