{"id":30,"date":"2020-07-16T06:00:51","date_gmt":"2020-07-16T09:00:51","guid":{"rendered":"https:\/\/wp.ufpel.edu.br\/memoriagraficadepelotas\/?page_id=30"},"modified":"2021-07-15T16:59:00","modified_gmt":"2021-07-15T19:59:00","slug":"grupo","status":"publish","type":"page","link":"https:\/\/wp.ufpel.edu.br\/memoriagraficadepelotas\/grupo\/","title":{"rendered":"Grupo"},"content":{"rendered":"<h4><\/h4>\n<p>O Semin\u00e1rio Internacional, Design, Tradi\u00e7\u00e3o e Sociedade \u00e9 a\u00e7\u00e3o interdisciplinar do Grupo de Pesquisa Mem\u00f3ria Gr\u00e1fica, Tradi\u00e7\u00e3o e Sociedade (CNPq), originado pelo projeto de pesquisa Mem\u00f3ria Gr\u00e1fica de\u00a0Pelotas: um s\u00e9culo de design, desenvolvido durante o per\u00edodo de 2009 a 2016 e, desta maneira, expressa o desejo\u00a0de mem\u00f3ria ao que se credita ser um significativo valor s\u00f3cio e est\u00e9tico da cultura\u00a0visual praticada pela ind\u00fastria gr\u00e1fica. Sua inst\u00e2ncia de pesquisa promove a produ\u00e7\u00e3o cient\u00edfica e cultural a partir\u00a0das pr\u00e1ticas que fundamentam a forma\u00e7\u00e3o acad\u00eamica e a responsabilidade\u00a0com o ensino aplicado \u00e0 realidade social.<\/p>\n<p>Vinculado ao colegiado dos Cursos de Design do Centro de Artes &#8211; Universidade Federal de Pelotas &#8211; UFPEL, o Grupo envolve, desde sua\u00a0origem, pesquisadores docentes, discentes e t\u00e9cnicos administrativos, bem como colaboradores egressos e comunidade em geral.<\/p>\n<p>O Grupo de Pesquisa Mem\u00f3ria Gr\u00e1fica, Tradi\u00e7\u00e3o e Sociedade configura-se como um grupo interdisciplinar e interinstitucional, estabelecendo v\u00ednculos de coopera\u00e7\u00e3o t\u00e9cnica, art\u00edstica e cultural com institui\u00e7\u00f5es de ensino superior, nacionais e internacionais.<\/p>\n","protected":false},"excerpt":{"rendered":"<p>O Semin\u00e1rio Internacional, Design, Tradi\u00e7\u00e3o e Sociedade \u00e9 a\u00e7\u00e3o interdisciplinar do Grupo de Pesquisa Mem\u00f3ria Gr\u00e1fica, Tradi\u00e7\u00e3o e Sociedade (CNPq), originado pelo projeto de pesquisa Mem\u00f3ria Gr\u00e1fica de\u00a0Pelotas: um s\u00e9culo de design, desenvolvido durante o per\u00edodo de 2009 a 2016 e, desta maneira, expressa o desejo\u00a0de mem\u00f3ria ao que se credita ser um significativo valor &hellip; <a href=\"https:\/\/wp.ufpel.edu.br\/memoriagraficadepelotas\/grupo\/\" class=\"more-link\">Continue lendo <span class=\"screen-reader-text\">Grupo<\/span> <span class=\"meta-nav\">&rarr;<\/span><\/a><\/p>\n","protected":false},"author":709,"featured_media":0,"parent":0,"menu_order":0,"comment_status":"closed","ping_status":"closed","template":"","meta":{"jetpack_post_was_ever_published":false,"footnotes":""},"class_list":["post-30","page","type-page","status-publish","hentry"],"jetpack_sharing_enabled":true,"_links":{"self":[{"href":"https:\/\/wp.ufpel.edu.br\/memoriagraficadepelotas\/wp-json\/wp\/v2\/pages\/30","targetHints":{"allow":["GET"]}}],"collection":[{"href":"https:\/\/wp.ufpel.edu.br\/memoriagraficadepelotas\/wp-json\/wp\/v2\/pages"}],"about":[{"href":"https:\/\/wp.ufpel.edu.br\/memoriagraficadepelotas\/wp-json\/wp\/v2\/types\/page"}],"author":[{"embeddable":true,"href":"https:\/\/wp.ufpel.edu.br\/memoriagraficadepelotas\/wp-json\/wp\/v2\/users\/709"}],"replies":[{"embeddable":true,"href":"https:\/\/wp.ufpel.edu.br\/memoriagraficadepelotas\/wp-json\/wp\/v2\/comments?post=30"}],"version-history":[{"count":13,"href":"https:\/\/wp.ufpel.edu.br\/memoriagraficadepelotas\/wp-json\/wp\/v2\/pages\/30\/revisions"}],"predecessor-version":[{"id":807,"href":"https:\/\/wp.ufpel.edu.br\/memoriagraficadepelotas\/wp-json\/wp\/v2\/pages\/30\/revisions\/807"}],"wp:attachment":[{"href":"https:\/\/wp.ufpel.edu.br\/memoriagraficadepelotas\/wp-json\/wp\/v2\/media?parent=30"}],"curies":[{"name":"wp","href":"https:\/\/api.w.org\/{rel}","templated":true}]}}