{"id":3635,"date":"2022-11-28T11:43:35","date_gmt":"2022-11-28T14:43:35","guid":{"rendered":"https:\/\/wp.ufpel.edu.br\/medvet\/?page_id=3635"},"modified":"2025-09-22T15:22:00","modified_gmt":"2025-09-22T18:22:00","slug":"semestre-letivo-22-2","status":"publish","type":"page","link":"https:\/\/wp.ufpel.edu.br\/medvet\/?page_id=3635","title":{"rendered":"Semestre letivo 25\/2"},"content":{"rendered":"\n<h2 class=\"wp-block-heading\">Aqui ficar\u00e3o dispostas as informa\u00e7\u00f5es sobre <strong>o semestre 2025\/2.<\/strong><\/h2>\n\n\n\n<p><\/p>\n\n\n\n<p><\/p>\n\n\n\n<div class=\"wp-block-buttons is-layout-flex wp-block-buttons-is-layout-flex\">\n<div class=\"wp-block-button\"><a class=\"wp-block-button__link has-white-color has-text-color has-background wp-element-button\" href=\"https:\/\/wp.ufpel.edu.br\/cra\/calendarios-academicos\/calendario-academico-2025\/\" style=\"background-color:#06751c\" target=\"_blank\" rel=\"noreferrer noopener\">Calend\u00e1rio acad\u00eamico 2025<\/a><\/div>\n<\/div>\n\n\n\n<div class=\"wp-block-buttons is-layout-flex wp-block-buttons-is-layout-flex\">\n<div class=\"wp-block-button\"><a class=\"wp-block-button__link has-white-color has-text-color has-background wp-element-button\" href=\"https:\/\/wp.ufpel.edu.br\/medvet\/files\/2021\/02\/fluxograma-MEDVET-22-06-2021.pdf\" style=\"background-color:#0b7212\" target=\"_blank\" rel=\"noreferrer noopener\">Fluxograma do Curso curr\u00edculo antigo<\/a><\/div>\n<\/div>\n\n\n\n<div class=\"wp-block-buttons is-layout-flex wp-block-buttons-is-layout-flex\"><\/div>\n\n\n\n<p> <a href=\"https:\/\/docs.google.com\/spreadsheets\/d\/1WrVBOsJ-jG-K4mGZxeR-W5fx80ln_QHa\/edit?usp=sharing&amp;ouid=108851320559910711712&amp;rtpof=true&amp;sd=truehttps:\/\/docs.google.com\/spreadsheets\/d\/1Zv7jNnw6bPP8kgfov16h-DYNqBnmI-ke\/edit?usp=sharing&amp;ouid=108851320559910711712&amp;rtpof=true&amp;sd=true\">Planilha com salas e disciplinas 2025\/2<\/a><\/p>\n\n\n\n<p><\/p>\n\n\n\n<p><\/p>\n","protected":false},"excerpt":{"rendered":"<p>Aqui ficar\u00e3o dispostas as informa\u00e7\u00f5es sobre o semestre 2025\/2. Planilha com salas e disciplinas 2025\/2<\/p>\n","protected":false},"author":996,"featured_media":0,"parent":0,"menu_order":0,"comment_status":"closed","ping_status":"closed","template":"","meta":{"jetpack_post_was_ever_published":false,"footnotes":""},"class_list":["post-3635","page","type-page","status-publish","hentry"],"jetpack_sharing_enabled":true,"jetpack_likes_enabled":true,"jetpack_shortlink":"https:\/\/wp.me\/PbPKFY-WD","jetpack-related-posts":[],"_links":{"self":[{"href":"https:\/\/wp.ufpel.edu.br\/medvet\/index.php?rest_route=\/wp\/v2\/pages\/3635","targetHints":{"allow":["GET"]}}],"collection":[{"href":"https:\/\/wp.ufpel.edu.br\/medvet\/index.php?rest_route=\/wp\/v2\/pages"}],"about":[{"href":"https:\/\/wp.ufpel.edu.br\/medvet\/index.php?rest_route=\/wp\/v2\/types\/page"}],"author":[{"embeddable":true,"href":"https:\/\/wp.ufpel.edu.br\/medvet\/index.php?rest_route=\/wp\/v2\/users\/996"}],"replies":[{"embeddable":true,"href":"https:\/\/wp.ufpel.edu.br\/medvet\/index.php?rest_route=%2Fwp%2Fv2%2Fcomments&post=3635"}],"version-history":[{"count":3,"href":"https:\/\/wp.ufpel.edu.br\/medvet\/index.php?rest_route=\/wp\/v2\/pages\/3635\/revisions"}],"predecessor-version":[{"id":4121,"href":"https:\/\/wp.ufpel.edu.br\/medvet\/index.php?rest_route=\/wp\/v2\/pages\/3635\/revisions\/4121"}],"wp:attachment":[{"href":"https:\/\/wp.ufpel.edu.br\/medvet\/index.php?rest_route=%2Fwp%2Fv2%2Fmedia&parent=3635"}],"curies":[{"name":"wp","href":"https:\/\/api.w.org\/{rel}","templated":true}]}}