{"id":3416,"date":"2022-07-14T12:14:01","date_gmt":"2022-07-14T15:14:01","guid":{"rendered":"https:\/\/wp.ufpel.edu.br\/medvet\/?page_id=3416"},"modified":"2022-11-21T09:15:35","modified_gmt":"2022-11-21T12:15:35","slug":"estagio-nao-obrigatorio","status":"publish","type":"page","link":"https:\/\/wp.ufpel.edu.br\/medvet\/?page_id=3416","title":{"rendered":"Est\u00e1gio n\u00e3o-obrigat\u00f3rio"},"content":{"rendered":"\n<p><strong>SOBRE EST\u00c1GIO CURRICULAR N\u00c3O OBRIGAT\u00d3RIO<\/strong><\/p>\n\n\n\n<p>O est\u00e1gio n\u00e3o obrigat\u00f3rio \u00e9 aquele no qual existe o recebimento de bolsa ou outra forma de contrapresta\u00e7\u00e3o \u2013&nbsp;<strong><a rel=\"noreferrer noopener\" href=\"http:\/\/www.planalto.gov.br\/ccivil_03\/_ato2007-2010\/2008\/lei\/l11788.htm\" target=\"_blank\">Lei Federal de Est\u00e1gios 11.788\/2008<\/a><\/strong>.<\/p>\n\n\n\n<ul class=\"wp-block-list\"><li>Para a realiza\u00e7\u00e3o deste est\u00e1gio, o aluno deve ter um\u00a0<strong>professor orientador acad\u00eamico<\/strong>.<\/li><li>O\u00a0<a href=\"https:\/\/wp.ufpel.edu.br\/medvet\/files\/2020\/03\/Termo-de-Compromisso-e-plano-de-atividades-v.10-03-20-1-sem-20.doc\">Termo de Compromisso de Est\u00e1gio e o plano de atividades<\/a> devem ser preenchidos em acordo pelo Estagi\u00e1rio, seu orientador e o supervisor de est\u00e1gio (no local).<\/li><li><strong>Esta documenta\u00e7\u00e3o deve ser enviada <mark class=\"kt-highlight\">pelo orientador acad\u00eamico<\/mark><\/strong>\u00a0para o email\u00a0<strong>coordvet@ufpel.edu.br<\/strong>.\u00a0<\/li><li>Estando a documenta\u00e7\u00e3o corretamente preenchida, o Termo de Compromisso ser\u00e1 assinado e o aluno poder\u00e1 iniciar seu est\u00e1gio.<\/li><li>O acompanhamento destes passos \u00e9 sempre informado ao Orientador Acad\u00eamico.<\/li><\/ul>\n","protected":false},"excerpt":{"rendered":"<p>SOBRE EST\u00c1GIO CURRICULAR N\u00c3O OBRIGAT\u00d3RIO O est\u00e1gio n\u00e3o obrigat\u00f3rio \u00e9 aquele no qual existe o recebimento de bolsa ou outra forma de contrapresta\u00e7\u00e3o \u2013&nbsp;Lei Federal de Est\u00e1gios 11.788\/2008. Para a realiza\u00e7\u00e3o deste est\u00e1gio, o aluno deve ter um\u00a0professor orientador acad\u00eamico. O\u00a0Termo de Compromisso de Est\u00e1gio e o plano de atividades devem ser preenchidos em acordo [&hellip;]<\/p>\n","protected":false},"author":996,"featured_media":0,"parent":0,"menu_order":0,"comment_status":"closed","ping_status":"closed","template":"","meta":{"jetpack_post_was_ever_published":false,"footnotes":""},"class_list":["post-3416","page","type-page","status-publish","hentry"],"jetpack_sharing_enabled":true,"jetpack_likes_enabled":true,"jetpack_shortlink":"https:\/\/wp.me\/PbPKFY-T6","jetpack-related-posts":[],"_links":{"self":[{"href":"https:\/\/wp.ufpel.edu.br\/medvet\/index.php?rest_route=\/wp\/v2\/pages\/3416","targetHints":{"allow":["GET"]}}],"collection":[{"href":"https:\/\/wp.ufpel.edu.br\/medvet\/index.php?rest_route=\/wp\/v2\/pages"}],"about":[{"href":"https:\/\/wp.ufpel.edu.br\/medvet\/index.php?rest_route=\/wp\/v2\/types\/page"}],"author":[{"embeddable":true,"href":"https:\/\/wp.ufpel.edu.br\/medvet\/index.php?rest_route=\/wp\/v2\/users\/996"}],"replies":[{"embeddable":true,"href":"https:\/\/wp.ufpel.edu.br\/medvet\/index.php?rest_route=%2Fwp%2Fv2%2Fcomments&post=3416"}],"version-history":[{"count":4,"href":"https:\/\/wp.ufpel.edu.br\/medvet\/index.php?rest_route=\/wp\/v2\/pages\/3416\/revisions"}],"predecessor-version":[{"id":3630,"href":"https:\/\/wp.ufpel.edu.br\/medvet\/index.php?rest_route=\/wp\/v2\/pages\/3416\/revisions\/3630"}],"wp:attachment":[{"href":"https:\/\/wp.ufpel.edu.br\/medvet\/index.php?rest_route=%2Fwp%2Fv2%2Fmedia&parent=3416"}],"curies":[{"name":"wp","href":"https:\/\/api.w.org\/{rel}","templated":true}]}}