{"id":2340,"date":"2021-11-03T09:30:29","date_gmt":"2021-11-03T12:30:29","guid":{"rendered":"https:\/\/wp.ufpel.edu.br\/medvet\/?page_id=2340"},"modified":"2022-10-21T13:34:46","modified_gmt":"2022-10-21T16:34:46","slug":"perguntas-e-respostas-academicas","status":"publish","type":"page","link":"https:\/\/wp.ufpel.edu.br\/medvet\/?page_id=2340","title":{"rendered":"Perguntas e respostas acad\u00eamicas!"},"content":{"rendered":"\n<p><mark style=\"background-color:rgba(0, 0, 0, 0)\" class=\"has-inline-color has-vivid-red-color\"><strong>Esta p\u00e1gina estar\u00e1 em constante atualiza\u00e7\u00e3o!!!!<\/strong><\/mark> Seu conte\u00fado \u00e9 baseado, principalmente, na <a rel=\"noreferrer noopener\" href=\"https:\/\/wp.ufpel.edu.br\/medvet\/?page_id=71\" target=\"_blank\">Resolu\u00e7\u00e3o 29 de Gradua\u00e7\u00e3o, da UFPel, que versa sobre o REGULAMENTO DE ENSINO<\/a> e tamb\u00e9m em outras resolu\u00e7\u00f5es da UFPel.<\/p>\n\n\n\n<p>As solicita\u00e7\u00f5es comentadas nos links, devem ser enviadas para <strong>medvet@ufpel.edu.br<\/strong> (<span style=\"text-decoration: underline\">salvo se houver indica\u00e7\u00e3o contr\u00e1ria, no pr\u00f3prio link<\/span>).<\/p>\n\n\n\n<ul class=\"wp-block-list\"><li><a href=\"https:\/\/wp.ufpel.edu.br\/medvet\/files\/2022\/07\/GUIAS-SOBRE-AREAS-DA-MV.pdf\" target=\"_blank\" rel=\"noreferrer noopener\">Existe algum <strong>GUIA SOBRE AS \u00c1REAS DE ATUA\u00c7\u00c3O DA MEDICINA VETERIN\u00c1RIA<\/strong>? (material elaborado pela profa. Carine Corcini e a monitora Liandra T. Dotta).<\/a><\/li><\/ul>\n\n\n\n<ul class=\"wp-block-list\"><li><a rel=\"noreferrer noopener\" href=\"https:\/\/ccs2.ufpel.edu.br\/wp\/2022\/07\/07\/estudantes-com-documentos-de-cadastro-pendentes-devem-atualiza-los-na-cra\/\" target=\"_blank\">Tenho pend\u00eancia de DOCUMENTOS, como posso fazer?<\/a><\/li><li><a rel=\"noreferrer noopener\" href=\"https:\/\/wp.ufpel.edu.br\/cra\/revisao-de-desempenho\/\" target=\"_blank\">Como solicito<strong> REVIS\u00c3O DE PROVA<\/strong> (revis\u00e3o de desempenho acad\u00eamico)?<\/a><\/li><li><a rel=\"noreferrer noopener\" href=\"https:\/\/wp.ufpel.edu.br\/cra\/atestado-de-matricula\/\" target=\"_blank\">Como fa\u00e7o em rela\u00e7\u00e3o ao<strong> ATESTADO DE MATR\u00cdCULA<\/strong>?<\/a><\/li><li><a rel=\"noreferrer noopener\" href=\"https:\/\/wp.ufpel.edu.br\/medvet\/?page_id=3565\" target=\"_blank\">Como fa\u00e7o em rela\u00e7\u00e3o a<strong> ATESTADO M\u00c9DICO<\/strong> (justificativa de faltas)?<\/a><\/li><li>Como consigo ATESTADOS DIVERSOS (aux\u00edlios PRAE e outros)?<ul><li>Envie email para medvet@ufpel.edu.br<\/li><\/ul><\/li><li><a rel=\"noreferrer noopener\" href=\"https:\/\/wp.ufpel.edu.br\/cra\/exercicios-domiciliares\/\" target=\"_blank\">Como funciona o <strong>REGIME DOMICILIAR<\/strong> (exerc\u00edcio domiciliar)?<\/a><\/li><li><strong><a rel=\"noreferrer noopener\" href=\"https:\/\/wp.ufpel.edu.br\/medvet\/?p=2984\" target=\"_blank\"><mark style=\"background-color:rgba(0, 0, 0, 0);color:#e90d10\" class=\"has-inline-color\">E se eu contrair a COVID?<\/mark><\/a><\/strong><\/li><li><a rel=\"noreferrer noopener\" href=\"https:\/\/wp.ufpel.edu.br\/medvet\/?page_id=2687\" target=\"_blank\">E sobre o<strong> EST\u00c1GIO N\u00c3O OBRIGAT\u00d3RIO<\/strong> durante o per\u00edodo de pandemia?<\/a><\/li><li><a rel=\"noreferrer noopener\" href=\"https:\/\/wp.ufpel.edu.br\/medvet\/?page_id=2687\" target=\"_blank\">E sobre as <strong>FORMATURAS<\/strong> durante o per\u00edodo de pandemia?<\/a><\/li><li><a rel=\"noreferrer noopener\" href=\"https:\/\/wp.ufpel.edu.br\/cra\/aproveitamento-de-disciplina\/\" target=\"_blank\">Como fa\u00e7o o <strong>APROVEITAMENTO DE ESTUDOS<\/strong> (de disciplinas j\u00e1 cursadas)?<\/a><\/li><li><a rel=\"noreferrer noopener\" href=\"https:\/\/wp.ufpel.edu.br\/cra\/quebra-de-pre-requisito-2\/\" target=\"_blank\">Como eu solicito uma quebra de pr\u00e9-requisito?<\/a> <\/li><li><a rel=\"noreferrer noopener\" href=\"https:\/\/wp.ufpel.edu.br\/cra\/matricula-especial\/\" target=\"_blank\">Como funciona a <strong>MATR\u00cdCULA ESPECIAL<\/strong>?<\/a><\/li><li><a rel=\"noreferrer noopener\" href=\"https:\/\/wp.ufpel.edu.br\/cra\/trancamentos\/\" target=\"_blank\">Como solicito o <strong>TRANCAMENTO DE MATR\u00cdCULA<\/strong>?<\/a><\/li><\/ul>\n\n\n\n<p><\/p>\n\n\n\n<p>Caso voc\u00ea tenha alguma <span style=\"text-decoration: underline\">sugest\u00e3o\/contribui\u00e7\u00e3o<\/span> para esta p\u00e1gina, envie para coordvet@ufpel.edu.br!<\/p>\n\n\n\n<p><\/p>\n","protected":false},"excerpt":{"rendered":"<p>Esta p\u00e1gina estar\u00e1 em constante atualiza\u00e7\u00e3o!!!! Seu conte\u00fado \u00e9 baseado, principalmente, na Resolu\u00e7\u00e3o 29 de Gradua\u00e7\u00e3o, da UFPel, que versa sobre o REGULAMENTO DE ENSINO e tamb\u00e9m em outras resolu\u00e7\u00f5es da UFPel. As solicita\u00e7\u00f5es comentadas nos links, devem ser enviadas para medvet@ufpel.edu.br (salvo se houver indica\u00e7\u00e3o contr\u00e1ria, no pr\u00f3prio link). Existe algum GUIA SOBRE AS [&hellip;]<\/p>\n","protected":false},"author":996,"featured_media":0,"parent":0,"menu_order":0,"comment_status":"closed","ping_status":"closed","template":"","meta":{"jetpack_post_was_ever_published":false,"footnotes":""},"class_list":["post-2340","page","type-page","status-publish","hentry"],"jetpack_sharing_enabled":true,"jetpack_likes_enabled":true,"jetpack_shortlink":"https:\/\/wp.me\/PbPKFY-BK","jetpack-related-posts":[],"_links":{"self":[{"href":"https:\/\/wp.ufpel.edu.br\/medvet\/index.php?rest_route=\/wp\/v2\/pages\/2340","targetHints":{"allow":["GET"]}}],"collection":[{"href":"https:\/\/wp.ufpel.edu.br\/medvet\/index.php?rest_route=\/wp\/v2\/pages"}],"about":[{"href":"https:\/\/wp.ufpel.edu.br\/medvet\/index.php?rest_route=\/wp\/v2\/types\/page"}],"author":[{"embeddable":true,"href":"https:\/\/wp.ufpel.edu.br\/medvet\/index.php?rest_route=\/wp\/v2\/users\/996"}],"replies":[{"embeddable":true,"href":"https:\/\/wp.ufpel.edu.br\/medvet\/index.php?rest_route=%2Fwp%2Fv2%2Fcomments&post=2340"}],"version-history":[{"count":21,"href":"https:\/\/wp.ufpel.edu.br\/medvet\/index.php?rest_route=\/wp\/v2\/pages\/2340\/revisions"}],"predecessor-version":[{"id":3605,"href":"https:\/\/wp.ufpel.edu.br\/medvet\/index.php?rest_route=\/wp\/v2\/pages\/2340\/revisions\/3605"}],"wp:attachment":[{"href":"https:\/\/wp.ufpel.edu.br\/medvet\/index.php?rest_route=%2Fwp%2Fv2%2Fmedia&parent=2340"}],"curies":[{"name":"wp","href":"https:\/\/api.w.org\/{rel}","templated":true}]}}