{"id":2050,"date":"2020-07-29T16:56:52","date_gmt":"2020-07-29T19:56:52","guid":{"rendered":"https:\/\/wp.ufpel.edu.br\/medvet\/?page_id=2050"},"modified":"2022-07-14T16:28:03","modified_gmt":"2022-07-14T19:28:03","slug":"redes-sociais-ensino-pesquisa-e-extensao","status":"publish","type":"page","link":"https:\/\/wp.ufpel.edu.br\/medvet\/?page_id=2050","title":{"rendered":"Redes sociais  &#8211; Ensino, pesquisa e extens\u00e3o"},"content":{"rendered":"\n<div class=\"wp-block-jetpack-tiled-gallery aligncenter is-style-columns\"><div class=\"tiled-gallery__gallery\"><div class=\"tiled-gallery__row\"><div class=\"tiled-gallery__col\" style=\"flex-basis:32.037623972363264%\"><figure class=\"tiled-gallery__item\"><img data-attachment-id=\"2055\" data-permalink=\"https:\/\/wp.ufpel.edu.br\/medvet\/?attachment_id=2055\" data-orig-file=\"https:\/\/i0.wp.com\/wp.ufpel.edu.br\/medvet\/files\/2020\/07\/instagram-MV-e-UFPel-michaela.jpg?fit=1080%2C1080&amp;ssl=1\" data-orig-size=\"1080,1080\" data-comments-opened=\"0\" data-image-meta=\"{&quot;aperture&quot;:&quot;0&quot;,&quot;credit&quot;:&quot;&quot;,&quot;camera&quot;:&quot;&quot;,&quot;caption&quot;:&quot;&quot;,&quot;created_timestamp&quot;:&quot;0&quot;,&quot;copyright&quot;:&quot;&quot;,&quot;focal_length&quot;:&quot;0&quot;,&quot;iso&quot;:&quot;0&quot;,&quot;shutter_speed&quot;:&quot;0&quot;,&quot;title&quot;:&quot;&quot;,&quot;orientation&quot;:&quot;0&quot;}\" data-image-title=\"instagram-MV-e-UFPel-michaela\" data-image-description=\"\" data-image-caption=\"\" data-medium-file=\"https:\/\/i0.wp.com\/wp.ufpel.edu.br\/medvet\/files\/2020\/07\/instagram-MV-e-UFPel-michaela.jpg?fit=400%2C400&amp;ssl=1\" data-large-file=\"https:\/\/i0.wp.com\/wp.ufpel.edu.br\/medvet\/files\/2020\/07\/instagram-MV-e-UFPel-michaela.jpg?fit=1024%2C1024&amp;ssl=1\" data-attachment-id=\"2055\" data-permalink=\"https:\/\/wp.ufpel.edu.br\/medvet\/?attachment_id=2055\" data-orig-file=\"https:\/\/i0.wp.com\/wp.ufpel.edu.br\/medvet\/files\/2020\/07\/instagram-MV-e-UFPel-michaela.jpg?fit=1080%2C1080&amp;ssl=1\" data-orig-size=\"1080,1080\" data-comments-opened=\"0\" data-image-meta=\"{&quot;aperture&quot;:&quot;0&quot;,&quot;credit&quot;:&quot;&quot;,&quot;camera&quot;:&quot;&quot;,&quot;caption&quot;:&quot;&quot;,&quot;created_timestamp&quot;:&quot;0&quot;,&quot;copyright&quot;:&quot;&quot;,&quot;focal_length&quot;:&quot;0&quot;,&quot;iso&quot;:&quot;0&quot;,&quot;shutter_speed&quot;:&quot;0&quot;,&quot;title&quot;:&quot;&quot;,&quot;orientation&quot;:&quot;0&quot;}\" data-image-title=\"instagram-MV-e-UFPel-michaela\" data-image-description=\"\" data-image-caption=\"\" data-medium-file=\"https:\/\/i0.wp.com\/wp.ufpel.edu.br\/medvet\/files\/2020\/07\/instagram-MV-e-UFPel-michaela.jpg?fit=400%2C400&amp;ssl=1\" data-large-file=\"https:\/\/i0.wp.com\/wp.ufpel.edu.br\/medvet\/files\/2020\/07\/instagram-MV-e-UFPel-michaela.jpg?fit=1024%2C1024&amp;ssl=1\" role=\"button\" tabindex=\"0\" aria-label=\"Abrir imagem 1 de 2 em tela cheia\"srcset=\"https:\/\/i0.wp.com\/wp.ufpel.edu.br\/medvet\/files\/2020\/07\/instagram-MV-e-UFPel-michaela.jpg?strip=info&#038;w=600&#038;ssl=1 600w,https:\/\/i0.wp.com\/wp.ufpel.edu.br\/medvet\/files\/2020\/07\/instagram-MV-e-UFPel-michaela.jpg?strip=info&#038;w=900&#038;ssl=1 900w,https:\/\/i0.wp.com\/wp.ufpel.edu.br\/medvet\/files\/2020\/07\/instagram-MV-e-UFPel-michaela.jpg?strip=info&#038;w=1080&#038;ssl=1 1080w\" alt=\"\" data-height=\"1080\" data-id=\"2055\" data-link=\"https:\/\/wp.ufpel.edu.br\/medvet\/?attachment_id=2055\" data-url=\"https:\/\/wp.ufpel.edu.br\/medvet\/files\/2020\/07\/instagram-MV-e-UFPel-michaela.jpg\" data-width=\"1080\" src=\"https:\/\/i0.wp.com\/wp.ufpel.edu.br\/medvet\/files\/2020\/07\/instagram-MV-e-UFPel-michaela.jpg?ssl=1\" \/><\/figure><\/div><div class=\"tiled-gallery__col\" style=\"flex-basis:67.96237602763672%\"><figure class=\"tiled-gallery__item\"><img data-attachment-id=\"2053\" data-permalink=\"https:\/\/wp.ufpel.edu.br\/medvet\/?attachment_id=2053\" data-orig-file=\"https:\/\/i0.wp.com\/wp.ufpel.edu.br\/medvet\/files\/2020\/07\/icones-redes-sociais-verde.jpg?fit=1471%2C691&amp;ssl=1\" data-orig-size=\"1471,691\" data-comments-opened=\"0\" data-image-meta=\"{&quot;aperture&quot;:&quot;0&quot;,&quot;credit&quot;:&quot;&quot;,&quot;camera&quot;:&quot;&quot;,&quot;caption&quot;:&quot;&quot;,&quot;created_timestamp&quot;:&quot;0&quot;,&quot;copyright&quot;:&quot;&quot;,&quot;focal_length&quot;:&quot;0&quot;,&quot;iso&quot;:&quot;0&quot;,&quot;shutter_speed&quot;:&quot;0&quot;,&quot;title&quot;:&quot;&quot;,&quot;orientation&quot;:&quot;0&quot;}\" data-image-title=\"icones-redes-sociais-verde\" data-image-description=\"\" data-image-caption=\"\" data-medium-file=\"https:\/\/i0.wp.com\/wp.ufpel.edu.br\/medvet\/files\/2020\/07\/icones-redes-sociais-verde.jpg?fit=400%2C188&amp;ssl=1\" data-large-file=\"https:\/\/i0.wp.com\/wp.ufpel.edu.br\/medvet\/files\/2020\/07\/icones-redes-sociais-verde.jpg?fit=1024%2C481&amp;ssl=1\" data-attachment-id=\"2053\" data-permalink=\"https:\/\/wp.ufpel.edu.br\/medvet\/?attachment_id=2053\" data-orig-file=\"https:\/\/i0.wp.com\/wp.ufpel.edu.br\/medvet\/files\/2020\/07\/icones-redes-sociais-verde.jpg?fit=1471%2C691&amp;ssl=1\" data-orig-size=\"1471,691\" data-comments-opened=\"0\" data-image-meta=\"{&quot;aperture&quot;:&quot;0&quot;,&quot;credit&quot;:&quot;&quot;,&quot;camera&quot;:&quot;&quot;,&quot;caption&quot;:&quot;&quot;,&quot;created_timestamp&quot;:&quot;0&quot;,&quot;copyright&quot;:&quot;&quot;,&quot;focal_length&quot;:&quot;0&quot;,&quot;iso&quot;:&quot;0&quot;,&quot;shutter_speed&quot;:&quot;0&quot;,&quot;title&quot;:&quot;&quot;,&quot;orientation&quot;:&quot;0&quot;}\" data-image-title=\"icones-redes-sociais-verde\" data-image-description=\"\" data-image-caption=\"\" data-medium-file=\"https:\/\/i0.wp.com\/wp.ufpel.edu.br\/medvet\/files\/2020\/07\/icones-redes-sociais-verde.jpg?fit=400%2C188&amp;ssl=1\" data-large-file=\"https:\/\/i0.wp.com\/wp.ufpel.edu.br\/medvet\/files\/2020\/07\/icones-redes-sociais-verde.jpg?fit=1024%2C481&amp;ssl=1\" role=\"button\" tabindex=\"0\" aria-label=\"Abrir imagem 2 de 2 em tela cheia\"srcset=\"https:\/\/i2.wp.com\/wp.ufpel.edu.br\/medvet\/files\/2020\/07\/icones-redes-sociais-verde.jpg?strip=info&#038;w=600&#038;ssl=1 600w,https:\/\/i2.wp.com\/wp.ufpel.edu.br\/medvet\/files\/2020\/07\/icones-redes-sociais-verde.jpg?strip=info&#038;w=900&#038;ssl=1 900w,https:\/\/i2.wp.com\/wp.ufpel.edu.br\/medvet\/files\/2020\/07\/icones-redes-sociais-verde.jpg?strip=info&#038;w=1200&#038;ssl=1 1200w,https:\/\/i2.wp.com\/wp.ufpel.edu.br\/medvet\/files\/2020\/07\/icones-redes-sociais-verde.jpg?strip=info&#038;w=1471&#038;ssl=1 1471w\" alt=\"\" data-height=\"691\" data-id=\"2053\" data-link=\"https:\/\/wp.ufpel.edu.br\/medvet\/?attachment_id=2053\" data-url=\"https:\/\/wp.ufpel.edu.br\/medvet\/files\/2020\/07\/icones-redes-sociais-verde.jpg\" data-width=\"1471\" src=\"https:\/\/i2.wp.com\/wp.ufpel.edu.br\/medvet\/files\/2020\/07\/icones-redes-sociais-verde.jpg?ssl=1\" \/><\/figure><\/div><\/div><\/div><\/div>\n\n\n\n<p>Esta ideia foi proposta pela acad\u00eamica <strong>Michaela Marques Rocha<\/strong> e teve o apoio da Coordena\u00e7\u00e3o do Curso! <\/p>\n\n\n\n<p>Tem o objetivo de centralizar as redes sociais dos diversos grupos de pesquisa, ensino e extens\u00e3o que atuam junto ao Curso de Medicina Veterin\u00e1ria.<\/p>\n\n\n\n<p>Iniciativa fant\u00e1stica!<\/p>\n\n\n\n<p><strong>Instagram do Curso de Medicina Veterin\u00e1ria<\/strong><\/p>\n\n\n\n<p>@medvetufpel<\/p>\n\n\n\n<p><strong>Youtube do Curso de Medicina Veterin\u00e1ria<\/strong><\/p>\n\n\n\n<p>youtube.com\/medvetufpel<\/p>\n\n\n\n<p><strong>LABORAT\u00d3RIOS E SERVI\u00c7OS DE DIAGN\u00d3STICO:<\/strong><\/p>\n\n\n\n<ol class=\"wp-block-list\" type=\"1\"><li>@labvir.ufpel &#8211; Laborat\u00f3rio de Virologia e Imunologia <strong>(DVP)<\/strong><\/li><li>@ladicufpel &#8211; Laborat\u00f3rio de Diagn\u00f3stico por Imagem e Cardiologia <strong>(DCV)<\/strong><\/li><li>@ladoparufpel &#8211; Laborat\u00f3rio de Doen\u00e7as Parasit\u00e1rias <strong>(DVP)<\/strong><\/li><li>@lrdufpel &#8211; Laborat\u00f3rio Regional de Diagn\u00f3stico <strong>(DPA)<\/strong><\/li><li>@hcvequinosufpel &#8211; Hospital de Cl\u00ednica Veterin\u00e1ria, Setor de Equinos <strong>(DCV)<\/strong><\/li><li>@hcvufpel_informa &#8211; Canal informativo do Hospital de Cl\u00ednica Veterin\u00e1ria UFPEL <strong>(DCV)<\/strong><\/li><li>@micvetufpel &#8211; Centro de Diagn\u00f3stico e Pesquisa em Micologia Veterin\u00e1ria <strong>(DVP)<\/strong><\/li><li>@sovetufpel &#8211; Servi\u00e7o de Oncologia Veterin\u00e1ria <strong>(DPA)<\/strong><\/li><li>@nurfscetas &#8211; N\u00facleo de Reabilita\u00e7\u00e3o de Fauna Silvestre e Centro de Triagem de Animais Silvestres <strong>(IB)<\/strong><\/li><li>@pet.terapia &#8211; Atividade, Educa\u00e7\u00e3o e Terapia assistida por Animais <strong>(DCV)<\/strong><\/li><li>@clinpet.ufpel &#8211; Grupo de Pesquisa, Ensino e Extens\u00e3o em Cl\u00ednica de Pequenos Animais <strong>(DCV)<\/strong><\/li><li>@endocrinopequfpel &#8211; Servi\u00e7o de Atendimento Especializado em Endocrinologia de Pequenos Animais <strong>(DCV)<\/strong><\/li><li>@dermatovetufpel &#8211; Grupo de Ensino, Pesquisa e Extens\u00e3o em Dermatologia Veterin\u00e1ria <strong>(DCV) (DVP) (DPA)<\/strong><\/li><li>@veterinariapreventiva.ufpel &#8211; Veterin\u00e1ria Preventiva <strong>(DVP)<\/strong><\/li><li>@ppgvetufpel &#8211; Programa de P\u00f3s-gradua\u00e7\u00e3o em Veterin\u00e1ria <strong>(FV)<\/strong><\/li><\/ol>\n\n\n\n<p><strong>GRUPOS DE ESTUDOS, ENSINO, PESQUISA E EXTENS\u00c3O<\/strong><\/p>\n\n\n\n<ol class=\"wp-block-list\" type=\"1\"><li>@felvet_ufpel &#8211; Grupo de Estudos em Medicina Felina <strong>(DCV)<\/strong><\/li><li>@gepet.ufpel &#8211; Grupo de Estudos em Animais de Companhia <strong>(DCV)<\/strong><\/li><li>@vetcor.ufpel &#8211; Grupo de Estudos em Cardiologia Veterin\u00e1ria <strong>(DCV)<\/strong><\/li><li>@vettox.ufpel &#8211; Grupo de Estudos em Toxicologia Veterin\u00e1ria <strong>(DCV)<\/strong><\/li><li>@geas_ufpel &#8211; Grupo de Estudos de Animais Selvagens <strong>(DCV)<\/strong><\/li><li>@geep_ufpel &#8211; Grupo de Estudos em Enfermidades Parasit\u00e1rias <strong>(DVP)<\/strong><\/li><li>@geneoufpel &#8211; Grupo de Ensino em Neonatologia Veterin\u00e1ria <strong>(DM)<\/strong><\/li><li>@historep &#8211; Grupo de Ensino, Pesquisa e Extens\u00e3o em Histologia Animal <strong>(DM)<\/strong><\/li><li>@clineq.ufpel &#8211; Grupo de Ensino, Pesquisa e Extens\u00e3o em Medicina de Equinos <strong>(DCV)<\/strong><\/li><li>@historep_reproducao_equina &#8211; Grupo de Ensino, Pesquisa e Extens\u00e3o em Reprodu\u00e7\u00e3o de Equinos <strong>(DM)<\/strong><\/li><li>@fitopeet_ufpel &#8211; Grupo de Ensino, Pesquisa e Extens\u00e3o em Terapias Naturais na Medicina Veterin\u00e1ria <strong>(DCV)<\/strong><\/li><li>@nutri_rumen &#8211; Grupo de Pesquisa e Extens\u00e3o em Nutri\u00e7\u00e3o de Ruminantes <strong>(DCV)<\/strong><\/li><li>@nupeec &#8211; N\u00facleo de Pesquisa, Ensino e Extens\u00e3o em Pecu\u00e1ria <strong>(DCV)<\/strong><\/li><li>@prodic.vet &#8211; Projeto de <em>Dioctophyme renale <\/em>em C\u00e3es e Gatos <strong>(DCV)<\/strong><\/li><li>@nefrovet.ufpel &#8211; Projeto de Ensino e Extens\u00e3o sobre Patologias Renais em C\u00e3es e Gatos <strong>(DCV) (DPA)<\/strong><\/li><li>@lavmicrobiologiaufpel \u2013 Grupo de Pesquisa com \u00canfase no Estudo de Bact\u00e9rias Patog\u00eanicas de Interesse em Alimentos <strong>(LMA\/FAEM)<\/strong><\/li><li>@descoplicaleish \u2013 Equipe multidisciplinar e interinstitucional com o prop\u00f3sito de desmistificar a complexidade da LVC para os profissionais da \u00c1rea da Sa\u00fade <strong>(DCV)<\/strong><\/li><li>@polivetjrr e facebook.com\/Polivetjr. &#8211; Empresa j\u00fanior da Faculdade de Veterin\u00e1ria da UFPel<\/li><li>@cinologiaufpel e facebook.com\/CinologiaUFPel &#8211; Grupo de Cinologia <strong>(DCV)<\/strong><\/li><li>Centro de Controle de Zoonoses de Pelotas: <a rel=\"noreferrer noopener\" href=\"https:\/\/wp.ufpel.edu.br\/ccz\/\" target=\"_blank\">https:\/\/wp.ufpel.edu.br\/ccz\/<\/a> <strong>(DVP)<\/strong><\/li><li>@reppetsufpel e <a rel=\"noreferrer noopener\" href=\"https:\/\/www.facebook.com\/reppetsufpel\" target=\"_blank\">facebook.com\/reppetsufpel<\/a>: Grupo de Reprodu\u00e7\u00e3o de Pets <strong>(DPA)<\/strong><\/li><li>@nesu.ufpel\u00a0 &#8211;\u00a0 N\u00facleo de Estudos em Sa\u00fade \u00danica \/ One Health <strong>(DVP)<\/strong><\/li><li>@vetclin.ufpel &#8211; Grupo de Cl\u00ednica Veterin\u00e1ria da UFPel <strong>(DCV)<\/strong><\/li><\/ol>\n\n\n\n<p><strong>O seu grupo n\u00e3o est\u00e1 aqui? envie email para coordvet@ufpel.edu.br<\/strong><\/p>\n\n\n\n<h4 class=\"wp-block-heading\">Legendas:<\/h4>\n\n\n\n<ul class=\"wp-block-list\"><li><strong>DCV: Departamento de Cl\u00ednicas Veterin\u00e1rias<\/strong><\/li><li><strong>DVP: Departamento de Veterin\u00e1ria Preventiva<\/strong><\/li><li><strong>DPA: Departamento de Patologia Animal<\/strong><\/li><li><strong>IB: Instituto de Biologia<\/strong><\/li><li><strong>LMA\/FAEM: Laborat\u00f3rio de Microbiologia de Alimentos\/Faculdade Agronomia Eliseu Maciel<\/strong><\/li><\/ul>\n","protected":false},"excerpt":{"rendered":"<p>Esta ideia foi proposta pela acad\u00eamica Michaela Marques Rocha e teve o apoio da Coordena\u00e7\u00e3o do Curso! Tem o objetivo de centralizar as redes sociais dos diversos grupos de pesquisa, ensino e extens\u00e3o que atuam junto ao Curso de Medicina Veterin\u00e1ria. Iniciativa fant\u00e1stica! Instagram do Curso de Medicina Veterin\u00e1ria @medvetufpel Youtube do Curso de Medicina [&hellip;]<\/p>\n","protected":false},"author":996,"featured_media":0,"parent":0,"menu_order":0,"comment_status":"closed","ping_status":"closed","template":"page-sem-sidebar.php","meta":{"jetpack_post_was_ever_published":false,"footnotes":""},"class_list":["post-2050","page","type-page","status-publish","hentry"],"jetpack_sharing_enabled":true,"jetpack_likes_enabled":true,"jetpack_shortlink":"https:\/\/wp.me\/PbPKFY-x4","jetpack-related-posts":[],"_links":{"self":[{"href":"https:\/\/wp.ufpel.edu.br\/medvet\/index.php?rest_route=\/wp\/v2\/pages\/2050","targetHints":{"allow":["GET"]}}],"collection":[{"href":"https:\/\/wp.ufpel.edu.br\/medvet\/index.php?rest_route=\/wp\/v2\/pages"}],"about":[{"href":"https:\/\/wp.ufpel.edu.br\/medvet\/index.php?rest_route=\/wp\/v2\/types\/page"}],"author":[{"embeddable":true,"href":"https:\/\/wp.ufpel.edu.br\/medvet\/index.php?rest_route=\/wp\/v2\/users\/996"}],"replies":[{"embeddable":true,"href":"https:\/\/wp.ufpel.edu.br\/medvet\/index.php?rest_route=%2Fwp%2Fv2%2Fcomments&post=2050"}],"version-history":[{"count":18,"href":"https:\/\/wp.ufpel.edu.br\/medvet\/index.php?rest_route=\/wp\/v2\/pages\/2050\/revisions"}],"predecessor-version":[{"id":3423,"href":"https:\/\/wp.ufpel.edu.br\/medvet\/index.php?rest_route=\/wp\/v2\/pages\/2050\/revisions\/3423"}],"wp:attachment":[{"href":"https:\/\/wp.ufpel.edu.br\/medvet\/index.php?rest_route=%2Fwp%2Fv2%2Fmedia&parent=2050"}],"curies":[{"name":"wp","href":"https:\/\/api.w.org\/{rel}","templated":true}]}}