{"id":1414,"date":"2019-08-05T16:35:27","date_gmt":"2019-08-05T19:35:27","guid":{"rendered":"https:\/\/wp.ufpel.edu.br\/colegiadofvet\/?page_id=1414"},"modified":"2023-09-05T14:52:07","modified_gmt":"2023-09-05T17:52:07","slug":"quem-devera-fazer-o-enade","status":"publish","type":"page","link":"https:\/\/wp.ufpel.edu.br\/medvet\/?page_id=1414","title":{"rendered":"ENADE"},"content":{"rendered":"\n<p>O que \u00e9 o ENADE?<\/p>\n\n\n\n<figure class=\"wp-block-image size-full\"><img data-recalc-dims=\"1\" width=\"695\" height=\"399\" data-attachment-id=\"3858\" data-permalink=\"https:\/\/wp.ufpel.edu.br\/medvet\/?attachment_id=3858\" data-orig-file=\"https:\/\/i0.wp.com\/wp.ufpel.edu.br\/medvet\/files\/2023\/07\/image.png?fit=695%2C399&amp;ssl=1\" data-orig-size=\"695,399\" data-comments-opened=\"0\" data-image-meta=\"{&quot;aperture&quot;:&quot;0&quot;,&quot;credit&quot;:&quot;&quot;,&quot;camera&quot;:&quot;&quot;,&quot;caption&quot;:&quot;&quot;,&quot;created_timestamp&quot;:&quot;0&quot;,&quot;copyright&quot;:&quot;&quot;,&quot;focal_length&quot;:&quot;0&quot;,&quot;iso&quot;:&quot;0&quot;,&quot;shutter_speed&quot;:&quot;0&quot;,&quot;title&quot;:&quot;&quot;,&quot;orientation&quot;:&quot;0&quot;}\" data-image-title=\"image\" data-image-description=\"\" data-image-caption=\"\" data-medium-file=\"https:\/\/i0.wp.com\/wp.ufpel.edu.br\/medvet\/files\/2023\/07\/image.png?fit=400%2C230&amp;ssl=1\" data-large-file=\"https:\/\/i0.wp.com\/wp.ufpel.edu.br\/medvet\/files\/2023\/07\/image.png?fit=695%2C399&amp;ssl=1\" src=\"https:\/\/i0.wp.com\/wp.ufpel.edu.br\/medvet\/files\/2023\/07\/image.png?resize=695%2C399&#038;ssl=1\" alt=\"\" class=\"wp-image-3858\" srcset=\"https:\/\/i0.wp.com\/wp.ufpel.edu.br\/medvet\/files\/2023\/07\/image.png?w=695&amp;ssl=1 695w, https:\/\/i0.wp.com\/wp.ufpel.edu.br\/medvet\/files\/2023\/07\/image.png?resize=400%2C230&amp;ssl=1 400w\" sizes=\"(max-width: 695px) 100vw, 695px\" \/><\/figure>\n\n\n\n<figure class=\"wp-block-image size-full\"><img data-recalc-dims=\"1\" width=\"661\" height=\"483\" data-attachment-id=\"3859\" data-permalink=\"https:\/\/wp.ufpel.edu.br\/medvet\/?attachment_id=3859\" data-orig-file=\"https:\/\/i0.wp.com\/wp.ufpel.edu.br\/medvet\/files\/2023\/07\/image-1.png?fit=661%2C483&amp;ssl=1\" data-orig-size=\"661,483\" data-comments-opened=\"0\" data-image-meta=\"{&quot;aperture&quot;:&quot;0&quot;,&quot;credit&quot;:&quot;&quot;,&quot;camera&quot;:&quot;&quot;,&quot;caption&quot;:&quot;&quot;,&quot;created_timestamp&quot;:&quot;0&quot;,&quot;copyright&quot;:&quot;&quot;,&quot;focal_length&quot;:&quot;0&quot;,&quot;iso&quot;:&quot;0&quot;,&quot;shutter_speed&quot;:&quot;0&quot;,&quot;title&quot;:&quot;&quot;,&quot;orientation&quot;:&quot;0&quot;}\" data-image-title=\"image-1\" data-image-description=\"\" data-image-caption=\"\" data-medium-file=\"https:\/\/i0.wp.com\/wp.ufpel.edu.br\/medvet\/files\/2023\/07\/image-1.png?fit=400%2C292&amp;ssl=1\" data-large-file=\"https:\/\/i0.wp.com\/wp.ufpel.edu.br\/medvet\/files\/2023\/07\/image-1.png?fit=661%2C483&amp;ssl=1\" src=\"https:\/\/i0.wp.com\/wp.ufpel.edu.br\/medvet\/files\/2023\/07\/image-1.png?resize=661%2C483&#038;ssl=1\" alt=\"\" class=\"wp-image-3859\" srcset=\"https:\/\/i0.wp.com\/wp.ufpel.edu.br\/medvet\/files\/2023\/07\/image-1.png?w=661&amp;ssl=1 661w, https:\/\/i0.wp.com\/wp.ufpel.edu.br\/medvet\/files\/2023\/07\/image-1.png?resize=400%2C292&amp;ssl=1 400w\" sizes=\"(max-width: 661px) 100vw, 661px\" \/><\/figure>\n\n\n\n<p><strong>Alunos que ingressaram ou ingressar\u00e3o no curso de Medicina Veterin\u00e1ria no ano de 2023&nbsp; e tenham de zero a 25% de carga hor\u00e1ria m\u00ednima do curr\u00edculo do curso<\/strong><\/p>\n\n\n\n<ul class=\"wp-block-list\">\n<li>Neste caso (ingressantes) os alunos <em><strong>n\u00e3o dever\u00e3o realizar nenhuma a\u00e7\u00e3o<\/strong><\/em>:\n<ul class=\"wp-block-list\">\n<li>A coordena\u00e7\u00e3o do curso \u00e9 que vai cadastr\u00e1-los no sistema ENADE como ingressantes: N\u00c3O RESPONDEM QUESTION\u00c1RIO E NEM FAZEM A PROVA<\/li>\n<\/ul>\n<\/li>\n\n\n\n<li>Lista de ingressantes que foram inscritos pela coordena\u00e7\u00e3o do curso <\/li>\n\n\n\n<li><a href=\"https:\/\/ufpeledubr-my.sharepoint.com\/:b:\/g\/personal\/coordvet_ufpel_edu_br\/EZwWodA2M_RAvYmCOgbMpn8BE459gqjkBPemXaDnCpROwg?e=gu9Y5N\">Ingressantes regular 2023 ENADE.pdf<\/a><\/li>\n\n\n\n<li><a href=\"https:\/\/ufpeledubr-my.sharepoint.com\/:b:\/g\/personal\/coordvet_ufpel_edu_br\/EdrnZBFffIRFovERQrM60WIBlFEaGmX6O7v-tiegQhm32A?e=a5ELPy\">Ingressantes TEMV 2023 Enade.pdf<\/a><\/li>\n<\/ul>\n\n\n\n<p><strong>Alunos com previs\u00e3o de conclus\u00e3o da carga hor\u00e1ria do curso (integraliza\u00e7\u00e3o de 100% da carga hor\u00e1ria-disciplinas e est\u00e1gio) at\u00e9 o fim de 2024\/1.<\/strong><\/p>\n\n\n\n<ul class=\"wp-block-list\">\n<li>Neste caso (concluintes) os alunos dever\u00e3o realizar:\n<ul class=\"wp-block-list\">\n<li><a rel=\"noreferrer noopener\" href=\"https:\/\/enade.inep.gov.br\/\" target=\"_blank\">Acesso no sistema ENADE (deve ser feito a partir de agora)<\/a><\/li>\n\n\n\n<li><a href=\"https:\/\/wp.ufpel.edu.br\/cpi\/files\/2021\/07\/Primeiro-Acesso-ao-Sistema-Enade-Estudante.pdf\">Primeiro Acesso ao Sistema Enade (ufpel.edu.br)<\/a><\/li>\n\n\n\n<li>Preenchimento do CADASTRO DE ESTUDANTE (logo ap\u00f3s o acesso ao <a href=\"http:\/\/enade.inep.gov.br\" target=\"_blank\" rel=\"noopener noreferrer\">sistema ENADE<\/a>)<\/li>\n\n\n\n<li>Preenchimento do QUESTION\u00c1RIO DO ESTUDANTE de 01 de setembro a 25 de novembro de 2023<\/li>\n\n\n\n<li>Realiza\u00e7\u00e3o da prova escrita no dia 26\/11\/2023.<\/li>\n<\/ul>\n<\/li>\n\n\n\n<li>Alunos concluintes  (caso voc\u00ea se enquadre no descrito acima e seu nome ainda n\u00e3o est\u00e1 na lista abaixo, procure o colegiado com urg\u00eancia)\n<ul class=\"wp-block-list\">\n<li><a href=\"https:\/\/ufpeledubr-my.sharepoint.com\/:b:\/g\/personal\/coordvet_ufpel_edu_br\/Edtk83yD445FonzCcB9WqRwB6-KTWwmpo9tL3KMPLJA0Vg?e=M5EWl8\">Lista de concluintes turma regular<\/a><\/li>\n\n\n\n<li><a href=\"https:\/\/ufpeledubr-my.sharepoint.com\/:b:\/g\/personal\/coordvet_ufpel_edu_br\/EdtRABBojPdCpowY5ds6qF8BuvPBwLeMcPg5CWsXWvtSqQ?e=Ek4VRK\">Concluintes TEMV 2023 Enade.pdf<\/a><\/li>\n<\/ul>\n<\/li>\n<\/ul>\n\n\n\n<p><span style=\"color: #ff0000;\"><em><strong>Link para o EDITAL ENADE na \u00edntegra!!!!&nbsp; LEITURA OBRIGAT\u00d3RIA!!!<\/strong><\/em><\/span><\/p>\n\n\n\n<ul class=\"wp-block-list\">\n<li><a href=\"https:\/\/ufpeledubr-my.sharepoint.com\/:b:\/g\/personal\/coordvet_ufpel_edu_br\/EWbw9OAoF-FHtq0OaWbxSI4BsXsQVXg6qZ48eGnB9SonUQ?e=rDthrk\">Medicina Veterin\u00e1ria &#8211; PORTARIA N\u00ba 291, DE 26 DE JUNHO DE 2023 &#8211; DOU &#8211; Imprensa Nacional.pdf<\/a><\/li>\n\n\n\n<li><a href=\"https:\/\/ufpeledubr-my.sharepoint.com\/:b:\/g\/personal\/coordvet_ufpel_edu_br\/EdVTBFafoWZGjtfye2WM9U8Bpp9t7FzO0uaonkBrUp687w?e=gDdcrq\">RETIFICA\u00c7\u00c3O Edital 37 2023 &#8211; Enade 2023 &#8211; DOU &#8211; Imprensa Nacional (1).pdf<\/a><\/li>\n<\/ul>\n\n\n\n<p><strong>D\u00favidas? Envie email para a coordena\u00e7\u00e3o dos Cursos de Medicina Veterin\u00e1ria (<a href=\"mailto:coordvet@ufpel.edu.br\">coordvet@ufpel.edu.br<\/a>)<\/strong><\/p>\n\n\n\n<p><a href=\"https:\/\/wp.ufpel.edu.br\/colegiadofvet\/enade-2019\/\"><em>Voltar para ENADE<\/em><\/a><\/p>\n\n\n\n<ul class=\"wp-block-list\">\n<li><a href=\"https:\/\/wp.ufpel.edu.br\/cpi\/files\/2023\/06\/Enade-2023-Manual-Auxiliar-do-Estudante.pdf\">Enade 2023 &#8211; Manual Auxiliar do Estudante.pptx (ufpel.edu.br)<\/a><\/li>\n\n\n\n<li><a href=\"https:\/\/wp.ufpel.edu.br\/cpi\/files\/2023\/06\/Cartaz_ENADE-2023_rev03.pdf\">Cartaz_ENADE-2023_rev03.pdf (ufpel.edu.br)<\/a><\/li>\n\n\n\n<li><a href=\"https:\/\/wp.ufpel.edu.br\/cpi\/files\/2023\/06\/Apresentacao-Enade-edicao-2023.pdf\">(Apresenta\u00e7\u00e3o Enade edi\u00e7\u00e3o 2023.pptx) (ufpel.edu.br)<\/a><\/li>\n\n\n\n<li><\/li>\n<\/ul>\n","protected":false},"excerpt":{"rendered":"<p>O que \u00e9 o ENADE? Alunos que ingressaram ou ingressar\u00e3o no curso de Medicina Veterin\u00e1ria no ano de 2023&nbsp; e tenham de zero a 25% de carga hor\u00e1ria m\u00ednima do curr\u00edculo do curso Alunos com previs\u00e3o de conclus\u00e3o da carga hor\u00e1ria do curso (integraliza\u00e7\u00e3o de 100% da carga hor\u00e1ria-disciplinas e est\u00e1gio) at\u00e9 o fim de [&hellip;]<\/p>\n","protected":false},"author":991,"featured_media":0,"parent":0,"menu_order":0,"comment_status":"closed","ping_status":"closed","template":"","meta":{"jetpack_post_was_ever_published":false,"footnotes":""},"class_list":["post-1414","page","type-page","status-publish","hentry"],"jetpack_sharing_enabled":true,"jetpack_likes_enabled":true,"jetpack_shortlink":"https:\/\/wp.me\/PbPKFY-mO","jetpack-related-posts":[],"_links":{"self":[{"href":"https:\/\/wp.ufpel.edu.br\/medvet\/index.php?rest_route=\/wp\/v2\/pages\/1414","targetHints":{"allow":["GET"]}}],"collection":[{"href":"https:\/\/wp.ufpel.edu.br\/medvet\/index.php?rest_route=\/wp\/v2\/pages"}],"about":[{"href":"https:\/\/wp.ufpel.edu.br\/medvet\/index.php?rest_route=\/wp\/v2\/types\/page"}],"author":[{"embeddable":true,"href":"https:\/\/wp.ufpel.edu.br\/medvet\/index.php?rest_route=\/wp\/v2\/users\/991"}],"replies":[{"embeddable":true,"href":"https:\/\/wp.ufpel.edu.br\/medvet\/index.php?rest_route=%2Fwp%2Fv2%2Fcomments&post=1414"}],"version-history":[{"count":5,"href":"https:\/\/wp.ufpel.edu.br\/medvet\/index.php?rest_route=\/wp\/v2\/pages\/1414\/revisions"}],"predecessor-version":[{"id":3888,"href":"https:\/\/wp.ufpel.edu.br\/medvet\/index.php?rest_route=\/wp\/v2\/pages\/1414\/revisions\/3888"}],"wp:attachment":[{"href":"https:\/\/wp.ufpel.edu.br\/medvet\/index.php?rest_route=%2Fwp%2Fv2%2Fmedia&parent=1414"}],"curies":[{"name":"wp","href":"https:\/\/api.w.org\/{rel}","templated":true}]}}