{"id":1358,"date":"2019-04-29T12:22:51","date_gmt":"2019-04-29T15:22:51","guid":{"rendered":"https:\/\/wp.ufpel.edu.br\/colegiadofvet\/?page_id=1358"},"modified":"2026-02-27T15:11:25","modified_gmt":"2026-02-27T18:11:25","slug":"cartilha-do-estagio-curricular-supervisionado-em-medicina-veterinaria","status":"publish","type":"page","link":"https:\/\/wp.ufpel.edu.br\/medvet\/?page_id=1358","title":{"rendered":"Cartilha do Est\u00e1gio Curricular Supervisionado em Medicina Veterin\u00e1ria"},"content":{"rendered":"\n<p>Esta cartilha tem o objetivo de sanar d\u00favidas de docentes e discentes relativas ao EST\u00c1GIO CURRICULAR SUPERVISIONADO (ECS) dos cursos de Medicina Veterin\u00e1ria da Universidade Federal de Pelotas &#8211; UFPel. Sua exist\u00eancia n\u00e3o esgota todos os aspectos relacionados ao ECS mas, como est\u00e1 constantemente sendo atualizada, temos o objetivo que seja o mais completa poss\u00edvel.<\/p>\n\n\n\n<ul class=\"wp-block-list\">\n<li><a href=\"https:\/\/drive.google.com\/file\/d\/1-XxdvPgBf4ZWwgSbrDiZjwhuX_gM_Mw3\/view?usp=share_link\">https:\/\/drive.google.com\/file\/d\/1-XxdvPgBf4ZWwgSbrDiZjwhuX_gM_Mw3\/view?usp=share_link<\/a><\/li>\n<\/ul>\n\n\n\n<ul class=\"wp-block-list\">\n<li><\/li>\n<\/ul>\n\n\n\n<p><\/p>\n","protected":false},"excerpt":{"rendered":"<p>Esta cartilha tem o objetivo de sanar d\u00favidas de docentes e discentes relativas ao EST\u00c1GIO CURRICULAR SUPERVISIONADO (ECS) dos cursos de Medicina Veterin\u00e1ria da Universidade Federal de Pelotas &#8211; UFPel. Sua exist\u00eancia n\u00e3o esgota todos os aspectos relacionados ao ECS mas, como est\u00e1 constantemente sendo atualizada, temos o objetivo que seja o mais completa poss\u00edvel.<\/p>\n","protected":false},"author":991,"featured_media":0,"parent":0,"menu_order":0,"comment_status":"closed","ping_status":"closed","template":"","meta":{"jetpack_post_was_ever_published":false,"footnotes":""},"class_list":["post-1358","page","type-page","status-publish","hentry"],"jetpack_sharing_enabled":true,"jetpack_likes_enabled":true,"jetpack_shortlink":"https:\/\/wp.me\/PbPKFY-lU","jetpack-related-posts":[],"_links":{"self":[{"href":"https:\/\/wp.ufpel.edu.br\/medvet\/index.php?rest_route=\/wp\/v2\/pages\/1358","targetHints":{"allow":["GET"]}}],"collection":[{"href":"https:\/\/wp.ufpel.edu.br\/medvet\/index.php?rest_route=\/wp\/v2\/pages"}],"about":[{"href":"https:\/\/wp.ufpel.edu.br\/medvet\/index.php?rest_route=\/wp\/v2\/types\/page"}],"author":[{"embeddable":true,"href":"https:\/\/wp.ufpel.edu.br\/medvet\/index.php?rest_route=\/wp\/v2\/users\/991"}],"replies":[{"embeddable":true,"href":"https:\/\/wp.ufpel.edu.br\/medvet\/index.php?rest_route=%2Fwp%2Fv2%2Fcomments&post=1358"}],"version-history":[{"count":3,"href":"https:\/\/wp.ufpel.edu.br\/medvet\/index.php?rest_route=\/wp\/v2\/pages\/1358\/revisions"}],"predecessor-version":[{"id":4125,"href":"https:\/\/wp.ufpel.edu.br\/medvet\/index.php?rest_route=\/wp\/v2\/pages\/1358\/revisions\/4125"}],"wp:attachment":[{"href":"https:\/\/wp.ufpel.edu.br\/medvet\/index.php?rest_route=%2Fwp%2Fv2%2Fmedia&parent=1358"}],"curies":[{"name":"wp","href":"https:\/\/api.w.org\/{rel}","templated":true}]}}