{"id":1321,"date":"2019-01-07T13:39:28","date_gmt":"2019-01-07T15:39:28","guid":{"rendered":"https:\/\/wp.ufpel.edu.br\/colegiadofvet\/?page_id=1321"},"modified":"2020-08-11T08:57:52","modified_gmt":"2020-08-11T11:57:52","slug":"relatorios-de-estagio-curricular-supervisionado","status":"publish","type":"page","link":"https:\/\/wp.ufpel.edu.br\/medvet\/?page_id=1321","title":{"rendered":"Relat\u00f3rios de Est\u00e1gio Curricular Supervisionado"},"content":{"rendered":"<p>Nesta se\u00e7\u00e3o s\u00e3o disponibilizados os Relat\u00f3rios de Est\u00e1gio Curricular Supervisionado &#8211; RECS gerados ap\u00f3s a realiza\u00e7\u00e3o do Est\u00e1gio Curricular Supervisionado e da defesa do aluno perante uma banca composta por professores e\/ou t\u00e9cnicos-administrativos e p\u00f3s-graduandos (doutorado e p\u00f3s-doutorado).<\/p>\n<ul>\n<li><a href=\"https:\/\/drive.google.com\/drive\/u\/5\/folders\/19V2l1nNZ9PpdKAtB-CWwlSERbHK8dq48\" target=\"_blank\" rel=\"noopener noreferrer\">Relat\u00f3rios de Est\u00e1gio Curricular Supervisionado do Curso de Medicina Veterin\u00e1ria &#8211; UFPel<\/a><\/li>\n<\/ul>\n\n\n<p><\/p>\n","protected":false},"excerpt":{"rendered":"<p>Nesta se\u00e7\u00e3o s\u00e3o disponibilizados os Relat\u00f3rios de Est\u00e1gio Curricular Supervisionado &#8211; RECS gerados ap\u00f3s a realiza\u00e7\u00e3o do Est\u00e1gio Curricular Supervisionado e da defesa do aluno perante uma banca composta por professores e\/ou t\u00e9cnicos-administrativos e p\u00f3s-graduandos (doutorado e p\u00f3s-doutorado). Relat\u00f3rios de Est\u00e1gio Curricular Supervisionado do Curso de Medicina Veterin\u00e1ria &#8211; UFPel<\/p>\n","protected":false},"author":991,"featured_media":0,"parent":1276,"menu_order":0,"comment_status":"closed","ping_status":"closed","template":"","meta":{"jetpack_post_was_ever_published":false,"footnotes":""},"class_list":["post-1321","page","type-page","status-publish","hentry"],"jetpack_sharing_enabled":true,"jetpack_likes_enabled":true,"jetpack_shortlink":"https:\/\/wp.me\/PbPKFY-lj","jetpack-related-posts":[],"_links":{"self":[{"href":"https:\/\/wp.ufpel.edu.br\/medvet\/index.php?rest_route=\/wp\/v2\/pages\/1321","targetHints":{"allow":["GET"]}}],"collection":[{"href":"https:\/\/wp.ufpel.edu.br\/medvet\/index.php?rest_route=\/wp\/v2\/pages"}],"about":[{"href":"https:\/\/wp.ufpel.edu.br\/medvet\/index.php?rest_route=\/wp\/v2\/types\/page"}],"author":[{"embeddable":true,"href":"https:\/\/wp.ufpel.edu.br\/medvet\/index.php?rest_route=\/wp\/v2\/users\/991"}],"replies":[{"embeddable":true,"href":"https:\/\/wp.ufpel.edu.br\/medvet\/index.php?rest_route=%2Fwp%2Fv2%2Fcomments&post=1321"}],"version-history":[{"count":1,"href":"https:\/\/wp.ufpel.edu.br\/medvet\/index.php?rest_route=\/wp\/v2\/pages\/1321\/revisions"}],"predecessor-version":[{"id":2140,"href":"https:\/\/wp.ufpel.edu.br\/medvet\/index.php?rest_route=\/wp\/v2\/pages\/1321\/revisions\/2140"}],"up":[{"embeddable":true,"href":"https:\/\/wp.ufpel.edu.br\/medvet\/index.php?rest_route=\/wp\/v2\/pages\/1276"}],"wp:attachment":[{"href":"https:\/\/wp.ufpel.edu.br\/medvet\/index.php?rest_route=%2Fwp%2Fv2%2Fmedia&parent=1321"}],"curies":[{"name":"wp","href":"https:\/\/api.w.org\/{rel}","templated":true}]}}