{"id":1276,"date":"2019-01-07T12:36:20","date_gmt":"2019-01-07T14:36:20","guid":{"rendered":"https:\/\/wp.ufpel.edu.br\/colegiadofvet\/?page_id=1276"},"modified":"2025-07-25T13:11:50","modified_gmt":"2025-07-25T16:11:50","slug":"comissao-de-estagio-curricular-supervisionado","status":"publish","type":"page","link":"https:\/\/wp.ufpel.edu.br\/medvet\/?page_id=1276","title":{"rendered":"Comiss\u00e3o de Est\u00e1gio Curricular Supervisionado"},"content":{"rendered":"<p style=\"text-align: center;\"><strong>(durante os semestres remotos, mais informa\u00e7\u00f5es sobre o Est\u00e1gio podem ser obtidas em &#8220;<a href=\"https:\/\/wp.ufpel.edu.br\/medvet\/?page_id=2687\" target=\"_blank\" rel=\"noopener\">sobre os semestres remotos<\/a>&#8220;)<\/strong><\/p>\n<p>A <strong>Comiss\u00e3o de Est\u00e1gio Curricular Supervisionado &#8211; CECS<\/strong>\u00a0 tem car\u00e1ter consultivo e deliberativo, sendo respons\u00e1vel pela concep\u00e7\u00e3o, consolida\u00e7\u00e3o e cont\u00ednua atualiza\u00e7\u00e3o das normas da <strong>Disciplina de Est\u00e1gio Curricular Supervisionado<\/strong> do Curso de Medicina Veterin\u00e1ria da Universidade Federal de Pelotas (UFPel).<\/p>\n<p><strong><u>ATRIBUI\u00c7\u00d5ES DA CECS<\/u><\/strong><\/p>\n<ol>\n<li>Orientar, informar, supervisionar e coordenar atividades relativas ao Est\u00e1gio Curricular Supervisionado<\/li>\n<li>Determinar as normas de execu\u00e7\u00e3o do est\u00e1gio e levar ao conhecimento dos acad\u00eamicos e professores;<\/li>\n<li>Estabelecer san\u00e7\u00f5es quando observar o n\u00e3o cumprimento das obriga\u00e7\u00f5es assumidas pelos envolvidos no est\u00e1gio curricular supervisionado;<\/li>\n<li>Estabelecer o cronograma de atividades relacionadas ao Est\u00e1gio Curricular Supervisionado com base no calend\u00e1rio acad\u00eamico e neste regimento;<\/li>\n<li>Supervisionar as solicita\u00e7\u00f5es de locais de est\u00e1gio, a confirma\u00e7\u00e3o de supervisores e o per\u00edodo de est\u00e1gio;<\/li>\n<li>Escolher os componentes da banca examinadora, bem como determinar locais e datas das defesas de est\u00e1gio;<\/li>\n<li>Enviar aos \u00f3rg\u00e3os superiores as notas nas \u00e9pocas aprazadas;<\/li>\n<li>Fornecer a certifica\u00e7\u00e3o aos membros das bancas;<\/li>\n<li>Solucionar os casos omissos a estas atribui\u00e7\u00f5es.<\/li>\n<\/ol>\n<p><strong><u>MEMBROS DA COMISS\u00c3O DE EST\u00c1GIO CURRICULAR SUPERVISIONADO<\/u><\/strong><\/p>\n<ul>\n<li>Prof<sup>a<\/sup>\u00a0 Fabiane Borelli Grecco (Coordenadora dos Cursos de Medicina Veterin\u00e1ria)<\/li>\n<li>Prof<sup>a<\/sup>\u00a0 \u00a0Eliza Rossi Kominnou (Coordenadora da Comiss\u00e3o de Est\u00e1gio Curricular Supervisionado )<\/li>\n<li>Prof<sup>a<\/sup>\u00a0 Eduarda Hallal Duval\u00a0\u00a0(Departamento de Veterin\u00e1ria Preventiva)<\/li>\n<li>Prof<sup>a<\/sup>. Josaine Cristina da Silva Rappeti (Departamento de Cl\u00ednicas Veterin\u00e1ria)<\/li>\n<li>Profa. Margarida Buss Rafi (Departamento de Patologia Animal)<\/li>\n<\/ul>\n<p><strong><u>CONTATO<\/u><\/strong><\/p>\n<p><a href=\"mailto:cecsmedvet@ufpel.edu.br\">cecsmedvet@ufpel.edu.br<\/a><\/p>\n","protected":false},"excerpt":{"rendered":"<p>(durante os semestres remotos, mais informa\u00e7\u00f5es sobre o Est\u00e1gio podem ser obtidas em &#8220;sobre os semestres remotos&#8220;) A Comiss\u00e3o de Est\u00e1gio Curricular Supervisionado &#8211; CECS\u00a0 tem car\u00e1ter consultivo e deliberativo, sendo respons\u00e1vel pela concep\u00e7\u00e3o, consolida\u00e7\u00e3o e cont\u00ednua atualiza\u00e7\u00e3o das normas da Disciplina de Est\u00e1gio Curricular Supervisionado do Curso de Medicina Veterin\u00e1ria da Universidade Federal de [&hellip;]<\/p>\n","protected":false},"author":991,"featured_media":0,"parent":0,"menu_order":0,"comment_status":"closed","ping_status":"closed","template":"","meta":{"jetpack_post_was_ever_published":false,"footnotes":""},"class_list":["post-1276","page","type-page","status-publish","hentry"],"jetpack_sharing_enabled":true,"jetpack_likes_enabled":true,"jetpack_shortlink":"https:\/\/wp.me\/PbPKFY-kA","jetpack-related-posts":[],"_links":{"self":[{"href":"https:\/\/wp.ufpel.edu.br\/medvet\/index.php?rest_route=\/wp\/v2\/pages\/1276","targetHints":{"allow":["GET"]}}],"collection":[{"href":"https:\/\/wp.ufpel.edu.br\/medvet\/index.php?rest_route=\/wp\/v2\/pages"}],"about":[{"href":"https:\/\/wp.ufpel.edu.br\/medvet\/index.php?rest_route=\/wp\/v2\/types\/page"}],"author":[{"embeddable":true,"href":"https:\/\/wp.ufpel.edu.br\/medvet\/index.php?rest_route=\/wp\/v2\/users\/991"}],"replies":[{"embeddable":true,"href":"https:\/\/wp.ufpel.edu.br\/medvet\/index.php?rest_route=%2Fwp%2Fv2%2Fcomments&post=1276"}],"version-history":[{"count":9,"href":"https:\/\/wp.ufpel.edu.br\/medvet\/index.php?rest_route=\/wp\/v2\/pages\/1276\/revisions"}],"predecessor-version":[{"id":4095,"href":"https:\/\/wp.ufpel.edu.br\/medvet\/index.php?rest_route=\/wp\/v2\/pages\/1276\/revisions\/4095"}],"wp:attachment":[{"href":"https:\/\/wp.ufpel.edu.br\/medvet\/index.php?rest_route=%2Fwp%2Fv2%2Fmedia&parent=1276"}],"curies":[{"name":"wp","href":"https:\/\/api.w.org\/{rel}","templated":true}]}}