{"id":55,"date":"2023-09-21T16:07:16","date_gmt":"2023-09-21T19:07:16","guid":{"rendered":"https:\/\/wp.ufpel.edu.br\/mbaingen\/?page_id=55"},"modified":"2023-09-22T11:47:04","modified_gmt":"2023-09-22T14:47:04","slug":"contato","status":"publish","type":"page","link":"https:\/\/wp.ufpel.edu.br\/mbaingen\/contato\/","title":{"rendered":"Contato"},"content":{"rendered":"<p>Universidade Federal de Pelotas \u2013 UFPel<br \/>\nCentro de Ci\u00eancias Socio-Organizacionais \u2013 CCSO<br \/>\nMBA Inova\u00e7\u00e3o, Tecnologia e Gest\u00e3o de Novos Neg\u00f3cios<\/p>\n<p>Rua Gomes Carneiro, n\u00ba 1 &#8211;\u00a04\u00ba andar &#8211; Campus Porto<br \/>\nCEP: 96.010-610<br \/>\nPelotas\/RS.<\/p>\n<p>Telefone: (53) 3284.3857<\/p>\n<p>E-mail: mbaingenufpel@gmail.com<\/p>\n<p>Prof.\u00aa Dr.\u00aa Ana Paula Centeno<br \/>\nCoordenadora\u00a0 \u2013 MBA In-Gen\/UFPel<\/p>\n","protected":false},"excerpt":{"rendered":"<p>Universidade Federal de Pelotas \u2013 UFPel Centro de Ci\u00eancias Socio-Organizacionais \u2013 CCSO MBA Inova\u00e7\u00e3o, Tecnologia e Gest\u00e3o de Novos Neg\u00f3cios Rua Gomes Carneiro, n\u00ba 1 &#8211;\u00a04\u00ba andar &#8211; Campus Porto CEP: 96.010-610 Pelotas\/RS. Telefone: (53) 3284.3857 E-mail: mbaingenufpel@gmail.com Prof.\u00aa Dr.\u00aa Ana Paula Centeno Coordenadora\u00a0 \u2013 MBA In-Gen\/UFPel<\/p>\n","protected":false},"author":1333,"featured_media":0,"parent":0,"menu_order":5,"comment_status":"closed","ping_status":"closed","template":"","meta":{"footnotes":""},"class_list":["post-55","page","type-page","status-publish","hentry"],"_links":{"self":[{"href":"https:\/\/wp.ufpel.edu.br\/mbaingen\/wp-json\/wp\/v2\/pages\/55","targetHints":{"allow":["GET"]}}],"collection":[{"href":"https:\/\/wp.ufpel.edu.br\/mbaingen\/wp-json\/wp\/v2\/pages"}],"about":[{"href":"https:\/\/wp.ufpel.edu.br\/mbaingen\/wp-json\/wp\/v2\/types\/page"}],"author":[{"embeddable":true,"href":"https:\/\/wp.ufpel.edu.br\/mbaingen\/wp-json\/wp\/v2\/users\/1333"}],"replies":[{"embeddable":true,"href":"https:\/\/wp.ufpel.edu.br\/mbaingen\/wp-json\/wp\/v2\/comments?post=55"}],"version-history":[{"count":3,"href":"https:\/\/wp.ufpel.edu.br\/mbaingen\/wp-json\/wp\/v2\/pages\/55\/revisions"}],"predecessor-version":[{"id":68,"href":"https:\/\/wp.ufpel.edu.br\/mbaingen\/wp-json\/wp\/v2\/pages\/55\/revisions\/68"}],"wp:attachment":[{"href":"https:\/\/wp.ufpel.edu.br\/mbaingen\/wp-json\/wp\/v2\/media?parent=55"}],"curies":[{"name":"wp","href":"https:\/\/api.w.org\/{rel}","templated":true}]}}