{"id":31,"date":"2023-09-21T15:57:32","date_gmt":"2023-09-21T18:57:32","guid":{"rendered":"https:\/\/wp.ufpel.edu.br\/mbaingen\/?page_id=31"},"modified":"2023-09-21T16:40:01","modified_gmt":"2023-09-21T19:40:01","slug":"comissao-organizadora","status":"publish","type":"page","link":"https:\/\/wp.ufpel.edu.br\/mbaingen\/projeto-pedagogico\/comissao-organizadora\/","title":{"rendered":"Comiss\u00e3o Organizadora"},"content":{"rendered":"<p>A Comiss\u00e3o Coordenadora \u00e9 composta pelos professores do Centro de Ci\u00eancias Socio-organizacionais da UFPEL, todos de dedica\u00e7\u00e3o exclusiva, a saber: Ana Paula Lemos Centeno, Dary Pretto Neto, Francielle Molon da Silva, Maurel Oliveira, Priscila Nesello.<\/p>\n<p>H\u00e1 tamb\u00e9m a representa\u00e7\u00e3o discente, eleita entre seus pares.<\/p>\n<p>&nbsp;<\/p>\n<p>A Comiss\u00e3o Coordenadora tem, como atribui\u00e7\u00f5es:<\/p>\n<p>(Artigo 11\u00ba do Regimento Geral dos Cursos de P\u00f3s-Gradua\u00e7\u00e3o Lato Sensu da UFPEL)<br \/>\nI. Coordenar, supervisionar e tomar as provid\u00eancias necess\u00e1rias para o funcionamento do curso;<br \/>\nII. Exercer a coordena\u00e7\u00e3o interdisciplinar, visando a conciliar os interesses de ordem did\u00e1tica do Departamento envolvido no curso;<br \/>\nIII. Verificar o cumprimento do conte\u00fado program\u00e1tico e da carga hor\u00e1ria das disciplinas do curso;<br \/>\nIV. Estabelecer mecanismos adequados de orienta\u00e7\u00e3o acad\u00eamica aos estudantes;<br \/>\nV. Apresentar anualmente um relat\u00f3rio \u00e0 C\u00e2mara de P\u00f3s-gradua\u00e7\u00e3o Lato Sensu, destacando os principais pontos positivos e problemas na ministra\u00e7\u00e3o do mesmo, inclusive com sugest\u00f5es, caso haja novo oferecimento do curso, para discuss\u00e3o e avalia\u00e7\u00e3o.<\/p>\n","protected":false},"excerpt":{"rendered":"<p>A Comiss\u00e3o Coordenadora \u00e9 composta pelos professores do Centro de Ci\u00eancias Socio-organizacionais da UFPEL, todos de dedica\u00e7\u00e3o exclusiva, a saber: Ana Paula Lemos Centeno, Dary Pretto Neto, Francielle Molon da Silva, Maurel Oliveira, Priscila Nesello. H\u00e1 tamb\u00e9m a representa\u00e7\u00e3o discente, eleita entre seus pares. &nbsp; A Comiss\u00e3o Coordenadora tem, como atribui\u00e7\u00f5es: (Artigo 11\u00ba do Regimento [&hellip;]<\/p>\n","protected":false},"author":1333,"featured_media":0,"parent":5,"menu_order":1,"comment_status":"closed","ping_status":"closed","template":"","meta":{"footnotes":""},"class_list":["post-31","page","type-page","status-publish","hentry"],"_links":{"self":[{"href":"https:\/\/wp.ufpel.edu.br\/mbaingen\/wp-json\/wp\/v2\/pages\/31","targetHints":{"allow":["GET"]}}],"collection":[{"href":"https:\/\/wp.ufpel.edu.br\/mbaingen\/wp-json\/wp\/v2\/pages"}],"about":[{"href":"https:\/\/wp.ufpel.edu.br\/mbaingen\/wp-json\/wp\/v2\/types\/page"}],"author":[{"embeddable":true,"href":"https:\/\/wp.ufpel.edu.br\/mbaingen\/wp-json\/wp\/v2\/users\/1333"}],"replies":[{"embeddable":true,"href":"https:\/\/wp.ufpel.edu.br\/mbaingen\/wp-json\/wp\/v2\/comments?post=31"}],"version-history":[{"count":4,"href":"https:\/\/wp.ufpel.edu.br\/mbaingen\/wp-json\/wp\/v2\/pages\/31\/revisions"}],"predecessor-version":[{"id":62,"href":"https:\/\/wp.ufpel.edu.br\/mbaingen\/wp-json\/wp\/v2\/pages\/31\/revisions\/62"}],"up":[{"embeddable":true,"href":"https:\/\/wp.ufpel.edu.br\/mbaingen\/wp-json\/wp\/v2\/pages\/5"}],"wp:attachment":[{"href":"https:\/\/wp.ufpel.edu.br\/mbaingen\/wp-json\/wp\/v2\/media?parent=31"}],"curies":[{"name":"wp","href":"https:\/\/api.w.org\/{rel}","templated":true}]}}