{"id":25,"date":"2023-09-21T15:42:29","date_gmt":"2023-09-21T18:42:29","guid":{"rendered":"https:\/\/wp.ufpel.edu.br\/mbaingen\/?page_id=25"},"modified":"2023-09-21T16:34:20","modified_gmt":"2023-09-21T19:34:20","slug":"publico-alvo","status":"publish","type":"page","link":"https:\/\/wp.ufpel.edu.br\/mbaingen\/projeto-pedagogico\/publico-alvo\/","title":{"rendered":"P\u00fablico Alvo"},"content":{"rendered":"<p>O curso \u00e9 destinado a gestores e executivos de empresas, empreendedores, empres\u00e1rios, profissionais liberais, docentes e pesquisadores, portadores de diploma em cursos de gradua\u00e7\u00e3o ou demais cursos superiores reconhecidos pelo Minist\u00e9rio da Educa\u00e7\u00e3o, que atuam ou tenham interesse na gest\u00e3o de novos neg\u00f3cios com foco em tecnologia e inova\u00e7\u00e3o.<\/p>\n","protected":false},"excerpt":{"rendered":"<p>O curso \u00e9 destinado a gestores e executivos de empresas, empreendedores, empres\u00e1rios, profissionais liberais, docentes e pesquisadores, portadores de diploma em cursos de gradua\u00e7\u00e3o ou demais cursos superiores reconhecidos pelo Minist\u00e9rio da Educa\u00e7\u00e3o, que atuam ou tenham interesse na gest\u00e3o de novos neg\u00f3cios com foco em tecnologia e inova\u00e7\u00e3o.<\/p>\n","protected":false},"author":1333,"featured_media":0,"parent":5,"menu_order":1,"comment_status":"closed","ping_status":"closed","template":"","meta":{"footnotes":""},"class_list":["post-25","page","type-page","status-publish","hentry"],"_links":{"self":[{"href":"https:\/\/wp.ufpel.edu.br\/mbaingen\/wp-json\/wp\/v2\/pages\/25","targetHints":{"allow":["GET"]}}],"collection":[{"href":"https:\/\/wp.ufpel.edu.br\/mbaingen\/wp-json\/wp\/v2\/pages"}],"about":[{"href":"https:\/\/wp.ufpel.edu.br\/mbaingen\/wp-json\/wp\/v2\/types\/page"}],"author":[{"embeddable":true,"href":"https:\/\/wp.ufpel.edu.br\/mbaingen\/wp-json\/wp\/v2\/users\/1333"}],"replies":[{"embeddable":true,"href":"https:\/\/wp.ufpel.edu.br\/mbaingen\/wp-json\/wp\/v2\/comments?post=25"}],"version-history":[{"count":2,"href":"https:\/\/wp.ufpel.edu.br\/mbaingen\/wp-json\/wp\/v2\/pages\/25\/revisions"}],"predecessor-version":[{"id":59,"href":"https:\/\/wp.ufpel.edu.br\/mbaingen\/wp-json\/wp\/v2\/pages\/25\/revisions\/59"}],"up":[{"embeddable":true,"href":"https:\/\/wp.ufpel.edu.br\/mbaingen\/wp-json\/wp\/v2\/pages\/5"}],"wp:attachment":[{"href":"https:\/\/wp.ufpel.edu.br\/mbaingen\/wp-json\/wp\/v2\/media?parent=25"}],"curies":[{"name":"wp","href":"https:\/\/api.w.org\/{rel}","templated":true}]}}