{"id":12,"date":"2023-09-21T13:55:47","date_gmt":"2023-09-21T16:55:47","guid":{"rendered":"https:\/\/wp.ufpel.edu.br\/mbaingen\/?page_id=12"},"modified":"2023-09-21T16:43:37","modified_gmt":"2023-09-21T19:43:37","slug":"coordenacao-do-curso","status":"publish","type":"page","link":"https:\/\/wp.ufpel.edu.br\/mbaingen\/projeto-pedagogico\/coordenacao-do-curso\/","title":{"rendered":"Coordena\u00e7\u00e3o do Curso"},"content":{"rendered":"<p>A Coordena\u00e7\u00e3o do Curso, hoje de maneira <em>pro-tempore<\/em> est\u00e1 a cargo da Prof.\u00aa Dr.\u00aa Ana Paula Centeno.<\/p>\n<p>Como atribui\u00e7\u00f5es da fun\u00e7\u00e3o, compete: (Artigo 12\u00ba)<\/p>\n<p>I. Convocar e presidir as reuni\u00f5es da Comiss\u00e3o, com direito ao voto de qualidade;<br \/>\nII. Quando convocado representar a Comiss\u00e3o em reuni\u00f5es da Pr\u00f3-Reitoria de Pesquisa e P\u00f3s-gradua\u00e7\u00e3o e do departamento envolvido;<br \/>\nIII. Executar as delibera\u00e7\u00f5es da Comiss\u00e3o e o que estabelecem as normas do funcionamento do Curso;<br \/>\nIV. Indicar, dentre os membros da Comiss\u00e3o Coordenadora do Curso, um coordenador adjunto;<br \/>\nV. Comunicar ao \u00f3rg\u00e3o competente qualquer irregularidade no funcionamento do curso e solicitar as corre\u00e7\u00f5es necess\u00e1rias;<br \/>\nVI. Designar relator ou comiss\u00e3o para estudo de mat\u00e9ria submetida \u00e0 Comiss\u00e3o;<br \/>\nVII. Articular os departamentos e outros \u00f3rg\u00e3os envolvidos com o curso;<br \/>\nVIII. Decidir sobre mat\u00e9ria de urg\u00eancia \u201cad referendum\u201d da Comiss\u00e3o Coordenadora do Curso;<br \/>\nIX. Exercer outras atribui\u00e7\u00f5es inerentes ao cargo.<\/p>\n","protected":false},"excerpt":{"rendered":"<p>A Coordena\u00e7\u00e3o do Curso, hoje de maneira pro-tempore est\u00e1 a cargo da Prof.\u00aa Dr.\u00aa Ana Paula Centeno. Como atribui\u00e7\u00f5es da fun\u00e7\u00e3o, compete: (Artigo 12\u00ba) I. Convocar e presidir as reuni\u00f5es da Comiss\u00e3o, com direito ao voto de qualidade; II. Quando convocado representar a Comiss\u00e3o em reuni\u00f5es da Pr\u00f3-Reitoria de Pesquisa e P\u00f3s-gradua\u00e7\u00e3o e do departamento [&hellip;]<\/p>\n","protected":false},"author":1333,"featured_media":0,"parent":5,"menu_order":1,"comment_status":"closed","ping_status":"closed","template":"","meta":{"footnotes":""},"class_list":["post-12","page","type-page","status-publish","hentry"],"_links":{"self":[{"href":"https:\/\/wp.ufpel.edu.br\/mbaingen\/wp-json\/wp\/v2\/pages\/12","targetHints":{"allow":["GET"]}}],"collection":[{"href":"https:\/\/wp.ufpel.edu.br\/mbaingen\/wp-json\/wp\/v2\/pages"}],"about":[{"href":"https:\/\/wp.ufpel.edu.br\/mbaingen\/wp-json\/wp\/v2\/types\/page"}],"author":[{"embeddable":true,"href":"https:\/\/wp.ufpel.edu.br\/mbaingen\/wp-json\/wp\/v2\/users\/1333"}],"replies":[{"embeddable":true,"href":"https:\/\/wp.ufpel.edu.br\/mbaingen\/wp-json\/wp\/v2\/comments?post=12"}],"version-history":[{"count":3,"href":"https:\/\/wp.ufpel.edu.br\/mbaingen\/wp-json\/wp\/v2\/pages\/12\/revisions"}],"predecessor-version":[{"id":64,"href":"https:\/\/wp.ufpel.edu.br\/mbaingen\/wp-json\/wp\/v2\/pages\/12\/revisions\/64"}],"up":[{"embeddable":true,"href":"https:\/\/wp.ufpel.edu.br\/mbaingen\/wp-json\/wp\/v2\/pages\/5"}],"wp:attachment":[{"href":"https:\/\/wp.ufpel.edu.br\/mbaingen\/wp-json\/wp\/v2\/media?parent=12"}],"curies":[{"name":"wp","href":"https:\/\/api.w.org\/{rel}","templated":true}]}}