{"id":2,"date":"2015-11-04T13:57:32","date_gmt":"2015-11-04T13:57:32","guid":{"rendered":"https:\/\/wp.ufpel.edu.br\/maubrapa\/?page_id=2"},"modified":"2016-03-14T11:25:32","modified_gmt":"2016-03-14T14:25:32","slug":"home","status":"publish","type":"page","link":"https:\/\/wp.ufpel.edu.br\/maubrapa\/","title":{"rendered":"Home"},"content":{"rendered":"<p><a href=\"https:\/\/wp.ufpel.edu.br\/maubrapa\/files\/2015\/11\/foto_maubrapa_0.jpg\"><img class=\"alignleft wp-image-7\" src=\"https:\/\/wp.ufpel.edu.br\/maubrapa\/files\/2015\/11\/foto_maubrapa_0.jpg\" alt=\"Foto Mauricio\" width=\"170\" height=\"262\" srcset=\"https:\/\/wp.ufpel.edu.br\/maubrapa\/files\/2015\/11\/foto_maubrapa_0.jpg 182w, https:\/\/wp.ufpel.edu.br\/maubrapa\/files\/2015\/11\/foto_maubrapa_0-103x159.jpg 103w\" sizes=\"(max-width: 170px) 100vw, 170px\" \/><\/a><\/p>\n<p><strong>Contact\u00a0<\/strong><\/p>\n<p>Universidade Federal de Pelotas<br \/>\n<a href=\"https:\/\/wp.ufpel.edu.br\/dme\/\" target=\"_blank\">Departamento de Matem\u00e1tica e Estat\u00edstica<\/a><br \/>\nCampus Cap\u00e3o do Le\u00e3o<br \/>\nCampus Universit\u00e1rio, S\/N &#8211; CEP 96160-000<br \/>\nCap\u00e3o do Le\u00e3o, RS &#8211; Brazil<\/p>\n<p>Building 5 &#8211; Office 303<br \/>\nE-mail: maubrapa at ufpel.edu.br<\/p>\n<p>&nbsp;<\/p>\n<p>&nbsp;<\/p>\n<p>&nbsp;<\/p>\n<p>&nbsp;<\/p>\n<p>Mauricio B. de Paula is\u00a0an adjunct professor at the Mathematics and Statistics Department at the Federal University of Pelotas (UFPEL) since 2006.\u00a0He\u00a0received his\u00a0master\u2019s degree in Computer Science in 2002 from Federal University of Santa Catarina (UFSC) and his\u00a0PhD in Computer Science from Federal University of Rio Grande do Sul (UFRGS) in 2015.\u00a0His\u00a0research interests cover most aspects of visual computing, especially the frontiers among\u00a0image processing, computer vision and pattern recognition.<\/p>\n","protected":false},"excerpt":{"rendered":"<p>Contact\u00a0 Universidade Federal de Pelotas Departamento de Matem\u00e1tica e Estat\u00edstica Campus Cap\u00e3o do Le\u00e3o Campus Universit\u00e1rio, S\/N &#8211; CEP 96160-000 Cap\u00e3o do Le\u00e3o, RS &#8211; Brazil Building 5 &#8211; Office 303 E-mail: maubrapa at ufpel.edu.br &nbsp; &nbsp; &nbsp; &nbsp; Mauricio B. de Paula is\u00a0an adjunct professor at the Mathematics and Statistics Department at the Federal [&hellip;]<\/p>\n","protected":false},"author":589,"featured_media":0,"parent":0,"menu_order":0,"comment_status":"closed","ping_status":"closed","template":"","meta":{"footnotes":""},"class_list":["post-2","page","type-page","status-publish","hentry"],"_links":{"self":[{"href":"https:\/\/wp.ufpel.edu.br\/maubrapa\/wp-json\/wp\/v2\/pages\/2","targetHints":{"allow":["GET"]}}],"collection":[{"href":"https:\/\/wp.ufpel.edu.br\/maubrapa\/wp-json\/wp\/v2\/pages"}],"about":[{"href":"https:\/\/wp.ufpel.edu.br\/maubrapa\/wp-json\/wp\/v2\/types\/page"}],"author":[{"embeddable":true,"href":"https:\/\/wp.ufpel.edu.br\/maubrapa\/wp-json\/wp\/v2\/users\/589"}],"replies":[{"embeddable":true,"href":"https:\/\/wp.ufpel.edu.br\/maubrapa\/wp-json\/wp\/v2\/comments?post=2"}],"version-history":[{"count":10,"href":"https:\/\/wp.ufpel.edu.br\/maubrapa\/wp-json\/wp\/v2\/pages\/2\/revisions"}],"predecessor-version":[{"id":14,"href":"https:\/\/wp.ufpel.edu.br\/maubrapa\/wp-json\/wp\/v2\/pages\/2\/revisions\/14"}],"wp:attachment":[{"href":"https:\/\/wp.ufpel.edu.br\/maubrapa\/wp-json\/wp\/v2\/media?parent=2"}],"curies":[{"name":"wp","href":"https:\/\/api.w.org\/{rel}","templated":true}]}}