{"id":15,"date":"2016-03-14T11:30:11","date_gmt":"2016-03-14T14:30:11","guid":{"rendered":"https:\/\/wp.ufpel.edu.br\/maubrapa\/?page_id=15"},"modified":"2017-07-26T11:14:38","modified_gmt":"2017-07-26T14:14:38","slug":"teaching","status":"publish","type":"page","link":"https:\/\/wp.ufpel.edu.br\/maubrapa\/teaching\/","title":{"rendered":"Teaching"},"content":{"rendered":"<p><span style=\"font-size: 14pt\"><strong>2017\/1<\/strong><\/span><\/p>\n<p><a href=\"https:\/\/ava.ufpel.edu.br\/pre\/course\/view.php?id=1056\" target=\"_blank\" rel=\"noopener\">\u00c1lgebra Linear e Geometria Anal\u00edtica<\/a><\/p>\n<p><a href=\"https:\/\/ava.ufpel.edu.br\/pre\/course\/view.php?id=2200\" target=\"_blank\" rel=\"noopener\">C\u00e1lculo II<\/a><\/p>\n<p><strong><br \/>\n<\/strong><strong><br \/>\n<\/strong><\/p>\n","protected":false},"excerpt":{"rendered":"<p>2017\/1 \u00c1lgebra Linear e Geometria Anal\u00edtica C\u00e1lculo II<\/p>\n","protected":false},"author":589,"featured_media":0,"parent":0,"menu_order":0,"comment_status":"closed","ping_status":"closed","template":"","meta":{"footnotes":""},"class_list":["post-15","page","type-page","status-publish","hentry"],"_links":{"self":[{"href":"https:\/\/wp.ufpel.edu.br\/maubrapa\/wp-json\/wp\/v2\/pages\/15","targetHints":{"allow":["GET"]}}],"collection":[{"href":"https:\/\/wp.ufpel.edu.br\/maubrapa\/wp-json\/wp\/v2\/pages"}],"about":[{"href":"https:\/\/wp.ufpel.edu.br\/maubrapa\/wp-json\/wp\/v2\/types\/page"}],"author":[{"embeddable":true,"href":"https:\/\/wp.ufpel.edu.br\/maubrapa\/wp-json\/wp\/v2\/users\/589"}],"replies":[{"embeddable":true,"href":"https:\/\/wp.ufpel.edu.br\/maubrapa\/wp-json\/wp\/v2\/comments?post=15"}],"version-history":[{"count":10,"href":"https:\/\/wp.ufpel.edu.br\/maubrapa\/wp-json\/wp\/v2\/pages\/15\/revisions"}],"predecessor-version":[{"id":76,"href":"https:\/\/wp.ufpel.edu.br\/maubrapa\/wp-json\/wp\/v2\/pages\/15\/revisions\/76"}],"wp:attachment":[{"href":"https:\/\/wp.ufpel.edu.br\/maubrapa\/wp-json\/wp\/v2\/media?parent=15"}],"curies":[{"name":"wp","href":"https:\/\/api.w.org\/{rel}","templated":true}]}}