{"id":29,"date":"2018-01-02T13:06:25","date_gmt":"2018-01-02T15:06:25","guid":{"rendered":"https:\/\/wp.ufpel.edu.br\/matriculaspave\/?page_id=29"},"modified":"2024-12-13T09:30:01","modified_gmt":"2024-12-13T12:30:01","slug":"documentos","status":"publish","type":"page","link":"https:\/\/wp.ufpel.edu.br\/matriculaspave\/documentos\/","title":{"rendered":"Documentos"},"content":{"rendered":"\n<p>A documenta\u00e7\u00e3o completa para realizar a matr\u00edcula pode ser consultada, conforme a modalidade de ingresso:<\/p>\n\n\n<style>.wp-block-kadence-iconlist.kt-svg-icon-list-items29_faa84c-51:not(.this-stops-third-party-issues){margin-top:0px;margin-bottom:0px;}.wp-block-kadence-iconlist.kt-svg-icon-list-items29_faa84c-51 ul.kt-svg-icon-list:not(.this-prevents-issues):not(.this-stops-third-party-issues):not(.tijsloc){margin-top:0px;margin-right:0px;margin-bottom:var(--global-kb-spacing-sm, 1.5rem);margin-left:0px;column-gap:10px;}.wp-block-kadence-iconlist.kt-svg-icon-list-items29_faa84c-51 ul.kt-svg-icon-list{grid-row-gap:10px;}.wp-block-kadence-iconlist.kt-svg-icon-list-items29_faa84c-51 ul.kt-svg-icon-list .kt-svg-icon-list-item-wrap .kt-svg-icon-list-single{margin-right:10px;}.kt-svg-icon-list-items29_faa84c-51 ul.kt-svg-icon-list .kt-svg-icon-list-level-0 .kt-svg-icon-list-single svg{font-size:20px;}.wp-block-kadence-iconlist.kt-svg-icon-list-items29_faa84c-51 ul.kt-svg-icon-list .wp-block-kadence-listitem a{color:#5b619e;}.wp-block-kadence-iconlist.kt-svg-icon-list-items29_faa84c-51 ul.kt-svg-icon-list .wp-block-kadence-listitem a:hover{color:#849ada;}<\/style>\n<div class=\"wp-block-kadence-iconlist kt-svg-icon-list-items kt-svg-icon-list-items29_faa84c-51 kt-svg-icon-list-columns-1 alignnone\"><ul class=\"kt-svg-icon-list\"><style>.kt-svg-icon-list-item-29_07f01a-c0 .kt-svg-icon-list-text mark.kt-highlight{background-color:unset;font-style:normal;color:#f76a0c;-webkit-box-decoration-break:clone;box-decoration-break:clone;padding-top:0px;padding-right:0px;padding-bottom:0px;padding-left:0px;}<\/style>\n<li class=\"wp-block-kadence-listitem kt-svg-icon-list-item-wrap kt-svg-icon-list-item-29_07f01a-c0\"><div class=\"kt-svg-icon-list-single\" style=\"display: inline-flex; justify-content: center; align-items: center;\"><svg viewBox=\"0 0 24 24\" height=\"1em\" width=\"1em\" fill=\"none\" stroke=\"currentColor\" xmlns=\"http:\/\/www.w3.org\/2000\/svg\" style=\"display: inline-block; vertical-align: middle;\"><\/svg><\/div><span class=\"kt-svg-icon-list-text\"><a href=\"https:\/\/wp.ufpel.edu.br\/matriculaspave\/documentos\/a0-ampla-concorrencia\/\" data-type=\"link\" data-id=\"https:\/\/wp.ufpel.edu.br\/sisu\/documentos\/a0\/\">AC &#8211; Ampla concorr\u00eancia<\/a><\/span><\/li>\n\n\n<style>.kt-svg-icon-list-item-29_1063a3-c4 .kt-svg-icon-list-text mark.kt-highlight{background-color:unset;font-style:normal;color:#f76a0c;-webkit-box-decoration-break:clone;box-decoration-break:clone;padding-top:0px;padding-right:0px;padding-bottom:0px;padding-left:0px;}<\/style>\n<li class=\"wp-block-kadence-listitem kt-svg-icon-list-item-wrap kt-svg-icon-list-item-29_1063a3-c4\"><div class=\"kt-svg-icon-list-single\" style=\"display: inline-flex; justify-content: center; align-items: center;\"><svg viewBox=\"0 0 24 24\" height=\"1em\" width=\"1em\" fill=\"none\" stroke=\"currentColor\" xmlns=\"http:\/\/www.w3.org\/2000\/svg\" style=\"display: inline-block; vertical-align: middle;\"><\/svg><\/div><span class=\"kt-svg-icon-list-text\"><a href=\"https:\/\/wp.ufpel.edu.br\/matriculaspave\/documentos\/l1\/\" data-type=\"link\" data-id=\"https:\/\/wp.ufpel.edu.br\/sisu\/documentos\/l1\/\">LB_EP &#8211; Ensino m\u00e9dio em escola p\u00fablica ou comunit\u00e1ria + renda<\/a><\/span><\/li>\n\n\n<style>.kt-svg-icon-list-item-29_dced1a-40 .kt-svg-icon-list-text mark.kt-highlight{background-color:unset;font-style:normal;color:#f76a0c;-webkit-box-decoration-break:clone;box-decoration-break:clone;padding-top:0px;padding-right:0px;padding-bottom:0px;padding-left:0px;}<\/style>\n<li class=\"wp-block-kadence-listitem kt-svg-icon-list-item-wrap kt-svg-icon-list-item-29_dced1a-40\"><div class=\"kt-svg-icon-list-single\" style=\"display: inline-flex; justify-content: center; align-items: center;\"><svg viewBox=\"0 0 24 24\" height=\"1em\" width=\"1em\" fill=\"none\" stroke=\"currentColor\" xmlns=\"http:\/\/www.w3.org\/2000\/svg\" style=\"display: inline-block; vertical-align: middle;\"><\/svg><\/div><span class=\"kt-svg-icon-list-text\"><a href=\"https:\/\/wp.ufpel.edu.br\/matriculaspave\/documentos\/l2\/\" data-type=\"link\" data-id=\"https:\/\/wp.ufpel.edu.br\/sisu\/documentos\/l2\/\">LB_PPI &#8211; Ensino m\u00e9dio em escola p\u00fablica ou comunit\u00e1ria + renda + preto, pardo ou ind\u00edgena<\/a><\/span><\/li>\n\n\n<style>.kt-svg-icon-list-item-29_557c00-05 .kt-svg-icon-list-text mark.kt-highlight{background-color:unset;font-style:normal;color:#f76a0c;-webkit-box-decoration-break:clone;box-decoration-break:clone;padding-top:0px;padding-right:0px;padding-bottom:0px;padding-left:0px;}<\/style>\n<li class=\"wp-block-kadence-listitem kt-svg-icon-list-item-wrap kt-svg-icon-list-item-29_557c00-05\"><div class=\"kt-svg-icon-list-single\" style=\"display: inline-flex; justify-content: center; align-items: center;\"><svg viewBox=\"0 0 24 24\" height=\"1em\" width=\"1em\" fill=\"none\" stroke=\"currentColor\" xmlns=\"http:\/\/www.w3.org\/2000\/svg\" style=\"display: inline-block; vertical-align: middle;\"><\/svg><\/div><span class=\"kt-svg-icon-list-text\"><a href=\"https:\/\/wp.ufpel.edu.br\/matriculaspave\/documentos\/l9\" data-type=\"link\" data-id=\"https:\/\/wp.ufpel.edu.br\/sisu\/documentos\/l9\/\">LB_PCD &#8211; Ensino m\u00e9dio em escola p\u00fablica ou comunit\u00e1ria + renda + defici\u00eancia<\/a><\/span><\/li>\n\n\n<style>.kt-svg-icon-list-item-29_3fe542-54 .kt-svg-icon-list-text mark.kt-highlight{background-color:unset;font-style:normal;color:#f76a0c;-webkit-box-decoration-break:clone;box-decoration-break:clone;padding-top:0px;padding-right:0px;padding-bottom:0px;padding-left:0px;}<\/style>\n<li class=\"wp-block-kadence-listitem kt-svg-icon-list-item-wrap kt-svg-icon-list-item-29_3fe542-54\"><div class=\"kt-svg-icon-list-single\" style=\"display: inline-flex; justify-content: center; align-items: center;\"><svg viewBox=\"0 0 24 24\" height=\"1em\" width=\"1em\" fill=\"none\" stroke=\"currentColor\" xmlns=\"http:\/\/www.w3.org\/2000\/svg\" style=\"display: inline-block; vertical-align: middle;\"><\/svg><\/div><span class=\"kt-svg-icon-list-text\"><a href=\"https:\/\/wp.ufpel.edu.br\/matriculaspave\/documentos\/l10\/\" data-type=\"link\" data-id=\"https:\/\/wp.ufpel.edu.br\/sisu\/documentos\/l10\/\">LB_Q &#8211; Ensino m\u00e9dio em escola p\u00fablica ou comunit\u00e1ria + renda + quilombola<\/a><\/span><\/li>\n\n\n<style>.kt-svg-icon-list-item-29_e4020d-d1 .kt-svg-icon-list-text mark.kt-highlight{background-color:unset;font-style:normal;color:#f76a0c;-webkit-box-decoration-break:clone;box-decoration-break:clone;padding-top:0px;padding-right:0px;padding-bottom:0px;padding-left:0px;}<\/style>\n<li class=\"wp-block-kadence-listitem kt-svg-icon-list-item-wrap kt-svg-icon-list-item-29_e4020d-d1\"><div class=\"kt-svg-icon-list-single\" style=\"display: inline-flex; justify-content: center; align-items: center;\"><svg viewBox=\"0 0 24 24\" height=\"1em\" width=\"1em\" fill=\"none\" stroke=\"currentColor\" xmlns=\"http:\/\/www.w3.org\/2000\/svg\" style=\"display: inline-block; vertical-align: middle;\"><\/svg><\/div><span class=\"kt-svg-icon-list-text\"><a href=\"https:\/\/wp.ufpel.edu.br\/matriculaspave\/documentos\/l5\" data-type=\"link\" data-id=\"https:\/\/wp.ufpel.edu.br\/sisu\/documentos\/l5\/\">LI_EP &#8211; Ensino m\u00e9dio em escola p\u00fablica ou comunit\u00e1ria<\/a> <\/span><\/li>\n\n\n<style>.kt-svg-icon-list-item-29_1b2b55-27 .kt-svg-icon-list-text mark.kt-highlight{background-color:unset;font-style:normal;color:#f76a0c;-webkit-box-decoration-break:clone;box-decoration-break:clone;padding-top:0px;padding-right:0px;padding-bottom:0px;padding-left:0px;}<\/style>\n<li class=\"wp-block-kadence-listitem kt-svg-icon-list-item-wrap kt-svg-icon-list-item-29_1b2b55-27\"><div class=\"kt-svg-icon-list-single\" style=\"display: inline-flex; justify-content: center; align-items: center;\"><svg viewBox=\"0 0 24 24\" height=\"1em\" width=\"1em\" fill=\"none\" stroke=\"currentColor\" xmlns=\"http:\/\/www.w3.org\/2000\/svg\" style=\"display: inline-block; vertical-align: middle;\"><\/svg><\/div><span class=\"kt-svg-icon-list-text\"><a href=\"https:\/\/wp.ufpel.edu.br\/matriculaspave\/documentos\/l6\/\" data-type=\"link\" data-id=\"https:\/\/wp.ufpel.edu.br\/sisu\/documentos\/l6\/\">LI_PPI &#8211; Ensino m\u00e9dio em escola p\u00fablica ou comunit\u00e1ria + preto, pardo ou ind\u00edgena<\/a><\/span><\/li>\n\n\n<style>.kt-svg-icon-list-item-29_43b9b2-c3 .kt-svg-icon-list-text mark.kt-highlight{background-color:unset;font-style:normal;color:#f76a0c;-webkit-box-decoration-break:clone;box-decoration-break:clone;padding-top:0px;padding-right:0px;padding-bottom:0px;padding-left:0px;}<\/style>\n<li class=\"wp-block-kadence-listitem kt-svg-icon-list-item-wrap kt-svg-icon-list-item-29_43b9b2-c3\"><div class=\"kt-svg-icon-list-single\" style=\"display: inline-flex; justify-content: center; align-items: center;\"><svg viewBox=\"0 0 24 24\" height=\"1em\" width=\"1em\" fill=\"none\" stroke=\"currentColor\" xmlns=\"http:\/\/www.w3.org\/2000\/svg\" style=\"display: inline-block; vertical-align: middle;\"><\/svg><\/div><span class=\"kt-svg-icon-list-text\"><a href=\"https:\/\/wp.ufpel.edu.br\/matriculaspave\/documentos\/l13\/\" data-type=\"link\" data-id=\"https:\/\/wp.ufpel.edu.br\/sisu\/documentos\/l13\/\">LI_PCD &#8211; Ensino m\u00e9dio em escola p\u00fablica ou comunit\u00e1ria + defici\u00eancia<\/a><\/span><\/li>\n\n\n<style>.kt-svg-icon-list-item-29_33f8bc-5a .kt-svg-icon-list-text mark.kt-highlight{background-color:unset;font-style:normal;color:#f76a0c;-webkit-box-decoration-break:clone;box-decoration-break:clone;padding-top:0px;padding-right:0px;padding-bottom:0px;padding-left:0px;}<\/style>\n<li class=\"wp-block-kadence-listitem kt-svg-icon-list-item-wrap kt-svg-icon-list-item-29_33f8bc-5a\"><div class=\"kt-svg-icon-list-single\" style=\"display: inline-flex; justify-content: center; align-items: center;\"><svg viewBox=\"0 0 24 24\" height=\"1em\" width=\"1em\" fill=\"none\" stroke=\"currentColor\" xmlns=\"http:\/\/www.w3.org\/2000\/svg\" style=\"display: inline-block; vertical-align: middle;\"><\/svg><\/div><span class=\"kt-svg-icon-list-text\"><a href=\"https:\/\/wp.ufpel.edu.br\/matriculaspave\/documentos\/l14\/\" data-type=\"link\" data-id=\"https:\/\/wp.ufpel.edu.br\/sisu\/documentos\/l14\/\">LI_Q &#8211; Ensino m\u00e9dio em escola p\u00fablica ou comunit\u00e1ria + quilombola<\/a><\/span><\/li>\n<\/ul><\/div>\n\n\n\n<p><\/p>\n","protected":false},"excerpt":{"rendered":"<p>A documenta\u00e7\u00e3o completa para realizar a matr\u00edcula pode ser consultada, conforme a modalidade de ingresso:<\/p>\n","protected":false},"author":341,"featured_media":0,"parent":0,"menu_order":0,"comment_status":"closed","ping_status":"closed","template":"","meta":{"jetpack_post_was_ever_published":false,"footnotes":""},"class_list":["post-29","page","type-page","status-publish","hentry"],"jetpack_sharing_enabled":true,"jetpack_shortlink":"https:\/\/wp.me\/P9xFOr-t","_links":{"self":[{"href":"https:\/\/wp.ufpel.edu.br\/matriculaspave\/wp-json\/wp\/v2\/pages\/29","targetHints":{"allow":["GET"]}}],"collection":[{"href":"https:\/\/wp.ufpel.edu.br\/matriculaspave\/wp-json\/wp\/v2\/pages"}],"about":[{"href":"https:\/\/wp.ufpel.edu.br\/matriculaspave\/wp-json\/wp\/v2\/types\/page"}],"author":[{"embeddable":true,"href":"https:\/\/wp.ufpel.edu.br\/matriculaspave\/wp-json\/wp\/v2\/users\/341"}],"replies":[{"embeddable":true,"href":"https:\/\/wp.ufpel.edu.br\/matriculaspave\/wp-json\/wp\/v2\/comments?post=29"}],"version-history":[{"count":18,"href":"https:\/\/wp.ufpel.edu.br\/matriculaspave\/wp-json\/wp\/v2\/pages\/29\/revisions"}],"predecessor-version":[{"id":3405,"href":"https:\/\/wp.ufpel.edu.br\/matriculaspave\/wp-json\/wp\/v2\/pages\/29\/revisions\/3405"}],"wp:attachment":[{"href":"https:\/\/wp.ufpel.edu.br\/matriculaspave\/wp-json\/wp\/v2\/media?parent=29"}],"curies":[{"name":"wp","href":"https:\/\/api.w.org\/{rel}","templated":true}]}}