{"id":2270,"date":"2022-09-13T14:51:31","date_gmt":"2022-09-13T17:51:31","guid":{"rendered":"https:\/\/wp.ufpel.edu.br\/matriculaspave\/?page_id=2270"},"modified":"2023-01-04T11:08:43","modified_gmt":"2023-01-04T14:08:43","slug":"pave-2022-1","status":"publish","type":"page","link":"https:\/\/wp.ufpel.edu.br\/matriculaspave\/editais\/pave-2022-1\/","title":{"rendered":"PAVE 2022\/1"},"content":{"rendered":"<p><strong>Editais e convoca\u00e7\u00f5es \u2013 PAVE 2022\/1:<\/strong><\/p>\n<ul>\n<li><a href=\"https:\/\/wp.ufpel.edu.br\/matriculaspave\/files\/2022\/05\/SEI_23110.015166_2022_01.pdf\">Edital de matr\u00edculas &#8211; Chamada Regular<\/a>\n<ul>\n<li><a href=\"https:\/\/wp.ufpel.edu.br\/matriculaspave\/files\/2022\/05\/SEI_23110.015166_2022_01-1.pdf\">Edital de matr\u00edculas &#8211; Chamada Regular \u2013 Retifica\u00e7\u00e3o<\/a><\/li>\n<li><a href=\"https:\/\/wp.ufpel.edu.br\/matriculaspave\/files\/2022\/05\/PAVE-20221-Chamada-Regular.pdf\">Lista dos aprovados<\/a><\/li>\n<\/ul>\n<\/li>\n<li><a href=\"https:\/\/wp.ufpel.edu.br\/matriculaspave\/files\/2022\/05\/SEI_23110.015166_2022_01-2.pdf\">Edital de matr\u00edculas &#8211; Lista de espera<\/a>\n<ul>\n<li><a href=\"https:\/\/wp.ufpel.edu.br\/matriculaspave\/files\/2022\/05\/PAVE-20221-Lista-de-espera-Geral.pdf\">Lista de espera &#8211; Geral<\/a><\/li>\n<li><a href=\"https:\/\/wp.ufpel.edu.br\/matriculaspave\/files\/2022\/05\/PAVE-20221-Lista-de-espera-Cotas.pdf\">Lista de espera &#8211; Cotas<\/a><\/li>\n<\/ul>\n<\/li>\n<li><a href=\"https:\/\/wp.ufpel.edu.br\/matriculaspave\/files\/2022\/06\/Convocacao_PAVE-2022_1-Lista-de-espera-Convocacao-Direito.pdf\">Convoca\u00e7\u00e3o (Direito)<\/a><\/li>\n<li><a href=\"https:\/\/wp.ufpel.edu.br\/matriculaspave\/files\/2022\/06\/Convocacao_PAVE-2022_1-Lista-de-espera-Convocacao-Direito-II.pdf\">Convoca\u00e7\u00e3o (Direito)<\/a><\/li>\n<li><a href=\"https:\/\/wp.ufpel.edu.br\/matriculaspave\/files\/2022\/06\/Convocacao_PAVE-2022_1-Lista-de-espera-1a-Convocacao-retificada.pdf\">1\u00aa Convoca\u00e7\u00e3o Retificada<\/a><\/li>\n<li><a href=\"https:\/\/wp.ufpel.edu.br\/matriculaspave\/files\/2022\/06\/SEI_23110.015166_2022_01.pdf\">Edital de matr\u00edculas &#8211; Chamada Especial<\/a>\n<ul>\n<li><a href=\"https:\/\/wp.ufpel.edu.br\/matriculaspave\/files\/2022\/06\/PAVE-2022-1-Lista-de-inscritos-Chamada-especial-Geral.pdf\">Lista de inscritos &#8211; Chamada especial (Geral)<\/a><\/li>\n<li><a href=\"https:\/\/wp.ufpel.edu.br\/matriculaspave\/files\/2022\/06\/PAVE-2022-1-Lista-de-inscritos-Chamada-especial-Cotas.pdf\">Lista de inscritos &#8211; Chamada especial (Cotas)<\/a><\/li>\n<li><a href=\"https:\/\/wp.ufpel.edu.br\/matriculaspave\/files\/2022\/07\/PAVE-2022_1-Lista-de-espera-1a-Chamada-Especial.pdf\">Matriculados \u2013 1\u00aa Chamada Especial<\/a><\/li>\n<li><a href=\"https:\/\/wp.ufpel.edu.br\/matriculaspave\/files\/2022\/08\/Convocacao_PAVE-2022_1-Lista-de-espera-2a-Chamada-Especial.pdf\">Matriculados \u2013 2\u00aa Chamada Especial<\/a><\/li>\n<li><a href=\"https:\/\/wp.ufpel.edu.br\/matriculaspave\/files\/2022\/08\/Convocacao_PAVE-2022_1-Lista-de-espera-3a-Chamada-Especial.pdf\">Matriculados \u2013 3\u00aa Chamada Especial<\/a><\/li>\n<li><a href=\"https:\/\/wp.ufpel.edu.br\/matriculaspave\/files\/2022\/08\/Convocacao_PAVE-2022_1-Lista-de-espera-4a-Chamada-Especial-Retificada.pdf\">Matriculados \u2013 4\u00aa Chamada Especial &#8211; Retificada<\/a><\/li>\n<\/ul>\n<\/li>\n<li>\n<p class=\"kt-adv-heading_54b4b9-df wp-block-kadence-advancedheading\" data-kb-block=\"kb-adv-heading_54b4b9-df\"><strong>Resultados para ingresso nas cotas<\/strong><\/p>\n<ul>\n<li><a href=\"https:\/\/wp.ufpel.edu.br\/matriculaspave\/category\/avaliacao-deficientes\/\">Resultados da avalia\u00e7\u00e3o de defici\u00eancia<\/a><\/li>\n<li><a href=\"https:\/\/wp.ufpel.edu.br\/matriculaspave\/ingresso-por-cotas\/resultados-da-avaliacao-etnico-racial\/\">Resultados da avalia\u00e7\u00e3o \u00e9tnico-racial<\/a><\/li>\n<li><a href=\"https:\/\/wp.ufpel.edu.br\/matriculaspave\/ingresso-por-cotas\/editais-selecao-socioeconomica\/\">Resultados da avalia\u00e7\u00e3o socioecon\u00f4mica<\/a><\/li>\n<\/ul>\n<\/li>\n<\/ul>\n","protected":false},"excerpt":{"rendered":"<p>Editais e convoca\u00e7\u00f5es \u2013 PAVE 2022\/1: Edital de matr\u00edculas &#8211; Chamada Regular Edital de matr\u00edculas &#8211; Chamada Regular \u2013 Retifica\u00e7\u00e3o Lista dos aprovados Edital de matr\u00edculas &#8211; Lista de espera Lista de espera &#8211; Geral Lista de espera &#8211; Cotas Convoca\u00e7\u00e3o (Direito) Convoca\u00e7\u00e3o (Direito) 1\u00aa Convoca\u00e7\u00e3o Retificada Edital de matr\u00edculas &#8211; Chamada Especial Lista de [&hellip;]<\/p>\n","protected":false},"author":341,"featured_media":0,"parent":25,"menu_order":0,"comment_status":"closed","ping_status":"closed","template":"","meta":{"jetpack_post_was_ever_published":false,"footnotes":""},"class_list":["post-2270","page","type-page","status-publish","hentry"],"jetpack_sharing_enabled":true,"jetpack_shortlink":"https:\/\/wp.me\/P9xFOr-AC","_links":{"self":[{"href":"https:\/\/wp.ufpel.edu.br\/matriculaspave\/wp-json\/wp\/v2\/pages\/2270","targetHints":{"allow":["GET"]}}],"collection":[{"href":"https:\/\/wp.ufpel.edu.br\/matriculaspave\/wp-json\/wp\/v2\/pages"}],"about":[{"href":"https:\/\/wp.ufpel.edu.br\/matriculaspave\/wp-json\/wp\/v2\/types\/page"}],"author":[{"embeddable":true,"href":"https:\/\/wp.ufpel.edu.br\/matriculaspave\/wp-json\/wp\/v2\/users\/341"}],"replies":[{"embeddable":true,"href":"https:\/\/wp.ufpel.edu.br\/matriculaspave\/wp-json\/wp\/v2\/comments?post=2270"}],"version-history":[{"count":3,"href":"https:\/\/wp.ufpel.edu.br\/matriculaspave\/wp-json\/wp\/v2\/pages\/2270\/revisions"}],"predecessor-version":[{"id":2464,"href":"https:\/\/wp.ufpel.edu.br\/matriculaspave\/wp-json\/wp\/v2\/pages\/2270\/revisions\/2464"}],"up":[{"embeddable":true,"href":"https:\/\/wp.ufpel.edu.br\/matriculaspave\/wp-json\/wp\/v2\/pages\/25"}],"wp:attachment":[{"href":"https:\/\/wp.ufpel.edu.br\/matriculaspave\/wp-json\/wp\/v2\/media?parent=2270"}],"curies":[{"name":"wp","href":"https:\/\/api.w.org\/{rel}","templated":true}]}}