{"id":2061,"date":"2022-03-23T15:12:45","date_gmt":"2022-03-23T18:12:45","guid":{"rendered":"https:\/\/wp.ufpel.edu.br\/matriculaspave\/?page_id=2061"},"modified":"2023-01-04T11:09:31","modified_gmt":"2023-01-04T14:09:31","slug":"pave-2021-2","status":"publish","type":"page","link":"https:\/\/wp.ufpel.edu.br\/matriculaspave\/editais\/pave-2021-2\/","title":{"rendered":"PAVE 2021\/2"},"content":{"rendered":"<p><strong>Editais e convoca\u00e7\u00f5es \u2013 PAVE 2021\/2:<\/strong><\/p>\n<ul>\n<li><a href=\"https:\/\/wp.ufpel.edu.br\/matriculaspave\/files\/2021\/10\/SEI_23110.030841_2021_32.pdf\">Edital de matr\u00edculas &#8211; Chamada Regular<\/a>\n<ul>\n<li><a href=\"https:\/\/wp.ufpel.edu.br\/matriculaspave\/files\/2021\/10\/Convocacao_PAVE-2021_2-Chamada-Regular.pdf\">Convoca\u00e7\u00e3o &#8211; Chamada Regular<\/a><\/li>\n<\/ul>\n<\/li>\n<li><a href=\"https:\/\/wp.ufpel.edu.br\/matriculaspave\/files\/2021\/11\/SEI_23110.030841_2021_32.pdf\">Edital de matr\u00edculas &#8211; Lista de Espera<\/a>\n<ul>\n<li><a href=\"https:\/\/wp.ufpel.edu.br\/matriculaspave\/files\/2021\/11\/PAVE_2021_2_lista_espera_geral.pdf\">Lista de Espera &#8211; Geral<\/a><\/li>\n<li><a href=\"https:\/\/wp.ufpel.edu.br\/matriculaspave\/files\/2021\/11\/PAVE_2021_2_lista_espera_cotas.pdf\">Lista de Espera &#8211; Cotas<\/a><\/li>\n<\/ul>\n<\/li>\n<li><a href=\"https:\/\/wp.ufpel.edu.br\/matriculaspave\/files\/2021\/11\/Convocacao_PAVE-2021_2-Lista-de-espera-1a-Convocacao.pdf\">1\u00aa Convoca\u00e7\u00e3o<\/a><\/li>\n<li><a href=\"https:\/\/wp.ufpel.edu.br\/matriculaspave\/files\/2021\/11\/Convocacao_PAVE-2021_2-Lista-de-espera-2a-Convocacao.pdf\">2\u00aa Convoca\u00e7\u00e3o<\/a><\/li>\n<li><a href=\"https:\/\/wp.ufpel.edu.br\/matriculaspave\/files\/2021\/12\/Convocacao_PAVE-2021_2-Lista-de-espera-3a-Convocacao.pdf\">3\u00aa Convoca\u00e7\u00e3o<\/a><\/li>\n<li><a href=\"https:\/\/wp.ufpel.edu.br\/matriculaspave\/files\/2022\/01\/Convocacao_PAVE-2021_2-Lista-de-espera-4a-Convocacao.pdf\">4\u00aa Convoca\u00e7\u00e3o<\/a><\/li>\n<li><a href=\"https:\/\/wp.ufpel.edu.br\/matriculaspave\/files\/2022\/01\/Convocacao_PAVE-2021_2-Lista-de-espera-5a-Convocacao.pdf\">5\u00aa Convoca\u00e7\u00e3o<\/a><\/li>\n<li><a href=\"https:\/\/wp.ufpel.edu.br\/matriculaspave\/files\/2022\/02\/Convocacao_PAVE-2021_2-Lista-de-espera-6a-Convocacao.pdf\">6\u00aa Convoca\u00e7\u00e3o<\/a><\/li>\n<li><a href=\"https:\/\/wp.ufpel.edu.br\/matriculaspave\/files\/2022\/03\/Convocacao_PAVE-2021_2-Lista-de-espera-7a-Convocacao.pdf\">7\u00aa Convoca\u00e7\u00e3o<\/a><\/li>\n<li><a href=\"https:\/\/wp.ufpel.edu.br\/matriculaspave\/files\/2022\/03\/Convocacao_PAVE-2021_2-Lista-de-espera-8a-Convocacao.pdf\">8\u00aa Convoca\u00e7\u00e3o<\/a><\/li>\n<li>\n<p class=\"kt-adv-heading_54b4b9-df wp-block-kadence-advancedheading\" data-kb-block=\"kb-adv-heading_54b4b9-df\"><strong>Resultados para ingresso nas cotas<\/strong><\/p>\n<ul>\n<li><a href=\"https:\/\/wp.ufpel.edu.br\/matriculaspave\/category\/avaliacao-deficientes\/\">Resultados da avalia\u00e7\u00e3o de defici\u00eancia<\/a><\/li>\n<li><a href=\"https:\/\/wp.ufpel.edu.br\/matriculaspave\/ingresso-por-cotas\/resultados-da-avaliacao-etnico-racial\/\">Resultados da avalia\u00e7\u00e3o \u00e9tnico-racial<\/a><\/li>\n<li><a href=\"https:\/\/wp.ufpel.edu.br\/matriculaspave\/ingresso-por-cotas\/editais-selecao-socioeconomica\/\">Resultados da avalia\u00e7\u00e3o socioecon\u00f4mica<\/a><\/li>\n<\/ul>\n<\/li>\n<\/ul>\n","protected":false},"excerpt":{"rendered":"<p>Editais e convoca\u00e7\u00f5es \u2013 PAVE 2021\/2: Edital de matr\u00edculas &#8211; Chamada Regular Convoca\u00e7\u00e3o &#8211; Chamada Regular Edital de matr\u00edculas &#8211; Lista de Espera Lista de Espera &#8211; Geral Lista de Espera &#8211; Cotas 1\u00aa Convoca\u00e7\u00e3o 2\u00aa Convoca\u00e7\u00e3o 3\u00aa Convoca\u00e7\u00e3o 4\u00aa Convoca\u00e7\u00e3o 5\u00aa Convoca\u00e7\u00e3o 6\u00aa Convoca\u00e7\u00e3o 7\u00aa Convoca\u00e7\u00e3o 8\u00aa Convoca\u00e7\u00e3o Resultados para ingresso nas cotas Resultados [&hellip;]<\/p>\n","protected":false},"author":743,"featured_media":0,"parent":25,"menu_order":0,"comment_status":"closed","ping_status":"closed","template":"","meta":{"jetpack_post_was_ever_published":false,"footnotes":""},"class_list":["post-2061","page","type-page","status-publish","hentry"],"jetpack_sharing_enabled":true,"jetpack_shortlink":"https:\/\/wp.me\/P9xFOr-xf","_links":{"self":[{"href":"https:\/\/wp.ufpel.edu.br\/matriculaspave\/wp-json\/wp\/v2\/pages\/2061","targetHints":{"allow":["GET"]}}],"collection":[{"href":"https:\/\/wp.ufpel.edu.br\/matriculaspave\/wp-json\/wp\/v2\/pages"}],"about":[{"href":"https:\/\/wp.ufpel.edu.br\/matriculaspave\/wp-json\/wp\/v2\/types\/page"}],"author":[{"embeddable":true,"href":"https:\/\/wp.ufpel.edu.br\/matriculaspave\/wp-json\/wp\/v2\/users\/743"}],"replies":[{"embeddable":true,"href":"https:\/\/wp.ufpel.edu.br\/matriculaspave\/wp-json\/wp\/v2\/comments?post=2061"}],"version-history":[{"count":5,"href":"https:\/\/wp.ufpel.edu.br\/matriculaspave\/wp-json\/wp\/v2\/pages\/2061\/revisions"}],"predecessor-version":[{"id":2465,"href":"https:\/\/wp.ufpel.edu.br\/matriculaspave\/wp-json\/wp\/v2\/pages\/2061\/revisions\/2465"}],"up":[{"embeddable":true,"href":"https:\/\/wp.ufpel.edu.br\/matriculaspave\/wp-json\/wp\/v2\/pages\/25"}],"wp:attachment":[{"href":"https:\/\/wp.ufpel.edu.br\/matriculaspave\/wp-json\/wp\/v2\/media?parent=2061"}],"curies":[{"name":"wp","href":"https:\/\/api.w.org\/{rel}","templated":true}]}}