{"id":1682,"date":"2021-04-01T13:44:26","date_gmt":"2021-04-01T16:44:26","guid":{"rendered":"https:\/\/wp.ufpel.edu.br\/matriculaspave\/?page_id=1682"},"modified":"2023-01-04T11:10:23","modified_gmt":"2023-01-04T14:10:23","slug":"pave-2020-2","status":"publish","type":"page","link":"https:\/\/wp.ufpel.edu.br\/matriculaspave\/editais\/pave-2020-2\/","title":{"rendered":"PAVE 2020\/2"},"content":{"rendered":"<p><strong>Editais e convoca\u00e7\u00f5es \u2013 PAVE 2020\/2:<\/strong><\/p>\n<ul>\n<li><a href=\"https:\/\/wp.ufpel.edu.br\/matriculaspave\/files\/2020\/10\/SEI_23110.026510_2020_17.pdf\">Edital de Matr\u00edculas \u2013 Chamada Regular<\/a>\n<ul>\n<li><a href=\"https:\/\/wp.ufpel.edu.br\/matriculaspave\/files\/2019\/06\/Convocacao_PAVE-2020_2-Chamada-Regular.pdf\">Convoca\u00e7\u00e3o \u2013 Chamada Regular<\/a><\/li>\n<\/ul>\n<\/li>\n<li><a href=\"https:\/\/wp.ufpel.edu.br\/matriculaspave\/files\/2020\/10\/SEI_23110.026510_2020_17-1.pdf\">Edital de Matr\u00edculas \u2013 Lista de Espera<\/a>\n<ul>\n<li><a href=\"https:\/\/wp.ufpel.edu.br\/matriculaspave\/files\/2020\/10\/PAVE-20202-Lista-de-Espera-Geral.pdf\">Lista de Espera \u2013 Geral<\/a><\/li>\n<li><a href=\"https:\/\/wp.ufpel.edu.br\/matriculaspave\/files\/2020\/10\/PAVE-20202-Lista-de-Espera-Cotas.pdf\">Lista de Espera \u2013 Cotas<\/a><\/li>\n<\/ul>\n<\/li>\n<li><a href=\"https:\/\/wp.ufpel.edu.br\/matriculaspave\/files\/2020\/10\/Convocacao_PAVE-2020_2-Lista-de-Espera-1a-Convocacao.pdf\">1\u00aa Convoca\u00e7\u00e3o<\/a><\/li>\n<li><a href=\"https:\/\/wp.ufpel.edu.br\/matriculaspave\/files\/2020\/11\/Convocacao_PAVE-2020_2-Lista-de-Espera-2a-Convocacao.pdf\">2\u00aa Convoca\u00e7\u00e3o<\/a><\/li>\n<li><a href=\"https:\/\/wp.ufpel.edu.br\/matriculaspave\/files\/2020\/11\/Convocacao_PAVE-2020_2-Lista-de-Espera-3a-Convocacao.pdf\">3\u00aa Convoca\u00e7\u00e3o<\/a><\/li>\n<li><a href=\"https:\/\/wp.ufpel.edu.br\/matriculaspave\/files\/2020\/11\/Convocacao_PAVE-2020_2-Lista-de-Espera-4a-Convocacao.pdf\">4\u00aa Convoca\u00e7\u00e3o<\/a><\/li>\n<li><a href=\"https:\/\/wp.ufpel.edu.br\/matriculaspave\/files\/2021\/02\/Convocacao_PAVE-2020_2-Lista-de-Espera-5a-Convocacao.pdf\">5\u00aa Convoca\u00e7\u00e3o<\/a><\/li>\n<li><a href=\"https:\/\/wp.ufpel.edu.br\/matriculaspave\/files\/2021\/02\/Convocacao_PAVE-2020_2-Lista-de-Espera-6a-Convocacao.pdf\">6\u00aa Convoca\u00e7\u00e3o<\/a><\/li>\n<li><a href=\"https:\/\/wp.ufpel.edu.br\/matriculaspave\/files\/2021\/03\/Convocacao_PAVE-2020_2-Lista-de-Espera-7a-Convocacao.pdf\">7\u00aa Convoca\u00e7\u00e3o<\/a><\/li>\n<li><a href=\"https:\/\/wp.ufpel.edu.br\/matriculaspave\/files\/2021\/03\/Convocacao_PAVE-2020_2-Lista-de-Espera-8a-Convocacao.pdf\">8\u00aa Convoca\u00e7\u00e3o<\/a><\/li>\n<li><a href=\"https:\/\/wp.ufpel.edu.br\/matriculaspave\/files\/2021\/03\/Convocacao_PAVE-2020_2-Lista-de-Espera-9a-Convocacao.pdf\">9\u00aa Convoca\u00e7\u00e3o<\/a><\/li>\n<li><a href=\"https:\/\/wp.ufpel.edu.br\/matriculaspave\/files\/2021\/03\/Convocacao_PAVE-2020_2-Lista-de-Espera-10a-Convocacao.pdf\">10\u00aa Convoca\u00e7\u00e3o<\/a><\/li>\n<li>\n<p class=\"kt-adv-heading_54b4b9-df wp-block-kadence-advancedheading\" data-kb-block=\"kb-adv-heading_54b4b9-df\"><strong>Resultados para ingresso nas cotas<\/strong><\/p>\n<ul>\n<li><a href=\"https:\/\/wp.ufpel.edu.br\/matriculaspave\/category\/avaliacao-deficientes\/\">Resultados da avalia\u00e7\u00e3o de defici\u00eancia<\/a><\/li>\n<li><a href=\"https:\/\/wp.ufpel.edu.br\/matriculaspave\/ingresso-por-cotas\/resultados-da-avaliacao-etnico-racial\/\">Resultados da avalia\u00e7\u00e3o \u00e9tnico-racial<\/a><\/li>\n<li><a href=\"https:\/\/wp.ufpel.edu.br\/matriculaspave\/ingresso-por-cotas\/editais-selecao-socioeconomica\/\">Resultados da avalia\u00e7\u00e3o socioecon\u00f4mica<\/a><\/li>\n<\/ul>\n<\/li>\n<\/ul>\n","protected":false},"excerpt":{"rendered":"<p>Editais e convoca\u00e7\u00f5es \u2013 PAVE 2020\/2: Edital de Matr\u00edculas \u2013 Chamada Regular Convoca\u00e7\u00e3o \u2013 Chamada Regular Edital de Matr\u00edculas \u2013 Lista de Espera Lista de Espera \u2013 Geral Lista de Espera \u2013 Cotas 1\u00aa Convoca\u00e7\u00e3o 2\u00aa Convoca\u00e7\u00e3o 3\u00aa Convoca\u00e7\u00e3o 4\u00aa Convoca\u00e7\u00e3o 5\u00aa Convoca\u00e7\u00e3o 6\u00aa Convoca\u00e7\u00e3o 7\u00aa Convoca\u00e7\u00e3o 8\u00aa Convoca\u00e7\u00e3o 9\u00aa Convoca\u00e7\u00e3o 10\u00aa Convoca\u00e7\u00e3o Resultados para [&hellip;]<\/p>\n","protected":false},"author":743,"featured_media":0,"parent":25,"menu_order":0,"comment_status":"closed","ping_status":"closed","template":"","meta":{"jetpack_post_was_ever_published":false,"footnotes":""},"class_list":["post-1682","page","type-page","status-publish","hentry"],"jetpack_sharing_enabled":true,"jetpack_shortlink":"https:\/\/wp.me\/P9xFOr-r8","_links":{"self":[{"href":"https:\/\/wp.ufpel.edu.br\/matriculaspave\/wp-json\/wp\/v2\/pages\/1682","targetHints":{"allow":["GET"]}}],"collection":[{"href":"https:\/\/wp.ufpel.edu.br\/matriculaspave\/wp-json\/wp\/v2\/pages"}],"about":[{"href":"https:\/\/wp.ufpel.edu.br\/matriculaspave\/wp-json\/wp\/v2\/types\/page"}],"author":[{"embeddable":true,"href":"https:\/\/wp.ufpel.edu.br\/matriculaspave\/wp-json\/wp\/v2\/users\/743"}],"replies":[{"embeddable":true,"href":"https:\/\/wp.ufpel.edu.br\/matriculaspave\/wp-json\/wp\/v2\/comments?post=1682"}],"version-history":[{"count":3,"href":"https:\/\/wp.ufpel.edu.br\/matriculaspave\/wp-json\/wp\/v2\/pages\/1682\/revisions"}],"predecessor-version":[{"id":2467,"href":"https:\/\/wp.ufpel.edu.br\/matriculaspave\/wp-json\/wp\/v2\/pages\/1682\/revisions\/2467"}],"up":[{"embeddable":true,"href":"https:\/\/wp.ufpel.edu.br\/matriculaspave\/wp-json\/wp\/v2\/pages\/25"}],"wp:attachment":[{"href":"https:\/\/wp.ufpel.edu.br\/matriculaspave\/wp-json\/wp\/v2\/media?parent=1682"}],"curies":[{"name":"wp","href":"https:\/\/api.w.org\/{rel}","templated":true}]}}