{"id":1227,"date":"2019-11-05T09:17:50","date_gmt":"2019-11-05T12:17:50","guid":{"rendered":"https:\/\/wp.ufpel.edu.br\/matriculaspave\/?page_id=1227"},"modified":"2023-01-04T11:11:33","modified_gmt":"2023-01-04T14:11:33","slug":"pave-2019-2","status":"publish","type":"page","link":"https:\/\/wp.ufpel.edu.br\/matriculaspave\/editais\/pave-2019-2\/","title":{"rendered":"PAVE 2019\/2"},"content":{"rendered":"<p><strong>Editais e convoca\u00e7\u00f5es \u2013 PAVE 2019\/2<\/strong><\/p>\n<ul>\n<li><a href=\"https:\/\/wp.ufpel.edu.br\/matriculaspave\/files\/2019\/06\/SEI_23110.022261_2019_57.pdf\">Edital de Matr\u00edculas \u2013 Chamada Regular<\/a>\n<ul>\n<li><a href=\"https:\/\/wp.ufpel.edu.br\/matriculaspave\/files\/2019\/06\/Convoca\u00e7\u00e3o_PAVE-2019_2-Chamada-Regular.pdf\">Convocados \u2013 Chamada Regular<\/a><\/li>\n<\/ul>\n<\/li>\n<li><a href=\"https:\/\/wp.ufpel.edu.br\/matriculaspave\/files\/2019\/06\/SEI_23110.022261_2019_57-Edital-PAVE-LE-19-2.pdf\">Edital de Matr\u00edculas \u2013 Lista de Espera<\/a>\n<ul>\n<li><a href=\"https:\/\/wp.ufpel.edu.br\/matriculaspave\/files\/2019\/06\/lista_espera_ordenado_por_colocacao-AC-PAVE-19-2.pdf\">Lista de Espera \u2013 Geral<\/a><\/li>\n<li><a href=\"https:\/\/wp.ufpel.edu.br\/matriculaspave\/files\/2019\/06\/lista_espera_ordenado_por_colocacao-Cotas-PAVE-19-2.pdf\">Lista de Espera \u2013 Cotas<\/a><\/li>\n<\/ul>\n<\/li>\n<li><a href=\"https:\/\/wp.ufpel.edu.br\/matriculaspave\/files\/2019\/06\/Convoca\u00e7\u00e3o_PAVE-2019_2-Primeira-Convoca\u00e7\u00e3o.pdf\">Primeira Convoca\u00e7\u00e3o<\/a><\/li>\n<li><a href=\"https:\/\/wp.ufpel.edu.br\/matriculaspave\/files\/2019\/07\/Convoca%C3%A7%C3%A3o_PAVE-2019_2-Lista-de-Espera-2%C2%AA-Convoca%C3%A7%C3%A3o.pdf\">Segunda Convoca\u00e7\u00e3o<\/a><\/li>\n<li><a href=\"https:\/\/wp.ufpel.edu.br\/matriculaspave\/files\/2019\/07\/Convoca\u00e7\u00e3o_PAVE-2019_2-Lista-de-Espera-3\u00aa-Convoca\u00e7\u00e3o.pdf\">Terceira Convoca\u00e7\u00e3o<\/a><\/li>\n<li><a href=\"https:\/\/wp.ufpel.edu.br\/matriculaspave\/files\/2019\/07\/Convoca\u00e7\u00e3o_PAVE-2019_2-Lista-de-Espera-4\u00aa-Convoca\u00e7\u00e3o.pdf\">Quarta Convoca\u00e7\u00e3o<\/a><\/li>\n<li><a href=\"https:\/\/wp.ufpel.edu.br\/matriculaspave\/files\/2019\/08\/Convoca\u00e7\u00e3o_PAVE-2019_2-Lista-de-Espera-5\u00aa-Convoca\u00e7\u00e3o.pdf\">Quinta Convoca\u00e7\u00e3o<\/a><\/li>\n<li><a href=\"https:\/\/wp.ufpel.edu.br\/matriculaspave\/files\/2019\/08\/Convoca\u00e7\u00e3o_PAVE-2019_2-Lista-de-Espera-6\u00aa-Convoca\u00e7\u00e3o.pdf\">Sexta Convoca\u00e7\u00e3o<\/a><\/li>\n<li><a href=\"https:\/\/wp.ufpel.edu.br\/matriculaspave\/files\/2019\/08\/Convoca\u00e7\u00e3o_PAVE-2019_2-Lista-de-Espera-7\u00aa-Convoca\u00e7\u00e3o.pdf\">S\u00e9tima Convoca\u00e7\u00e3o<\/a><\/li>\n<li>\n<p class=\"kt-adv-heading_54b4b9-df wp-block-kadence-advancedheading\" data-kb-block=\"kb-adv-heading_54b4b9-df\"><strong>Resultados para ingresso nas cotas<\/strong><\/p>\n<ul>\n<li><a href=\"https:\/\/wp.ufpel.edu.br\/matriculaspave\/category\/avaliacao-deficientes\/\">Resultados da avalia\u00e7\u00e3o de defici\u00eancia<\/a><\/li>\n<li><a href=\"https:\/\/wp.ufpel.edu.br\/matriculaspave\/ingresso-por-cotas\/resultados-da-avaliacao-etnico-racial\/\">Resultados da avalia\u00e7\u00e3o \u00e9tnico-racial<\/a><\/li>\n<li><a href=\"https:\/\/wp.ufpel.edu.br\/matriculaspave\/ingresso-por-cotas\/editais-selecao-socioeconomica\/\">Resultados da avalia\u00e7\u00e3o socioecon\u00f4mica<\/a><\/li>\n<\/ul>\n<\/li>\n<\/ul>\n","protected":false},"excerpt":{"rendered":"<p>Editais e convoca\u00e7\u00f5es \u2013 PAVE 2019\/2 Edital de Matr\u00edculas \u2013 Chamada Regular Convocados \u2013 Chamada Regular Edital de Matr\u00edculas \u2013 Lista de Espera Lista de Espera \u2013 Geral Lista de Espera \u2013 Cotas Primeira Convoca\u00e7\u00e3o Segunda Convoca\u00e7\u00e3o Terceira Convoca\u00e7\u00e3o Quarta Convoca\u00e7\u00e3o Quinta Convoca\u00e7\u00e3o Sexta Convoca\u00e7\u00e3o S\u00e9tima Convoca\u00e7\u00e3o Resultados para ingresso nas cotas Resultados da avalia\u00e7\u00e3o [&hellip;]<\/p>\n","protected":false},"author":743,"featured_media":0,"parent":25,"menu_order":0,"comment_status":"closed","ping_status":"closed","template":"","meta":{"jetpack_post_was_ever_published":false,"footnotes":""},"class_list":["post-1227","page","type-page","status-publish","hentry"],"jetpack_sharing_enabled":true,"jetpack_shortlink":"https:\/\/wp.me\/P9xFOr-jN","_links":{"self":[{"href":"https:\/\/wp.ufpel.edu.br\/matriculaspave\/wp-json\/wp\/v2\/pages\/1227","targetHints":{"allow":["GET"]}}],"collection":[{"href":"https:\/\/wp.ufpel.edu.br\/matriculaspave\/wp-json\/wp\/v2\/pages"}],"about":[{"href":"https:\/\/wp.ufpel.edu.br\/matriculaspave\/wp-json\/wp\/v2\/types\/page"}],"author":[{"embeddable":true,"href":"https:\/\/wp.ufpel.edu.br\/matriculaspave\/wp-json\/wp\/v2\/users\/743"}],"replies":[{"embeddable":true,"href":"https:\/\/wp.ufpel.edu.br\/matriculaspave\/wp-json\/wp\/v2\/comments?post=1227"}],"version-history":[{"count":2,"href":"https:\/\/wp.ufpel.edu.br\/matriculaspave\/wp-json\/wp\/v2\/pages\/1227\/revisions"}],"predecessor-version":[{"id":2469,"href":"https:\/\/wp.ufpel.edu.br\/matriculaspave\/wp-json\/wp\/v2\/pages\/1227\/revisions\/2469"}],"up":[{"embeddable":true,"href":"https:\/\/wp.ufpel.edu.br\/matriculaspave\/wp-json\/wp\/v2\/pages\/25"}],"wp:attachment":[{"href":"https:\/\/wp.ufpel.edu.br\/matriculaspave\/wp-json\/wp\/v2\/media?parent=1227"}],"curies":[{"name":"wp","href":"https:\/\/api.w.org\/{rel}","templated":true}]}}