{"id":109,"date":"2018-01-12T10:23:58","date_gmt":"2018-01-12T12:23:58","guid":{"rendered":"https:\/\/wp.ufpel.edu.br\/matriculaspave\/?page_id=109"},"modified":"2023-01-04T21:42:02","modified_gmt":"2023-01-05T00:42:02","slug":"resultados-da-avaliacao-etnico-racial","status":"publish","type":"page","link":"https:\/\/wp.ufpel.edu.br\/matriculaspave\/ingresso-por-cotas\/resultados-da-avaliacao-etnico-racial\/","title":{"rendered":"Resultados da avalia\u00e7\u00e3o \u00e9tnico-racial"},"content":{"rendered":"<p><a href=\"https:\/\/wp.ufpel.edu.br\/matriculaspave\/category\/avaliacao-etnia\/\">Resultados da avalia\u00e7\u00e3o \u00e9tnico-racial<\/a><\/p>\n<p>&nbsp;<\/p>\n<p><span style=\"font-family: arial, helvetica, sans-serif; font-size: 14pt;\"><strong>LISTA DE ESPERA 2020\/1 &#8211; TERCEIRA CONVOCA\u00c7\u00c3O<\/strong><\/span><\/p>\n<p><a href=\"https:\/\/wp.ufpel.edu.br\/matriculaspave\/files\/2020\/03\/Relat\u00f3rio-Definitivo-PAVE-2020_1-TERCEIRA-CONVOCA\u00c7\u00c3O.pdf\">Relat\u00f3rio Definitivo PAVE 2020\/1 &#8211; 3\u00aa Convoca\u00e7\u00e3o<\/a><\/p>\n<p><span style=\"font-family: arial, helvetica, sans-serif; font-size: 14pt;\"><strong>LISTA DE ESPERA 2020\/1 &#8211; SEGUNDA CONVOCA\u00c7\u00c3O<\/strong><\/span><\/p>\n<p><a href=\"https:\/\/wp.ufpel.edu.br\/matriculaspave\/files\/2020\/03\/Relat\u00f3rio-Preliminar-PAVE-2\u00aa-CONVOCA\u00c7\u00c3O.pdf\">Relat\u00f3rio Preliminar PAVE 2020\/1 &#8211; 2\u00aa Convoca\u00e7\u00e3o<\/a><\/p>\n<p><span style=\"font-family: arial, helvetica, sans-serif; font-size: 14pt;\"><strong>LISTA DE ESPERA 2020\/1 &#8211; PRIMEIRA CONVOCA\u00c7\u00c3O<br \/>\n<\/strong><\/span><\/p>\n<p><a href=\"https:\/\/wp.ufpel.edu.br\/matriculaspave\/files\/2020\/03\/Relat\u00f3rio_Definitivo_PAVE_2020-1_LISTA-DE-ESPERA_PRIMEIRA-CONVOCA\u00c7\u00c3O.pdf\">Relat\u00f3rio Definitivo PAVE 2020\/1 &#8211; 1\u00aa Convoca\u00e7\u00e3o<\/a><\/p>\n<p><span style=\"font-family: arial, helvetica, sans-serif; font-size: 14pt;\"><strong>CHAMADA REGULAR 2020\/1<\/strong><\/span><\/p>\n<p><a href=\"https:\/\/wp.ufpel.edu.br\/matriculaspave\/files\/2020\/02\/Relat\u00f3rio-Definitivo-PAVE-2020_1-CHAMADA-REGULAR.pdf\">Relat\u00f3rio Definitivo PAVE 2020\/1 &#8211; Chamada Regular<\/a><\/p>\n<p><a href=\"https:\/\/wp.ufpel.edu.br\/matriculaspave\/files\/2020\/01\/Relat\u00f3rio-Preliminar_PAVE-2020_1_Chamada-Regular.pdf\">Relat\u00f3rio Preliminar PAVE 2020\/1 &#8211; Chamada Regular<\/a><\/p>\n<p><span style=\"font-family: arial, helvetica, sans-serif; font-size: 14pt;\"><strong>CHAMADA REGULAR 2019\/2<\/strong><\/span><\/p>\n<p><a href=\"https:\/\/wp.ufpel.edu.br\/matriculaspave\/files\/2019\/06\/PAVE-relat%C3%B3rio_parecer_cotas_Preliminar-CHAMADA-REGULAR-2019-2.pdf\">Relat\u00f3rio Preliminar <\/a><a href=\"https:\/\/wp.ufpel.edu.br\/matriculaspave\/files\/2019\/07\/relat%C3%B3rio_parecer_cotas_Preliminar-PAVE-final.pdf\">cotas_\u00e9tnico-raciais &#8211; PAVE 2019\/2<\/a><a href=\"https:\/\/wp.ufpel.edu.br\/matriculaspave\/files\/2019\/06\/PAVE-relat%C3%B3rio_parecer_cotas_Preliminar-CHAMADA-REGULAR-2019-2.pdf\"> \u2013 Chamada Regular<\/a> 12, 13 e 17\/06<\/p>\n<p><a href=\"https:\/\/wp.ufpel.edu.br\/matriculaspave\/files\/2019\/07\/relat%C3%B3rio_parecer_cotas_Preliminar-PAVE-final.pdf\">Relat\u00f3rio&nbsp; definitivo_cotas_\u00e9tnico-raciais &#8211; PAVE 2019\/2 \u2013<\/a>&nbsp;12, 13 e 17\/06<\/p>\n<p><span style=\"font-family: arial, helvetica, sans-serif; font-size: 14pt;\"><strong>CHAMADA REGULAR 2019\/1<\/strong><\/span><\/p>\n<p><a href=\"https:\/\/wp.ufpel.edu.br\/matriculaspave\/files\/2018\/02\/relat\u00f3rio-PAVE-_parecer_cotas_Preliminar-2018-1-08-e-09-de-fev-2018.pdf\" target=\"_blank\" rel=\"noopener noreferrer\">Relat\u00f3rio Preliminar PAVE -_Chamada Regular &#8211; (24\/01\/2019)<\/a><\/p>\n<p><a href=\"https:\/\/wp.ufpel.edu.br\/naaf\/files\/2019\/02\/relat%C3%B3rio_parecer_cotas_Definitivo-CHAMADA-REGULAR.pdf\" target=\"_blank\" rel=\"noopener noreferrer\">Relat\u00f3rio Definitivo PAVE \u2013 Chamada Regular &#8211; (01\/03\/2019)<\/a><\/p>\n<p><a href=\"https:\/\/wp.ufpel.edu.br\/naaf\/files\/2019\/02\/relat%C3%B3rio_parecer_cotas_Preliminar.pdf\">Relat\u00f3rio Preliminar PAVE \u2013 1\u00aa Lista de Espera \u2013 Parecer Cotas \u00c9tnico-Raciais 2019-1 (12\/02\/2019)<\/a><\/p>\n<p><a href=\"https:\/\/wp.ufpel.edu.br\/naaf\/files\/2019\/03\/relat%C3%B3rio_parecer_cotas_Preliminar-3A-CONVOCA%C3%87%C3%83O.pdf\" target=\"_blank\" rel=\"noopener noreferrer\">Relat\u00f3rio Preliminar PAVE \u2013 3\u00aa Lista de Espera \u2013 Parecer Cotas \u00c9tnico-Raciais 2019-1 (10\/03\/2019)<\/a><\/p>\n<p><span style=\"font-size: 14pt;\"><strong><span style=\"font-family: arial, helvetica, sans-serif;\">CHAMADA REGULAR 2018\/1<\/span><\/strong><\/span><\/p>\n<p><a href=\"https:\/\/wp.ufpel.edu.br\/matriculaspave\/files\/2018\/02\/relat\u00f3rio-PAVE-_parecer_cotas_Preliminar-2018-1-08-e-09-de-fev-2018.pdf\"><span style=\"font-family: arial, helvetica, sans-serif;\">Relat\u00f3rio-PAVE-_CHAMADA REGULAR &#8211; parecer_cotas_\u00c9TNICO RACIAIS Preliminar-2018-1-08-e-09-de-fev-2018<\/span><\/a><\/p>\n<p><span style=\"font-size: 12pt; font-family: arial, helvetica, sans-serif;\"><a href=\"https:\/\/wp.ufpel.edu.br\/matriculaspave\/files\/2018\/03\/relat\u00f3rio-PAVE-_parecer_cotas_Definitivo.pdf\">Relat\u00f3rio FINAL -PAVE-_CHAMADA REGULAR &#8211; parecer_cotas_\u00c9TNICO RACIAIS -2018-1-08-e-09-de-fev-2018<\/a><\/span><\/p>\n<p><span style=\"font-size: 14pt;\"><strong><span style=\"font-family: arial, helvetica, sans-serif;\">CHAMADA REGULAR 2018\/2 e&nbsp;<\/span><\/strong><\/span><span style=\"font-size: 14pt;\"><strong><span style=\"font-family: arial, helvetica, sans-serif;\">LISTA DE ESPERA 2018\/2<\/span><\/strong><\/span><\/p>\n<p><a href=\"https:\/\/wp.ufpel.edu.br\/matriculaspave\/2018\/07\/31\/o-nucleo-de-acoes-afirmativas-e-diversidade-divulga-o-resultado-definitivo-do-processo-seletivo-pave-2018-02-chamada-regular-e-lista-de-espera-primeira-convocacao\/\">Resultado Definitivo do Processo Seletivo PAVE 2018\/2 \u2013 Chamada Regular e Lista de Espera \u2013 Primeira Convoca\u00e7\u00e3o<\/a><\/p>\n<p>&nbsp;<\/p>\n","protected":false},"excerpt":{"rendered":"<p>Resultados da avalia\u00e7\u00e3o \u00e9tnico-racial &nbsp; LISTA DE ESPERA 2020\/1 &#8211; TERCEIRA CONVOCA\u00c7\u00c3O Relat\u00f3rio Definitivo PAVE 2020\/1 &#8211; 3\u00aa Convoca\u00e7\u00e3o LISTA DE ESPERA 2020\/1 &#8211; SEGUNDA CONVOCA\u00c7\u00c3O Relat\u00f3rio Preliminar PAVE 2020\/1 &#8211; 2\u00aa Convoca\u00e7\u00e3o LISTA DE ESPERA 2020\/1 &#8211; PRIMEIRA CONVOCA\u00c7\u00c3O Relat\u00f3rio Definitivo PAVE 2020\/1 &#8211; 1\u00aa Convoca\u00e7\u00e3o CHAMADA REGULAR 2020\/1 Relat\u00f3rio Definitivo PAVE 2020\/1 &#8211; [&hellip;]<\/p>\n","protected":false},"author":341,"featured_media":0,"parent":35,"menu_order":0,"comment_status":"closed","ping_status":"closed","template":"","meta":{"jetpack_post_was_ever_published":false,"footnotes":""},"class_list":["post-109","page","type-page","status-publish","hentry"],"jetpack_sharing_enabled":true,"jetpack_shortlink":"https:\/\/wp.me\/P9xFOr-1L","_links":{"self":[{"href":"https:\/\/wp.ufpel.edu.br\/matriculaspave\/wp-json\/wp\/v2\/pages\/109","targetHints":{"allow":["GET"]}}],"collection":[{"href":"https:\/\/wp.ufpel.edu.br\/matriculaspave\/wp-json\/wp\/v2\/pages"}],"about":[{"href":"https:\/\/wp.ufpel.edu.br\/matriculaspave\/wp-json\/wp\/v2\/types\/page"}],"author":[{"embeddable":true,"href":"https:\/\/wp.ufpel.edu.br\/matriculaspave\/wp-json\/wp\/v2\/users\/341"}],"replies":[{"embeddable":true,"href":"https:\/\/wp.ufpel.edu.br\/matriculaspave\/wp-json\/wp\/v2\/comments?post=109"}],"version-history":[{"count":23,"href":"https:\/\/wp.ufpel.edu.br\/matriculaspave\/wp-json\/wp\/v2\/pages\/109\/revisions"}],"predecessor-version":[{"id":2541,"href":"https:\/\/wp.ufpel.edu.br\/matriculaspave\/wp-json\/wp\/v2\/pages\/109\/revisions\/2541"}],"up":[{"embeddable":true,"href":"https:\/\/wp.ufpel.edu.br\/matriculaspave\/wp-json\/wp\/v2\/pages\/35"}],"wp:attachment":[{"href":"https:\/\/wp.ufpel.edu.br\/matriculaspave\/wp-json\/wp\/v2\/media?parent=109"}],"curies":[{"name":"wp","href":"https:\/\/api.w.org\/{rel}","templated":true}]}}