{"id":99,"date":"2018-04-10T10:53:31","date_gmt":"2018-04-10T13:53:31","guid":{"rendered":"https:\/\/wp.ufpel.edu.br\/mathlibras\/?page_id=99"},"modified":"2023-03-14T20:02:48","modified_gmt":"2023-03-14T23:02:48","slug":"ifm","status":"publish","type":"page","link":"https:\/\/wp.ufpel.edu.br\/mathlibras\/ifm\/","title":{"rendered":"IFM"},"content":{"rendered":"<p><span style=\"color: #000080; font-size: 14pt;\"><strong>Instituto de F\u00edsica e Matem\u00e1tica &#8211; IFM<\/strong><\/span><\/p>\n<p><span style=\"font-size: 14pt;\"><strong>Site<\/strong>:\u00a0<a href=\"https:\/\/wp.ufpel.edu.br\/ifm\/\">https:\/\/wp.ufpel.edu.br\/ifm\/<\/a><\/span><\/p>\n<p>&nbsp;<\/p>\n<p><span style=\"font-size: 12pt;\"><strong>Diretor<\/strong>: Prof. Dr. Fernando Jaques Ruiz Sim\u00f5es Junior<\/span><br \/>\n<span style=\"font-size: 12pt;\"><strong>Vice-Diretor<\/strong>: Prof. Dr. Marco Andr\u00e9 Pald\u00eas da Costa<\/span><br \/>\n<span style=\"font-size: 12pt;\"><strong>Secret\u00e1rio<\/strong>: Thomaz Lopes Kneib<\/span><br \/>\n<span style=\"font-size: 12pt;\"><strong>Telefone<\/strong>: (53) 3275-7343<\/span><br \/>\n<span style=\"font-size: 12pt;\"><strong>E-mail<\/strong>: direcao.ifm@gmail.com<\/span><br \/>\n<span style=\"font-size: 12pt;\"><strong>Endere\u00e7o<\/strong>: Sala 302, pr\u00e9dio 05 \u2013 Campus Cap\u00e3o do Le\u00e3o<\/span><\/p>\n","protected":false},"excerpt":{"rendered":"<p>Instituto de F\u00edsica e Matem\u00e1tica &#8211; IFM Site:\u00a0https:\/\/wp.ufpel.edu.br\/ifm\/ &nbsp; Diretor: Prof. Dr. Fernando Jaques Ruiz Sim\u00f5es Junior Vice-Diretor: Prof. Dr. Marco Andr\u00e9 Pald\u00eas da Costa Secret\u00e1rio: Thomaz Lopes Kneib Telefone: (53) 3275-7343 E-mail: direcao.ifm@gmail.com Endere\u00e7o: Sala 302, pr\u00e9dio 05 \u2013 Campus Cap\u00e3o do Le\u00e3o<\/p>\n","protected":false},"author":839,"featured_media":0,"parent":0,"menu_order":0,"comment_status":"closed","ping_status":"closed","template":"","meta":{"footnotes":""},"class_list":["post-99","page","type-page","status-publish","hentry"],"_links":{"self":[{"href":"https:\/\/wp.ufpel.edu.br\/mathlibras\/wp-json\/wp\/v2\/pages\/99","targetHints":{"allow":["GET"]}}],"collection":[{"href":"https:\/\/wp.ufpel.edu.br\/mathlibras\/wp-json\/wp\/v2\/pages"}],"about":[{"href":"https:\/\/wp.ufpel.edu.br\/mathlibras\/wp-json\/wp\/v2\/types\/page"}],"author":[{"embeddable":true,"href":"https:\/\/wp.ufpel.edu.br\/mathlibras\/wp-json\/wp\/v2\/users\/839"}],"replies":[{"embeddable":true,"href":"https:\/\/wp.ufpel.edu.br\/mathlibras\/wp-json\/wp\/v2\/comments?post=99"}],"version-history":[{"count":9,"href":"https:\/\/wp.ufpel.edu.br\/mathlibras\/wp-json\/wp\/v2\/pages\/99\/revisions"}],"predecessor-version":[{"id":1056,"href":"https:\/\/wp.ufpel.edu.br\/mathlibras\/wp-json\/wp\/v2\/pages\/99\/revisions\/1056"}],"wp:attachment":[{"href":"https:\/\/wp.ufpel.edu.br\/mathlibras\/wp-json\/wp\/v2\/media?parent=99"}],"curies":[{"name":"wp","href":"https:\/\/api.w.org\/{rel}","templated":true}]}}