{"id":765,"date":"2022-08-21T10:49:45","date_gmt":"2022-08-21T13:49:45","guid":{"rendered":"https:\/\/wp.ufpel.edu.br\/mathlibras\/?page_id=765"},"modified":"2023-03-05T17:04:03","modified_gmt":"2023-03-05T20:04:03","slug":"extensao-mathlibras-ano-iv","status":"publish","type":"page","link":"https:\/\/wp.ufpel.edu.br\/mathlibras\/extensao-mathlibras-ano-iv\/","title":{"rendered":"Extens\u00e3o &#8211; MathLibras Ano IV"},"content":{"rendered":"<p><span style=\"font-size: 18pt;\"><span style=\"color: #000000;\">O Projeto de Extens\u00e3o<\/span> <span style=\"color: #000080;\">\u201c<em><strong>MathLibras \u2013 Ano IV<\/strong><\/em>\u201d<\/span> aconteceu e<span style=\"color: #000000;\">ntre\u00a0 <strong>Mar\u00e7o<\/strong> e\u00a0<strong>Dezembro\u00a0de 2022<\/strong>.<\/span><\/span><\/p>\n<p>&nbsp;<\/p>\n<p style=\"text-align: justify;\"><span style=\"color: #000000; font-size: 14pt;\"><strong>RESUMO:\u00a0<\/strong>O Projeto de Extens\u00e3o <strong><em>&#8220;MathLibras<\/em><\/strong> &#8211; Ano IV&#8221; \u00e9 uma continuidade dos Projetos de Extens\u00e3o <strong><em>&#8220;MathLibras<\/em><\/strong> &#8211; Ano 1&#8243;, <strong><em>&#8220;MathLibras<\/em><\/strong> &#8211; Ano II&#8221; e <strong><em>&#8220;MathLibras<\/em><\/strong> &#8211; Ano III&#8221;, originados a partir do projeto de pesquisa &#8220;Produ\u00e7\u00e3o de Videoaulas de Matem\u00e1tica com tradu\u00e7\u00e3o em Libras&#8221;, de 2017, financiado pelo CNPq (2017-2019), e tem como foco principal produzir jogos e materiais did\u00e1ticos com conte\u00fados de matem\u00e1tica com a inser\u00e7\u00e3o da L\u00edngua Brasileira de Sinais &#8211; Libras, buscando a aplica\u00e7\u00e3o por meio de oficinas em escolas, eventos ou outros contextos.<\/span><\/p>\n<p><span style=\"color: #000000; font-size: 14pt;\">Al\u00e9m disso, ampliando a atua\u00e7\u00e3o, busca-se a realiza\u00e7\u00e3o de outras tipos de oficinas, com foco tamb\u00e9m na forma\u00e7\u00e3o de professores, acad\u00eamicos e mestrandos, a partir de diferentes jogos e materiais did\u00e1ticos, vinculadas as \u00e1reas de Educa\u00e7\u00e3o Matem\u00e1tica e Educa\u00e7\u00e3o Matem\u00e1tica Inclusiva.<\/span><\/p>\n<p style=\"text-align: justify;\"><span style=\"color: #000000; font-size: 14pt;\"><strong>OBJETIVO:<\/strong> Produzir materiais e jogos com conte\u00fados de matem\u00e1tica e ministrar oficinas em diferentes contextos que tenham uma perspectiva inclusiva (preferencialmente), com \u00eanfase na Educa\u00e7\u00e3o de Surdos sempre que poss\u00edvel, e abrangendo as \u00e1reas da Educa\u00e7\u00e3o Matem\u00e1tica e Educa\u00e7\u00e3o Matem\u00e1tica Inclusiva. <\/span><\/p>\n<p><span style=\"font-size: 14pt; color: #000000;\"><strong>RESULTADOS:<\/strong>\u00a0<\/span><\/p>\n<p><span style=\"color: #000000; font-size: 14pt;\">Foram ministradas em 2022 um total de <strong>10 oficinas<\/strong>, em tr\u00eas escolas da rede privada de Pelotas, em turmas do 1\u00ba ao 4\u00ba ano do Ensino Fundamental.<\/span><\/p>\n<p><span style=\"font-size: 14pt; color: #000000;\"><strong>EQUIPE:<\/strong><\/span><\/p>\n<p style=\"padding-left: 40px;\"><span style=\"font-size: 14pt; color: #000000;\"><strong>DOCENTES:<\/strong>\u00a0<\/span><\/p>\n<ul>\n<li style=\"list-style-type: none;\">\n<ul>\n<li><span style=\"font-size: 12pt; color: #000000;\">Dra. Tha\u00eds Philipsen Gr\u00fctzmann [Coordenadora]<\/span><\/li>\n<li><span style=\"font-size: 12pt; color: #000000;\">Dr. Ant\u00f4nio Maur\u00edcio Medeiros Alves<\/span><\/li>\n<li><span style=\"font-size: 12pt; color: #000000;\">Dra. Marta Cristina Cezar Pozzobon<\/span><\/li>\n<\/ul>\n<\/li>\n<\/ul>\n<p style=\"padding-left: 40px;\"><span style=\"font-size: 14pt; color: #000000;\"><strong>MESTRANDOS:<\/strong><\/span><\/p>\n<ol>\n<li style=\"list-style-type: none;\">\n<ol>\n<li><span style=\"font-size: 12pt; color: #000000;\">Cristiane Winkel Elert<\/span><\/li>\n<li><span style=\"font-size: 12pt; color: #000000;\">Marcos Aur\u00e9lio da Silva Martins<\/span><\/li>\n<li><span style=\"color: #000000; font-size: 12pt;\">Melissa Novack Oliveira Ribeiro<\/span><\/li>\n<li><span style=\"font-size: 12pt; color: #000000;\">Patricia Michie Umetsubo<\/span><\/li>\n<\/ol>\n<\/li>\n<\/ol>\n<p style=\"padding-left: 40px;\"><span style=\"font-size: 14pt; color: #000000;\"><strong>ACAD\u00caMICOS:<\/strong><\/span><\/p>\n<ol>\n<li style=\"list-style-type: none;\">\n<ol>\n<li><span style=\"color: #000000; font-size: 12pt;\">Adryan Chaves Copello [Cinema e Audiovisual]<\/span><\/li>\n<li><span style=\"font-size: 12pt; color: #000000;\">Helena Pinto da Luz [Letras &#8211; Tradu\u00e7\u00e3o Ingl\u00eas-Portugu\u00eas]<\/span><\/li>\n<li><span style=\"color: #000000; font-size: 12pt;\">Eduardo Wilborn <span style=\"color: #000000;\"> [Cinema e Audiovisual]<\/span><\/span><\/li>\n<li><span style=\"color: #000000; font-size: 12pt;\">Gabriel Henrique Possignolo Gomes <span style=\"color: #000000;\"> [Cinema e Audiovisual]<\/span><\/span><\/li>\n<li><span style=\"color: #000000; font-size: 12pt;\">Kelvin Wendel Bohn <span style=\"color: #000000;\"> [Cinema e Audiovisual]<\/span><\/span><\/li>\n<\/ol>\n<\/li>\n<\/ol>\n<p style=\"padding-left: 40px;\"><span style=\"font-size: 14pt; color: #000000;\"><strong>EXTERNO:<\/strong><\/span><\/p>\n<ol>\n<li style=\"list-style-type: none;\">\n<ol>\n<li><span style=\"font-size: 12pt; color: #000000;\">Heniane Passos Aleixo<\/span><\/li>\n<\/ol>\n<\/li>\n<\/ol>\n","protected":false},"excerpt":{"rendered":"<p>O Projeto de Extens\u00e3o \u201cMathLibras \u2013 Ano IV\u201d aconteceu entre\u00a0 Mar\u00e7o e\u00a0Dezembro\u00a0de 2022. &nbsp; RESUMO:\u00a0O Projeto de Extens\u00e3o &#8220;MathLibras &#8211; Ano IV&#8221; \u00e9 uma continuidade dos Projetos de Extens\u00e3o &#8220;MathLibras &#8211; Ano 1&#8243;, &#8220;MathLibras &#8211; Ano II&#8221; e &#8220;MathLibras &#8211; Ano III&#8221;, originados a partir do projeto de pesquisa &#8220;Produ\u00e7\u00e3o de Videoaulas de Matem\u00e1tica com [&hellip;]<\/p>\n","protected":false},"author":839,"featured_media":0,"parent":0,"menu_order":0,"comment_status":"closed","ping_status":"closed","template":"","meta":{"footnotes":""},"class_list":["post-765","page","type-page","status-publish","hentry"],"_links":{"self":[{"href":"https:\/\/wp.ufpel.edu.br\/mathlibras\/wp-json\/wp\/v2\/pages\/765","targetHints":{"allow":["GET"]}}],"collection":[{"href":"https:\/\/wp.ufpel.edu.br\/mathlibras\/wp-json\/wp\/v2\/pages"}],"about":[{"href":"https:\/\/wp.ufpel.edu.br\/mathlibras\/wp-json\/wp\/v2\/types\/page"}],"author":[{"embeddable":true,"href":"https:\/\/wp.ufpel.edu.br\/mathlibras\/wp-json\/wp\/v2\/users\/839"}],"replies":[{"embeddable":true,"href":"https:\/\/wp.ufpel.edu.br\/mathlibras\/wp-json\/wp\/v2\/comments?post=765"}],"version-history":[{"count":14,"href":"https:\/\/wp.ufpel.edu.br\/mathlibras\/wp-json\/wp\/v2\/pages\/765\/revisions"}],"predecessor-version":[{"id":984,"href":"https:\/\/wp.ufpel.edu.br\/mathlibras\/wp-json\/wp\/v2\/pages\/765\/revisions\/984"}],"wp:attachment":[{"href":"https:\/\/wp.ufpel.edu.br\/mathlibras\/wp-json\/wp\/v2\/media?parent=765"}],"curies":[{"name":"wp","href":"https:\/\/api.w.org\/{rel}","templated":true}]}}