{"id":717,"date":"2022-08-17T15:27:32","date_gmt":"2022-08-17T18:27:32","guid":{"rendered":"https:\/\/wp.ufpel.edu.br\/mathlibras\/?page_id=717"},"modified":"2023-03-14T16:36:20","modified_gmt":"2023-03-14T19:36:20","slug":"publicacoes-2022","status":"publish","type":"page","link":"https:\/\/wp.ufpel.edu.br\/mathlibras\/publicacoes-2022\/","title":{"rendered":"Publica\u00e7\u00f5es 2022"},"content":{"rendered":"<p style=\"text-align: center;\"><span style=\"font-size: 24pt; color: #000080;\"><strong>Publica\u00e7\u00f5es sobre o\u00a0<em>MathLibras<\/em> \u2013 2022 \u2013<\/strong><\/span><\/p>\n<p>&nbsp;<\/p>\n<p><span style=\"font-size: 14pt; color: #333399;\"><strong>Revista Com a Palavra, o Professor<\/strong><\/span><\/p>\n<p><span style=\"color: #000000;\"><strong>Artigo<\/strong>: <a style=\"color: #000000;\" href=\"http:\/\/revista.geem.mat.br\/index.php\/CPP\/article\/view\/775\"><em>Desafios da orienta\u00e7\u00e3o na Educa\u00e7\u00e3o Matem\u00e1tica e\/ou na Educa\u00e7\u00e3o de Surdos<\/em><\/a><\/span><\/p>\n<p><span style=\"color: #000000;\"><strong>Autores<\/strong>: Tha\u00eds Philipsen Gr\u00fctzmann; Tatiana Bolivar Lebedeff<\/span><\/p>\n<p><span style=\"color: #000000;\">v. 7 n. 17 (2022): N\u00famero Tem\u00e1tico: Educa\u00e7\u00e3o Matem\u00e1tica Inclusiva: desafios para o ensino, a aprendizagem, a forma\u00e7\u00e3o e a pesquisa\u00a0<\/span><\/p>\n<p>&nbsp;<\/p>\n<p><span style=\"font-size: 14pt; color: #333399;\"><strong>8\u00aa Semana Integrada de Inova\u00e7\u00e3o, Ensino, Pesquisa e Extens\u00e3o da UFPel \u2013 SIIEPE<\/strong><\/span><\/p>\n<p><span style=\"color: #333399;\"><strong>17 a 21\/out\/2022<\/strong><\/span><\/p>\n<p><span style=\"color: #333399;\"><strong>XXIV Encontro de P\u00f3s-Gradua\u00e7\u00e3o \u2013 ENP\u00d3S\/SIIEPE<\/strong><\/span><\/p>\n<p><span style=\"color: #000000;\"><strong>Artigo<\/strong>: <a style=\"color: #000000;\" href=\"https:\/\/cti.ufpel.edu.br\/siepe\/arquivos\/2022\/CE_04086.pdf\"><em>Uso do v\u00eddeo did\u00e1tico \u201cSoma 3\u201d do projeto MathLibras <\/em><\/a><strong>\u00a0<\/strong><\/span><\/p>\n<p><span style=\"color: #000000;\"><strong>Autores<\/strong>: Melissa Novack Oliveira Ribeiro; Tha\u00eds Philipsen Gr\u00fctzmann<\/span><\/p>\n<p>&nbsp;<\/p>\n<p><span style=\"color: #333399;\"><strong>XXXI Congresso de Inicia\u00e7\u00e3o Cient\u00edfica \u2013 CIC\/SIIEPE<\/strong><\/span><\/p>\n<p><span style=\"color: #000000;\"><strong>Artigo<\/strong>: <a style=\"color: #000000;\" href=\"https:\/\/cti.ufpel.edu.br\/siepe\/arquivos\/2022\/MD_01945.pdf\"><em>Experi\u00eancias audiovisuais no projeto MathLibras<\/em><\/a><\/span><\/p>\n<p><span style=\"color: #000000;\"><strong>Autores<\/strong>: Adryan Chaves Copello; Helena Pinto da Luz; Tatiana Bolivar Lebedeff; Tha\u00eds Philipsen Gr\u00fctzmann<\/span><\/p>\n<p>&nbsp;<\/p>\n<p><span style=\"color: #333399;\"><strong>IX Congresso de Extens\u00e3o e Cultura \u2013 CEC\/SIIEPE<\/strong><\/span><\/p>\n<p><span style=\"color: #000000;\"><strong>Artigo<\/strong>: <a style=\"color: #000000;\" href=\"https:\/\/wp.ufpel.edu.br\/congressoextensao\/files\/2022\/12\/2022EDUCACAO.pdf\"><em>Ilustra\u00e7\u00f5es para o projeto MathLibras \u2013 Ano III<\/em><\/a> (p.25)<\/span><\/p>\n<p><span style=\"color: #000000;\"><strong>Autores<\/strong>: Amanda Mota Ney; Marcos Aur\u00e9lio da Silva Martins; Tha\u00eds Philipsen Gr\u00fctzmann<\/span><\/p>\n<p>&nbsp;<\/p>\n<p><span style=\"color: #000000;\"><strong>Artigo<\/strong>: <a style=\"color: #000000;\" href=\"https:\/\/wp.ufpel.edu.br\/congressoextensao\/files\/2022\/12\/2022EDUCACAO.pdf\"><em>MathLibras \u2013 Ano IV e o retorno das oficinas presenciais de ensino de matem\u00e1tica<\/em><\/a> (p.58)<\/span><\/p>\n<p><span style=\"color: #000000;\"><strong>Autores<\/strong>: Tha\u00eds Philipsen Gr\u00fctzmann; Marcos Aur\u00e9lio da Silva Martins; Patricia Michie Umetsubo Gon\u00e7alves; Cristiane Winkel Elert; Tatiana Bolivar Lebedeff<\/span><\/p>\n<p>&nbsp;<\/p>\n<p><span style=\"color: #000000;\"><strong>Artigo<\/strong>: <em><a style=\"color: #000000;\" href=\"https:\/\/wp.ufpel.edu.br\/congressoextensao\/files\/2022\/12\/2022EDUCACAO.pdf\">Projeto de extens\u00e3o MathLibras \u2013 Ano IV: a oficina da Corrida do Material Dourado<\/a><\/em>(p. 344)<\/span><\/p>\n<p><span style=\"color: #000000;\"><strong>Autores<\/strong>: Marcos Aur\u00e9lio da Silva Martins; Patricia Michie Umetsubo Gon\u00e7alves; Cristiane Winkel Elert; Tha\u00eds Philipsen Gr\u00fctzmann<\/span><\/p>\n<p>&nbsp;<\/p>\n<p><span style=\"font-size: 14pt; color: #333399;\"><strong>XII JETAL &#8211; Jornada de Elabora\u00e7\u00e3o de Materiais, Tecnologia e Aprendizagens de L\u00ednguas\u00a0<\/strong><\/span><\/p>\n<p><strong><span style=\"color: #333399; font-size: 14pt;\">12 e 13 de dezembro, na UFPel<\/span><\/strong><\/p>\n<p><span style=\"color: #000000;\"><strong>Res<span style=\"color: #000000;\">umo<\/span><\/strong>: <a style=\"color: #000000;\" href=\"https:\/\/b504f1d6-c9dc-44f9-b388-9537101ce2d2.filesusr.com\/ugd\/d6d867_149081ec2f3b47c187251cc2560d184d.pdf\"><em>An\u00e1lise do v\u00eddeo \u201cSoma 5\u201d do projeto MathLibras: estrat\u00e9gias lingu\u00edsticas em Libras para v\u00eddeos para crian\u00e7as<\/em><\/a> (p. 30)<\/span><\/p>\n<p><span style=\"color: #000000;\"><strong>Autores<\/strong>: Tatiana Bolivar Lebedeff; Tha\u00eds Philipsen Gr\u00fctzmann; Kelvin Wendel Bohn; Gabriel Henrique Possignolo Gomes\u00a0<\/span><\/p>\n","protected":false},"excerpt":{"rendered":"<p>Publica\u00e7\u00f5es sobre o\u00a0MathLibras \u2013 2022 \u2013 &nbsp; Revista Com a Palavra, o Professor Artigo: Desafios da orienta\u00e7\u00e3o na Educa\u00e7\u00e3o Matem\u00e1tica e\/ou na Educa\u00e7\u00e3o de Surdos Autores: Tha\u00eds Philipsen Gr\u00fctzmann; Tatiana Bolivar Lebedeff v. 7 n. 17 (2022): N\u00famero Tem\u00e1tico: Educa\u00e7\u00e3o Matem\u00e1tica Inclusiva: desafios para o ensino, a aprendizagem, a forma\u00e7\u00e3o e a pesquisa\u00a0 &nbsp; 8\u00aa [&hellip;]<\/p>\n","protected":false},"author":839,"featured_media":0,"parent":0,"menu_order":0,"comment_status":"closed","ping_status":"closed","template":"","meta":{"footnotes":""},"class_list":["post-717","page","type-page","status-publish","hentry"],"_links":{"self":[{"href":"https:\/\/wp.ufpel.edu.br\/mathlibras\/wp-json\/wp\/v2\/pages\/717","targetHints":{"allow":["GET"]}}],"collection":[{"href":"https:\/\/wp.ufpel.edu.br\/mathlibras\/wp-json\/wp\/v2\/pages"}],"about":[{"href":"https:\/\/wp.ufpel.edu.br\/mathlibras\/wp-json\/wp\/v2\/types\/page"}],"author":[{"embeddable":true,"href":"https:\/\/wp.ufpel.edu.br\/mathlibras\/wp-json\/wp\/v2\/users\/839"}],"replies":[{"embeddable":true,"href":"https:\/\/wp.ufpel.edu.br\/mathlibras\/wp-json\/wp\/v2\/comments?post=717"}],"version-history":[{"count":12,"href":"https:\/\/wp.ufpel.edu.br\/mathlibras\/wp-json\/wp\/v2\/pages\/717\/revisions"}],"predecessor-version":[{"id":1009,"href":"https:\/\/wp.ufpel.edu.br\/mathlibras\/wp-json\/wp\/v2\/pages\/717\/revisions\/1009"}],"wp:attachment":[{"href":"https:\/\/wp.ufpel.edu.br\/mathlibras\/wp-json\/wp\/v2\/media?parent=717"}],"curies":[{"name":"wp","href":"https:\/\/api.w.org\/{rel}","templated":true}]}}