{"id":69,"date":"2018-04-10T10:37:04","date_gmt":"2018-04-10T13:37:04","guid":{"rendered":"https:\/\/wp.ufpel.edu.br\/mathlibras\/?page_id=69"},"modified":"2024-03-04T08:19:23","modified_gmt":"2024-03-04T11:19:23","slug":"identidade-visual","status":"publish","type":"page","link":"https:\/\/wp.ufpel.edu.br\/mathlibras\/identidade-visual\/","title":{"rendered":"Identidade Visual"},"content":{"rendered":"<p style=\"text-align: center;\"><span style=\"font-size: 14pt; color: #000000; font-family: georgia, palatino, serif;\">Este \u00e9 o logo do <strong><em>MathLibras:<\/em><\/strong><\/span><\/p>\n<p>&nbsp;<\/p>\n<p><img class=\"size-medium wp-image-4 aligncenter\" src=\"https:\/\/wp.ufpel.edu.br\/mathlibras\/files\/2018\/04\/logo-cor-400x143.png\" alt=\"\" width=\"400\" height=\"143\" srcset=\"https:\/\/wp.ufpel.edu.br\/mathlibras\/files\/2018\/04\/logo-cor-400x143.png 400w, https:\/\/wp.ufpel.edu.br\/mathlibras\/files\/2018\/04\/logo-cor-768x275.png 768w, https:\/\/wp.ufpel.edu.br\/mathlibras\/files\/2018\/04\/logo-cor-1024x367.png 1024w\" sizes=\"(max-width: 400px) 100vw, 400px\" \/><\/p>\n<p>&nbsp;<\/p>\n<p style=\"text-align: center;\"><span style=\"font-size: 14pt; color: #000000; font-family: georgia, palatino, serif;\">Esta \u00e9 a maraca d&#8217;\u00e1gua do <strong><em>MathLibras:<\/em><\/strong><\/span><\/p>\n<p><img class=\"size-medium wp-image-1358 aligncenter\" src=\"https:\/\/wp.ufpel.edu.br\/mathlibras\/files\/2024\/03\/MARCA-FINAL-Marinho-400x225.png\" alt=\"\" width=\"400\" height=\"225\" srcset=\"https:\/\/wp.ufpel.edu.br\/mathlibras\/files\/2024\/03\/MARCA-FINAL-Marinho-400x225.png 400w, https:\/\/wp.ufpel.edu.br\/mathlibras\/files\/2024\/03\/MARCA-FINAL-Marinho-1024x576.png 1024w, https:\/\/wp.ufpel.edu.br\/mathlibras\/files\/2024\/03\/MARCA-FINAL-Marinho-768x432.png 768w, https:\/\/wp.ufpel.edu.br\/mathlibras\/files\/2024\/03\/MARCA-FINAL-Marinho-1536x864.png 1536w, https:\/\/wp.ufpel.edu.br\/mathlibras\/files\/2024\/03\/MARCA-FINAL-Marinho.png 1920w\" sizes=\"(max-width: 400px) 100vw, 400px\" \/><\/p>\n","protected":false},"excerpt":{"rendered":"<p>Este \u00e9 o logo do MathLibras: &nbsp; &nbsp; Esta \u00e9 a maraca d&#8217;\u00e1gua do MathLibras:<\/p>\n","protected":false},"author":839,"featured_media":0,"parent":0,"menu_order":0,"comment_status":"closed","ping_status":"closed","template":"","meta":{"footnotes":""},"class_list":["post-69","page","type-page","status-publish","hentry"],"_links":{"self":[{"href":"https:\/\/wp.ufpel.edu.br\/mathlibras\/wp-json\/wp\/v2\/pages\/69","targetHints":{"allow":["GET"]}}],"collection":[{"href":"https:\/\/wp.ufpel.edu.br\/mathlibras\/wp-json\/wp\/v2\/pages"}],"about":[{"href":"https:\/\/wp.ufpel.edu.br\/mathlibras\/wp-json\/wp\/v2\/types\/page"}],"author":[{"embeddable":true,"href":"https:\/\/wp.ufpel.edu.br\/mathlibras\/wp-json\/wp\/v2\/users\/839"}],"replies":[{"embeddable":true,"href":"https:\/\/wp.ufpel.edu.br\/mathlibras\/wp-json\/wp\/v2\/comments?post=69"}],"version-history":[{"count":5,"href":"https:\/\/wp.ufpel.edu.br\/mathlibras\/wp-json\/wp\/v2\/pages\/69\/revisions"}],"predecessor-version":[{"id":1360,"href":"https:\/\/wp.ufpel.edu.br\/mathlibras\/wp-json\/wp\/v2\/pages\/69\/revisions\/1360"}],"wp:attachment":[{"href":"https:\/\/wp.ufpel.edu.br\/mathlibras\/wp-json\/wp\/v2\/media?parent=69"}],"curies":[{"name":"wp","href":"https:\/\/api.w.org\/{rel}","templated":true}]}}