{"id":628,"date":"2021-04-27T09:24:09","date_gmt":"2021-04-27T12:24:09","guid":{"rendered":"https:\/\/wp.ufpel.edu.br\/mathlibras\/?page_id=628"},"modified":"2022-08-23T15:59:01","modified_gmt":"2022-08-23T18:59:01","slug":"extensao-mathlibras-ano-iii","status":"publish","type":"page","link":"https:\/\/wp.ufpel.edu.br\/mathlibras\/extensao-mathlibras-ano-iii\/","title":{"rendered":"Extens\u00e3o \u2013 MathLibras Ano III"},"content":{"rendered":"<p><span style=\"font-size: 18pt;\"><span style=\"color: #000000;\">O Projeto de Extens\u00e3o<\/span> <span style=\"color: #000080;\">\u201c<em><strong>MathLibras \u2013 Ano III<\/strong><\/em>\u201d<\/span> <span style=\"color: #000000;\">aconteceu entre\u00a0 <strong>Mar\u00e7o\/2021<\/strong>\u00a0a\u00a0<strong>Fevereiro de 2022<\/strong>.<\/span><\/span><\/p>\n<p>&nbsp;<\/p>\n<p style=\"text-align: justify;\"><span style=\"color: #000000; font-size: 14pt;\"><strong>RESUMO:\u00a0<\/strong>O Projeto de Extens\u00e3o &#8220;MathLibras &#8211; Ano III&#8221; \u00e9 uma continuidade dos Projetos de Extens\u00e3o &#8220;MathLibras &#8211; Ano 1&#8221; e &#8220;MathLibras &#8211; Ano II&#8221;, o qual teve sua origem no projeto de pesquisa &#8220;Produ\u00e7\u00e3o de Videoaulas de Matem\u00e1tica com tradu\u00e7\u00e3o em Libras&#8221;, de 2017, financiado pelo CNPq (2017-2019), e tem como foco principal <\/span><span style=\"color: #000000; font-size: 14pt;\">produzir jogos e materiais did\u00e1ticos com conte\u00fados de matem\u00e1tica com inser\u00e7\u00e3o da L\u00edngua Brasileira de Sinais &#8211; Libras, buscando a aplica\u00e7\u00e3o por meio de oficinas em escolas, eventos ou outros contextos.<\/span><\/p>\n<p style=\"text-align: justify;\"><span style=\"color: #000000; font-size: 14pt;\">Al\u00e9m disso, ampliando a atua\u00e7\u00e3o, busca-se a realiza\u00e7\u00e3o de outras oficinas de forma\u00e7\u00e3o de professores, acad\u00eamicos e mestrandos, a partir de diferentes jogos e materiais did\u00e1ticos, vinculadas as \u00e1reas de Educa\u00e7\u00e3o Matem\u00e1tica e Educa\u00e7\u00e3o Matem\u00e1tica Inclusiva.<\/span><\/p>\n<p style=\"text-align: justify;\"><span style=\"color: #000000; font-size: 14pt;\"><strong>OBJETIVO:<\/strong> Produzir materiais e jogos com conte\u00fados de matem\u00e1tica e ministrar oficinas em diferentes contextos que tenham uma perspectiva inclusiva (preferencialmente), com \u00eanfase na Educa\u00e7\u00e3o de Surdos sempre que poss\u00edvel, e abrangendo as \u00e1reas da Educa\u00e7\u00e3o Matem\u00e1tica e Educa\u00e7\u00e3o Matem\u00e1tica Inclusiva. <\/span><\/p>\n<p><span style=\"font-size: 14pt; color: #000000;\"><strong>RESULTADOS:<\/strong> Foram produzidos alguns materiais, dentre eles v\u00e1rias imagens dos personagens Levi e Sara, para a confec\u00e7\u00e3o de um Scape Book vinculado \u00e0 Pesquisa de Mestrado em Educa\u00e7\u00e3o Matem\u00e1tica do volunt\u00e1rio do projeto Marcos Aur\u00e9lio da Silva Martins, bem como para a utiliza\u00e7\u00e3o nos v\u00eddeos. N\u00e3o foram realizadas oficinas presenciais em fun\u00e7\u00e3o da pandemia da Covid-19.\u00a0<\/span><\/p>\n<p>&nbsp;<\/p>\n<p><span style=\"font-size: 14pt; color: #000000;\"><strong>EQUIPE:<\/strong><\/span><\/p>\n<p style=\"padding-left: 40px;\"><span style=\"font-size: 14pt; color: #000000;\"><strong>DOCENTES:<\/strong>\u00a0<\/span><\/p>\n<ul>\n<li style=\"list-style-type: none;\">\n<ul>\n<li><span style=\"font-size: 12pt; color: #000000;\">Dra. Tha\u00eds Philipsen Gr\u00fctzmann [Coordenadora]<\/span><\/li>\n<li><span style=\"font-size: 12pt; color: #000000;\">Dr. Ant\u00f4nio Maur\u00edcio Medeiros Alves<\/span><\/li>\n<li><span style=\"font-size: 12pt; color: #000000;\">Dra. Marta Cristina Cezar Pozzobon<\/span><\/li>\n<li><span style=\"font-size: 12pt; color: #000000;\">Dra. Rozane da Silveira Alves<\/span><\/li>\n<\/ul>\n<\/li>\n<\/ul>\n<p style=\"padding-left: 40px;\"><span style=\"font-size: 14pt; color: #000000;\"><strong>MESTRANDOS:<\/strong><\/span><\/p>\n<ol>\n<li style=\"list-style-type: none;\">\n<ol>\n<li><span style=\"font-size: 12pt; color: #000000;\">Melissa Novack Oliveira Ribeiro<\/span><\/li>\n<li><span style=\"font-size: 12pt; color: #000000;\">Marcos Aur\u00e9lio da Silva Martins<\/span><\/li>\n<li><span style=\"font-size: 12pt; color: #000000;\">Patricia Michie Umetsubo<\/span><\/li>\n<\/ol>\n<\/li>\n<\/ol>\n<p style=\"padding-left: 40px;\"><span style=\"font-size: 14pt; color: #000000;\"><strong>BOLSISTA:<\/strong><\/span><\/p>\n<ol>\n<li style=\"list-style-type: none;\">\n<ol>\n<li><span style=\"font-size: 12pt; color: #000000;\">Amanda Mota Ney [Design Gr\u00e1fico]<\/span><\/li>\n<\/ol>\n<\/li>\n<\/ol>\n<p style=\"padding-left: 40px;\"><span style=\"font-size: 14pt; color: #000000;\"><strong>EXTERNO:<\/strong><\/span><\/p>\n<ol>\n<li style=\"list-style-type: none;\">\n<ol>\n<li><span style=\"font-size: 12pt; color: #000000;\">Heniane Passos Aleixo<\/span><\/li>\n<\/ol>\n<\/li>\n<\/ol>\n","protected":false},"excerpt":{"rendered":"<p>O Projeto de Extens\u00e3o \u201cMathLibras \u2013 Ano III\u201d aconteceu entre\u00a0 Mar\u00e7o\/2021\u00a0a\u00a0Fevereiro de 2022. &nbsp; RESUMO:\u00a0O Projeto de Extens\u00e3o &#8220;MathLibras &#8211; Ano III&#8221; \u00e9 uma continuidade dos Projetos de Extens\u00e3o &#8220;MathLibras &#8211; Ano 1&#8221; e &#8220;MathLibras &#8211; Ano II&#8221;, o qual teve sua origem no projeto de pesquisa &#8220;Produ\u00e7\u00e3o de Videoaulas de Matem\u00e1tica com tradu\u00e7\u00e3o em [&hellip;]<\/p>\n","protected":false},"author":839,"featured_media":0,"parent":0,"menu_order":0,"comment_status":"closed","ping_status":"closed","template":"","meta":{"footnotes":""},"class_list":["post-628","page","type-page","status-publish","hentry"],"_links":{"self":[{"href":"https:\/\/wp.ufpel.edu.br\/mathlibras\/wp-json\/wp\/v2\/pages\/628","targetHints":{"allow":["GET"]}}],"collection":[{"href":"https:\/\/wp.ufpel.edu.br\/mathlibras\/wp-json\/wp\/v2\/pages"}],"about":[{"href":"https:\/\/wp.ufpel.edu.br\/mathlibras\/wp-json\/wp\/v2\/types\/page"}],"author":[{"embeddable":true,"href":"https:\/\/wp.ufpel.edu.br\/mathlibras\/wp-json\/wp\/v2\/users\/839"}],"replies":[{"embeddable":true,"href":"https:\/\/wp.ufpel.edu.br\/mathlibras\/wp-json\/wp\/v2\/comments?post=628"}],"version-history":[{"count":7,"href":"https:\/\/wp.ufpel.edu.br\/mathlibras\/wp-json\/wp\/v2\/pages\/628\/revisions"}],"predecessor-version":[{"id":797,"href":"https:\/\/wp.ufpel.edu.br\/mathlibras\/wp-json\/wp\/v2\/pages\/628\/revisions\/797"}],"wp:attachment":[{"href":"https:\/\/wp.ufpel.edu.br\/mathlibras\/wp-json\/wp\/v2\/media?parent=628"}],"curies":[{"name":"wp","href":"https:\/\/api.w.org\/{rel}","templated":true}]}}