{"id":597,"date":"2021-03-22T10:51:48","date_gmt":"2021-03-22T13:51:48","guid":{"rendered":"https:\/\/wp.ufpel.edu.br\/mathlibras\/?page_id=597"},"modified":"2022-08-23T18:52:05","modified_gmt":"2022-08-23T21:52:05","slug":"atividades-2021","status":"publish","type":"page","link":"https:\/\/wp.ufpel.edu.br\/mathlibras\/atividades-2021\/","title":{"rendered":"Atividades 2021"},"content":{"rendered":"<p style=\"text-align: center;\"><span style=\"color: #800000; font-size: 24pt;\"><strong><em>\u2013 Atividades MathLibras<\/em> 2021 \u2013<\/strong><\/span><\/p>\n<p>&nbsp;<\/p>\n<p><span style=\"color: #000080; font-size: 18pt; background-color: #bab6b6;\"><em><strong>30\u00ba Congresso de Inicia\u00e7\u00e3o Cient\u00edfica \u2013 CIC\/MPU\/FURG<\/strong><\/em><\/span><\/p>\n<p><span style=\"color: #000000;\"><strong>24 a 26 de novembro de 2021 &#8211; FURG &#8211; Rio Grande\/RS [Online]<\/strong><\/span><\/p>\n<p><span style=\"color: #000000;\">Participa\u00e7\u00e3o da bolsista <strong>Amanda Mota Ney<\/strong> e da Profa. Dra. Tha\u00eds Philipsen Gr\u00fctzmann, orientadora, com a apresenta\u00e7\u00e3o do trabalho: <em>Ilustra\u00e7\u00f5es para o projeto MathLibras<\/em><em>: Ano III,<\/em> tendo o mestrando Marcos Aur\u00e9lio da Silve Martins como co-autor.<\/span><\/p>\n<p style=\"text-align: center;\"><span style=\"color: #800000; font-size: 24pt;\"><strong><em><img class=\"alignnone size-medium wp-image-743\" src=\"https:\/\/wp.ufpel.edu.br\/mathlibras\/files\/2022\/08\/amanda-mpu-400x228.png\" alt=\"\" width=\"400\" height=\"228\" srcset=\"https:\/\/wp.ufpel.edu.br\/mathlibras\/files\/2022\/08\/amanda-mpu-400x228.png 400w, https:\/\/wp.ufpel.edu.br\/mathlibras\/files\/2022\/08\/amanda-mpu-1024x583.png 1024w, https:\/\/wp.ufpel.edu.br\/mathlibras\/files\/2022\/08\/amanda-mpu-768x437.png 768w, https:\/\/wp.ufpel.edu.br\/mathlibras\/files\/2022\/08\/amanda-mpu.png 1285w\" sizes=\"(max-width: 400px) 100vw, 400px\" \/><\/em><\/strong><\/span><\/p>\n<p>&nbsp;<\/p>\n<p><span style=\"color: #000000;\">Participa\u00e7\u00e3o da bolsista <strong>Helena Pinto da Luz<\/strong> e da Profa. Dra. Tha\u00eds Philipsen Gr\u00fctzmann, orientadora, com a apresenta\u00e7\u00e3o do trabalho: <em>Os classificadores em foco: an\u00e1lise acerca de sua presen\u00e7a no evento cr\u00edtico \u2018carrossel\u2019 da videoaula \u2018Adi\u00e7\u00e3o em Libras \u2013 Soma 5\u2019 do projeto MathLibras<\/em>, tendo o acad\u00eamico Adryan Cahves Copello e a Profa. Dra. Tatiana Bolivar Lebedeff como co-autores.<\/span><\/p>\n<p><img class=\"alignnone size-medium wp-image-739 aligncenter\" src=\"https:\/\/wp.ufpel.edu.br\/mathlibras\/files\/2022\/08\/helena-mpu-400x228.png\" alt=\"\" width=\"400\" height=\"228\" srcset=\"https:\/\/wp.ufpel.edu.br\/mathlibras\/files\/2022\/08\/helena-mpu-400x228.png 400w, https:\/\/wp.ufpel.edu.br\/mathlibras\/files\/2022\/08\/helena-mpu-1024x584.png 1024w, https:\/\/wp.ufpel.edu.br\/mathlibras\/files\/2022\/08\/helena-mpu-768x438.png 768w, https:\/\/wp.ufpel.edu.br\/mathlibras\/files\/2022\/08\/helena-mpu.png 1290w\" sizes=\"(max-width: 400px) 100vw, 400px\" \/><\/p>\n<p>&nbsp;<\/p>\n<p><span style=\"color: #000080; font-size: 18pt; background-color: #bab6b6;\"><em><strong>XXX Congresso de Inicia\u00e7\u00e3o Cient\u00edfica \u2013 CIC\/SIIEPE\/UFPel<\/strong><\/em><\/span><\/p>\n<p><span style=\"color: #000000;\"><strong>18 a 22 de outubro de 2021 \u2013 UFPel \u2013 Pelotas\/RS [Online]<\/strong><\/span><\/p>\n<p><span style=\"color: #000000;\">Participa\u00e7\u00e3o da bolsista <strong>Helena Pinto da Luz<\/strong> e da Profa. Dra. Tha\u00eds Philipsen Gr\u00fctzmann, orientadora, com a apresenta\u00e7\u00e3o do trabalho: An\u00e1lise do evento cr\u00edtico &#8220;Carrossel&#8221; na videoaula \u201cAdi\u00e7\u00e3o em Libras &#8211; Soma 5\u201d do projeto MathLibras: a descri\u00e7\u00e3o imag\u00e9tica em foco, tendo os acad\u00eamicos Mayummi Arag\u00e3o Campos e Jean Ceiglinski do Amaral\u00a0 Bichet e a Profa. Dra. Tatiana Bolivar Lebedeff como co-autores.<\/span><\/p>\n<p><img class=\"alignnone size-medium wp-image-734 aligncenter\" src=\"https:\/\/wp.ufpel.edu.br\/mathlibras\/files\/2022\/08\/cic-Helena-400x299.png\" alt=\"\" width=\"400\" height=\"299\" srcset=\"https:\/\/wp.ufpel.edu.br\/mathlibras\/files\/2022\/08\/cic-Helena-400x299.png 400w, https:\/\/wp.ufpel.edu.br\/mathlibras\/files\/2022\/08\/cic-Helena-768x574.png 768w, https:\/\/wp.ufpel.edu.br\/mathlibras\/files\/2022\/08\/cic-Helena.png 970w\" sizes=\"(max-width: 400px) 100vw, 400px\" \/><\/p>\n<p>&nbsp;<\/p>\n<p><span style=\"color: #000000;\">Participa\u00e7\u00e3o do bolsista<strong> Jean Ceiglinski do Amaral\u00a0 Bichet<\/strong> e da Profa. Dra. Tha\u00eds Philipsen Gr\u00fctzmann, orientadora, com a apresenta\u00e7\u00e3o do trabalho: Elementos audiovisuais do v\u00eddeo \u201cAdi\u00e7\u00e3o em Libras &#8211; Soma 5\u201d do projeto MathLibras, tendo as acad\u00eamicas Helena Pinto da Luz e Mayummi Arag\u00e3o Campos e a Profa. Dra. Tatiana Bolivar Lebedeff como co-autoras.<\/span><\/p>\n<p><img class=\"alignnone size-medium wp-image-735 aligncenter\" src=\"https:\/\/wp.ufpel.edu.br\/mathlibras\/files\/2022\/08\/cic-JEAN-400x300.png\" alt=\"\" width=\"400\" height=\"300\" srcset=\"https:\/\/wp.ufpel.edu.br\/mathlibras\/files\/2022\/08\/cic-JEAN-400x300.png 400w, https:\/\/wp.ufpel.edu.br\/mathlibras\/files\/2022\/08\/cic-JEAN-1024x768.png 1024w, https:\/\/wp.ufpel.edu.br\/mathlibras\/files\/2022\/08\/cic-JEAN-768x576.png 768w, https:\/\/wp.ufpel.edu.br\/mathlibras\/files\/2022\/08\/cic-JEAN.png 1030w\" sizes=\"(max-width: 400px) 100vw, 400px\" \/><\/p>\n<p>&nbsp;<\/p>\n<p><span style=\"color: #000080; font-size: 18pt; background-color: #bab6b6;\"><em><strong>XXIII Encontro de P\u00f3s-Gradua\u00e7\u00e3o \u2013 ENP\u00d3S\/SIIEPE\/UFPel<\/strong><\/em><\/span><\/p>\n<p><span style=\"color: #000000;\"><strong>18 a 22 de outubro de 2021 \u2013 UFPel \u2013 Pelotas\/RS [Online]<\/strong><\/span><\/p>\n<p><span style=\"color: #000000;\">Participa\u00e7\u00e3o da Profa. Dra. Tha\u00eds Philipsen Gr\u00fctzmann e da Profa. Dra. Tatiana Bolivar Lebedeff, orientadora, com a apresenta\u00e7\u00e3o do trabalho: <strong><em>MathLibras<\/em><\/strong> e o parque de divers\u00f5es: an\u00e1lise matem\u00e1tica do v\u00eddeo soma 5, tendo os acad\u00eamicos Helena Pinto da Luz, Mayummi Arag\u00e3o Campos e Jean Ceiglinski do Amaral\u00a0 Bichet como co-autores.<\/span><\/p>\n<p><img class=\"alignnone size-medium wp-image-736 aligncenter\" src=\"https:\/\/wp.ufpel.edu.br\/mathlibras\/files\/2022\/08\/enpos-Thais-400x302.png\" alt=\"\" width=\"400\" height=\"302\" srcset=\"https:\/\/wp.ufpel.edu.br\/mathlibras\/files\/2022\/08\/enpos-Thais-400x302.png 400w, https:\/\/wp.ufpel.edu.br\/mathlibras\/files\/2022\/08\/enpos-Thais-768x579.png 768w, https:\/\/wp.ufpel.edu.br\/mathlibras\/files\/2022\/08\/enpos-Thais.png 971w\" sizes=\"(max-width: 400px) 100vw, 400px\" \/><\/p>\n<p>&nbsp;<\/p>\n<p><span style=\"color: #000080; font-size: 18pt; background-color: #bab6b6;\"><em><strong>XX Semana Acad\u00eamica da Licenciatura em Matem\u00e1tica &#8211; UFPel<\/strong><\/em><\/span><\/p>\n<p><span style=\"color: #000000;\"><strong>02 a 04 de junho de 2021 \u2013 UFPel \u2013 Pelotas\/RS [Online]<\/strong><\/span><\/p>\n<p><span style=\"color: #000000;\">Participa\u00e7\u00e3o da Profa. Dra. Tha\u00eds Philipsen Gr\u00fctzmann com a palestra intitulada <em>Algumas aproxima\u00e7\u00f5es da Educa\u00e7\u00e3o Matem\u00e1tica Inclusiva<\/em>, fazendo refer\u00eancia ao Projeto <em><strong>MathLibras.<\/strong><\/em><\/span><\/p>\n<p><img class=\"alignnone size-medium wp-image-827 aligncenter\" src=\"https:\/\/wp.ufpel.edu.br\/mathlibras\/files\/2022\/08\/Semana-Academica-Palestra-THAIS-400x223.jpeg\" alt=\"\" width=\"400\" height=\"223\" srcset=\"https:\/\/wp.ufpel.edu.br\/mathlibras\/files\/2022\/08\/Semana-Academica-Palestra-THAIS-400x223.jpeg 400w, https:\/\/wp.ufpel.edu.br\/mathlibras\/files\/2022\/08\/Semana-Academica-Palestra-THAIS-1024x570.jpeg 1024w, https:\/\/wp.ufpel.edu.br\/mathlibras\/files\/2022\/08\/Semana-Academica-Palestra-THAIS-768x428.jpeg 768w, https:\/\/wp.ufpel.edu.br\/mathlibras\/files\/2022\/08\/Semana-Academica-Palestra-THAIS.jpeg 1280w\" sizes=\"(max-width: 400px) 100vw, 400px\" \/><\/p>\n<p><img class=\"alignnone size-medium wp-image-828 aligncenter\" src=\"https:\/\/wp.ufpel.edu.br\/mathlibras\/files\/2022\/08\/Foto1-400x357.png\" alt=\"\" width=\"400\" height=\"357\" srcset=\"https:\/\/wp.ufpel.edu.br\/mathlibras\/files\/2022\/08\/Foto1-400x357.png 400w, https:\/\/wp.ufpel.edu.br\/mathlibras\/files\/2022\/08\/Foto1-768x686.png 768w, https:\/\/wp.ufpel.edu.br\/mathlibras\/files\/2022\/08\/Foto1.png 815w\" sizes=\"(max-width: 400px) 100vw, 400px\" \/><\/p>\n","protected":false},"excerpt":{"rendered":"<p>\u2013 Atividades MathLibras 2021 \u2013 &nbsp; 30\u00ba Congresso de Inicia\u00e7\u00e3o Cient\u00edfica \u2013 CIC\/MPU\/FURG 24 a 26 de novembro de 2021 &#8211; FURG &#8211; Rio Grande\/RS [Online] Participa\u00e7\u00e3o da bolsista Amanda Mota Ney e da Profa. Dra. Tha\u00eds Philipsen Gr\u00fctzmann, orientadora, com a apresenta\u00e7\u00e3o do trabalho: Ilustra\u00e7\u00f5es para o projeto MathLibras: Ano III, tendo o mestrando [&hellip;]<\/p>\n","protected":false},"author":839,"featured_media":0,"parent":0,"menu_order":0,"comment_status":"closed","ping_status":"closed","template":"","meta":{"footnotes":""},"class_list":["post-597","page","type-page","status-publish","hentry"],"_links":{"self":[{"href":"https:\/\/wp.ufpel.edu.br\/mathlibras\/wp-json\/wp\/v2\/pages\/597","targetHints":{"allow":["GET"]}}],"collection":[{"href":"https:\/\/wp.ufpel.edu.br\/mathlibras\/wp-json\/wp\/v2\/pages"}],"about":[{"href":"https:\/\/wp.ufpel.edu.br\/mathlibras\/wp-json\/wp\/v2\/types\/page"}],"author":[{"embeddable":true,"href":"https:\/\/wp.ufpel.edu.br\/mathlibras\/wp-json\/wp\/v2\/users\/839"}],"replies":[{"embeddable":true,"href":"https:\/\/wp.ufpel.edu.br\/mathlibras\/wp-json\/wp\/v2\/comments?post=597"}],"version-history":[{"count":21,"href":"https:\/\/wp.ufpel.edu.br\/mathlibras\/wp-json\/wp\/v2\/pages\/597\/revisions"}],"predecessor-version":[{"id":829,"href":"https:\/\/wp.ufpel.edu.br\/mathlibras\/wp-json\/wp\/v2\/pages\/597\/revisions\/829"}],"wp:attachment":[{"href":"https:\/\/wp.ufpel.edu.br\/mathlibras\/wp-json\/wp\/v2\/media?parent=597"}],"curies":[{"name":"wp","href":"https:\/\/api.w.org\/{rel}","templated":true}]}}