{"id":463,"date":"2020-06-09T09:32:39","date_gmt":"2020-06-09T12:32:39","guid":{"rendered":"https:\/\/wp.ufpel.edu.br\/mathlibras\/?page_id=463"},"modified":"2022-08-23T15:36:29","modified_gmt":"2022-08-23T18:36:29","slug":"extensao-mathlibras-ano-ii","status":"publish","type":"page","link":"https:\/\/wp.ufpel.edu.br\/mathlibras\/extensao-mathlibras-ano-ii\/","title":{"rendered":"Extens\u00e3o &#8211; MathLibras Ano II"},"content":{"rendered":"<p><span style=\"font-size: 18pt; color: #000000;\">O Projeto de Extens\u00e3o\u00a0<\/span><strong><span style=\"font-size: 18pt; color: #333399;\">\u201c<\/span><\/strong><span style=\"font-size: 18pt; color: #000000;\"><strong><span style=\"color: #333399;\"><em>MathLibras &#8211; Ano II\u201d<\/em><\/span><\/strong>\u00a0aconteceu de <\/span><span style=\"font-size: 18pt; color: #000000;\"><strong>Mar\u00e7o\/2020<\/strong>\u00a0a <strong>Fevereiro de 2021<\/strong>.<\/span><\/p>\n<p>&nbsp;<\/p>\n<p><span style=\"font-size: 14pt; color: #000000;\"><strong>RESUMO<span style=\"font-size: 14pt; color: #000000;\">:<\/span><\/strong>\u00a0O Projeto de Extens\u00e3o &#8220;<strong><em>MathLibras &#8211; Ano II<\/em><\/strong>&#8221; \u00e9 uma continuidade do Projeto de Extens\u00e3o &#8220;MathLibras &#8211; Ano 1&#8221;, o qual teve sua origem no projeto de pesquisa &#8220;Produ\u00e7\u00e3o de Videoaulas de Matem\u00e1tica com tradu\u00e7\u00e3o em Libras&#8221;, de 2017, financiado pelo CNPq (2017-2019), e visa produzir jogos e materiais did\u00e1ticos de matem\u00e1tica com inser\u00e7\u00e3o da L\u00edngua Brasileira de Sinais &#8211; Libras, buscando a aplica\u00e7\u00e3o por meio de oficinas em escolas, eventos ou outros contextos. <\/span><\/p>\n<p><span style=\"font-size: 14pt; color: #000000;\"><strong>OBJETIVO:<\/strong>\u00a0Produzir materiais e jogos de matem\u00e1tica adaptados e ministrar oficinas de matem\u00e1tica em diferentes contextos que tenham uma perspectiva inclusiva, com \u00eanfase na Educa\u00e7\u00e3o de Surdos, por\u00e9m abrangendo a Educa\u00e7\u00e3o Matem\u00e1tica Inclusiva em \u00e2mbito maior. <\/span><\/p>\n<p><span style=\"font-size: 14pt; color: #000000;\"><strong>RESULTADOS:<\/strong> Foram aplicadas <strong>4 oficinas virtuais<\/strong> em uma escola da rede privada de Pelotas. Destaca-se que foi o primeiro ano da Covid-19 e as escolas foram fechadas para atividades presenciais.\u00a0\u00a0<\/span><\/p>\n<p><span style=\"font-size: 14pt; color: #000000;\"><strong>E<span style=\"color: #000000;\">QUIPE:<\/span><\/strong><\/span><\/p>\n<p style=\"padding-left: 40px;\"><span style=\"font-size: 14pt; color: #000000;\"><strong>DOCENTES:<\/strong>\u00a0<\/span><\/p>\n<ul>\n<li><span style=\"color: #000000;\">Dra. Tha\u00eds Philipsen Gr\u00fctzmann [Coordenadora]<\/span><\/li>\n<li><span style=\"color: #000000;\">Dr. Ant\u00f4nio Maur\u00edcio Medeiros Alves<\/span><\/li>\n<li><span style=\"color: #000000;\">Dra. Rozane da Silveira Alves<\/span><\/li>\n<\/ul>\n<p style=\"padding-left: 40px;\"><strong><span style=\"font-size: 14pt; color: #000000;\">MESTRANDOS:<\/span><\/strong><\/p>\n<ol>\n<li><span style=\"color: #000000;\">Melissa Novack Oliveira Ribeiro<\/span><\/li>\n<li><span style=\"color: #000000;\">Marcos Aur\u00e9lio da Silva Martins<\/span><\/li>\n<li><span style=\"color: #000000;\">Patricia Michie Umetsubo<\/span><\/li>\n<\/ol>\n","protected":false},"excerpt":{"rendered":"<p>O Projeto de Extens\u00e3o\u00a0\u201cMathLibras &#8211; Ano II\u201d\u00a0aconteceu de Mar\u00e7o\/2020\u00a0a Fevereiro de 2021. &nbsp; RESUMO:\u00a0O Projeto de Extens\u00e3o &#8220;MathLibras &#8211; Ano II&#8221; \u00e9 uma continuidade do Projeto de Extens\u00e3o &#8220;MathLibras &#8211; Ano 1&#8221;, o qual teve sua origem no projeto de pesquisa &#8220;Produ\u00e7\u00e3o de Videoaulas de Matem\u00e1tica com tradu\u00e7\u00e3o em Libras&#8221;, de 2017, financiado pelo CNPq [&hellip;]<\/p>\n","protected":false},"author":839,"featured_media":0,"parent":0,"menu_order":0,"comment_status":"closed","ping_status":"closed","template":"","meta":{"footnotes":""},"class_list":["post-463","page","type-page","status-publish","hentry"],"_links":{"self":[{"href":"https:\/\/wp.ufpel.edu.br\/mathlibras\/wp-json\/wp\/v2\/pages\/463","targetHints":{"allow":["GET"]}}],"collection":[{"href":"https:\/\/wp.ufpel.edu.br\/mathlibras\/wp-json\/wp\/v2\/pages"}],"about":[{"href":"https:\/\/wp.ufpel.edu.br\/mathlibras\/wp-json\/wp\/v2\/types\/page"}],"author":[{"embeddable":true,"href":"https:\/\/wp.ufpel.edu.br\/mathlibras\/wp-json\/wp\/v2\/users\/839"}],"replies":[{"embeddable":true,"href":"https:\/\/wp.ufpel.edu.br\/mathlibras\/wp-json\/wp\/v2\/comments?post=463"}],"version-history":[{"count":9,"href":"https:\/\/wp.ufpel.edu.br\/mathlibras\/wp-json\/wp\/v2\/pages\/463\/revisions"}],"predecessor-version":[{"id":787,"href":"https:\/\/wp.ufpel.edu.br\/mathlibras\/wp-json\/wp\/v2\/pages\/463\/revisions\/787"}],"wp:attachment":[{"href":"https:\/\/wp.ufpel.edu.br\/mathlibras\/wp-json\/wp\/v2\/media?parent=463"}],"curies":[{"name":"wp","href":"https:\/\/api.w.org\/{rel}","templated":true}]}}