{"id":454,"date":"2020-06-09T09:03:27","date_gmt":"2020-06-09T12:03:27","guid":{"rendered":"https:\/\/wp.ufpel.edu.br\/mathlibras\/?page_id=454"},"modified":"2022-08-23T15:58:09","modified_gmt":"2022-08-23T18:58:09","slug":"extensao-mathlibras-ano-i","status":"publish","type":"page","link":"https:\/\/wp.ufpel.edu.br\/mathlibras\/extensao-mathlibras-ano-i\/","title":{"rendered":"Extens\u00e3o &#8211; MathLibras Ano I"},"content":{"rendered":"<p><span style=\"font-size: 18pt; color: #000000;\">O Projeto de Extens\u00e3o <strong><span style=\"font-size: 18pt; color: #333399;\">\u201c<\/span><\/strong><strong><span style=\"color: #333399;\"><em>MathLibras &#8211; Ano I\u201d<\/em><\/span><\/strong>\u00a0aconteceu de <strong>Maio\/2019<\/strong> a <strong>Fevereiro de 2020<\/strong>.<\/span><\/p>\n<p>&nbsp;<\/p>\n<p><span style=\"font-size: 14pt; color: #000000;\"><strong>RESUMO:<\/strong> Projeto de Extens\u00e3o <strong><em>&#8220;MathLibras<\/em><\/strong> &#8211; Ano 1&#8243; tem sua origem no projeto de pesquisa &#8220;Produ\u00e7\u00e3o de Videoaulas de Matem\u00e1tica com tradu\u00e7\u00e3o em Libras&#8221;, de 2017, financiado pelo CNPq, e visa produzir jogos e materiais did\u00e1ticos de matem\u00e1tica com inser\u00e7\u00e3o da L\u00edngua Brasileira de Sinais &#8211; Libras, buscando a aplica\u00e7\u00e3o por meio de oficinas em escolas, eventos ou outros contextos.<\/span><\/p>\n<p><span style=\"font-size: 14pt; color: #000000;\"><strong>OBJETIVO:<\/strong> Produzir materiais e jogos de matem\u00e1tica adaptados e ministrar oficinas de matem\u00e1tica em diferentes contextos que tenham uma perspectiva inclusiva, com \u00eanfase na Educa\u00e7\u00e3o de Surdos.<\/span><\/p>\n<p><span style=\"font-size: 14pt; color: #000000;\"><strong>RESULTADOS:<\/strong> Foram ministradas em 2019 um total de <strong>10 oficinas<\/strong>, em quatro escolas, duas da rede municipal e duas da rede privada.<\/span><\/p>\n<p><span style=\"font-size: 14pt; color: #000000;\"><strong>E<span style=\"color: #000000;\">QUIPE:<\/span><\/strong><\/span><\/p>\n<p style=\"padding-left: 40px;\"><span style=\"font-size: 14pt; color: #000000;\"><strong>DOCENTES:<\/strong>\u00a0<\/span><\/p>\n<ul>\n<li><span style=\"color: #000000;\">Dra. Tha\u00eds Philipsen Gr\u00fctzmann [Coordenadora]<\/span><\/li>\n<li><span style=\"color: #000000;\">Dr. Ant\u00f4nio Maur\u00edcio Medeiros Alves<\/span><\/li>\n<li><span style=\"color: #000000;\">Dra. Rozane da Silveira Alves<\/span><\/li>\n<\/ul>\n<p style=\"padding-left: 40px;\"><strong><span style=\"font-size: 14pt; color: #000000;\">MESTRANDAS:<\/span><\/strong><\/p>\n<ol>\n<li><span style=\"color: #000000;\">Elisabete Strelow de Castro<\/span><\/li>\n<li><span style=\"color: #000000;\">Melissa Novack Oliveira Ribeiro<\/span><\/li>\n<\/ol>\n<p style=\"padding-left: 40px;\"><span style=\"color: #000000;\"><strong><span style=\"font-size: 14pt;\">ACAD\u00caMICOS:\u00a0<\/span><\/strong><\/span><\/p>\n<ol>\n<li><span style=\"color: #000000;\">Filipe Henrique Ramos [Lic. em Matem\u00e1tica]<\/span><\/li>\n<li><span style=\"color: #000000;\">Geilson de Almeida Soares [Lic. em Matem\u00e1tica]<\/span><\/li>\n<li><span style=\"color: #000000;\">Jo\u00e3o Lucas Cruz Fick [Lic. em Matem\u00e1tica]<\/span><\/li>\n<li><span style=\"color: #000000;\">Marcos Aur\u00e9lio da Silva Martins [Lic. em Matem\u00e1tica]<\/span><\/li>\n<li><span style=\"color: #000000;\">Mauricio Alves Ramos [Lic. em Matem\u00e1tica]<\/span><\/li>\n<li><span style=\"color: #000000;\">Patricia Michie Umetsubo [Lic. em Matem\u00e1tica]<\/span><\/li>\n<li><span style=\"color: #000000;\">Priscila Indian Conceicao Rangel [Lic. em Matem\u00e1tica]<\/span><\/li>\n<li><span style=\"color: #000000;\">Shelda Mendes Ribeiro Costa [Lic. em Matem\u00e1tica]<\/span><\/li>\n<li><span style=\"color: #000000;\">Stephanie Oliveira Herrmann [Lic. em Matem\u00e1tica]<\/span><\/li>\n<\/ol>\n<p>&nbsp;<\/p>\n","protected":false},"excerpt":{"rendered":"<p>O Projeto de Extens\u00e3o \u201cMathLibras &#8211; Ano I\u201d\u00a0aconteceu de Maio\/2019 a Fevereiro de 2020. &nbsp; RESUMO: Projeto de Extens\u00e3o &#8220;MathLibras &#8211; Ano 1&#8243; tem sua origem no projeto de pesquisa &#8220;Produ\u00e7\u00e3o de Videoaulas de Matem\u00e1tica com tradu\u00e7\u00e3o em Libras&#8221;, de 2017, financiado pelo CNPq, e visa produzir jogos e materiais did\u00e1ticos de matem\u00e1tica com inser\u00e7\u00e3o [&hellip;]<\/p>\n","protected":false},"author":839,"featured_media":0,"parent":0,"menu_order":0,"comment_status":"closed","ping_status":"closed","template":"","meta":{"footnotes":""},"class_list":["post-454","page","type-page","status-publish","hentry"],"_links":{"self":[{"href":"https:\/\/wp.ufpel.edu.br\/mathlibras\/wp-json\/wp\/v2\/pages\/454","targetHints":{"allow":["GET"]}}],"collection":[{"href":"https:\/\/wp.ufpel.edu.br\/mathlibras\/wp-json\/wp\/v2\/pages"}],"about":[{"href":"https:\/\/wp.ufpel.edu.br\/mathlibras\/wp-json\/wp\/v2\/types\/page"}],"author":[{"embeddable":true,"href":"https:\/\/wp.ufpel.edu.br\/mathlibras\/wp-json\/wp\/v2\/users\/839"}],"replies":[{"embeddable":true,"href":"https:\/\/wp.ufpel.edu.br\/mathlibras\/wp-json\/wp\/v2\/comments?post=454"}],"version-history":[{"count":10,"href":"https:\/\/wp.ufpel.edu.br\/mathlibras\/wp-json\/wp\/v2\/pages\/454\/revisions"}],"predecessor-version":[{"id":796,"href":"https:\/\/wp.ufpel.edu.br\/mathlibras\/wp-json\/wp\/v2\/pages\/454\/revisions\/796"}],"wp:attachment":[{"href":"https:\/\/wp.ufpel.edu.br\/mathlibras\/wp-json\/wp\/v2\/media?parent=454"}],"curies":[{"name":"wp","href":"https:\/\/api.w.org\/{rel}","templated":true}]}}