{"id":445,"date":"2020-06-04T17:43:40","date_gmt":"2020-06-04T20:43:40","guid":{"rendered":"https:\/\/wp.ufpel.edu.br\/mathlibras\/?page_id=445"},"modified":"2025-08-05T18:49:54","modified_gmt":"2025-08-05T21:49:54","slug":"pesquisa-na-ufpel","status":"publish","type":"page","link":"https:\/\/wp.ufpel.edu.br\/mathlibras\/pesquisa-na-ufpel\/","title":{"rendered":"Pesquisa na UFPel"},"content":{"rendered":"<p><span style=\"color: #000000; font-size: 14pt;\">A<strong> Pesquisa<\/strong> &#8220;<strong><span style=\"color: #000080;\"><em>Produ\u00e7\u00e3o de Videoaulas de Matem\u00e1tica com tradu\u00e7\u00e3o em Libras<\/em><\/span><\/strong>&#8220;, foi vinculado a UFPel, no mesmo per\u00edodo de vig\u00eancia junto ao CNPq (2017-2019).<\/span><\/p>\n<p><span style=\"color: #000000; font-size: 14pt;\">Na prorroga\u00e7\u00e3o a pesquisa foi desenvolvida at\u00e9 <strong>31\/12\/2021<\/strong>.\u00a0<\/span><\/p>\n<p>&nbsp;<\/p>\n<p><span style=\"background-color: #c7c5c5; font-size: 18pt;\"><strong><span style=\"color: #000080; background-color: #c7c5c5;\">Nova Etapa &#8211; 2021 a 2028<\/span><\/strong><\/span><\/p>\n<p><span style=\"font-size: 14pt; color: #000000;\">A partir de 01\/07\/2021 teve in\u00edcio a Pesquisa <span style=\"color: #000080;\"><strong><em>Educa\u00e7\u00e3o Matem\u00e1tica Inclusiva: MathLibras e outros entrela\u00e7amentos<\/em><\/strong><\/span>, com vig\u00eancia at\u00e9 30\/09\/2024. A prorroga\u00e7\u00e3o foi aceita at\u00e9 30\/09\/2028.\u00a0<\/span><\/p>\n<p><span style=\"font-size: 14pt; color: #000000;\"><strong>Resumo<\/strong>:<\/span><\/p>\n<p style=\"text-align: justify;\"><span style=\"color: #000000;\">A pesquisa \u201c<strong><em>Educa\u00e7\u00e3o Matem\u00e1tica Inclusiva: MathLibras e outros entrela\u00e7amento<\/em><\/strong>s\u201d \u00e9 uma amplia\u00e7\u00e3o da Pesquisa \u201c<strong><em>Produ\u00e7\u00e3o de Videoaulas de Matem\u00e1tica com tradu\u00e7\u00e3o em Libras \u2013 MathLibras<\/em><\/strong>\u201d, desenvolvido de 2017 a 2021. Vincula-se ao GEEMAI &#8211; Grupo de Estudos sobre Educa\u00e7\u00e3o Matem\u00e1tica com \u00eanfase nos Anos Iniciais, na linha <strong><em>Educa\u00e7\u00e3o Matem\u00e1tica Inclusiva<\/em><\/strong>. Nesta perspectiva, prop\u00f5em-se as seguintes quest\u00f5es investigativas: O que \u00e9 Educa\u00e7\u00e3o Matem\u00e1tica Inclusiva? Quais s\u00e3o os sujeitos atendidos pela Educa\u00e7\u00e3o Matem\u00e1tica Inclusiva? Como discutir e problematizar a Educa\u00e7\u00e3o Matem\u00e1tica Inclusiva nas aulas da gradua\u00e7\u00e3o, da p\u00f3s-gradua\u00e7\u00e3o e em projetos? O que precisa ser considerado no ensino de Matem\u00e1tica para alunos surdos? E para alunos com surdocegueira? Como as quest\u00f5es da visualidade auxiliam no aprendizado da Matem\u00e1tica?<\/span><\/p>\n<p style=\"text-align: justify;\"><span style=\"color: #000000;\">Al\u00e9m disso, busca fazer aproxima\u00e7\u00f5es tamb\u00e9m com o Laborat\u00f3rio de Ensino de Matem\u00e1tica, a partir de reflex\u00f5es sobre a forma\u00e7\u00e3o do professor que ensina Matem\u00e1tica, com a utiliza\u00e7\u00e3o de diferentes materiais did\u00e1ticos.<\/span><\/p>\n<p style=\"text-align: justify;\"><span style=\"color: #000000;\">O grupo de professores e demais profissionais da \u00e1rea vem pensando em quest\u00f5es referentes ao ensino de Matem\u00e1tica para os alunos surdos e com surdocegueira, com um dos enfoques na acessibilidade lingu\u00edstica e na pedagogia visual, de forma a contribuir com a forma\u00e7\u00e3o de professores e, principalmente, em como oferecer ao aluno surdo e com surdocegueira recursos que o auxiliem em seu processo de constru\u00e7\u00e3o do conhecimento.<\/span><\/p>\n<p style=\"text-align: justify;\"><span style=\"color: #000000;\">A perspectiva te\u00f3rico-metodol\u00f3gica est\u00e1 alicer\u00e7ada nos estudos sobre Educa\u00e7\u00e3o Matem\u00e1tica Inclusiva, Educa\u00e7\u00e3o de Surdos e de pessoas com Surdocegueira e produ\u00e7\u00e3o de materiais did\u00e1ticos e\/ou jogos, no sentido de aplicar e\/ou analisar os materiais produzidos ao longo do processo. Pretende-se colaborar com a forma\u00e7\u00e3o de professores que ensinam Matem\u00e1tica, disponibilizando os resultados da pesquisa para docentes, discentes dos cursos de licenciatura e p\u00f3s-gradua\u00e7\u00e3o e professores das escolas de Educa\u00e7\u00e3o B\u00e1sica.<\/span><\/p>\n<p><span style=\"font-size: 14pt; color: #000000;\"><strong>Objetivos<\/strong>:<\/span><\/p>\n<p><span style=\"color: #000000;\">O <em><strong>objetivo geral<\/strong><\/em> \u00e9 problematizar e discutir sobre a Educa\u00e7\u00e3o Matem\u00e1tica Inclusiva no processo formativo, inicial e continuado, do professor que ensina Matem\u00e1tica.<\/span><\/p>\n<p><span style=\"color: #000000;\">Os <em><strong>objetivos espec\u00edficos<\/strong><\/em> s\u00e3o: <\/span><br \/>\n<span style=\"color: #000000;\">\u2022 Organizar grupo de estudos sobre Educa\u00e7\u00e3o Matem\u00e1tica Inclusiva, com \u00eanfase na Educa\u00e7\u00e3o de Surdos e de pessoas com Surdocegueira; <\/span><br \/>\n<span style=\"color: #000000;\">\u2022 Buscar aproxima\u00e7\u00f5es entre a Educa\u00e7\u00e3o Matem\u00e1tica Inclusiva e o Laborat\u00f3rio de Ensino de Matem\u00e1tica;<\/span><br \/>\n<span style=\"color: #000000;\">\u2022 Identificar e pensar propostas de ensino e aprendizagem para os diferentes sujeitos, incluindo os que s\u00e3o atendidos pela Educa\u00e7\u00e3o Matem\u00e1tica Inclusiva, com possibilidade de produ\u00e7\u00e3o de materiais did\u00e1ticos e\/ou jogos;<\/span><br \/>\n<span style=\"color: #000000;\">\u2022 Dar continuidade ao projeto <strong><em>MathLibras<\/em><\/strong>, a partir da elabora\u00e7\u00e3o, grava\u00e7\u00e3o e edi\u00e7\u00e3o videoaulas de Matem\u00e1tica b\u00e1sica em Libras, incluindo legenda e \u00e1udio em portugu\u00eas;<\/span><br \/>\n<span style=\"color: #000000;\">\u2022 Analisar as videoaulas j\u00e1 produzidas pelo <strong><em>MathLibras<\/em><\/strong>;<\/span><br \/>\n<span style=\"color: #000000;\">\u2022 Disponibilizar as videoaulas produzidas no canal do <strong><em>MathLibras<\/em> <\/strong>no YouTube; <\/span><br \/>\n<span style=\"color: #000000;\">\u2022 Escrever artigos a partir dos resultados obtidos durante a pesquisa para divulgar o trabalho na academia e na sociedade.<\/span><\/p>\n<p>&nbsp;<\/p>\n<p><span style=\"font-size: 14pt; color: #000000;\"><strong>EQUIPE (em Agosto\/2025):<\/strong><\/span><\/p>\n<p style=\"padding-left: 40px;\"><span style=\"font-size: 14pt; color: #000000;\"><strong>DOCENTES:<\/strong>\u00a0<\/span><\/p>\n<ul>\n<li style=\"list-style-type: none;\">\n<ul>\n<li><span style=\"font-size: 14pt; color: #000000;\">Dra. Tha\u00eds Philipsen Gr\u00fctzmann [Coordenadora &#8211; DEMAT\/IFM\/UFPel]<\/span><\/li>\n<li><span style=\"color: #000000; font-size: 14pt;\">Dra. Tatiana Bolivar Lebedeff [Coordenadora Adjunta &#8211; CLC\/UFPel]<\/span><\/li>\n<li><span style=\"font-size: 14pt; color: #000000;\">Msc. Ivana Gomes da Silva (CLC\/UFPel)<\/span><\/li>\n<li><span style=\"font-size: 14pt; color: #000000;\">Msc. Daniel Lopes Romeu (CLC\/UFPel)<\/span><\/li>\n<\/ul>\n<\/li>\n<\/ul>\n<ul>\n<li style=\"list-style-type: none;\"><\/li>\n<\/ul>\n<p style=\"padding-left: 40px;\"><span style=\"font-size: 14pt; color: #000000;\"><strong>MESTRANDAS:<\/strong><\/span><\/p>\n<ol>\n<li style=\"list-style-type: none;\">\n<ol>\n<li><span style=\"font-size: 14pt; color: #000000;\">Alice Carina Venzke Redmer (PPGEMAT &#8211; Turma 2024)<\/span><\/li>\n<li><span style=\"font-size: 14pt; color: #000000;\">Cl\u00e1udia Adriana Avila da Silva (PPGEMAT &#8211; Turma 2024)<\/span><\/li>\n<li><span style=\"font-size: 14pt; color: #000000;\">Juliane Alves Ribeiro de Moura (PPGEMAT &#8211; Turma 2024)<\/span><\/li>\n<\/ol>\n<\/li>\n<\/ol>\n<p style=\"padding-left: 40px;\"><span style=\"font-size: 14pt; color: #000000;\"><strong>BOLSISTAS VIGENTE:<\/strong><\/span><\/p>\n<ol>\n<li style=\"list-style-type: none;\">\n<ol>\n<li><span style=\"font-size: 14pt; color: #000000;\">Andriw Vieira Burkert (Abr-Nov\/24; Mai\/25-Ago\/26)<\/span><\/li>\n<li><span style=\"color: #000000; font-size: 14pt;\">Camila Avila da Silva (Mai\/25-Ago\/26)<\/span><\/li>\n<li><span style=\"color: #000000; font-size: 14pt;\">Ruan Piedras da Silveira (Mai-Nov\/25)<\/span><\/li>\n<\/ol>\n<\/li>\n<\/ol>\n<p style=\"padding-left: 40px;\"><span style=\"font-size: 14pt; color: #000000;\"><strong>EXTERNOS:<\/strong><\/span><\/p>\n<ol>\n<li style=\"list-style-type: none;\">\n<ol>\n<li><span style=\"color: #000000; font-size: 14pt;\">Cristiane Winkel Elert (PPGEMAT &#8211; Turma 2022)<\/span><\/li>\n<li><span style=\"font-size: 14pt; color: #000000;\">Fabiane Carvalho B\u00f6hm (PPGEMAT &#8211; Turma 2016)<\/span><\/li>\n<li><span style=\"font-size: 14pt; color: #000000;\">Heniane Passos Aleixo (PPGEMAT &#8211; Turma 2017)<\/span><\/li>\n<li><span style=\"color: #000000; font-size: 14pt;\">Magda Josiele Souza de Souza (PPGEMAT &#8211; Turma 2023)<\/span><\/li>\n<li><span style=\"font-size: 14pt; color: #000000;\">Marcos Aur\u00e9lio da Silva Martins (PPGEMAT &#8211; Turma 2020)<\/span><\/li>\n<li><span style=\"font-size: 14pt; color: #000000;\">Melissa Novack Oliveira Ribeiro (PPGEMAT &#8211; Turma 2019)<\/span><\/li>\n<\/ol>\n<\/li>\n<\/ol>\n<p style=\"padding-left: 40px;\"><span style=\"font-size: 14pt; color: #000000;\"><strong>EX-BOLSISTAS:<\/strong><\/span><\/p>\n<ol>\n<li style=\"list-style-type: none;\">\n<ol>\n<li><span style=\"font-size: 14pt; color: #000000;\">Mayummi Arag\u00e3o Campos (Ago\/20-Mai\/21)<\/span><\/li>\n<li><span style=\"font-size: 14pt; color: #000000;\">Jean Ceiglinski do Amaral Bichet (Jun\/21-Jul\/21)<\/span><\/li>\n<li><span style=\"color: #000000; font-size: 14pt;\">Helena Pinto da Luz (Ago\/21 &#8211; Jul\/22)<\/span><\/li>\n<li><span style=\"color: #000000; font-size: 14pt;\">Adryan Chaves Copello\u00a0 (Ago\/21 &#8211; Ago\/22)<\/span><\/li>\n<li><span style=\"color: #000000; font-size: 14pt;\">Eduardo Wilborn (Set\/22)<\/span><\/li>\n<li><span style=\"font-size: 14pt; color: #000000;\">Indi do R\u00eago Medeiros (Abr-Nov\/23)<\/span><\/li>\n<li><span style=\"font-size: 14pt; color: #000000;\">Gabriel Henrique Possignolo Gomes (Set\/22-Abr\/25)<\/span><\/li>\n<li><span style=\"font-size: 14pt; color: #000000;\">Kelvin Wendel Bohn (Ago\/22-Abr\/25)<\/span><\/li>\n<\/ol>\n<\/li>\n<\/ol>\n<ol>\n<li style=\"list-style-type: none;\"><\/li>\n<\/ol>\n","protected":false},"excerpt":{"rendered":"<p>A Pesquisa &#8220;Produ\u00e7\u00e3o de Videoaulas de Matem\u00e1tica com tradu\u00e7\u00e3o em Libras&#8220;, foi vinculado a UFPel, no mesmo per\u00edodo de vig\u00eancia junto ao CNPq (2017-2019). Na prorroga\u00e7\u00e3o a pesquisa foi desenvolvida at\u00e9 31\/12\/2021.\u00a0 &nbsp; Nova Etapa &#8211; 2021 a 2028 A partir de 01\/07\/2021 teve in\u00edcio a Pesquisa Educa\u00e7\u00e3o Matem\u00e1tica Inclusiva: MathLibras e outros entrela\u00e7amentos, com [&hellip;]<\/p>\n","protected":false},"author":839,"featured_media":0,"parent":0,"menu_order":0,"comment_status":"closed","ping_status":"closed","template":"","meta":{"footnotes":""},"class_list":["post-445","page","type-page","status-publish","hentry"],"_links":{"self":[{"href":"https:\/\/wp.ufpel.edu.br\/mathlibras\/wp-json\/wp\/v2\/pages\/445","targetHints":{"allow":["GET"]}}],"collection":[{"href":"https:\/\/wp.ufpel.edu.br\/mathlibras\/wp-json\/wp\/v2\/pages"}],"about":[{"href":"https:\/\/wp.ufpel.edu.br\/mathlibras\/wp-json\/wp\/v2\/types\/page"}],"author":[{"embeddable":true,"href":"https:\/\/wp.ufpel.edu.br\/mathlibras\/wp-json\/wp\/v2\/users\/839"}],"replies":[{"embeddable":true,"href":"https:\/\/wp.ufpel.edu.br\/mathlibras\/wp-json\/wp\/v2\/comments?post=445"}],"version-history":[{"count":20,"href":"https:\/\/wp.ufpel.edu.br\/mathlibras\/wp-json\/wp\/v2\/pages\/445\/revisions"}],"predecessor-version":[{"id":1717,"href":"https:\/\/wp.ufpel.edu.br\/mathlibras\/wp-json\/wp\/v2\/pages\/445\/revisions\/1717"}],"wp:attachment":[{"href":"https:\/\/wp.ufpel.edu.br\/mathlibras\/wp-json\/wp\/v2\/media?parent=445"}],"curies":[{"name":"wp","href":"https:\/\/api.w.org\/{rel}","templated":true}]}}