{"id":344,"date":"2020-06-04T13:48:21","date_gmt":"2020-06-04T16:48:21","guid":{"rendered":"https:\/\/wp.ufpel.edu.br\/mathlibras\/?page_id=344"},"modified":"2021-03-22T10:47:27","modified_gmt":"2021-03-22T13:47:27","slug":"noticias-2020","status":"publish","type":"page","link":"https:\/\/wp.ufpel.edu.br\/mathlibras\/noticias-2020\/","title":{"rendered":"Atividades 2020"},"content":{"rendered":"<p style=\"text-align: center\"><span style=\"color: #69150c;font-size: 24pt\"><strong><em>&#8211; Atividades MathLibras<\/em> 2020 &#8211;<\/strong><\/span><\/p>\n<p>&nbsp;<\/p>\n<p><em><strong><span style=\"font-size: 18pt;color: #000080;background-color: #999999\"><span style=\"color: #000080;background-color: #cfcaca;font-size: 18pt\">XXIX Congresso de Inicia\u00e7\u00e3o Cient\u00edfica &#8211; CIC\/UFPel<\/span><\/span><\/strong><\/em><\/p>\n<p><span style=\"color: #000000\"><strong>23 a 27 de novembro de 2020 \u2013 UFPel \u2013 Pelotas\/RS [Online]<\/strong><\/span><\/p>\n<p><span style=\"color: #000000\">Participa\u00e7\u00e3o da bolsista <strong>Mayummi Arag\u00e3o Campos<\/strong> e da Profa. Dra. Tha\u00eds Philipsen Gr\u00fctzmann, orientadora, com a apresenta\u00e7\u00e3o do trabalho:\u00a0<a style=\"color: #000000\" href=\"https:\/\/wp.ufpel.edu.br\/mathlibras\/files\/2021\/03\/Anais-CIC-May-MD_02696.pdf\"><em>Matem\u00e1tica e surdo: resultados iniciais da pesquisa bibliogr\u00e1fica para o projeto MathLibras<\/em><\/a>, tendo a acad\u00eamica Helena Pinto da Luz e a Profa. Dra. Tatiana Bolivar Lebedeff como co-autoras.<\/span><\/p>\n<p><img class=\"size-medium wp-image-542 aligncenter\" src=\"https:\/\/wp.ufpel.edu.br\/mathlibras\/files\/2020\/12\/cic-site-400x272.jpg\" alt=\"\" width=\"400\" height=\"272\" srcset=\"https:\/\/wp.ufpel.edu.br\/mathlibras\/files\/2020\/12\/cic-site-400x272.jpg 400w, https:\/\/wp.ufpel.edu.br\/mathlibras\/files\/2020\/12\/cic-site.jpg 735w\" sizes=\"(max-width: 400px) 100vw, 400px\" \/><\/p>\n<p>&nbsp;<\/p>\n<p><span style=\"color: #000000\">Participa\u00e7\u00e3o da bolsista <strong>Helena Pinto da Luz<\/strong>\u00a0e da Profa. Dra. Tha\u00eds Philipsen Gr\u00fctzmann, orientadora, com a apresenta\u00e7\u00e3o do trabalho:\u00a0<a style=\"color: #000000\" href=\"https:\/\/wp.ufpel.edu.br\/mathlibras\/files\/2021\/03\/Anais-CIC-Helena-MD_01059.pdf\"><em>A utiliza\u00e7\u00e3o de descri\u00e7\u00f5es imag\u00e9ticas e de classificadores em rela\u00e7\u00e3o ao p\u00fablico-alvo do v\u00eddeo \u201cadi\u00e7\u00e3o em libras \u2013 soma 5\u201d do projeto MathLibras<\/em><\/a>, tendo a acad\u00eamica Mayummi Arag\u00e3o Campos e a Profa. Dra. Tatiana Bolivar Lebedeff como co-autoras.<\/span><\/p>\n<p><img class=\"size-medium wp-image-583 aligncenter\" src=\"https:\/\/wp.ufpel.edu.br\/mathlibras\/files\/2021\/03\/CIC-Helena-Foto-400x327.jpg\" alt=\"\" width=\"400\" height=\"327\" srcset=\"https:\/\/wp.ufpel.edu.br\/mathlibras\/files\/2021\/03\/CIC-Helena-Foto-400x327.jpg 400w, https:\/\/wp.ufpel.edu.br\/mathlibras\/files\/2021\/03\/CIC-Helena-Foto.jpg 723w\" sizes=\"(max-width: 400px) 100vw, 400px\" \/><\/p>\n<p>&nbsp;<\/p>\n<p><em><strong><span style=\"font-size: 18pt;color: #000080;background-color: #999999\"><span style=\"color: #000080;background-color: #cfcaca;font-size: 18pt\">VII Congresso de Extens\u00e3o e Cultura &#8211; CEC\/UFPel<\/span><\/span><\/strong><\/em><\/p>\n<p><span style=\"color: #000000\"><strong>23 a 27 de novembro de 2020 \u2013 UFPel \u2013 Pelotas\/RS [Online]<\/strong><\/span><\/p>\n<p><span style=\"color: #000000\">Participa\u00e7\u00e3o da mestranda <strong>Patricia Michie Umetsubo Gon\u00e7alves<\/strong> e da Profa. Dra. Tha\u00eds Philipsen Gr\u00fctzmann, orientadora, com a apresenta\u00e7\u00e3o do trabalho: <a style=\"color: #000000\" href=\"https:\/\/wp.ufpel.edu.br\/mathlibras\/files\/2021\/03\/Anais-CEC-Patricia-Tema-6.pdf\"><em>Trilha das Opera\u00e7\u00f5es no 2\u00ba ano: Matem\u00e1tica, linguagem e Libras<\/em><\/a><i>,<\/i>\u00a0tendo o mestrando Marcos Aur\u00e9lio da Silva Martins como co-autor.<\/span><\/p>\n<p><img class=\"size-medium wp-image-582 aligncenter\" src=\"https:\/\/wp.ufpel.edu.br\/mathlibras\/files\/2021\/03\/CEC-Patricia-Foto-400x276.jpg\" alt=\"\" width=\"400\" height=\"276\" srcset=\"https:\/\/wp.ufpel.edu.br\/mathlibras\/files\/2021\/03\/CEC-Patricia-Foto-400x276.jpg 400w, https:\/\/wp.ufpel.edu.br\/mathlibras\/files\/2021\/03\/CEC-Patricia-Foto-768x531.jpg 768w, https:\/\/wp.ufpel.edu.br\/mathlibras\/files\/2021\/03\/CEC-Patricia-Foto.jpg 887w\" sizes=\"(max-width: 400px) 100vw, 400px\" \/><\/p>\n<p><span style=\"color: #000000\">Participa\u00e7\u00e3o do mestrando <strong>Marcos Aur\u00e9lio da Silva Martins<\/strong> e da Profa. Dra. Tha\u00eds Philipsen Gr\u00fctzmann, orientadora, com a apresenta\u00e7\u00e3o do trabalho: <a style=\"color: #000000\" href=\"https:\/\/wp.ufpel.edu.br\/mathlibras\/files\/2021\/03\/Anais-CEC-Marcos-Tema-5.pdf\"><em>Material Dourado adaptado com tampinhas: o relato da primeira oficina realizada<\/em><\/a>,\u00a0tendo a mestranda Patricia Michie Umetsubo Gon\u00e7alves e a Profa. Ms. da Educa\u00e7\u00e3o B\u00e1sica Thaiana Neuenfeld Philipsen como co-autoras.<\/span><\/p>\n<p><img class=\"size-medium wp-image-581 aligncenter\" src=\"https:\/\/wp.ufpel.edu.br\/mathlibras\/files\/2021\/03\/CEC-Marcos-Foto-400x283.jpg\" alt=\"\" width=\"400\" height=\"283\" srcset=\"https:\/\/wp.ufpel.edu.br\/mathlibras\/files\/2021\/03\/CEC-Marcos-Foto-400x283.jpg 400w, https:\/\/wp.ufpel.edu.br\/mathlibras\/files\/2021\/03\/CEC-Marcos-Foto-768x543.jpg 768w, https:\/\/wp.ufpel.edu.br\/mathlibras\/files\/2021\/03\/CEC-Marcos-Foto.jpg 845w\" sizes=\"(max-width: 400px) 100vw, 400px\" \/><\/p>\n<p><span style=\"color: #000000\">Participa\u00e7\u00e3o da Profa. Dra. <strong>Tha\u00eds Philipsen Gr\u00fctzmann<\/strong> e da Profa. Dra. Tatiana Bolivar Lebedeff , orientadora, com a apresenta\u00e7\u00e3o do trabalho <a style=\"color: #000000\" href=\"https:\/\/wp.ufpel.edu.br\/mathlibras\/files\/2021\/03\/Anais-CEC-Thais-Tema-3.pdf\"><em>MathLibras e a primeira oficina virtual em 2020<\/em><\/a>, tendo os mestrandos Marcos Aur\u00e9lio da Silva Martins e Patricia Michie Umetsubo Gon\u00e7alves e a Profa. Ms. da Educa\u00e7\u00e3o B\u00e1sica Thaiana Neuenfeld Philipsen como co-autores.<\/span><\/p>\n<p><img class=\"alignnone size-medium wp-image-538 aligncenter\" src=\"https:\/\/wp.ufpel.edu.br\/mathlibras\/files\/2020\/12\/2020_11_23-CEC-MathLibras-Ts03-SITE-400x274.jpg\" alt=\"\" width=\"400\" height=\"274\" srcset=\"https:\/\/wp.ufpel.edu.br\/mathlibras\/files\/2020\/12\/2020_11_23-CEC-MathLibras-Ts03-SITE-400x274.jpg 400w, https:\/\/wp.ufpel.edu.br\/mathlibras\/files\/2020\/12\/2020_11_23-CEC-MathLibras-Ts03-SITE-768x527.jpg 768w, https:\/\/wp.ufpel.edu.br\/mathlibras\/files\/2020\/12\/2020_11_23-CEC-MathLibras-Ts03-SITE.jpg 897w\" sizes=\"(max-width: 400px) 100vw, 400px\" \/><\/p>\n<p>&nbsp;<\/p>\n<p><em><strong><span style=\"font-size: 18pt;color: #000080;background-color: #999999\"><span style=\"color: #000080;background-color: #cfcaca;font-size: 18pt\">XXII Encontro de P\u00f3s-Gradua\u00e7\u00e3o &#8211; ENPOS\/UFPel<\/span><\/span><\/strong><\/em><\/p>\n<p><span style=\"color: #000000\"><strong>23 a 27 de novembro de 2020 \u2013 UFPel \u2013 Pelotas\/RS [Online]<\/strong><\/span><\/p>\n<p><span style=\"color: #000000\">Participa\u00e7\u00e3o da Profa. Dra. <strong>Tha\u00eds Philipsen Gr\u00fctzmann<\/strong> e da Profa. Dra. Tatiana Bolivar Lebedeff , orientadora, com a apresenta\u00e7\u00e3o do trabalho: <a style=\"color: #000000\" href=\"https:\/\/wp.ufpel.edu.br\/mathlibras\/files\/2021\/03\/Anais-ENPOS-Thais-MD_00820.pdf\"><em>Projeto MathLibras: an\u00e1lise da produ\u00e7\u00e3o da videoaula Subtra\u00e7\u00e3o 2<\/em><\/a>.\u00a0<\/span><\/p>\n<p><img class=\"alignnone size-medium wp-image-547 aligncenter\" src=\"https:\/\/wp.ufpel.edu.br\/mathlibras\/files\/2020\/12\/2020_11_27-ENPOS-Thais02-SITE-400x274.jpg\" alt=\"\" width=\"400\" height=\"274\" srcset=\"https:\/\/wp.ufpel.edu.br\/mathlibras\/files\/2020\/12\/2020_11_27-ENPOS-Thais02-SITE-400x274.jpg 400w, https:\/\/wp.ufpel.edu.br\/mathlibras\/files\/2020\/12\/2020_11_27-ENPOS-Thais02-SITE-768x526.jpg 768w, https:\/\/wp.ufpel.edu.br\/mathlibras\/files\/2020\/12\/2020_11_27-ENPOS-Thais02-SITE.jpg 871w\" sizes=\"(max-width: 400px) 100vw, 400px\" \/><\/p>\n<p>&nbsp;<\/p>\n<p>&nbsp;<\/p>\n<p><em><strong><span style=\"font-size: 18pt;color: #000080;background-color: #999999\"><span style=\"color: #000080;background-color: #cfcaca;font-size: 18pt\">29\u00ba Congresso de Inicia\u00e7\u00e3o Cient\u00edfica &#8211; MPU\/FURG<\/span><\/span><\/strong><\/em><\/p>\n<p><span style=\"color: #000000\"><strong>11 a 13 de novembro de 2020 \u2013 FURG \u2013 Rio Grande\/RS [Online]<\/strong><\/span><\/p>\n<p><span style=\"color: #000000\">Participa\u00e7\u00e3o da bolsista <strong>Mayummi Arag\u00e3o Campos<\/strong> e da Profa. Dra. Tha\u00eds Philipsen Gr\u00fctzmann, orientadora, com a apresenta\u00e7\u00e3o do trabalho: <a href=\"https:\/\/wp.ufpel.edu.br\/mathlibras\/files\/2021\/03\/2020-ANAIS_MPU-Mayummi.pdf\"><em>Matem\u00e1tica e v\u00eddeo: primeiros resultados da pesquisa bibliogr\u00e1fica para o projeto MathLibras<\/em><\/a><strong>, <\/strong>tendo a acad\u00eamica Helena Pinto da Luz e a Profa. Dra. Tatiana Bolivar Lebedeff como co-autoras.<\/span><\/p>\n<p><img class=\"size-medium wp-image-499 aligncenter\" src=\"https:\/\/wp.ufpel.edu.br\/mathlibras\/files\/2020\/11\/2020_11_11-Video-MPU-May-400x281.jpg\" alt=\"\" width=\"400\" height=\"281\" srcset=\"https:\/\/wp.ufpel.edu.br\/mathlibras\/files\/2020\/11\/2020_11_11-Video-MPU-May-400x281.jpg 400w, https:\/\/wp.ufpel.edu.br\/mathlibras\/files\/2020\/11\/2020_11_11-Video-MPU-May-768x540.jpg 768w, https:\/\/wp.ufpel.edu.br\/mathlibras\/files\/2020\/11\/2020_11_11-Video-MPU-May.jpg 875w\" sizes=\"(max-width: 400px) 100vw, 400px\" \/><\/p>\n<p>&nbsp;<\/p>\n<p><span style=\"color: #000000\">Participa\u00e7\u00e3o da bolsista <strong>Helena Pinto da Luz<\/strong> e da Profa. Dra. Tha\u00eds Philipsen Gr\u00fctzmann, orientadora, com a apresenta\u00e7\u00e3o do trabalho: <a href=\"https:\/\/wp.ufpel.edu.br\/mathlibras\/files\/2021\/03\/2020-ANAIS_MPU-Helena.pdf\"><em>Os processos tradut\u00f3rios presentes na produ\u00e7\u00e3o do v\u00eddeo \u201cSubtra\u00e7\u00e3o em Libras \u2013 Subtra\u00e7\u00e3o 2\u201d do projeto MathLibras<\/em><\/a>, tendo a acad\u00eamica Mayummi Arag\u00e3o Campos e a Profa. Dra. Tatiana Bolivar Lebedeff como co-autoras.<\/span><\/p>\n<p><img class=\"size-medium wp-image-498 aligncenter\" src=\"https:\/\/wp.ufpel.edu.br\/mathlibras\/files\/2020\/11\/2020_11_11-Video-MPU-Helena-400x338.jpg\" alt=\"\" width=\"400\" height=\"338\" srcset=\"https:\/\/wp.ufpel.edu.br\/mathlibras\/files\/2020\/11\/2020_11_11-Video-MPU-Helena-400x338.jpg 400w, https:\/\/wp.ufpel.edu.br\/mathlibras\/files\/2020\/11\/2020_11_11-Video-MPU-Helena.jpg 723w\" sizes=\"(max-width: 400px) 100vw, 400px\" \/><\/p>\n<p>&nbsp;<\/p>\n<p>&nbsp;<\/p>\n<p><span style=\"font-size: 18pt;color: #000080;background-color: #999999\"><em><strong><span style=\"color: #000080;background-color: #cfcaca;font-size: 18pt\">Projeto Racha Cuca &#8211; Escola Mario Quintana<\/span><\/strong><\/em><\/span><\/p>\n<p><span style=\"color: #000000\">Em fun\u00e7\u00e3o do cen\u00e1rio da Pandemia do Covid-19 durante o ano de 2020 foram realizadas <strong>4 oficinas virtuais<\/strong> pelo Projeto de Extens\u00e3o <strong><em>MathLibras<\/em> &#8211; Ano II<\/strong>, em parceria com o Projeto Racha Cuca. As oficinas foram ministradas pela coordenadora do <em>MathLibras,<\/em> Profa. Dra. Tha\u00eds Philipsen Gr\u00fctzmann.<\/span><\/p>\n<p><span style=\"color: #000000\"><strong>30 de outubro de 2020<\/strong><\/span><\/p>\n<p><span style=\"color: #000000\"><strong>Oficina<\/strong>: <\/span><span style=\"color: #000080\"><em>Quem ser\u00e1 que tem mais ovos?\u00a0\u00a0<\/em><\/span><\/p>\n<p><img class=\"size-medium wp-image-589 aligncenter\" src=\"https:\/\/wp.ufpel.edu.br\/mathlibras\/files\/2021\/03\/Oficina-4-MQ-Virtual-Quem-tem-mais-ovos-FOTO-400x300.jpg\" alt=\"\" width=\"400\" height=\"300\" srcset=\"https:\/\/wp.ufpel.edu.br\/mathlibras\/files\/2021\/03\/Oficina-4-MQ-Virtual-Quem-tem-mais-ovos-FOTO-400x300.jpg 400w, https:\/\/wp.ufpel.edu.br\/mathlibras\/files\/2021\/03\/Oficina-4-MQ-Virtual-Quem-tem-mais-ovos-FOTO-768x576.jpg 768w, https:\/\/wp.ufpel.edu.br\/mathlibras\/files\/2021\/03\/Oficina-4-MQ-Virtual-Quem-tem-mais-ovos-FOTO.jpg 960w\" sizes=\"(max-width: 400px) 100vw, 400px\" \/><\/p>\n<p>&nbsp;<\/p>\n<p><span style=\"color: #000000\"><strong>16 de outubro de 2020<\/strong><\/span><\/p>\n<p><span style=\"color: #000000\"><strong>Oficina<\/strong>: <\/span><span style=\"color: #000080\"><em>O Gato Xadrez e as figuras geom\u00e9tricas<\/em><\/span><\/p>\n<p><img class=\"alignnone size-medium wp-image-588 aligncenter\" src=\"https:\/\/wp.ufpel.edu.br\/mathlibras\/files\/2021\/03\/Oficina-3-MQ-Virtual-Gato-Xadrez-FOTO-400x300.jpg\" alt=\"\" width=\"400\" height=\"300\" srcset=\"https:\/\/wp.ufpel.edu.br\/mathlibras\/files\/2021\/03\/Oficina-3-MQ-Virtual-Gato-Xadrez-FOTO-400x300.jpg 400w, https:\/\/wp.ufpel.edu.br\/mathlibras\/files\/2021\/03\/Oficina-3-MQ-Virtual-Gato-Xadrez-FOTO-768x576.jpg 768w, https:\/\/wp.ufpel.edu.br\/mathlibras\/files\/2021\/03\/Oficina-3-MQ-Virtual-Gato-Xadrez-FOTO.jpg 960w\" sizes=\"(max-width: 400px) 100vw, 400px\" \/><\/p>\n<p>&nbsp;<\/p>\n<p><span style=\"color: #000000\"><strong>02 de outubro de 2020<\/strong><\/span><\/p>\n<p><span style=\"color: #000000\"><strong>Oficina<\/strong>: <\/span><span style=\"color: #000080\"><em>Borboletas e Dobraduras<\/em><\/span><\/p>\n<p><img class=\"size-medium wp-image-587 aligncenter\" src=\"https:\/\/wp.ufpel.edu.br\/mathlibras\/files\/2021\/03\/Oficina-2-MQ-Virtual-Borboleta-de-Dobradura-FOTO-400x300.jpg\" alt=\"\" width=\"400\" height=\"300\" srcset=\"https:\/\/wp.ufpel.edu.br\/mathlibras\/files\/2021\/03\/Oficina-2-MQ-Virtual-Borboleta-de-Dobradura-FOTO-400x300.jpg 400w, https:\/\/wp.ufpel.edu.br\/mathlibras\/files\/2021\/03\/Oficina-2-MQ-Virtual-Borboleta-de-Dobradura-FOTO-768x576.jpg 768w, https:\/\/wp.ufpel.edu.br\/mathlibras\/files\/2021\/03\/Oficina-2-MQ-Virtual-Borboleta-de-Dobradura-FOTO.jpg 960w\" sizes=\"(max-width: 400px) 100vw, 400px\" \/><\/p>\n<p>&nbsp;<\/p>\n<p><span style=\"color: #000000\"><strong>25 de setembro de 2020 <\/strong><\/span><\/p>\n<p><span style=\"color: #000000\"><strong>Oficina<\/strong>: <\/span><span style=\"color: #000080\"><em><span style=\"color: #000000\"><span style=\"color: #000080\">Conhecendo os n\u00fameros em Libras<\/span><\/span><\/em><\/span><\/p>\n<p><img class=\"alignnone size-medium wp-image-586 aligncenter\" src=\"https:\/\/wp.ufpel.edu.br\/mathlibras\/files\/2021\/03\/Oficina-1-MQ-Virtual-Numeros-em-libras-e-corpo-FOTO-400x300.jpg\" alt=\"\" width=\"400\" height=\"300\" srcset=\"https:\/\/wp.ufpel.edu.br\/mathlibras\/files\/2021\/03\/Oficina-1-MQ-Virtual-Numeros-em-libras-e-corpo-FOTO-400x300.jpg 400w, https:\/\/wp.ufpel.edu.br\/mathlibras\/files\/2021\/03\/Oficina-1-MQ-Virtual-Numeros-em-libras-e-corpo-FOTO-768x576.jpg 768w, https:\/\/wp.ufpel.edu.br\/mathlibras\/files\/2021\/03\/Oficina-1-MQ-Virtual-Numeros-em-libras-e-corpo-FOTO.jpg 960w\" sizes=\"(max-width: 400px) 100vw, 400px\" \/><\/p>\n<p>&nbsp;<\/p>\n<p><span style=\"color: #000080;background-color: #cfcaca;font-size: 18pt\"><em><strong>Suspens\u00e3o das atividades presenciais<\/strong><\/em><\/span><\/p>\n<p><span style=\"font-size: 14pt;color: #000000\"><strong>16 de mar\u00e7o de 2020<\/strong><\/span><\/p>\n<p><span style=\"color: #000000\">A partir do dia 16 de mar\u00e7o de 2020 as atividades presenciais da UFPel est\u00e3o suspensas, em fun\u00e7\u00e3o da pandemia do COVID-19, conforme <a style=\"color: #000000\" href=\"https:\/\/ccs2.ufpel.edu.br\/wp\/2020\/03\/16\/page\/2\/\">nota<\/a> da gest\u00e3o da universidade.<\/span><\/p>\n","protected":false},"excerpt":{"rendered":"<p>&#8211; Atividades MathLibras 2020 &#8211; &nbsp; XXIX Congresso de Inicia\u00e7\u00e3o Cient\u00edfica &#8211; CIC\/UFPel 23 a 27 de novembro de 2020 \u2013 UFPel \u2013 Pelotas\/RS [Online] Participa\u00e7\u00e3o da bolsista Mayummi Arag\u00e3o Campos e da Profa. Dra. Tha\u00eds Philipsen Gr\u00fctzmann, orientadora, com a apresenta\u00e7\u00e3o do trabalho:\u00a0Matem\u00e1tica e surdo: resultados iniciais da pesquisa bibliogr\u00e1fica para o projeto MathLibras, [&hellip;]<\/p>\n","protected":false},"author":839,"featured_media":0,"parent":0,"menu_order":0,"comment_status":"closed","ping_status":"closed","template":"","meta":{"footnotes":""},"class_list":["post-344","page","type-page","status-publish","hentry"],"_links":{"self":[{"href":"https:\/\/wp.ufpel.edu.br\/mathlibras\/wp-json\/wp\/v2\/pages\/344","targetHints":{"allow":["GET"]}}],"collection":[{"href":"https:\/\/wp.ufpel.edu.br\/mathlibras\/wp-json\/wp\/v2\/pages"}],"about":[{"href":"https:\/\/wp.ufpel.edu.br\/mathlibras\/wp-json\/wp\/v2\/types\/page"}],"author":[{"embeddable":true,"href":"https:\/\/wp.ufpel.edu.br\/mathlibras\/wp-json\/wp\/v2\/users\/839"}],"replies":[{"embeddable":true,"href":"https:\/\/wp.ufpel.edu.br\/mathlibras\/wp-json\/wp\/v2\/comments?post=344"}],"version-history":[{"count":24,"href":"https:\/\/wp.ufpel.edu.br\/mathlibras\/wp-json\/wp\/v2\/pages\/344\/revisions"}],"predecessor-version":[{"id":596,"href":"https:\/\/wp.ufpel.edu.br\/mathlibras\/wp-json\/wp\/v2\/pages\/344\/revisions\/596"}],"wp:attachment":[{"href":"https:\/\/wp.ufpel.edu.br\/mathlibras\/wp-json\/wp\/v2\/media?parent=344"}],"curies":[{"name":"wp","href":"https:\/\/api.w.org\/{rel}","templated":true}]}}