{"id":324,"date":"2020-06-04T11:50:07","date_gmt":"2020-06-04T14:50:07","guid":{"rendered":"https:\/\/wp.ufpel.edu.br\/mathlibras\/?page_id=324"},"modified":"2022-09-06T14:49:29","modified_gmt":"2022-09-06T17:49:29","slug":"noticias-2018","status":"publish","type":"page","link":"https:\/\/wp.ufpel.edu.br\/mathlibras\/noticias-2018\/","title":{"rendered":"Atividades 2018"},"content":{"rendered":"<p style=\"text-align: center;\"><span style=\"color: #69150c; font-size: 24pt;\"><strong>&#8211; <em>Atividades\u00a0MathLibras<\/em> 2018 &#8211;<\/strong><\/span><\/p>\n<p><span style=\"color: #000080; background-color: #cfcaca; font-size: 18pt;\"><em><strong>VIII CBEE &#8211; Congresso Brasileiro de Educa\u00e7\u00e3o Especial<\/strong><\/em><\/span><\/p>\n<p><span style=\"font-size: 14pt; color: #000000;\"><strong>14 a 17 de novembro de 2018 &#8211; S\u00e3o Carlos\/SP<\/strong><\/span><\/p>\n<p><span style=\"color: #000000;\">Participa\u00e7\u00e3o no evento, com apresenta\u00e7\u00e3o de trabalho: Profa. Dra. Tha\u00eds Philipsen Gr\u00fctzmann, Mestranda Heniane Passos Aleixo (PPGEMAT\/UFPel) e Mestranda Joseane Maciel Viana (PPGL\/UFPel).<\/span><\/p>\n<p><img class=\"size-medium wp-image-208 aligncenter\" src=\"https:\/\/wp.ufpel.edu.br\/mathlibras\/files\/2019\/05\/thais-sipem-400x262.jpg\" alt=\"\" width=\"400\" height=\"262\" srcset=\"https:\/\/wp.ufpel.edu.br\/mathlibras\/files\/2019\/05\/thais-sipem-400x262.jpg 400w, https:\/\/wp.ufpel.edu.br\/mathlibras\/files\/2019\/05\/thais-sipem-768x502.jpg 768w, https:\/\/wp.ufpel.edu.br\/mathlibras\/files\/2019\/05\/thais-sipem.jpg 881w\" sizes=\"(max-width: 400px) 100vw, 400px\" \/><\/p>\n<p>&nbsp;<\/p>\n<p><img class=\"alignnone wp-image-206\" src=\"https:\/\/wp.ufpel.edu.br\/mathlibras\/files\/2019\/05\/20181116_175631-400x300.jpg\" alt=\"\" width=\"315\" height=\"236\" srcset=\"https:\/\/wp.ufpel.edu.br\/mathlibras\/files\/2019\/05\/20181116_175631-400x300.jpg 400w, https:\/\/wp.ufpel.edu.br\/mathlibras\/files\/2019\/05\/20181116_175631-768x576.jpg 768w, https:\/\/wp.ufpel.edu.br\/mathlibras\/files\/2019\/05\/20181116_175631-1024x768.jpg 1024w\" sizes=\"(max-width: 315px) 100vw, 315px\" \/><img class=\"wp-image-207 alignleft\" src=\"https:\/\/wp.ufpel.edu.br\/mathlibras\/files\/2019\/05\/IMG-20181114-WA0001-400x257.jpg\" alt=\"\" width=\"358\" height=\"230\" srcset=\"https:\/\/wp.ufpel.edu.br\/mathlibras\/files\/2019\/05\/IMG-20181114-WA0001-400x257.jpg 400w, https:\/\/wp.ufpel.edu.br\/mathlibras\/files\/2019\/05\/IMG-20181114-WA0001-768x494.jpg 768w, https:\/\/wp.ufpel.edu.br\/mathlibras\/files\/2019\/05\/IMG-20181114-WA0001-1024x658.jpg 1024w, https:\/\/wp.ufpel.edu.br\/mathlibras\/files\/2019\/05\/IMG-20181114-WA0001.jpg 1114w\" sizes=\"(max-width: 358px) 100vw, 358px\" \/><\/p>\n<p>&nbsp;<\/p>\n<p><span style=\"color: #000080; background-color: #cfcaca; font-size: 18pt;\"><em><strong>VII SIPEM &#8211; Semin\u00e1rio Internacional de Pesquisa em Educa\u00e7\u00e3o Matem\u00e1tica<\/strong><\/em><\/span><\/p>\n<p><span style=\"font-size: 14pt; color: #000000;\"><strong>04 a 08 de novembro de 2018 &#8211; Foz do Igua\u00e7u\/PR<\/strong><\/span><\/p>\n<p><span style=\"color: #000000;\">Participa\u00e7\u00e3o no evento, com apresenta\u00e7\u00e3o de trabalho: Profa. Dra. Tha\u00eds Philipsen Gr\u00fctzmann, Profa. Dra. Rozane da Silveira Alves e Mestranda Heniane Passos Aleixo (PPGEMAT\/UFPel).<\/span><\/p>\n<p><span style=\"color: #000080; background-color: #cfcaca; font-size: 18pt;\"><em><strong><img class=\"wp-image-198 alignleft\" src=\"https:\/\/wp.ufpel.edu.br\/mathlibras\/files\/2019\/04\/20181107_1629450-400x300.jpg\" alt=\"\" width=\"346\" height=\"260\" srcset=\"https:\/\/wp.ufpel.edu.br\/mathlibras\/files\/2019\/04\/20181107_1629450-400x300.jpg 400w, https:\/\/wp.ufpel.edu.br\/mathlibras\/files\/2019\/04\/20181107_1629450-768x576.jpg 768w, https:\/\/wp.ufpel.edu.br\/mathlibras\/files\/2019\/04\/20181107_1629450-1024x768.jpg 1024w\" sizes=\"(max-width: 346px) 100vw, 346px\" \/><\/strong><\/em><\/span><\/p>\n<p><img class=\" wp-image-199 alignleft\" src=\"https:\/\/wp.ufpel.edu.br\/mathlibras\/files\/2019\/04\/20181107_200207-400x300.jpg\" alt=\"\" width=\"348\" height=\"261\" srcset=\"https:\/\/wp.ufpel.edu.br\/mathlibras\/files\/2019\/04\/20181107_200207-400x300.jpg 400w, https:\/\/wp.ufpel.edu.br\/mathlibras\/files\/2019\/04\/20181107_200207-768x576.jpg 768w, https:\/\/wp.ufpel.edu.br\/mathlibras\/files\/2019\/04\/20181107_200207-1024x768.jpg 1024w\" sizes=\"(max-width: 348px) 100vw, 348px\" \/><\/p>\n<p>&nbsp;<\/p>\n<p>&nbsp;<\/p>\n<p>&nbsp;<\/p>\n<p>&nbsp;<\/p>\n<p>&nbsp;<\/p>\n<p>&nbsp;<\/p>\n<p>&nbsp;<\/p>\n<p>&nbsp;<\/p>\n<p>&nbsp;<\/p>\n<p><span style=\"font-size: 18pt; color: #333399; background-color: #999999;\"><strong><span style=\"color: #000080; background-color: #cfcaca; font-size: 18pt;\"><em>XXVII Congresso de Inicia\u00e7\u00e3o Cient\u00edfica &#8211; CIC\/UFPel<\/em><\/span><\/strong><\/span><\/p>\n<p><span style=\"font-size: 14pt; color: #000000;\"><strong>22 a 26 de outubro de 2018 \u2013 UFPel<\/strong> &#8211;<strong> Pelotas\/RS<\/strong><\/span><\/p>\n<p><span style=\"color: #000000;\">Participa\u00e7\u00e3o do bolsista Marcos Aur\u00e9lio da Silva Martins e da Profa. Dra. Tha\u00eds Philipsen Gr\u00fctzmann, orientadora, com a apresenta\u00e7\u00e3o do trabalho:<\/span> <span style=\"color: #333399;\"><strong><em>&#8220;Possibilidades de inser\u00e7\u00e3o da l\u00edngua brasileira de sinais por meio de jogos de matem\u00e1tica&#8221;<\/em><\/strong><\/span><span style=\"color: #000000;\">, tendo a acad\u00eamica Patricia Michie Umetsubo como co-autora.<\/span><\/p>\n<p><img class=\"size-medium wp-image-265 aligncenter\" src=\"https:\/\/wp.ufpel.edu.br\/mathlibras\/files\/2020\/05\/20181025_084927-2-400x232.jpg\" alt=\"\" width=\"400\" height=\"232\" srcset=\"https:\/\/wp.ufpel.edu.br\/mathlibras\/files\/2020\/05\/20181025_084927-2-400x232.jpg 400w, https:\/\/wp.ufpel.edu.br\/mathlibras\/files\/2020\/05\/20181025_084927-2-1024x594.jpg 1024w, https:\/\/wp.ufpel.edu.br\/mathlibras\/files\/2020\/05\/20181025_084927-2-768x446.jpg 768w, https:\/\/wp.ufpel.edu.br\/mathlibras\/files\/2020\/05\/20181025_084927-2-1536x891.jpg 1536w, https:\/\/wp.ufpel.edu.br\/mathlibras\/files\/2020\/05\/20181025_084927-2-2048x1188.jpg 2048w\" sizes=\"(max-width: 400px) 100vw, 400px\" \/> \u00a0<img class=\"wp-image-264 aligncenter\" src=\"https:\/\/wp.ufpel.edu.br\/mathlibras\/files\/2020\/05\/20181025_111503-2-400x302.jpg\" alt=\"\" width=\"297\" height=\"224\" srcset=\"https:\/\/wp.ufpel.edu.br\/mathlibras\/files\/2020\/05\/20181025_111503-2-400x302.jpg 400w, https:\/\/wp.ufpel.edu.br\/mathlibras\/files\/2020\/05\/20181025_111503-2-1024x773.jpg 1024w, https:\/\/wp.ufpel.edu.br\/mathlibras\/files\/2020\/05\/20181025_111503-2-768x580.jpg 768w, https:\/\/wp.ufpel.edu.br\/mathlibras\/files\/2020\/05\/20181025_111503-2-1536x1159.jpg 1536w, https:\/\/wp.ufpel.edu.br\/mathlibras\/files\/2020\/05\/20181025_111503-2-2048x1546.jpg 2048w\" sizes=\"(max-width: 297px) 100vw, 297px\" \/><\/p>\n<p>&nbsp;<\/p>\n<p><span style=\"color: #000080; background-color: #cfcaca; font-size: 18pt;\"><em><strong>I Encontro de Estudos Surdos da UFPel<\/strong><\/em><\/span><\/p>\n<p><span style=\"font-size: 14pt; color: #000000;\"><strong>13 a 15 de setembro de 2018 &#8211; UFPel &#8211; Pelotas\/RS<\/strong><\/span><\/p>\n<p><span style=\"color: #000000;\">Participa\u00e7\u00e3o da equipe <strong><em>MathLibras<\/em><\/strong> na organiza\u00e7\u00e3o do evento, no evento, na media\u00e7\u00e3o de apresenta\u00e7\u00e3o de trabalhos, com apresenta\u00e7\u00e3o de trabalhos e palestra.<\/span><\/p>\n<p><img class=\"wp-image-210 aligncenter\" src=\"https:\/\/wp.ufpel.edu.br\/mathlibras\/files\/2019\/05\/20180913_204309-400x300.jpg\" alt=\"\" width=\"307\" height=\"230\" srcset=\"https:\/\/wp.ufpel.edu.br\/mathlibras\/files\/2019\/05\/20180913_204309-400x300.jpg 400w, https:\/\/wp.ufpel.edu.br\/mathlibras\/files\/2019\/05\/20180913_204309-768x576.jpg 768w, https:\/\/wp.ufpel.edu.br\/mathlibras\/files\/2019\/05\/20180913_204309-1024x768.jpg 1024w\" sizes=\"(max-width: 307px) 100vw, 307px\" \/><\/p>\n<p>&nbsp;<\/p>\n<p><em><strong><span style=\"color: #000080;\">&#8220;MathLibras: um projeto e uma pesquisa de matem\u00e1tica com libras a partir da produ\u00e7\u00e3o de v\u00eddeos&#8221;<\/span><\/strong><\/em><span style=\"color: #000000;\">. Autores: Marcos Aur\u00e9lio da Silva Martins &#8211; Acad\u00eamico da Licenciatura em Matem\u00e1tica (bolsista MathLibras), Profa. Dra. Tha\u00eds Philipsen Gr\u00fctzmann e a Mestranda Joseane Maciel Viana (PPGL\/UFPel).<\/span><\/p>\n<p><img class=\"size-medium wp-image-212 aligncenter\" src=\"https:\/\/wp.ufpel.edu.br\/mathlibras\/files\/2019\/05\/IMG-20180914-WA0025-400x300.jpg\" alt=\"\" width=\"400\" height=\"300\" srcset=\"https:\/\/wp.ufpel.edu.br\/mathlibras\/files\/2019\/05\/IMG-20180914-WA0025-400x300.jpg 400w, https:\/\/wp.ufpel.edu.br\/mathlibras\/files\/2019\/05\/IMG-20180914-WA0025-768x576.jpg 768w, https:\/\/wp.ufpel.edu.br\/mathlibras\/files\/2019\/05\/IMG-20180914-WA0025-1024x768.jpg 1024w, https:\/\/wp.ufpel.edu.br\/mathlibras\/files\/2019\/05\/IMG-20180914-WA0025.jpg 1040w\" sizes=\"(max-width: 400px) 100vw, 400px\" \/><\/p>\n<p><span style=\"color: #000080;\"><em><strong>&#8220;Projeto Mathlibras: a import\u00e2ncia do trabalho, com os atores surdos a tradu\u00e7\u00e3o em libras na produ\u00e7\u00e3o v\u00eddeo na UFPel&#8221;<\/strong><\/em><\/span><span style=\"color: #000000;\">. Autores:\u00a0 M\u00e1rcio Aur\u00e9lio Friedrich, Ivana Gomes da Silva e Daniel Romeu.<\/span><\/p>\n<p><img class=\" wp-image-211 aligncenter\" src=\"https:\/\/wp.ufpel.edu.br\/mathlibras\/files\/2019\/05\/IMG-20180914-WA0024-400x266.jpg\" alt=\"\" width=\"340\" height=\"226\" srcset=\"https:\/\/wp.ufpel.edu.br\/mathlibras\/files\/2019\/05\/IMG-20180914-WA0024-400x266.jpg 400w, https:\/\/wp.ufpel.edu.br\/mathlibras\/files\/2019\/05\/IMG-20180914-WA0024.jpg 645w\" sizes=\"(max-width: 340px) 100vw, 340px\" \/><\/p>\n<p>&nbsp;<\/p>\n<p><span style=\"color: #000080; background-color: #cfcaca; font-size: 18pt;\"><em><strong>XIII EGEM &#8211; Encontro Ga\u00facho de Educa\u00e7\u00e3o Matem\u00e1tica<\/strong><\/em><\/span><\/p>\n<p><span style=\"font-size: 14pt;\"><strong>0<span style=\"color: #000000;\">1 a 03 de agosto de 2018 &#8211; UFSM &#8211; Santa Maria\/RS<\/span><\/strong><\/span><\/p>\n<p><span style=\"color: #000000;\">Participa\u00e7\u00e3o da Profa. Dra. Tha\u00eds Philipsen Gr\u00fctzmann em uma mesa redonda do evento, intitulada &#8220;<strong>: <\/strong><em>O papel dos projetos na forma\u00e7\u00e3o inicial de professores: problematizando as a\u00e7\u00f5es de ensino, pesquisa e extens\u00e3o<\/em>&#8220;, junto ao colega Prof. Dr. Ant\u00f4nio Maur\u00edcio Medeiros Alves.<\/span><\/p>\n<p><span style=\"color: #000000;\">Apresenta\u00e7\u00e3o dos trabalhos:<\/span><\/p>\n<p><span style=\"color: #000080;\"><strong>&#8220;<em>A Matem\u00e1tica, o Portugu\u00eas e a Libras: em v\u00eddeo, tudo junto!<\/em>&#8220;<\/strong><\/span><span style=\"color: #000000;\">. Autores: Marcos Aur\u00e9lio da Silva Martins &#8211; Acad\u00eamico da Licenciatura em Matem\u00e1tica (bolsista <strong><em>MathLibras),<\/em><\/strong> Profa. Dra. Tha\u00eds Philipsen Gr\u00fctzmann, Patricia Michie Umetsubo &#8211; Acad\u00eamica da Licenciatura em Matem\u00e1tica, Taiane Carrilho Rosa &#8211; Acad\u00eamica da Licenciatura em Matem\u00e1tica\u00a0 e a Profa. Dra. Rozane da Silveira Alves.<\/span><\/p>\n<p><img class=\"size-medium wp-image-203 aligncenter\" src=\"https:\/\/wp.ufpel.edu.br\/mathlibras\/files\/2019\/05\/marcos-egem-400x185.jpg\" alt=\"\" width=\"400\" height=\"185\" srcset=\"https:\/\/wp.ufpel.edu.br\/mathlibras\/files\/2019\/05\/marcos-egem-400x185.jpg 400w, https:\/\/wp.ufpel.edu.br\/mathlibras\/files\/2019\/05\/marcos-egem-768x355.jpg 768w, https:\/\/wp.ufpel.edu.br\/mathlibras\/files\/2019\/05\/marcos-egem.jpg 954w\" sizes=\"(max-width: 400px) 100vw, 400px\" \/><\/p>\n<p><strong><span style=\"color: #000080;\">&#8220;<em>Matem\u00e1tica b\u00e1sica e L\u00edngua Brasileira de Sinais: o in\u00edcio de um projeto com a produ\u00e7\u00e3o de v\u00eddeos<\/em>&#8220;<\/span><\/strong><span style=\"color: #000000;\">. Autores: Profa. Dra. Tha\u00eds Philipsen Gr\u00fctzmann, Profa. Dra. Rozane da Silveira Alves, Marcos Aur\u00e9lio da Silva Martins &#8211; Acad\u00eamico da Licenciatura em Matem\u00e1tica (bolsista <strong><em>MathLibras),<\/em><\/strong> Patricia Michie Umetsubo &#8211; Acad\u00eamica da Licenciatura em Matem\u00e1tica\u00a0 e Taiane Carrilho Rosa &#8211; Acad\u00eamica da Licenciatura em Matem\u00e1tica.<\/span><\/p>\n<p><img class=\"size-medium wp-image-204 aligncenter\" src=\"https:\/\/wp.ufpel.edu.br\/mathlibras\/files\/2019\/05\/thais-egem-400x204.jpg\" alt=\"\" width=\"400\" height=\"204\" srcset=\"https:\/\/wp.ufpel.edu.br\/mathlibras\/files\/2019\/05\/thais-egem-400x204.jpg 400w, https:\/\/wp.ufpel.edu.br\/mathlibras\/files\/2019\/05\/thais-egem-768x392.jpg 768w, https:\/\/wp.ufpel.edu.br\/mathlibras\/files\/2019\/05\/thais-egem-1024x523.jpg 1024w, https:\/\/wp.ufpel.edu.br\/mathlibras\/files\/2019\/05\/thais-egem.jpg 1069w\" sizes=\"(max-width: 400px) 100vw, 400px\" \/><\/p>\n<p>Site: <a href=\"http:\/\/w3.ufsm.br\/ceem\/eiemat\/edicao_6\/index.html\">http:\/\/w3.ufsm.br\/ceem\/eiemat\/edicao_6\/index.html<\/a><\/p>\n<p>&nbsp;<\/p>\n<p><span style=\"color: #000080; background-color: #cfcaca; font-size: 18pt;\"><em><strong>Visita ao INES &#8211; Instituto Nacional de Educa\u00e7\u00e3o de Surdos<\/strong><\/em><\/span><\/p>\n<p><span style=\"font-size: 14pt; color: #000000;\"><strong>16 e 17 de abril de 2018 &#8211; Rio de Janeiro\/RJ<\/strong><\/span><\/p>\n<p><span style=\"color: #000000;\">Visita t\u00e9cnica realizada no INES: Profa. Dra. Tha\u00eds Philipsen Gr\u00fctzmann, Profa. Dra. Tatiana Bolivar Lebedeff, Profa. Dra. Rozane da Silveira Alves, Mestranda (PPGL\/UFPel) e TILS Joseane Maciel Viana e Mestranda (PPGEMAT\/UFPel) e TILS Heniane Passos Aleixo.<\/span><\/p>\n<p><img class=\" wp-image-191 alignleft\" src=\"https:\/\/wp.ufpel.edu.br\/mathlibras\/files\/2019\/04\/IMG-20180416-WA0044-300x400.jpg\" alt=\"\" width=\"287\" height=\"383\" srcset=\"https:\/\/wp.ufpel.edu.br\/mathlibras\/files\/2019\/04\/IMG-20180416-WA0044-300x400.jpg 300w, https:\/\/wp.ufpel.edu.br\/mathlibras\/files\/2019\/04\/IMG-20180416-WA0044-768x1024.jpg 768w, https:\/\/wp.ufpel.edu.br\/mathlibras\/files\/2019\/04\/IMG-20180416-WA0044.jpg 774w\" sizes=\"(max-width: 287px) 100vw, 287px\" \/><\/p>\n<p><span style=\"color: #000080;\"><strong>Profas. Tatiana e Tha\u00eds<\/strong><\/span><\/p>\n<p>&nbsp;<\/p>\n<p><img class=\"alignnone size-medium wp-image-192\" src=\"https:\/\/wp.ufpel.edu.br\/mathlibras\/files\/2019\/04\/IMG-20180416-WA0078-400x300.jpg\" alt=\"\" width=\"400\" height=\"300\" srcset=\"https:\/\/wp.ufpel.edu.br\/mathlibras\/files\/2019\/04\/IMG-20180416-WA0078-400x300.jpg 400w, https:\/\/wp.ufpel.edu.br\/mathlibras\/files\/2019\/04\/IMG-20180416-WA0078-768x576.jpg 768w, https:\/\/wp.ufpel.edu.br\/mathlibras\/files\/2019\/04\/IMG-20180416-WA0078-1024x768.jpg 1024w, https:\/\/wp.ufpel.edu.br\/mathlibras\/files\/2019\/04\/IMG-20180416-WA0078.jpg 1280w\" sizes=\"(max-width: 400px) 100vw, 400px\" \/><\/p>\n<p>&nbsp;<\/p>\n<p><span style=\"color: #000080; background-color: #cfcaca; font-size: 18pt;\"><em><strong>Palestra &#8220;Tecnologia Assistiva, Surdez e Surdocegueira: possibilidades no cen\u00e1rio atual&#8221;<\/strong><\/em><\/span><\/p>\n<p><span style=\"font-size: 14pt; color: #000000;\"><strong>16 de mar\u00e7o de 2018 &#8211; UFPel &#8211; Campus Anglo &#8211; Pelotas\/RS<\/strong><\/span><\/p>\n<p><span style=\"color: #000000;\">Palestra proferida pela <strong>Profa. Dra. Shirley Rodrigues Maia<\/strong>, a qual possui gradua\u00e7\u00e3o em Pedagogia &#8211; Faculdades Metropolitanas Unidas (1983), mestrado em Dist\u00farbios do Desenvolvimento pela Universidade Presbiteriana Mackenzie (2004), doutorado em Psicologia da Educa\u00e7\u00e3o pela Universidade de S\u00e3o Paulo (2011) e P\u00f3s Doutorado na Universidade Federal de S\u00e3o Carlos (2017-2018). Tem experi\u00eancia na \u00e1rea de Educa\u00e7\u00e3o com \u00eanfase em Educa\u00e7\u00e3o Especial, atuando principalmente nos seguintes temas: surdocegueira, defici\u00eancia m\u00faltipla sensorial, alunos com necessidades especiais, surdocego e educa\u00e7\u00e3o especial.<\/span><\/p>\n<p><img class=\"size-medium wp-image-334 aligncenter\" src=\"https:\/\/wp.ufpel.edu.br\/mathlibras\/files\/2020\/06\/IMG_0131-400x267.jpg\" alt=\"\" width=\"400\" height=\"267\" srcset=\"https:\/\/wp.ufpel.edu.br\/mathlibras\/files\/2020\/06\/IMG_0131-400x267.jpg 400w, https:\/\/wp.ufpel.edu.br\/mathlibras\/files\/2020\/06\/IMG_0131-1024x683.jpg 1024w, https:\/\/wp.ufpel.edu.br\/mathlibras\/files\/2020\/06\/IMG_0131-768x512.jpg 768w, https:\/\/wp.ufpel.edu.br\/mathlibras\/files\/2020\/06\/IMG_0131-1536x1024.jpg 1536w, https:\/\/wp.ufpel.edu.br\/mathlibras\/files\/2020\/06\/IMG_0131-2048x1365.jpg 2048w\" sizes=\"(max-width: 400px) 100vw, 400px\" \/><\/p>\n<p><img class=\"size-medium wp-image-335 aligncenter\" src=\"https:\/\/wp.ufpel.edu.br\/mathlibras\/files\/2020\/06\/IMG_0137-web-400x267.jpg\" alt=\"\" width=\"400\" height=\"267\" srcset=\"https:\/\/wp.ufpel.edu.br\/mathlibras\/files\/2020\/06\/IMG_0137-web-400x267.jpg 400w, https:\/\/wp.ufpel.edu.br\/mathlibras\/files\/2020\/06\/IMG_0137-web.jpg 640w\" sizes=\"(max-width: 400px) 100vw, 400px\" \/><\/p>\n<p>&nbsp;<\/p>\n<p><span style=\"color: #000080; background-color: #cfcaca; font-size: 18pt;\"><em><strong>II FESAI &#8211; F\u00f3rum de Estudos dos Surdos na \u00c1rea da Inform\u00e1tica e I Semin\u00e1rio Nacional de Tecnologias de Cultura Surda<\/strong><\/em><\/span><\/p>\n<p><span style=\"font-size: 14pt; color: #000000;\"><strong>16 e 17 de mar\u00e7o de 2018 &#8211; UFRGS &#8211; Campus do Vale &#8211; Porto Alegre\/RS<\/strong><\/span><\/p>\n<p><span style=\"color: #000000;\">Participa\u00e7\u00e3o da Profa. Dra. Tatiana Bolivar Lebedeff e da Mestranda Joseane Maciel Viana (PPGL\/UFPel), com a apresenta\u00e7\u00e3o do trabalho:<\/span> <strong><span style=\"color: #000080;\">&#8220;<em>Projeto MathLibras: desafios de tradu\u00e7\u00e3o e produ\u00e7\u00e3o de v\u00eddeos&#8221;<\/em><\/span><\/strong><span style=\"color: #000000;\">, da autoria delas junto com a Profa. Dra. Tha\u00eds Philipsen Gr\u00fctzmann.<\/span><\/p>\n<p><img class=\"alignnone size-medium wp-image-883 aligncenter\" src=\"https:\/\/wp.ufpel.edu.br\/mathlibras\/files\/2022\/09\/2018-FESAI-400x300.jpeg\" alt=\"\" width=\"400\" height=\"300\" srcset=\"https:\/\/wp.ufpel.edu.br\/mathlibras\/files\/2022\/09\/2018-FESAI-400x300.jpeg 400w, https:\/\/wp.ufpel.edu.br\/mathlibras\/files\/2022\/09\/2018-FESAI-1024x768.jpeg 1024w, https:\/\/wp.ufpel.edu.br\/mathlibras\/files\/2022\/09\/2018-FESAI-768x576.jpeg 768w, https:\/\/wp.ufpel.edu.br\/mathlibras\/files\/2022\/09\/2018-FESAI.jpeg 1280w\" sizes=\"(max-width: 400px) 100vw, 400px\" \/><\/p>\n<p><span style=\"color: #000000;\">Site: h<a style=\"color: #000000;\" href=\"https:\/\/fesai2018.feneis.org.br\/\">ttps:\/\/fesai2018.feneis.org.br\/<\/a><\/span><\/p>\n<p>&nbsp;<\/p>\n","protected":false},"excerpt":{"rendered":"<p>&#8211; Atividades\u00a0MathLibras 2018 &#8211; VIII CBEE &#8211; Congresso Brasileiro de Educa\u00e7\u00e3o Especial 14 a 17 de novembro de 2018 &#8211; S\u00e3o Carlos\/SP Participa\u00e7\u00e3o no evento, com apresenta\u00e7\u00e3o de trabalho: Profa. Dra. Tha\u00eds Philipsen Gr\u00fctzmann, Mestranda Heniane Passos Aleixo (PPGEMAT\/UFPel) e Mestranda Joseane Maciel Viana (PPGL\/UFPel). &nbsp; &nbsp; VII SIPEM &#8211; Semin\u00e1rio Internacional de Pesquisa em [&hellip;]<\/p>\n","protected":false},"author":839,"featured_media":0,"parent":0,"menu_order":0,"comment_status":"closed","ping_status":"closed","template":"","meta":{"footnotes":""},"class_list":["post-324","page","type-page","status-publish","hentry"],"_links":{"self":[{"href":"https:\/\/wp.ufpel.edu.br\/mathlibras\/wp-json\/wp\/v2\/pages\/324","targetHints":{"allow":["GET"]}}],"collection":[{"href":"https:\/\/wp.ufpel.edu.br\/mathlibras\/wp-json\/wp\/v2\/pages"}],"about":[{"href":"https:\/\/wp.ufpel.edu.br\/mathlibras\/wp-json\/wp\/v2\/types\/page"}],"author":[{"embeddable":true,"href":"https:\/\/wp.ufpel.edu.br\/mathlibras\/wp-json\/wp\/v2\/users\/839"}],"replies":[{"embeddable":true,"href":"https:\/\/wp.ufpel.edu.br\/mathlibras\/wp-json\/wp\/v2\/comments?post=324"}],"version-history":[{"count":11,"href":"https:\/\/wp.ufpel.edu.br\/mathlibras\/wp-json\/wp\/v2\/pages\/324\/revisions"}],"predecessor-version":[{"id":884,"href":"https:\/\/wp.ufpel.edu.br\/mathlibras\/wp-json\/wp\/v2\/pages\/324\/revisions\/884"}],"wp:attachment":[{"href":"https:\/\/wp.ufpel.edu.br\/mathlibras\/wp-json\/wp\/v2\/media?parent=324"}],"curies":[{"name":"wp","href":"https:\/\/api.w.org\/{rel}","templated":true}]}}