{"id":287,"date":"2020-05-29T17:26:40","date_gmt":"2020-05-29T20:26:40","guid":{"rendered":"https:\/\/wp.ufpel.edu.br\/mathlibras\/?page_id=287"},"modified":"2022-08-17T14:56:25","modified_gmt":"2022-08-17T17:56:25","slug":"publicacoes-2020","status":"publish","type":"page","link":"https:\/\/wp.ufpel.edu.br\/mathlibras\/publicacoes-2020\/","title":{"rendered":"Publica\u00e7\u00f5es 2020"},"content":{"rendered":"<p style=\"text-align: center;\"><span style=\"color: #000080;\"><strong><span style=\"font-size: 24pt;\">Publica\u00e7\u00f5es sobre o\u00a0<em>MathLibras<\/em> \u2013 2020 \u2013<\/span><\/strong><\/span><\/p>\n<p>&nbsp;<\/p>\n<p><span style=\"color: #333399;\"><strong><span style=\"font-size: 14pt;\">Revista Pr\u00e1xis Educacional \u2013 v. 16, n. 37 \u2013 Edi\u00e7\u00e3o Especial<\/span><\/strong><\/span><\/p>\n<p><span style=\"color: #000000;\"><strong>Artigo<\/strong>: <a style=\"color: #000000;\" href=\"http:\/\/periodicos2.uesb.br\/index.php\/praxis\/article\/view\/5982\/4484\">Pedagogia Visual na Educa\u00e7\u00e3o de Surdos: uma experi\u00eancia com o ensino da Matem\u00e1tica no <em>MathLibras<\/em><\/a><\/span><\/p>\n<p><span style=\"color: #000000;\"><strong>Autores<\/strong>: Tha\u00eds Philipsen Gr\u00fctzmann; Rozane da Silveira Alves; Tatiana Bolivar Lebedeff<\/span><\/p>\n<p>&nbsp;<\/p>\n<p><span style=\"color: #333399;\"><strong><span style=\"font-size: 14pt;\">Revista Expressa Extens\u00e3o \u2013 v. 25, n. 3, p. 234-246, SET-DEZ, 2020.<\/span><\/strong><\/span><\/p>\n<p><span style=\"color: #000000;\"><strong>Artigo<\/strong>: <span style=\"font-size: 12pt;\"><a style=\"color: #000000;\" href=\"https:\/\/wp.ufpel.edu.br\/mathlibras\/files\/2021\/04\/2020-ARTIGO-na-revista-18822-66535-1-PB.pdf\">Projeto de Extens\u00e3o \u201cMathlibras \u2013 Ano I\u201d: um relato sobre a oficina de Origami<\/a><\/span><\/span><\/p>\n<p><span style=\"color: #000000;\"><strong>Autores<\/strong>: Tha\u00eds Philipsen Gr\u00fctzmann; Patricia Michie Umetsubo; Marcos Aur\u00e9lio da Silva Martins; Thaiana Neuenfeld Philipsen; Tatiana Bolivar Lebedeff<\/span><\/p>\n<p>&nbsp;<\/p>\n<p><span style=\"color: #333399;\"><strong><span style=\"font-size: 14pt;\">VIII Jornada Nacional de Educa\u00e7\u00e3o Matem\u00e1tica e XXI Jornada Regional de Educa\u00e7\u00e3o Matem\u00e1tica &#8211; 30\/set a 02\/out de 2020 &#8211; UFP.<\/span><\/strong><\/span><\/p>\n<p><span style=\"color: #000000;\"><strong>Artigo<\/strong>: <a style=\"color: #000000;\" href=\"https:\/\/wp.ufpel.edu.br\/mathlibras\/files\/2021\/04\/JEM2020_paper_90-ANAIS.pdf\">Apresentando a escala Cuisenaire para alunos do 1\u00ba ano do ensino fundamental <\/a><\/span><\/p>\n<p><span style=\"color: #000000;\"><strong>Autores<\/strong>: Tha\u00eds Philipsen Gr\u00fctzmann; Thaiana Neuenfeld Philipsen<\/span><\/p>\n<p>&nbsp;<\/p>\n<p><span style=\"color: #333399;\"><strong><span style=\"font-size: 14pt;\">Cap\u00edtulo no E-book \u201cForma\u00e7\u00e3o de professores na extens\u00e3o universit\u00e1ria: contribui\u00e7\u00f5es e desafios a pr\u00e1tica docente\u201d &#8211; 2020 &#8211; FURG.<\/span><\/strong><\/span><\/p>\n<p><span style=\"color: #000000;\"><strong>Artigo<\/strong>: <a style=\"color: #000000;\" href=\"https:\/\/ead-tec.furg.br\/images\/Metodos_Numericos_Computacionais_-_2012\/Livros\/ebook_final.pdf\">A trilha das opera\u00e7\u00f5es em diferentes contextos da extens\u00e3o: a pr\u00e1tica dos professores de Matem\u00e1tica desde o in\u00edcio do curso<\/a><\/span><\/p>\n<p><span style=\"color: #000000;\"><strong>Autores<\/strong>: Tha\u00eds Philipsen Gr\u00fctzmann; Marcos Aur\u00e9lio da Silva Martins; Patricia Michie Umetsubo; Fabrine Diniz Pereira<\/span><\/p>\n<p>&nbsp;<\/p>\n<p><span style=\"color: #333399;\"><strong><span style=\"font-size: 14pt;\">19\u00aa Mostra Produ\u00e7\u00e3o Universit\u00e1ria \u2013 MPU\/FURG &#8211; 11 a 13\/nov\/2020.<\/span><\/strong><\/span><\/p>\n<p><span style=\"color: #333399;\"><strong><span style=\"font-size: 14pt;\">29\u00ba Congresso de Inicia\u00e7\u00e3o Cient\u00edfica &#8211; CIC<\/span><\/strong><\/span><\/p>\n<p><span style=\"color: #000000;\"><strong>Artigo<\/strong>: <a style=\"color: #000000;\" href=\"https:\/\/wp.ufpel.edu.br\/mathlibras\/files\/2021\/04\/2020-ANAIS_MPU-Mayummi.pdf\">Matem\u00e1tica e v\u00eddeo: primeiros resultados da pesquisa bibliogr\u00e1fica para o projeto MathLibras<\/a><strong>\u00a0\u00a0<\/strong><\/span><\/p>\n<p><span style=\"color: #000000;\"><strong>Autores<\/strong>: Mayummi Arag\u00e3o Campos; Helena Pinto da Luz; Tatiana Bolivar Lebedeff; Tha\u00eds Philipsen Gr\u00fctzmann<\/span><\/p>\n<p>&nbsp;<\/p>\n<p><span style=\"color: #000000;\"><strong>Artigo<\/strong>: <a style=\"color: #000000;\" href=\"https:\/\/wp.ufpel.edu.br\/mathlibras\/files\/2021\/04\/2020-ANAIS_MPU-Helena.pdf\">Os processos tradut\u00f3rios presentes na produ\u00e7\u00e3o do v\u00eddeo \u201cSubtra\u00e7\u00e3o em Libras \u2013 Subtra\u00e7\u00e3o 2\u201d do projeto MathLibras<\/a><strong>\u00a0\u00a0<\/strong><\/span><\/p>\n<p><span style=\"color: #000000;\"><strong>Autores<\/strong>: Helena Pinto da Luz; Mayummi Arag\u00e3o Campos; Tatiana Bolivar Lebedeff; Tha\u00eds Philipsen Gr\u00fctzmann<\/span><\/p>\n<p>&nbsp;<\/p>\n<p><span style=\"color: #333399;\"><strong><span style=\"font-size: 14pt;\">6\u00aa Semana Integrada de Inova\u00e7\u00e3o, Ensino, Pesquisa e Extens\u00e3o da UFPel &#8211; SIIEPE<\/span><\/strong><\/span><\/p>\n<p><span style=\"color: #333399;\"><strong><span style=\"font-size: 14pt;\">19 a 23\/nov\/2020<\/span><\/strong><\/span><\/p>\n<p><span style=\"color: #333399;\"><strong><span style=\"font-size: 14pt;\">XXIX Congresso de Inicia\u00e7\u00e3o Cient\u00edfica &#8211; CIC\/SIIEPE<\/span><\/strong><\/span><\/p>\n<p><span style=\"color: #000000;\"><strong>Artigo<\/strong>: <a style=\"color: #000000;\" href=\"https:\/\/wp.ufpel.edu.br\/mathlibras\/files\/2021\/04\/Anais-CIC-May-MD_02696.pdf\">Matem\u00e1tica e surdo: resultados iniciais da pesquisa bibliogr\u00e1fica para o projeto MathLibras<\/a><\/span><\/p>\n<p><span style=\"color: #000000;\"><strong>Autores<\/strong>: Mayummi Arag\u00e3o Campos; Helena Pinto da Luz; Tatiana Bolivar Lebedeff; Tha\u00eds Philipsen Gr\u00fctzmann<\/span><\/p>\n<p>&nbsp;<\/p>\n<p><span style=\"color: #000000;\"><strong>Artigo<\/strong>: <a style=\"color: #000000;\" href=\"https:\/\/wp.ufpel.edu.br\/mathlibras\/files\/2021\/04\/Anais-CIC-Helena-MD_01059.pdf\">A utiliza\u00e7\u00e3o de descri\u00e7\u00f5es imag\u00e9ticas e de classificadores em rela\u00e7\u00e3o ao p\u00fablico-alvo do v\u00eddeo \u201cadi\u00e7\u00e3o em libras \u2013 soma 5\u201d do projeto MathLibras<\/a><strong>\u00a0<\/strong><\/span><\/p>\n<p><span style=\"color: #000000;\"><strong>Autores<\/strong>: Helena Pinto da Luz; Mayummi Arag\u00e3o Campos; Tatiana Bolivar Lebedeff; Tha\u00eds Philipsen Gr\u00fctzmann<\/span><\/p>\n<p>&nbsp;<\/p>\n<p><span style=\"color: #333399;\"><strong><span style=\"font-size: 14pt;\">XXII Encontro de P\u00f3s-Gradua\u00e7\u00e3o &#8211; ENPOS\/SIIEPE<\/span><\/strong><\/span><\/p>\n<p><span style=\"color: #000000;\"><strong>Artigo<\/strong>: <a style=\"color: #000000;\" href=\"https:\/\/wp.ufpel.edu.br\/mathlibras\/files\/2021\/04\/Anais-ENPOS-Thais-MD_00820.pdf\">Projeto MathLibras: an\u00e1lise da produ\u00e7\u00e3o da videoaula Subtra\u00e7\u00e3o 2<\/a><\/span><\/p>\n<p><span style=\"color: #000000;\"><strong>Autores<\/strong>:\u00a0 Tha\u00eds Philipsen Gr\u00fctzmann; Tatiana Bolivar Lebedeff<\/span><\/p>\n<p>&nbsp;<\/p>\n<p><span style=\"color: #333399;\"><strong><span style=\"font-size: 14pt;\">VII Congresso de Extens\u00e3o e Cultura &#8211; CEC\/SIIEPE<\/span><\/strong><\/span><\/p>\n<p><span style=\"color: #000000;\"><strong>Artigo<\/strong>: <a style=\"color: #000000;\" href=\"https:\/\/wp.ufpel.edu.br\/mathlibras\/files\/2021\/04\/Anais-CEC-Thais-Tema-3.pdf\">MathLibras e a primeira oficina virtual em 2020<\/a><\/span><\/p>\n<p><span style=\"color: #000000;\"><strong>Autores<\/strong>:\u00a0 Tha\u00eds Philipsen Gr\u00fctzmann; Thaiana Neuenfeld Philipsen; Marcos Aur\u00e9lio da Silva Martins; Patricia Michie Umetsubo; Tatiana Bolivar Lebedeff<\/span><\/p>\n<p>&nbsp;<\/p>\n<p><span style=\"color: #000000;\"><strong>Artigo<\/strong>: <a style=\"color: #000000;\" href=\"https:\/\/wp.ufpel.edu.br\/mathlibras\/files\/2021\/04\/Anais-CEC-Patricia-Tema-6.pdf\">Trilha das Opera\u00e7\u00f5es no 2\u00ba ano: Matem\u00e1tica, linguagem e Libras<\/a><\/span><\/p>\n<p><span style=\"color: #000000;\"><strong>Autores<\/strong>:\u00a0 Patricia Michie Umetsubo; Marcos Aur\u00e9lio da Silva Martins; Tha\u00eds Philipsen Gr\u00fctzmann<\/span><\/p>\n<p>&nbsp;<\/p>\n<p><span style=\"color: #000000;\"><strong>Artigo<\/strong>: <a style=\"color: #000000;\" href=\"https:\/\/wp.ufpel.edu.br\/mathlibras\/files\/2021\/04\/Anais-CEC-Marcos-Tema-5.pdf\">Material Dourado adaptado com tampinhas: o relato da primeira oficina realizada<\/a><\/span><\/p>\n<p><span style=\"color: #000000;\"><strong>Autores<\/strong>:\u00a0 Marcos Aur\u00e9lio da Silva Martins; Patricia Michie Umetsubo; Thaiana Neuenfeld Philipsen; Tha\u00eds Philipsen Gr\u00fctzmann<\/span><\/p>\n","protected":false},"excerpt":{"rendered":"<p>Publica\u00e7\u00f5es sobre o\u00a0MathLibras \u2013 2020 \u2013 &nbsp; Revista Pr\u00e1xis Educacional \u2013 v. 16, n. 37 \u2013 Edi\u00e7\u00e3o Especial Artigo: Pedagogia Visual na Educa\u00e7\u00e3o de Surdos: uma experi\u00eancia com o ensino da Matem\u00e1tica no MathLibras Autores: Tha\u00eds Philipsen Gr\u00fctzmann; Rozane da Silveira Alves; Tatiana Bolivar Lebedeff &nbsp; Revista Expressa Extens\u00e3o \u2013 v. 25, n. 3, p. [&hellip;]<\/p>\n","protected":false},"author":839,"featured_media":0,"parent":0,"menu_order":0,"comment_status":"closed","ping_status":"closed","template":"","meta":{"footnotes":""},"class_list":["post-287","page","type-page","status-publish","hentry"],"_links":{"self":[{"href":"https:\/\/wp.ufpel.edu.br\/mathlibras\/wp-json\/wp\/v2\/pages\/287","targetHints":{"allow":["GET"]}}],"collection":[{"href":"https:\/\/wp.ufpel.edu.br\/mathlibras\/wp-json\/wp\/v2\/pages"}],"about":[{"href":"https:\/\/wp.ufpel.edu.br\/mathlibras\/wp-json\/wp\/v2\/types\/page"}],"author":[{"embeddable":true,"href":"https:\/\/wp.ufpel.edu.br\/mathlibras\/wp-json\/wp\/v2\/users\/839"}],"replies":[{"embeddable":true,"href":"https:\/\/wp.ufpel.edu.br\/mathlibras\/wp-json\/wp\/v2\/comments?post=287"}],"version-history":[{"count":17,"href":"https:\/\/wp.ufpel.edu.br\/mathlibras\/wp-json\/wp\/v2\/pages\/287\/revisions"}],"predecessor-version":[{"id":695,"href":"https:\/\/wp.ufpel.edu.br\/mathlibras\/wp-json\/wp\/v2\/pages\/287\/revisions\/695"}],"wp:attachment":[{"href":"https:\/\/wp.ufpel.edu.br\/mathlibras\/wp-json\/wp\/v2\/media?parent=287"}],"curies":[{"name":"wp","href":"https:\/\/api.w.org\/{rel}","templated":true}]}}