{"id":257,"date":"2020-05-29T16:07:17","date_gmt":"2020-05-29T19:07:17","guid":{"rendered":"https:\/\/wp.ufpel.edu.br\/mathlibras\/?page_id=257"},"modified":"2024-04-23T15:16:30","modified_gmt":"2024-04-23T18:16:30","slug":"publicacoes-2019","status":"publish","type":"page","link":"https:\/\/wp.ufpel.edu.br\/mathlibras\/publicacoes-2019\/","title":{"rendered":"Publica\u00e7\u00f5es 2019"},"content":{"rendered":"<p style=\"text-align: center;\"><span style=\"color: #000080;\"><strong><span style=\"font-size: 24pt;\">Publica\u00e7\u00f5es sobre o\u00a0<em>MathLibras<\/em> \u2013 2019 \u2013<\/span><\/strong><\/span><\/p>\n<p><strong><span style=\"font-size: 14pt; color: #333399;\">Revista Espa\u00e7o &#8211; INES<\/span><\/strong><\/p>\n<p><span style=\"color: #000000;\"><strong>Artigo<\/strong>: <a style=\"color: #000000;\" href=\"https:\/\/seer.ines.gov.br\/index.php\/revista-espaco\/article\/view\/1535\/1471\">O uso de recursos visuais para o ensino de Matem\u00e1tica: uma discuss\u00e3o sobre o <em>MathLibras<\/em><\/a><\/span><\/p>\n<p><span style=\"color: #000000;\"><strong>Autores<\/strong>: Tha\u00eds Philipsen Gr\u00fctzmann; Tatiana Bolivar Lebedeff; Rozane da Silveira Alves<\/span><\/p>\n<p><span style=\"color: #000000;\">INES | Revista Espa\u00e7o | Rio de Janeiro | n\u00ba 52 | jul-dez | 2019. p. 85-106<\/span><\/p>\n<p>&nbsp;<\/p>\n<p><span style=\"font-size: 14pt; color: #333399;\"><strong>24\u00ba Semin\u00e1rio Internacional de Educa\u00e7\u00e3o, Tecnologia e Sociedade (Online)<\/strong><\/span><\/p>\n<p><span style=\"color: #333399;\"><strong>12 a 18 de novembro de 2019 \u2013 FACCAT, Taquara\/RS<\/strong><\/span><\/p>\n<p><span style=\"color: #000000;\"><strong>T\u00edtulo<\/strong>: <a style=\"color: #000000;\" href=\"https:\/\/seer.faccat.br\/index.php\/redin\/article\/view\/1539\/997\">Tecnologia Assistiva: uma possibilidade com os v\u00eddeos de Matem\u00e1tica com Libras do projeto MathLibras*<\/a><\/span><\/p>\n<p><span style=\"color: #000000;\"><strong>Autores<\/strong>: Tha\u00eds Philipsen Gr\u00fctzmann; Tatiana Bolivar Lebedeff; Rozane da Silveira Alves<\/span><\/p>\n<p><span style=\"color: #000000;\">*Publica\u00e7\u00e3o na REDIN &#8211; Revista Educacional Interdisciplina &#8211; v. 8, n. 1 (2019)<\/span><\/p>\n<p>&nbsp;<\/p>\n<p><span style=\"font-size: 14pt; color: #333399;\"><strong>XXI Encontro de P\u00f3s-Gradua\u00e7\u00e3o da UFPel (ENPOS\/UFPel)<\/strong><\/span><\/p>\n<p><span style=\"color: #333399;\"><strong>21 a 25 de outubro de 2019 \u2013 UFPel, Pelotas\/RS<\/strong><\/span><\/p>\n<p><span style=\"color: #000000;\"><strong>T\u00edtulo<\/strong>: <a style=\"color: #000000;\" href=\"https:\/\/cti.ufpel.edu.br\/siepe\/arquivos\/2019\/MD_01778.pdf\">A experi\u00eancia da especializa\u00e7\u00e3o na \u00e1rea da educa\u00e7\u00e3o de surdos e o ensino de matem\u00e1tica em libras por meio de videoaulas<\/a><\/span><\/p>\n<p><span style=\"color: #000000;\"><strong>Autores<\/strong>: Tha\u00eds Philipsen Gr\u00fctzmann; Tatiana Bolivar Lebedeff<\/span><\/p>\n<p>&nbsp;<\/p>\n<p><span style=\"font-size: 14pt; color: #333399;\"><strong>XXVIII Congresso de Inicia\u00e7\u00e3o Cient\u00edfica da UFPel (CIC\/UFPel)<\/strong><\/span><\/p>\n<p><span style=\"color: #333399;\"><strong>21 a 25 de outubro de 2019 \u2013 UFPel, Pelotas\/RS<\/strong><\/span><\/p>\n<p><span style=\"color: #000000;\"><strong>T\u00edtulo<\/strong>: <a style=\"color: #000000;\" href=\"https:\/\/cti.ufpel.edu.br\/siepe\/arquivos\/2019\/MD_02692.pdf\">O projeto MathLibras: metas at\u00e9 o fim do ano de 2019<\/a><\/span><\/p>\n<p><span style=\"color: #000000;\"><strong>Autores<\/strong>: Marcos Aur\u00e9lio da Silva Martins; Patricia Michie Umetsubo; Tatiana Bolivar Lebedeff; Rozane da Silveira Alves; Tha\u00eds Philipsen Gr\u00fctzmann<\/span><\/p>\n<p>&nbsp;<\/p>\n<p><strong><span style=\"color: #000000;\">T\u00edtulo<\/span><\/strong><span style=\"color: #000000;\">: <a style=\"color: #000000;\" href=\"https:\/\/cti.ufpel.edu.br\/siepe\/arquivos\/2019\/MD_01555.pdf\">Projeto MathLibras e os processos de cria\u00e7\u00e3o de uma metodologia de produ\u00e7\u00e3o de videoaulas em Libras\u00a0<\/a><\/span><\/p>\n<p><span style=\"color: #000000;\"><strong>Autores<\/strong>: Corina Minski Oliveira; Tais Percone Souza; Tatiana Bolivar Lebedeff; Tha\u00eds Philipsen Gr\u00fctzmann<\/span><\/p>\n<p>&nbsp;<\/p>\n<p><strong><span style=\"font-size: 14pt; color: #333399;\">III Festival de V\u00eddeos Digitais e Educa\u00e7\u00e3o Matem\u00e1tica<\/span><\/strong><\/p>\n<p><span style=\"color: #333399;\"><strong>05 e 06 de setembro de 2019 &#8211; UFES, Vit\u00f3ria\/ES<\/strong><\/span><strong>\u00a0<\/strong><\/p>\n<p><span style=\"color: #000000;\"><strong>T\u00edtulo<\/strong>: Apresentando o MathLibras: v\u00eddeos de matem\u00e1tica em Libras (P\u00f4ster)<\/span><\/p>\n<p><span style=\"color: #000000;\"><strong>Autores<\/strong>: Tha\u00eds Philipsen Gr\u00fctzmann; Rozane da Silveira Alves<\/span><\/p>\n<p>&nbsp;<\/p>\n<p><span style=\"font-size: 14pt; color: #333399;\"><strong>II CONLUBRA \u2013 Congresso Brasileiro de Educa\u00e7\u00e3o Especial<\/strong><\/span><\/p>\n<p><span style=\"color: #333399;\"><strong>28 a 30 de agosto de 2019 \u2013 UFPel, Pelotas\/RS<\/strong><\/span><\/p>\n<p><span style=\"color: #000000;\"><strong>T\u00edtulo<\/strong>: <a style=\"color: #000000;\" href=\"https:\/\/conlubra.com.br\/Anais.aspx\">MathLibras: ensino de matem\u00e1tica em Libras<\/a><\/span><\/p>\n<p><span style=\"color: #000000;\"><strong>Autores<\/strong>: Tha\u00eds Philipsen Gr\u00fctzmann; Patricia Michie Umetsubo; Melissa Novack Oliveira Ribeiro; Heniane Passos Aleixo<\/span><\/p>\n<p>&nbsp;<\/p>\n<p><span style=\"font-size: 14pt; color: #333399;\"><strong>XXV EREMATSUL \u2013 Encontro Regional de Estudantes de Matem\u00e1tica do Sul<\/strong><\/span><\/p>\n<p><span style=\"color: #333399;\"><strong>15 a 17 de agosto de 2019 \u2013 FACCAT, Taquara\/RS<\/strong><\/span><\/p>\n<p><span style=\"color: #000000;\"><strong>T\u00edtulo<\/strong>: <a style=\"color: #000000;\" href=\"https:\/\/www2.faccat.br\/portal\/?q=node\/4486\">Trilha das Opera\u00e7\u00f5es: uma experi\u00eancia vers\u00e1til<\/a><\/span><\/p>\n<p><span style=\"color: #000000;\"><strong>Autores<\/strong>: Marcos Aur\u00e9lio da Silva Martins; Tha\u00eds Philipsen Gr\u00fctzmann; Patricia Michie Umetsubo<\/span><\/p>\n","protected":false},"excerpt":{"rendered":"<p>Publica\u00e7\u00f5es sobre o\u00a0MathLibras \u2013 2019 \u2013 Revista Espa\u00e7o &#8211; INES Artigo: O uso de recursos visuais para o ensino de Matem\u00e1tica: uma discuss\u00e3o sobre o MathLibras Autores: Tha\u00eds Philipsen Gr\u00fctzmann; Tatiana Bolivar Lebedeff; Rozane da Silveira Alves INES | Revista Espa\u00e7o | Rio de Janeiro | n\u00ba 52 | jul-dez | 2019. p. 85-106 &nbsp; [&hellip;]<\/p>\n","protected":false},"author":839,"featured_media":0,"parent":0,"menu_order":0,"comment_status":"closed","ping_status":"closed","template":"","meta":{"footnotes":""},"class_list":["post-257","page","type-page","status-publish","hentry"],"_links":{"self":[{"href":"https:\/\/wp.ufpel.edu.br\/mathlibras\/wp-json\/wp\/v2\/pages\/257","targetHints":{"allow":["GET"]}}],"collection":[{"href":"https:\/\/wp.ufpel.edu.br\/mathlibras\/wp-json\/wp\/v2\/pages"}],"about":[{"href":"https:\/\/wp.ufpel.edu.br\/mathlibras\/wp-json\/wp\/v2\/types\/page"}],"author":[{"embeddable":true,"href":"https:\/\/wp.ufpel.edu.br\/mathlibras\/wp-json\/wp\/v2\/users\/839"}],"replies":[{"embeddable":true,"href":"https:\/\/wp.ufpel.edu.br\/mathlibras\/wp-json\/wp\/v2\/comments?post=257"}],"version-history":[{"count":19,"href":"https:\/\/wp.ufpel.edu.br\/mathlibras\/wp-json\/wp\/v2\/pages\/257\/revisions"}],"predecessor-version":[{"id":1477,"href":"https:\/\/wp.ufpel.edu.br\/mathlibras\/wp-json\/wp\/v2\/pages\/257\/revisions\/1477"}],"wp:attachment":[{"href":"https:\/\/wp.ufpel.edu.br\/mathlibras\/wp-json\/wp\/v2\/media?parent=257"}],"curies":[{"name":"wp","href":"https:\/\/api.w.org\/{rel}","templated":true}]}}